{"id":28865,"date":"2025-08-20T09:49:24","date_gmt":"2025-08-20T07:49:24","guid":{"rendered":"https:\/\/fvcomponentes.com\/?post_type=product&#038;p=28865"},"modified":"2026-04-08T21:36:34","modified_gmt":"2026-04-08T19:36:34","slug":"wechselrichter-lader-victron-multiplus-ii-48-4500va-48v-55a-32a-pmp482405012","status":"publish","type":"product","link":"https:\/\/fvcomponentes.com\/de\/producto\/inversor-cargador-victron-multiplus-ii-48-4500va-48v-55a-32a-pmp482405012\/","title":{"rendered":"Wechselrichter-Ladeger\u00e4t Victron MultiPlus II 48\/4500VA 48V 55A-32A - PMP482405012"},"content":{"rendered":"<p data-start=\"325\" data-end=\"772\">Das Victron MultiPlus II 48\/4500VA 48V 55-32A Wechselrichter-Ladeger\u00e4t - PMP482405012 vereint drei Funktionen in einem Ger\u00e4t: Reinwellen-Wechselrichter, Batterieladeger\u00e4t und Automatikschalter. Sein kompaktes und robustes Design macht es ideal f\u00fcr eine Vielzahl von Anwendungen.<br \/>\nEr ist f\u00fcr eine zuverl\u00e4ssige und kontinuierliche Stromversorgung ausgelegt und eignet sich daher perfekt f\u00fcr Hybrid-Solarsysteme, die Unterst\u00fctzung von Haushalten sowie f\u00fcr gewerbliche, Freizeitfahrzeug- und industrielle Anwendungen, die hohe Effizienz und Qualit\u00e4t erfordern.<br \/>\nDank seiner Funktionen <strong>PowerControl<\/strong> y <strong>PowerAssist<\/strong>Das Energiemanagementsystem sorgt f\u00fcr ein effizientes Energiemanagement und vermeidet \u00dcberlastungen von Generatoren oder des Stromnetzes. Dar\u00fcber hinaus erm\u00f6glicht es parallele Konfigurationen und dreiphasige Systeme, die sich an gr\u00f6\u00dfere Anlagen anpassen.<\/p>\n<h2 data-start=\"325\" data-end=\"772\">Hauptmerkmale des Wechselrichter-Ladeger\u00e4ts Victron MultiPlus II 48\/4500VA 48V 55-32A - PMP482405012<\/h2>\n<h3>\u00dcberlegene Kraft und Leistung<\/h3>\n<p>Dieses Modell bietet eine <strong>Dauerleistung von 4500 VA (4000 W)<\/strong> mit reinem Sinusausgang, der eine stabile Versorgung f\u00fcr alle Arten von Lasten garantiert. Es ist sogar sicher f\u00fcr empfindliche Ger\u00e4te wie Computer oder Haushaltsger\u00e4te.<br \/>\nIhr <strong>Spitzenleistung<\/strong> erreicht 7 kW, so dass Anlaufspitzen bei Pumpen, Motoren oder Kompressoren problemlos bew\u00e4ltigt werden k\u00f6nnen, ohne die Systemstabilit\u00e4t zu beeintr\u00e4chtigen.<\/p>\n<h3>Ultraschnelle Umschaltung nach USV-Art<\/h3>\n<p>Seine automatische Umschaltung in weniger als <strong>20 Millisekunden<\/strong>s sorgt daf\u00fcr, dass Ihre kritischen Ger\u00e4te keine Unterbrechungen erleiden, wenn sie zwischen Netz- und Batteriestrom wechseln, und funktioniert wie ein professionelles USV-System.<\/p>\n<h3>PowerAssist- und PowerControl-Technologie<\/h3>\n<p><strong>PowerAssist<\/strong> erm\u00f6glicht es der Batterie, in Zeiten hoher Nachfrage zus\u00e4tzlichen Strom zu liefern, um eine \u00dcberlastung der Generatoren oder des Netzes zu vermeiden.<br class=\"yoast-text-mark\" \/>Andererseits, <strong>PowerControl<\/strong> regelt den Eingangsstrom so, dass er nie die Kapazit\u00e4t des Generators oder des Netzes \u00fcbersteigt, was eine effiziente und sichere Nutzung gew\u00e4hrleistet.<\/p>\n<h3>Intelligentes und anpassungsf\u00e4higes Ladeger\u00e4t<\/h3>\n<p>Mit einem <strong>maximaler Laststrom von 55 Ampere<\/strong>Das integrierte Batterieladeger\u00e4t steuert die Ladung in vier Stufen (Bulk-, Absorptions-, Float- und Speicherladung) und optimiert so die Lebensdauer von Blei-S\u00e4ure-, AGM-, GEL- und Lithium-Batterien.<br \/>\nAu\u00dferdem passt der Temperatursensor die Ladespannung automatisch an die Umgebungsbedingungen an, um Ihre Batterien zu sch\u00fctzen.<\/p>\n<h3>Skalierbarkeit und Flexibilit\u00e4t f\u00fcr alle Arten von Installationen<\/h3>\n<p>Unterst\u00fctzt die <strong>Parallelschaltung von bis zu 6 Ger\u00e4ten<\/strong> f\u00fcr erh\u00f6hte Leistung und Lastkapazit\u00e4t sowie Konfiguration in dreiphasigen Systemen, ideal f\u00fcr kommerzielle und industrielle Anwendungen, die eine erh\u00f6hte Leistung und Redundanz erfordern.<\/p>\n<h3>Unabh\u00e4ngige AC-Ausg\u00e4nge<\/h3>\n<p>Es verf\u00fcgt \u00fcber zwei getrennte Wechselstromanschl\u00fcsse: einen f\u00fcr kritische Verbraucher mit automatischem Backup und einen f\u00fcr nicht ben\u00f6tigte Verbraucher, die nur laufen, wenn Netzstrom zur Verf\u00fcgung steht, wodurch Energieverbrauch und -management optimiert werden.<\/p>\n<h3>Erweiterte Fern\u00fcberwachung und -steuerung<\/h3>\n<p>Es ist mit Victron GX-Ger\u00e4ten und der VRM-Plattform kompatibel und erm\u00f6glicht Ihnen die \u00dcberwachung und Steuerung Ihres Systems von \u00fcberall aus \u00fcber das Internet. Auf diese Weise k\u00f6nnen Sie direkt von Ihrem Computer oder Mobiltelefon aus die Leistung optimieren und m\u00f6gliche Vorf\u00e4lle in Echtzeit erkennen.<\/p>\n<h3>Energieeffizienz und Energieeinsparungen<\/h3>\n<p>Mit einem <strong>maximaler Wirkungsgrad von 95 %<\/strong> und eine <strong>Verbrauch<\/strong> im Standby-Modus <strong>von<\/strong> nur 13<strong>\u00a0W<\/strong>Mit dem MultiPlus II garantiert dieses MultiPlus II einen wirtschaftlichen Betrieb, der die Autonomie Ihrer Batterien maximiert und den Energieverbrauch reduziert.<\/p>\n<h3>Robustheit und Sicherheit<\/h3>\n<p>Er ist f\u00fcr den Betrieb in einem weiten Temperaturbereich ausgelegt: von -40 \u00b0C bis +65 \u00b0C.<br \/>\nEs verf\u00fcgt \u00fcber eine aktive Bel\u00fcftung sowie einen \u00dcberlast-, Kurzschluss- und \u00dcbertemperaturschutz, der eine lange Lebensdauer auch in rauen Umgebungen gew\u00e4hrleistet.<\/p>\n<h2>Wechselrichter-Ladeger\u00e4t Victron MultiPlus II 48\/4500VA 48V 55-32A - PMP482405012<\/h2>\n<p><a href=\"https:\/\/fvcomponentes.com\/de\/produkt\/wechselrichter-lader-victron-multiplus-ii-48-6500va-48v-100a-50a-pmp482605012\/\" target=\"_blank\" rel=\"noopener\">Wechselrichter-Ladeger\u00e4t Victron MultiPlus II 48\/4500VA 48V 55-32A - PMP482405012<\/a><\/p>","protected":false},"excerpt":{"rendered":"<p><strong>Eingangsspannung (DC):<\/strong> 38-60 V<br \/>\n<strong>Ausgangsspannung (AC):<\/strong> 230 VAC \u00b1 2%<br \/>\n<strong>Ausgangsfrequenz:<\/strong> 50 Hz \u00b1 0,1%<br \/>\n<strong>Kontinuierliche Leistungsabgabe:<\/strong> 4 kW (siehe Datenblatt)<br \/>\n<strong>Spitzenleistung (Anlauf):<\/strong> 7 kW\/1 min<br \/>\n<strong>Art der Ausgangswellenform:<\/strong> Reine Sinuswelle<\/p>","protected":false},"featured_media":28868,"comment_status":"closed","ping_status":"closed","template":"","meta":{"site-sidebar-layout":"default","site-content-layout":"","ast-site-content-layout":"default","site-content-style":"default","site-sidebar-style":"default","ast-global-header-display":"","ast-banner-title-visibility":"","ast-main-header-display":"","ast-hfb-above-header-display":"","ast-hfb-below-header-display":"","ast-hfb-mobile-header-display":"","site-post-title":"","ast-breadcrumbs-content":"","ast-featured-img":"","footer-sml-layout":"","ast-disable-related-posts":"","theme-transparent-header-meta":"default","adv-header-id-meta":"","stick-header-meta":"","header-above-stick-meta":"","header-main-stick-meta":"","header-below-stick-meta":"","astra-migrate-meta-layouts":"set","ast-page-background-enabled":"default","ast-page-background-meta":{"desktop":{"background-color":"var(--ast-global-color-4)","background-image":"","background-repeat":"repeat","background-position":"center center","background-size":"auto","background-attachment":"scroll","background-type":"","background-media":"","overlay-type":"","overlay-color":"","overlay-opacity":"","overlay-gradient":""},"tablet":{"background-color":"","background-image":"","background-repeat":"repeat","background-position":"center center","background-size":"auto","background-attachment":"scroll","background-type":"","background-media":"","overlay-type":"","overlay-color":"","overlay-opacity":"","overlay-gradient":""},"mobile":{"background-color":"","background-image":"","background-repeat":"repeat","background-position":"center center","background-size":"auto","background-attachment":"scroll","background-type":"","background-media":"","overlay-type":"","overlay-color":"","overlay-opacity":"","overlay-gradient":""}},"ast-content-background-meta":{"desktop":{"background-color":"var(--ast-global-color-5)","background-image":"","background-repeat":"repeat","background-position":"center center","background-size":"auto","background-attachment":"scroll","background-type":"","background-media":"","overlay-type":"","overlay-color":"","overlay-opacity":"","overlay-gradient":""},"tablet":{"background-color":"var(--ast-global-color-5)","background-image":"","background-repeat":"repeat","background-position":"center center","background-size":"auto","background-attachment":"scroll","background-type":"","background-media":"","overlay-type":"","overlay-color":"","overlay-opacity":"","overlay-gradient":""},"mobile":{"background-color":"var(--ast-global-color-5)","background-image":"","background-repeat":"repeat","background-position":"center center","background-size":"auto","background-attachment":"scroll","background-type":"","background-media":"","overlay-type":"","overlay-color":"","overlay-opacity":"","overlay-gradient":""}}},"pwb-brand":[332],"product_brand":[],"product_cat":[333,334],"product_tag":[],"class_list":{"0":"post-28865","1":"product","2":"type-product","3":"status-publish","4":"has-post-thumbnail","6":"pwb-brand-victron","7":"product_cat-inversores","8":"product_cat-inversores-cargadores-48v","9":"desktop-align-left","10":"tablet-align-left","11":"mobile-align-left","12":"ast-product-gallery-layout-horizontal-slider","13":"ast-product-tabs-layout-horizontal","15":"first","16":"instock","17":"taxable","18":"shipping-taxable","19":"purchasable","20":"product-type-simple"},"wcpa_form_fields":null,"brands":[{"id":332,"name":"Victron Energie","slug":"victron"}],"_links":{"self":[{"href":"https:\/\/fvcomponentes.com\/de\/wp-json\/wp\/v2\/product\/28865","targetHints":{"allow":["GET"]}}],"collection":[{"href":"https:\/\/fvcomponentes.com\/de\/wp-json\/wp\/v2\/product"}],"about":[{"href":"https:\/\/fvcomponentes.com\/de\/wp-json\/wp\/v2\/types\/product"}],"replies":[{"embeddable":true,"href":"https:\/\/fvcomponentes.com\/de\/wp-json\/wp\/v2\/comments?post=28865"}],"wp:featuredmedia":[{"embeddable":true,"href":"https:\/\/fvcomponentes.com\/de\/wp-json\/wp\/v2\/media\/28868"}],"wp:attachment":[{"href":"https:\/\/fvcomponentes.com\/de\/wp-json\/wp\/v2\/media?parent=28865"}],"wp:term":[{"taxonomy":"pwb-brand","embeddable":true,"href":"https:\/\/fvcomponentes.com\/de\/wp-json\/wp\/v2\/pwb-brand?post=28865"},{"taxonomy":"product_brand","embeddable":true,"href":"https:\/\/fvcomponentes.com\/de\/wp-json\/wp\/v2\/product_brand?post=28865"},{"taxonomy":"product_cat","embeddable":true,"href":"https:\/\/fvcomponentes.com\/de\/wp-json\/wp\/v2\/product_cat?post=28865"},{"taxonomy":"product_tag","embeddable":true,"href":"https:\/\/fvcomponentes.com\/de\/wp-json\/wp\/v2\/product_tag?post=28865"}],"curies":[{"name":"wp","href":"https:\/\/api.w.org\/{rel}","templated":true}]}}