{"id":28854,"date":"2025-08-20T10:10:28","date_gmt":"2025-08-20T08:10:28","guid":{"rendered":"https:\/\/fvcomponentes.com\/?post_type=product&#038;p=28854"},"modified":"2026-04-08T21:34:28","modified_gmt":"2026-04-08T19:34:28","slug":"wechselrichter-victron-12-1600-ve-direkt-schuko-pin122161200","status":"publish","type":"product","link":"https:\/\/fvcomponentes.com\/de\/producto\/inversor-victron-12-1600-ve-direct-schuko-pin122161200\/","title":{"rendered":"Wechselrichter Victron 12\/1600 VE.Direct Schuko - PIN122161200"},"content":{"rendered":"<p>Der Victron 12\/1600 VE.Direct Schuko-Wechselrichter - PIN122161200 ist die neueste Erg\u00e4nzung der renommierten Wechselrichterreihe von Victron Energy, die f\u00fcr au\u00dfergew\u00f6hnliche Leistung, maximale Zuverl\u00e4ssigkeit und intelligente Steuerung in mobilen, maritimen, industriellen oder netzunabh\u00e4ngigen Anwendungen konzipiert ist.<\/p>\n<h2>Hauptmerkmale des Victron Wechselrichters 12\/1600 VE.Direct Schuko - PIN122161200<\/h2>\n<h3>Leistung und Technologie auf hohem Niveau<\/h3>\n<p>Dieses Modell liefert eine Nennleistung von 1600 VA (ca. 1300 W) mit reiner Sinuswelle, geeignet f\u00fcr die Stromversorgung von empfindlichen elektronischen Ger\u00e4ten, Haushaltsger\u00e4ten, Elektrowerkzeugen, Kompressoren, Pumpen oder Ladeger\u00e4ten.<br \/>\nDank seiner robusten und effizienten Bauweise ist er in der Lage, Anlaufspitzen von bis zu 3000 W zu bew\u00e4ltigen, ideal f\u00fcr Lasten mit Induktionsmotoren.<br \/>\nDer Wechselrichterkern verwendet die Vollbr\u00fcckentechnologie mit Ringkerntransformator, eine \u00e4u\u00dferst zuverl\u00e4ssige Architektur, die eine stabile und sichere Stromumwandlung auch unter anspruchsvollen Bedingungen gew\u00e4hrleistet.<\/p>\n<h3>VE.Direkte intelligente Steuerung<\/h3>\n<p>Der Wechselrichter verf\u00fcgt \u00fcber einen VE.Direct-Anschluss, der mit VictronConnect kompatibel ist und eine erweiterte \u00dcberwachung und Konfiguration \u00fcber das Internet erm\u00f6glicht:<br \/>\n- Mobile Anwendung (\u00fcber VE.Direct Bluetooth Dongle zu Bluetooth Smart).<br \/>\n- VE.Direktes USB-Kabel f\u00fcr PC.<\/p>\n<h3>Energiesparen mit ECO-Modus<\/h3>\n<p>Der ECO-Modus hilft, den Stromverbrauch zu reduzieren, wenn die angeschlossene Last sehr gering ist.<br \/>\nWenn der Wechselrichter eine Leistungsaufnahme von weniger als etwa 15 W feststellt, geht er automatisch in den Ruhezustand \u00fcber. Er wird dann von Zeit zu Zeit reaktiviert, um zu pr\u00fcfen, ob er neu gestartet werden muss.<br \/>\nBei diesem System wird die Batterie besser genutzt, was bei Solaranlagen oder Systemen mit begrenzter Kapazit\u00e4t sehr n\u00fctzlich ist.<\/p>\n<h3>Garantierte Sicherheit und Zuverl\u00e4ssigkeit<\/h3>\n<p>Wie alle Victron-Produkte ist auch der 12\/1600 VE.Direct Schuko-Wechselrichter mit mehreren Schutzvorrichtungen ausgestattet, um die Betriebssicherheit zu gew\u00e4hrleisten:<br \/>\n- Schutz vor \u00dcberhitzung.<br \/>\n- \u00dcberlast- und Kurzschlussschutz.<br \/>\n- Schutz vor Verpolung der Batterie (\u00fcber interne Sicherung).<br \/>\n- Konfigurierbare Alarme f\u00fcr abnormale Spannungen.<\/p>\n<p>Dies gew\u00e4hrleistet einen sicheren Betrieb auch unter schwierigen Bedingungen.<\/p>\n<h3>Konfigurierbare Parameter<\/h3>\n<ul>\n<li>Abschaltspannungen (niedrige Batteriespannung).<\/li>\n<li>AC-Ausgangskonfiguration (Frequenz, Fernsteuerung ein\/aus).<\/li>\n<li>Aktivierung des ECO-Modus (extrem niedriger Verbrauch).<\/li>\n<li>Ma\u00dfgeschneiderte Alarme und Schutzma\u00dfnahmen.<\/li>\n<\/ul>\n<h3>Wichtigste technische Daten<\/h3>\n<table>\n<thead>\n<tr>\n<th>Parameter<\/th>\n<th>Wert<\/th>\n<\/tr>\n<\/thead>\n<tbody>\n<tr>\n<td><strong>Modell<\/strong><\/td>\n<td>PIN122161200<\/td>\n<\/tr>\n<tr>\n<td><strong>Eingangsspannung (DC)<\/strong><\/td>\n<td>12 V nominal (Bereich: 9,3 - 17 V)<\/td>\n<\/tr>\n<tr>\n<td><strong>Ausgangsspannung (AC)<\/strong><\/td>\n<td>230 V \u00b12 %<\/td>\n<\/tr>\n<tr>\n<td><strong>Frequenz<\/strong><\/td>\n<td>50 Hz oder 60 Hz w\u00e4hlbar<\/td>\n<\/tr>\n<tr>\n<td><strong>Kontinuierliche Leistung<\/strong><\/td>\n<td>1600 WATT (\u22481300 W)<\/td>\n<\/tr>\n<tr>\n<td><strong>Spitzenleistung<\/strong><\/td>\n<td>\u22483000 W<\/td>\n<\/tr>\n<tr>\n<td><strong>Maximale Effizienz<\/strong><\/td>\n<td>Bis zu 92 %<\/td>\n<\/tr>\n<tr>\n<td><strong>Verbrauch im Leerlauf<\/strong><\/td>\n<td>8 W (normaler Modus) \/ 0,6 W (ECO-Modus)<\/td>\n<\/tr>\n<tr>\n<td><strong>Abmessungen (mm)<\/strong><\/td>\n<td>117 x 231 x 395<\/td>\n<\/tr>\n<tr>\n<td><strong>Gewicht<\/strong><\/td>\n<td>7,4 kg<\/td>\n<\/tr>\n<tr>\n<td><strong>AC-Anschl\u00fcsse<\/strong><\/td>\n<td>Schuko-Steckdose + Klemmleiste<\/td>\n<\/tr>\n<tr>\n<td><strong>Art der Unterkunft<\/strong><\/td>\n<td>Aluminium, aktive Bel\u00fcftung<\/td>\n<\/tr>\n<tr>\n<td><strong>Grad des Schutzes<\/strong><\/td>\n<td>IP21<\/td>\n<\/tr>\n<\/tbody>\n<\/table>","protected":false},"excerpt":{"rendered":"<p><strong>Nennleistung<\/strong>: 1600VA<br \/>\n<strong>Spitzenleistung:<\/strong> 3000VA<br \/>\n<strong>Eingangsspannung:<\/strong> 12V<\/p>","protected":false},"featured_media":28855,"comment_status":"closed","ping_status":"closed","template":"","meta":{"site-sidebar-layout":"default","site-content-layout":"","ast-site-content-layout":"default","site-content-style":"default","site-sidebar-style":"default","ast-global-header-display":"","ast-banner-title-visibility":"","ast-main-header-display":"","ast-hfb-above-header-display":"","ast-hfb-below-header-display":"","ast-hfb-mobile-header-display":"","site-post-title":"","ast-breadcrumbs-content":"","ast-featured-img":"","footer-sml-layout":"","ast-disable-related-posts":"","theme-transparent-header-meta":"default","adv-header-id-meta":"","stick-header-meta":"","header-above-stick-meta":"","header-main-stick-meta":"","header-below-stick-meta":"","astra-migrate-meta-layouts":"set","ast-page-background-enabled":"default","ast-page-background-meta":{"desktop":{"background-color":"var(--ast-global-color-4)","background-image":"","background-repeat":"repeat","background-position":"center center","background-size":"auto","background-attachment":"scroll","background-type":"","background-media":"","overlay-type":"","overlay-color":"","overlay-opacity":"","overlay-gradient":""},"tablet":{"background-color":"","background-image":"","background-repeat":"repeat","background-position":"center center","background-size":"auto","background-attachment":"scroll","background-type":"","background-media":"","overlay-type":"","overlay-color":"","overlay-opacity":"","overlay-gradient":""},"mobile":{"background-color":"","background-image":"","background-repeat":"repeat","background-position":"center center","background-size":"auto","background-attachment":"scroll","background-type":"","background-media":"","overlay-type":"","overlay-color":"","overlay-opacity":"","overlay-gradient":""}},"ast-content-background-meta":{"desktop":{"background-color":"var(--ast-global-color-5)","background-image":"","background-repeat":"repeat","background-position":"center center","background-size":"auto","background-attachment":"scroll","background-type":"","background-media":"","overlay-type":"","overlay-color":"","overlay-opacity":"","overlay-gradient":""},"tablet":{"background-color":"var(--ast-global-color-5)","background-image":"","background-repeat":"repeat","background-position":"center center","background-size":"auto","background-attachment":"scroll","background-type":"","background-media":"","overlay-type":"","overlay-color":"","overlay-opacity":"","overlay-gradient":""},"mobile":{"background-color":"var(--ast-global-color-5)","background-image":"","background-repeat":"repeat","background-position":"center center","background-size":"auto","background-attachment":"scroll","background-type":"","background-media":"","overlay-type":"","overlay-color":"","overlay-opacity":"","overlay-gradient":""}}},"pwb-brand":[332],"product_brand":[],"product_cat":[333,364],"product_tag":[],"class_list":{"0":"post-28854","1":"product","2":"type-product","3":"status-publish","4":"has-post-thumbnail","6":"pwb-brand-victron","7":"product_cat-inversores","8":"product_cat-inversores-12-v","9":"desktop-align-left","10":"tablet-align-left","11":"mobile-align-left","12":"ast-product-gallery-layout-horizontal-slider","13":"ast-product-tabs-layout-horizontal","15":"first","16":"instock","17":"taxable","18":"shipping-taxable","19":"purchasable","20":"product-type-simple"},"wcpa_form_fields":null,"brands":[{"id":332,"name":"Victron Energie","slug":"victron"}],"_links":{"self":[{"href":"https:\/\/fvcomponentes.com\/de\/wp-json\/wp\/v2\/product\/28854","targetHints":{"allow":["GET"]}}],"collection":[{"href":"https:\/\/fvcomponentes.com\/de\/wp-json\/wp\/v2\/product"}],"about":[{"href":"https:\/\/fvcomponentes.com\/de\/wp-json\/wp\/v2\/types\/product"}],"replies":[{"embeddable":true,"href":"https:\/\/fvcomponentes.com\/de\/wp-json\/wp\/v2\/comments?post=28854"}],"wp:featuredmedia":[{"embeddable":true,"href":"https:\/\/fvcomponentes.com\/de\/wp-json\/wp\/v2\/media\/28855"}],"wp:attachment":[{"href":"https:\/\/fvcomponentes.com\/de\/wp-json\/wp\/v2\/media?parent=28854"}],"wp:term":[{"taxonomy":"pwb-brand","embeddable":true,"href":"https:\/\/fvcomponentes.com\/de\/wp-json\/wp\/v2\/pwb-brand?post=28854"},{"taxonomy":"product_brand","embeddable":true,"href":"https:\/\/fvcomponentes.com\/de\/wp-json\/wp\/v2\/product_brand?post=28854"},{"taxonomy":"product_cat","embeddable":true,"href":"https:\/\/fvcomponentes.com\/de\/wp-json\/wp\/v2\/product_cat?post=28854"},{"taxonomy":"product_tag","embeddable":true,"href":"https:\/\/fvcomponentes.com\/de\/wp-json\/wp\/v2\/product_tag?post=28854"}],"curies":[{"name":"wp","href":"https:\/\/api.w.org\/{rel}","templated":true}]}}