{"id":28363,"date":"2025-07-30T14:42:30","date_gmt":"2025-07-30T12:42:30","guid":{"rendered":"https:\/\/fvcomponentes.com\/?post_type=product&#038;p=28363"},"modified":"2025-12-24T12:51:52","modified_gmt":"2025-12-24T11:51:52","slug":"pytes-r-box-fur-e-box-48100r-akku-110409100010-110409100010","status":"publish","type":"product","link":"https:\/\/fvcomponentes.com\/de\/producto\/caja-r-pytes-para-bateria-e-box-48100r-110409100010\/","title":{"rendered":"R-Box-Akkufach R-Box 48100R \u2013 110409100010"},"content":{"rendered":"<h2>Pytes R-box f\u00fcr E-Box 48100R - 110409100010<\/h2>\n<p>Die R-Box ist eine elegante und robuste Heimautomatisierungsl\u00f6sung f\u00fcr die Energiespeicherung zu Hause. Sie ist speziell f\u00fcr den Einbau von bis zu zwei Batterien der Serie E-BOX-48100R mit einer Kapazit\u00e4t von jeweils 5,12 kWh konzipiert, was eine installierte Gesamtkapazit\u00e4t von 10,24 kWh ergibt (davon 9,22 kWh nutzbar).<br \/>\nZus\u00e4tzlich zu seiner Kapazit\u00e4t bietet er eine ideale Kombination aus Flexibilit\u00e4t, Sicherheit und Integration mit Solar- oder Back-up-Systemen. Dies macht ihn perfekt f\u00fcr diejenigen, die eine \u00e4sthetisch ansprechende, langlebige Anlage mit der M\u00f6glichkeit einer zuk\u00fcnftigen Erweiterung suchen.<\/p>\n<h2>Eigenschaften des Pytes R-Case f\u00fcr E-Box 48100R Akku-Pack<\/h2>\n<ul>\n<li><strong>Kompakte Abmessungen:<\/strong> 27,84 cm (L) x 51,05 cm (B) x 69,85 cm (H), 78,23 cm mit Sockel. Das Gewicht betr\u00e4gt ca. 30 kg leer und ca. 120 kg mit Batterien.<\/li>\n<li><strong>Gepflegte \u00c4sthetik:<\/strong> hergestellt aus kaltgewalztem Stahl mit wei\u00dfer Oberfl\u00e4che.<\/li>\n<li><strong>Passive Bel\u00fcftung:<\/strong> l\u00fcfterlos, was einen leisen Betrieb erm\u00f6glicht.<\/li>\n<li><strong>IP20 innen:<\/strong> Innenstaubschutz<\/li>\n<li><strong>Plug-and-Play-Installation:<\/strong> schneller und unkomplizierter Einbau durch einen qualifizierten Installateur<\/li>\n<li><strong>Sichere und zertifizierte Technologie<\/strong> (LFP, UL, CE).<\/li>\n<\/ul>\n<table>\n<thead>\n<tr>\n<th><strong>Kategorie \/ Merkmal<\/strong><\/th>\n<th><strong>Spezifikation<\/strong><\/th>\n<\/tr>\n<\/thead>\n<tbody>\n<tr>\n<td><strong>Modell<\/strong><\/td>\n<td>R-BOX Basis<\/td>\n<\/tr>\n<tr>\n<td><strong>Kompatible Batterien<\/strong><\/td>\n<td>Bis zu 2 \u00d7 E-BOX-48100R (je 5,12 kWh)<\/td>\n<\/tr>\n<tr>\n<td><strong>Gesamtnennleistung<\/strong><\/td>\n<td>10,24 kWh<\/td>\n<\/tr>\n<tr>\n<td><strong>Nutzbare Kapazit\u00e4t<\/strong><\/td>\n<td>9,22 kWh<\/td>\n<\/tr>\n<tr>\n<td><strong>Erweiterbarkeit<\/strong><\/td>\n<td>Bis zu 3 Ger\u00e4te parallel (30,72 kWh)<\/td>\n<\/tr>\n<tr>\n<td><strong>Akku-Typ<\/strong><\/td>\n<td>Pytes E-Box 48100R Akku<\/td>\n<\/tr>\n<tr>\n<td><strong>Nennspannung<\/strong><\/td>\n<td>51,2 V<\/td>\n<\/tr>\n<tr>\n<td><strong>Max. Lade-\/Entladestrom<\/strong><\/td>\n<td>100 A<\/td>\n<\/tr>\n<tr>\n<td><strong>Kommunikation<\/strong><\/td>\n<td>CAN \/ RS485<\/td>\n<\/tr>\n<tr>\n<td><strong>Umweltschutz (IP)<\/strong><\/td>\n<td>IP20 (nur f\u00fcr Innenr\u00e4ume)<\/td>\n<\/tr>\n<tr>\n<td><strong>Montage<\/strong><\/td>\n<td>Wand oder Boden<\/td>\n<\/tr>\n<tr>\n<td><strong>Material des Geh\u00e4uses<\/strong><\/td>\n<td>Kaltgewalzter Stahl<\/td>\n<\/tr>\n<tr>\n<td><strong>Bel\u00fcftung<\/strong><\/td>\n<td>Passiv (keine L\u00fcfter, leiser Betrieb)<\/td>\n<\/tr>\n<tr>\n<td><strong>Abmessungen (L \u00d7 B \u00d7 H)<\/strong><\/td>\n<td>27,84 x 51,05 x 69,85 cm<\/td>\n<\/tr>\n<tr>\n<td><strong>H\u00f6he mit Sockel<\/strong><\/td>\n<td>78,23 cm<\/td>\n<\/tr>\n<tr>\n<td><strong>Gewicht (ungef\u00e4hr)<\/strong><\/td>\n<td>~30 kg leer \/ ~120 kg mit Batterien<\/td>\n<\/tr>\n<tr>\n<td><strong>Ladetemperatur<\/strong><\/td>\n<td>0 \u00b0C bis 45 \u00b0C<\/td>\n<\/tr>\n<tr>\n<td><strong>Temperatur im Auslass<\/strong><\/td>\n<td>-10 \u00b0C bis 50 \u00b0C<\/td>\n<\/tr>\n<tr>\n<td><strong>Maximal empfohlene H\u00f6he<\/strong><\/td>\n<td>2 000 m<\/td>\n<\/tr>\n<tr>\n<td><strong>N\u00fctzliche Lebenszyklen<\/strong><\/td>\n<td>Bis zu 6 000 Zyklen (bei 80 % Entladetiefe)<\/td>\n<\/tr>\n<tr>\n<td><strong>B\u00fcrgschaft<\/strong><\/td>\n<td>10 Jahre<\/td>\n<\/tr>\n<tr>\n<td><strong>Zertifizierungen<\/strong><\/td>\n<td>UL1973, CE, UN38.3<\/td>\n<\/tr>\n<tr>\n<td><strong>Empfohlene Anwendung<\/strong><\/td>\n<td>H\u00e4usliche Nutzung, Reserveenergie, solarer Eigenverbrauch<\/td>\n<\/tr>\n<\/tbody>\n<\/table>\n<h2>Technische Informationen R Pytes Box f\u00fcr E-Box 48100R Batterie - 110409100010<\/h2>\n<p><a href=\"https:\/\/fvcomponentes.com\/wp-content\/uploads\/2025\/07\/276ed000422e501b7ea2cb26f5ddce7a.pdf\" target=\"_blank\" rel=\"noopener\">Siehe Datenblatt R Pytes-Box f\u00fcr Batterie E-Box 48100R - 110409100010<\/a><br \/>\n<a href=\"https:\/\/fvcomponentes.com\/wp-content\/uploads\/2025\/07\/530a13594f0b3d7125f31692d06a92d0.pdf\" target=\"_blank\" rel=\"noopener\">R-box Benutzerhandbuch<\/a><br \/>\n<a href=\"https:\/\/fvcomponentes.com\/wp-content\/uploads\/2025\/07\/c244d8b77f52724b5215753ff0edb51d.pdf\" target=\"_blank\" rel=\"noopener\">E-Box-48100R Installationsanleitung<\/a><\/p>\n<h3>Liste der mit Pytes-Batterien kompatiblen Wechselrichter<\/h3>\n<p><a href=\"https:\/\/fvcomponentes.com\/wp-content\/uploads\/2025\/10\/c35d7eb1223244cecb336915b57d8a94.pdf\" target=\"_blank\" rel=\"noopener\">Liste der mit Pytes-Batterien kompatiblen Wechselrichter<\/a><\/p>","protected":false},"excerpt":{"rendered":"<p>Die R-Box ist speziell f\u00fcr die Pytes E-Box 48100R Batterie konzipiert.<br \/>\nAbmessungen (L \u00d7 B \u00d7 H): 27,84 x 51,05 x 69,85 cm<br \/>\nH\u00f6he mit Sockel: 78,23 cm<br \/>\nGewicht: ~30 kg leer \/ ~120 kg mit Batterien<br \/>\nEmpfohlene maximale Flugh\u00f6he: 2 000 m<br \/>\nMontage: Wand oder Boden<br \/>\nMaterial: Kaltgewalzter Stahl<br \/>\nBel\u00fcftung: Passiv (keine L\u00fcfter, leiser Betrieb)<br \/>\nSchutzart (IP): IP20 (nur f\u00fcr Innenr\u00e4ume)<\/p>","protected":false},"featured_media":28392,"comment_status":"closed","ping_status":"closed","template":"","meta":{"site-sidebar-layout":"default","site-content-layout":"","ast-site-content-layout":"default","site-content-style":"default","site-sidebar-style":"default","ast-global-header-display":"","ast-banner-title-visibility":"","ast-main-header-display":"","ast-hfb-above-header-display":"","ast-hfb-below-header-display":"","ast-hfb-mobile-header-display":"","site-post-title":"","ast-breadcrumbs-content":"","ast-featured-img":"","footer-sml-layout":"","ast-disable-related-posts":"","theme-transparent-header-meta":"default","adv-header-id-meta":"","stick-header-meta":"","header-above-stick-meta":"","header-main-stick-meta":"","header-below-stick-meta":"","astra-migrate-meta-layouts":"set","ast-page-background-enabled":"default","ast-page-background-meta":{"desktop":{"background-color":"var(--ast-global-color-4)","background-image":"","background-repeat":"repeat","background-position":"center center","background-size":"auto","background-attachment":"scroll","background-type":"","background-media":"","overlay-type":"","overlay-color":"","overlay-opacity":"","overlay-gradient":""},"tablet":{"background-color":"","background-image":"","background-repeat":"repeat","background-position":"center center","background-size":"auto","background-attachment":"scroll","background-type":"","background-media":"","overlay-type":"","overlay-color":"","overlay-opacity":"","overlay-gradient":""},"mobile":{"background-color":"","background-image":"","background-repeat":"repeat","background-position":"center center","background-size":"auto","background-attachment":"scroll","background-type":"","background-media":"","overlay-type":"","overlay-color":"","overlay-opacity":"","overlay-gradient":""}},"ast-content-background-meta":{"desktop":{"background-color":"var(--ast-global-color-5)","background-image":"","background-repeat":"repeat","background-position":"center center","background-size":"auto","background-attachment":"scroll","background-type":"","background-media":"","overlay-type":"","overlay-color":"","overlay-opacity":"","overlay-gradient":""},"tablet":{"background-color":"var(--ast-global-color-5)","background-image":"","background-repeat":"repeat","background-position":"center center","background-size":"auto","background-attachment":"scroll","background-type":"","background-media":"","overlay-type":"","overlay-color":"","overlay-opacity":"","overlay-gradient":""},"mobile":{"background-color":"var(--ast-global-color-5)","background-image":"","background-repeat":"repeat","background-position":"center center","background-size":"auto","background-attachment":"scroll","background-type":"","background-media":"","overlay-type":"","overlay-color":"","overlay-opacity":"","overlay-gradient":""}}},"pwb-brand":[1007],"product_brand":[],"product_cat":[414],"product_tag":[],"class_list":{"0":"post-28363","1":"product","2":"type-product","3":"status-publish","4":"has-post-thumbnail","6":"pwb-brand-baterias-pytes","7":"product_cat-armarios-rack-para-baterias","8":"desktop-align-left","9":"tablet-align-left","10":"mobile-align-left","11":"ast-product-gallery-layout-horizontal-slider","12":"ast-product-tabs-layout-horizontal","14":"first","15":"instock","16":"taxable","17":"shipping-taxable","18":"purchasable","19":"product-type-simple"},"wcpa_form_fields":null,"brands":[{"id":1007,"name":"Pytes-Batterien","slug":"pytes-batterien"}],"_links":{"self":[{"href":"https:\/\/fvcomponentes.com\/de\/wp-json\/wp\/v2\/product\/28363","targetHints":{"allow":["GET"]}}],"collection":[{"href":"https:\/\/fvcomponentes.com\/de\/wp-json\/wp\/v2\/product"}],"about":[{"href":"https:\/\/fvcomponentes.com\/de\/wp-json\/wp\/v2\/types\/product"}],"replies":[{"embeddable":true,"href":"https:\/\/fvcomponentes.com\/de\/wp-json\/wp\/v2\/comments?post=28363"}],"wp:featuredmedia":[{"embeddable":true,"href":"https:\/\/fvcomponentes.com\/de\/wp-json\/wp\/v2\/media\/28392"}],"wp:attachment":[{"href":"https:\/\/fvcomponentes.com\/de\/wp-json\/wp\/v2\/media?parent=28363"}],"wp:term":[{"taxonomy":"pwb-brand","embeddable":true,"href":"https:\/\/fvcomponentes.com\/de\/wp-json\/wp\/v2\/pwb-brand?post=28363"},{"taxonomy":"product_brand","embeddable":true,"href":"https:\/\/fvcomponentes.com\/de\/wp-json\/wp\/v2\/product_brand?post=28363"},{"taxonomy":"product_cat","embeddable":true,"href":"https:\/\/fvcomponentes.com\/de\/wp-json\/wp\/v2\/product_cat?post=28363"},{"taxonomy":"product_tag","embeddable":true,"href":"https:\/\/fvcomponentes.com\/de\/wp-json\/wp\/v2\/product_tag?post=28363"}],"curies":[{"name":"wp","href":"https:\/\/api.w.org\/{rel}","templated":true}]}}