{"id":28324,"date":"2025-07-30T14:24:34","date_gmt":"2025-07-30T12:24:34","guid":{"rendered":"https:\/\/fvcomponentes.com\/?post_type=product&#038;p=28324"},"modified":"2026-04-08T21:36:24","modified_gmt":"2026-04-08T19:36:24","slug":"wechselrichter-lader-12v-victron-multiplus-compact-12v-1200va-50-16a-cmp122120000","status":"publish","type":"product","link":"https:\/\/fvcomponentes.com\/de\/producto\/inversor-cargador-12v-victron-multiplus-compact-12v-1200va-50-16a-cmp122120000\/","title":{"rendered":"Wechselrichter-Ladeger\u00e4t 12V Victron Multiplus Compact 12\/1200 50A-16A - CMP122120000"},"content":{"rendered":"<h2>Wechselrichter-Ladeger\u00e4t 12V Victron Multiplus Compact 12\/1200 50A-16A - CMP122120000<\/h2>\n<p data-start=\"243\" data-end=\"689\">Das Victron Wechselrichter-Ladeger\u00e4t 12V Multiplus Compact 1200VA 50-16A ist eine Komplettl\u00f6sung f\u00fcr anspruchsvolle Anwendungen in Wohnh\u00e4usern, Schiffen, Wohnmobilen und eigenst\u00e4ndigen Solarsystemen. Er ist ideal f\u00fcr alle, die eine zuverl\u00e4ssige, kontinuierliche und qualitativ hochwertige Stromversorgung ben\u00f6tigen.<br \/>\nDieses Ger\u00e4t kombiniert <strong data-start=\"462\" data-end=\"537\">Reiner Sinus-Wechselrichter, intelligentes Batterieladeger\u00e4t und automatischer Umschalter<\/strong> in einer einzigen kompakten und effizienten Einheit mit der von Victron Energy entwickelten Spitzentechnologie.<\/p>\n<h2 data-start=\"243\" data-end=\"689\">Hauptmerkmale des Inverter-Ladeger\u00e4ts 12V Victron Multiplus Compact 12\/1200 50A-16A - CMP122120000<\/h2>\n<h3>Zwei AC-Ausg\u00e4nge<\/h3>\n<p>Der Hauptausgang hat eine \"No-Break\"-Funktion. Der MultiPlus \u00fcbernimmt die Versorgung der angeschlossenen Verbraucher im Falle eines Stromausfalls oder einer Netz-\/Generatorunterbrechung. Dies geschieht so schnell (weniger als 20 Millisekunden), dass Computer und andere elektronische Ger\u00e4te ohne Unterbrechung weiterarbeiten.<br \/>\nDer zweite Ausgang ist nur aktiv, wenn einer der MultiPlus-Eing\u00e4nge mit Wechselstrom versorgt wird. An diesen Ausgang k\u00f6nnen Ger\u00e4te angeschlossen werden, die die Batterie nicht entladen sollen, wie z. B. ein Warmwasserbereiter (zweiter Ausgang verf\u00fcgbar bei Modellen mit einer Nennleistung von 3 kVA oder mehr).<\/p>\n<h3 data-start=\"243\" data-end=\"689\">Nahezu unbegrenzte Leistung dank Parallelbetrieb und Dreiphasensystem.<\/h3>\n<p>An <strong data-start=\"6\" data-end=\"20\">6 Einheiten<\/strong> Multis k\u00f6nnen parallel geschaltet werden, um die Ausgangsleistung zu erh\u00f6hen.<br \/>\nDar\u00fcber hinaus, <strong>3 Einheiten<\/strong> Multis desselben Modells k\u00f6nnen konfiguriert werden in <strong data-start=\"103\" data-end=\"126\">dreiphasige Ausgangssysteme <\/strong>f\u00fcr gr\u00f6\u00dfere Installationen.<br \/>\nAber das ist noch nicht alles: Sie k\u00f6nnen sogar <strong>Parallelschaltung von bis zu 6 Gruppen mit je drei Ger\u00e4ten<\/strong> um einen 75 kW \/ 90 kVA Wechselrichter und eine Lastkapazit\u00e4t von \u00fcber 2000 Ampere zu erreichen.<\/p>\n<h3>PowerControl-Technik<\/h3>\n<p>Diese Technologie kommt mit einer begrenzten Stromversorgung zurecht, da \u00fcber das Bedienfeld ein maximaler Strom eingestellt wird. Daher wird die Batterieladung automatisch angepasst, wobei andere Wechselstromlasten ber\u00fccksichtigt werden, um die Kapazit\u00e4t des Generators oder der Erdung nicht zu \u00fcberschreiten.<\/p>\n<h3>PowerAssist-Technologie - Leistungsverst\u00e4rker<\/h3>\n<p>Technologie <strong data-start=\"2114\" data-end=\"2129\">PowerAssist<\/strong>\u00a0vermeidet die \u00dcberlastung einer begrenzten Wechselstromquelle, z. B. eines kleinen Generators oder Landstroms. Der Wechselrichter gleicht den zus\u00e4tzlichen Strombedarf automatisch aus, indem er Strom aus den Batterien entnimmt, um die Versorgung zu erh\u00f6hen, und diese wieder aufl\u00e4dt, wenn der Bedarf sinkt.<\/p>\n<h3><strong data-start=\"1543\" data-end=\"1570\">Integration von Solarenergie und ESS<\/strong><\/h3>\n<p>Dieses Modell von Multiplus Compact ist vollst\u00e4ndig kompatibel mit <strong data-start=\"2479\" data-end=\"2505\">Fotovoltaikanlagen, intelligente Netze<\/strong> und anderen erneuerbaren Energiequellen und erm\u00f6glicht eine optimale Nutzung der erzeugten und gespeicherten Energie. Dar\u00fcber hinaus kann es in gr\u00f6\u00dfere Systeme integriert werden, die <strong data-start=\"2663\" data-end=\"2697\">intelligentes Energiemanagement<\/strong> (ESS, Energiespeichersysteme).<\/p>\n<h3>Fern\u00fcberwachung und -steuerung<\/h3>\n<p data-start=\"2778\" data-end=\"3012\">\u00dcber den Hafen <strong data-start=\"2798\" data-end=\"2808\">VE.Bus<\/strong>Das MultiPlus Compact kann in das \u00dcberwachungssystem von Victron integriert werden: <strong data-start=\"2897\" data-end=\"2911\">VRM-Portal<\/strong>, <strong data-start=\"2913\" data-end=\"2933\">Farbsteuerung GX<\/strong>, <strong data-start=\"2935\" data-end=\"2947\">Cerbo GX<\/strong>und andere Ger\u00e4te, die eine lokale und Online-Steuerung \u00fcber <strong data-start=\"98\" data-end=\"113\" data-is-last-node=\"\">Victron VRM.\u00a0<\/strong><br \/>\nMit diesem Tool k\u00f6nnen Sie die Parameter des Wechselrichters\/Ladeger\u00e4ts konfigurieren, den Systemstatus in Echtzeit \u00fcberwachen, Ereignisse oder Alarme planen und von jedem Ort der Welt aus darauf zugreifen.<\/p>\n<h3 data-start=\"2778\" data-end=\"3012\"><strong data-start=\"3212\" data-end=\"3241\">Kompakte und robuste Bauweise<\/strong><\/h3>\n<p data-start=\"3242\" data-end=\"3496\">Das MultiPlus Compact wurde mit einem robusten Metallgeh\u00e4use, effizienter Bel\u00fcftung und platzsparender Wandmontage konzipiert. Seine geringe Gr\u00f6\u00dfe macht ihn ideal f\u00fcr Installationen in Fahrzeugen, Booten oder Technikr\u00e4umen mit begrenztem Platzangebot.<\/p>\n<h2 data-start=\"3242\" data-end=\"3496\">Wechselrichter Ladeger\u00e4t Wechselrichter 12V Victron Multiplus Compact 12\/1200 50A-16A - CMP12212000000<\/h2>\n<p><a href=\"https:\/\/fvcomponentes.com\/wp-content\/uploads\/2024\/01\/Datasheet-MultiPlus-inverter-charger-800VA-5kVA-ES.pdf\" target=\"_blank\" rel=\"noopener\">Wechselrichter-Ladeger\u00e4t 12V Wechselrichter-Ladeger\u00e4t Victron Multiplus Compact 12V 1200VA 50-16A datasheet<\/a><\/p>","protected":false},"excerpt":{"rendered":"<p>Nominale Eingangsspannung: 12V DC<br \/>\nWechselrichterleistung: 1200 VA \/ 1000 W kontinuierlich<br \/>\nSpitzenleistung: 2400 W<br \/>\nAusgangsspannung: 230VAC \u00b12%<br \/>\nAusgangsfrequenz: 50 Hz \u00b1 0,1 %<br \/>\nBatterieladestrom: 50A<br \/>\n\u00dcbertragung: 16A<br \/>\nWirkungsgrad: 93\/94%<br \/>\nBetriebstemperatur: -40 \u00b0C bis +65 \u00b0C (inkl. L\u00fcfterk\u00fchlung)<br \/>\nLuftfeuchtigkeit (nicht kondensierend): max. 95%<br \/>\nSchutzart: IP21<\/p>","protected":false},"featured_media":31062,"comment_status":"closed","ping_status":"closed","template":"","meta":{"site-sidebar-layout":"default","site-content-layout":"","ast-site-content-layout":"default","site-content-style":"default","site-sidebar-style":"default","ast-global-header-display":"","ast-banner-title-visibility":"","ast-main-header-display":"","ast-hfb-above-header-display":"","ast-hfb-below-header-display":"","ast-hfb-mobile-header-display":"","site-post-title":"","ast-breadcrumbs-content":"","ast-featured-img":"","footer-sml-layout":"","ast-disable-related-posts":"","theme-transparent-header-meta":"default","adv-header-id-meta":"","stick-header-meta":"","header-above-stick-meta":"","header-main-stick-meta":"","header-below-stick-meta":"","astra-migrate-meta-layouts":"set","ast-page-background-enabled":"default","ast-page-background-meta":{"desktop":{"background-color":"var(--ast-global-color-4)","background-image":"","background-repeat":"repeat","background-position":"center center","background-size":"auto","background-attachment":"scroll","background-type":"","background-media":"","overlay-type":"","overlay-color":"","overlay-opacity":"","overlay-gradient":""},"tablet":{"background-color":"","background-image":"","background-repeat":"repeat","background-position":"center center","background-size":"auto","background-attachment":"scroll","background-type":"","background-media":"","overlay-type":"","overlay-color":"","overlay-opacity":"","overlay-gradient":""},"mobile":{"background-color":"","background-image":"","background-repeat":"repeat","background-position":"center center","background-size":"auto","background-attachment":"scroll","background-type":"","background-media":"","overlay-type":"","overlay-color":"","overlay-opacity":"","overlay-gradient":""}},"ast-content-background-meta":{"desktop":{"background-color":"var(--ast-global-color-5)","background-image":"","background-repeat":"repeat","background-position":"center center","background-size":"auto","background-attachment":"scroll","background-type":"","background-media":"","overlay-type":"","overlay-color":"","overlay-opacity":"","overlay-gradient":""},"tablet":{"background-color":"var(--ast-global-color-5)","background-image":"","background-repeat":"repeat","background-position":"center center","background-size":"auto","background-attachment":"scroll","background-type":"","background-media":"","overlay-type":"","overlay-color":"","overlay-opacity":"","overlay-gradient":""},"mobile":{"background-color":"var(--ast-global-color-5)","background-image":"","background-repeat":"repeat","background-position":"center center","background-size":"auto","background-attachment":"scroll","background-type":"","background-media":"","overlay-type":"","overlay-color":"","overlay-opacity":"","overlay-gradient":""}}},"pwb-brand":[332],"product_brand":[],"product_cat":[333,388],"product_tag":[],"class_list":{"0":"post-28324","1":"product","2":"type-product","3":"status-publish","4":"has-post-thumbnail","6":"pwb-brand-victron","7":"product_cat-inversores","8":"product_cat-inversores-cargadores-12v","9":"desktop-align-left","10":"tablet-align-left","11":"mobile-align-left","12":"ast-product-gallery-layout-horizontal-slider","13":"ast-product-gallery-with-no-image","14":"ast-product-tabs-layout-horizontal","16":"first","17":"instock","18":"taxable","19":"shipping-taxable","20":"purchasable","21":"product-type-simple"},"wcpa_form_fields":null,"brands":[{"id":332,"name":"Victron Energie","slug":"victron"}],"_links":{"self":[{"href":"https:\/\/fvcomponentes.com\/de\/wp-json\/wp\/v2\/product\/28324","targetHints":{"allow":["GET"]}}],"collection":[{"href":"https:\/\/fvcomponentes.com\/de\/wp-json\/wp\/v2\/product"}],"about":[{"href":"https:\/\/fvcomponentes.com\/de\/wp-json\/wp\/v2\/types\/product"}],"replies":[{"embeddable":true,"href":"https:\/\/fvcomponentes.com\/de\/wp-json\/wp\/v2\/comments?post=28324"}],"wp:featuredmedia":[{"embeddable":true,"href":"https:\/\/fvcomponentes.com\/de\/wp-json\/wp\/v2\/media\/31062"}],"wp:attachment":[{"href":"https:\/\/fvcomponentes.com\/de\/wp-json\/wp\/v2\/media?parent=28324"}],"wp:term":[{"taxonomy":"pwb-brand","embeddable":true,"href":"https:\/\/fvcomponentes.com\/de\/wp-json\/wp\/v2\/pwb-brand?post=28324"},{"taxonomy":"product_brand","embeddable":true,"href":"https:\/\/fvcomponentes.com\/de\/wp-json\/wp\/v2\/product_brand?post=28324"},{"taxonomy":"product_cat","embeddable":true,"href":"https:\/\/fvcomponentes.com\/de\/wp-json\/wp\/v2\/product_cat?post=28324"},{"taxonomy":"product_tag","embeddable":true,"href":"https:\/\/fvcomponentes.com\/de\/wp-json\/wp\/v2\/product_tag?post=28324"}],"curies":[{"name":"wp","href":"https:\/\/api.w.org\/{rel}","templated":true}]}}