{"id":28307,"date":"2025-10-01T14:49:14","date_gmt":"2025-10-01T12:49:14","guid":{"rendered":"https:\/\/fvcomponentes.com\/?post_type=product&#038;p=28307"},"modified":"2026-04-04T12:47:12","modified_gmt":"2026-04-04T10:47:12","slug":"victron-gx-io-extender-150-erweiterungsmodul-bpp900800150","status":"publish","type":"product","link":"https:\/\/fvcomponentes.com\/de\/producto\/modulo-de-expansion-victron-gx-io-extender-150-bpp900800150\/","title":{"rendered":"Victron GX IO-Extender 150 Erweiterungsmodul - BPP900800150"},"content":{"rendered":"<h2>Victron GX IO-Extender 150 Erweiterungsmodul - BPP900800150<\/h2>\n<p>Der Victron GX IO-Extender 150 ist ein USB-Erweiterungsmodul zur Erweiterung der Ein-\/Ausgangsm\u00f6glichkeiten der GX-Steuerzentralen von Victron, wie z. B. Cerbo GX oder Ekrano GX. Seine Hauptfunktion besteht darin, neue periphere \u00dcberwachungs- und Steuerungsoptionen - wie Sensoren, Aktoren und Relais - hinzuzuf\u00fcgen, die sich nahtlos in Solar-, Marine-, Industrie-, Wohnmobil- und Stromversorgungsanwendungen integrieren lassen.<\/p>\n<h2>Die wichtigsten Merkmale des Victron GX IO-Extender 150<\/h2>\n<p>8 digitale Kan\u00e4le, die individuell als Eing\u00e4nge oder Ausg\u00e4nge konfiguriert werden k\u00f6nnen. Sie akzeptieren Signale von 3,8 bis 5,5 V, mit einem maximalen Ausgangsstrom von 4 mA. Sie sind in zwei Bl\u00f6cken zu je 4 Kan\u00e4len organisiert, die \u00fcber interne DIP-Schalter konfigurierbar sind.<\/p>\n<p>4 PWM-Ports mit 0-5 V-Signal, 8-Bit-Aufl\u00f6sung und fester Frequenz von 1,5625 kHz. Sie erm\u00f6glichen die Steuerung der Helligkeit von LED-Leuchten, der Geschwindigkeit von L\u00fcftern, Motoren und anderen Ger\u00e4ten. Dar\u00fcber hinaus verf\u00fcgt jeder Kanal \u00fcber LED-Anzeigen, die den PWM-Pegel in Echtzeit anzeigen.<\/p>\n<p>2 bistabile Relais, geeignet f\u00fcr kleine Lasten, sowohl AC (bis zu 2 A bei 60 V, max. 125 VA) als auch DC (bis zu 3 A bei 30 V, max. 90 W).<\/p>\n<p>1 Halbleiterrelais (SSR) f\u00fcr Gleichstromlasten bis zu 70 V und 4 A.<\/p>\n<p>Es wird ausschlie\u00dflich \u00fcber USB mit Strom versorgt und kommuniziert, so dass keine externe Stromversorgung erforderlich ist. Dar\u00fcber hinaus hat er einen sehr niedrigen Stromverbrauch: typischerweise 100 mW, maximal 1W.<\/p>\n<p>Es ist vollst\u00e4ndig in die Venus OS-Schnittstelle auf GX-Ger\u00e4ten integriert und auch mit Venus OS Large kompatibel, so dass es mit Node-RED f\u00fcr eine erweiterte Automatisierung verwendet werden kann.<\/p>\n<p>Es wird sowohl lokal \u00fcber das GX-System als auch aus der Ferne \u00fcber das Victron VRM-Portal verwaltet.<\/p>\n<p>Zusammen ist der GX IO-Extender 150 die ideale L\u00f6sung f\u00fcr die Automatisierung von Funktionen wie Pumpen, Alarme, Sensoren und andere Ger\u00e4te in Solar-, Marine- oder Industrieanlagen.<\/p>\n<h2>Datenblatt Victron GX IO-Extender 150 Erweiterungsmodul - BPP900800150<\/h2>\n<p><a href=\"https:\/\/fvcomponentes.com\/wp-content\/uploads\/2025\/09\/Datasheet-GX-IO-Extender-150-ES.pdf\" target=\"_blank\" rel=\"noopener\">Datenblatt Victron GX IO-Extender 150 Erweiterungsmodul - BPP900800150<\/a><\/p>\n<h2>Victron GX IO-Extender 150 Erweiterungsmodul Handbuch - BPP900800150<\/h2>\n<p><a href=\"https:\/\/fvcomponentes.com\/wp-content\/uploads\/2025\/10\/203216-GX_IO-Extender_150-pdf-es.pdf\" target=\"_blank\" rel=\"noopener\">Victron GX IO-Extender 150 Erweiterungsmodul Handbuch anzeigen<\/a><\/p>","protected":false},"excerpt":{"rendered":"<p>Stromversorgung: USB (5 V)<br \/>\nLeistungsaufnahme &lt;1 W (200 mA)<br \/>\nDigitale E\/A: 8 (Eing\u00e4nge: 3,8-5,5 V; Ausg\u00e4nge: 5 V) 4 mA max.<br \/>\nPWM: 4 Kan\u00e4le, mit Spannungspegel 5V und 8-bit Pr\u00e4zision bei 1,56 kHz<br \/>\nBistabile Relais: 2x, DC bis zu 3 A@30 V, SSR DC bis zu 70 V\/4 A<br \/>\nBetriebstemperatur: -20 \u00b0C bis +50 \u00b0C<br \/>\n5 Jahre Garantie<\/p>","protected":false},"featured_media":28308,"comment_status":"closed","ping_status":"closed","template":"","meta":{"site-sidebar-layout":"default","site-content-layout":"","ast-site-content-layout":"default","site-content-style":"default","site-sidebar-style":"default","ast-global-header-display":"","ast-banner-title-visibility":"","ast-main-header-display":"","ast-hfb-above-header-display":"","ast-hfb-below-header-display":"","ast-hfb-mobile-header-display":"","site-post-title":"","ast-breadcrumbs-content":"","ast-featured-img":"","footer-sml-layout":"","ast-disable-related-posts":"","theme-transparent-header-meta":"default","adv-header-id-meta":"","stick-header-meta":"","header-above-stick-meta":"","header-main-stick-meta":"","header-below-stick-meta":"","astra-migrate-meta-layouts":"set","ast-page-background-enabled":"default","ast-page-background-meta":{"desktop":{"background-color":"var(--ast-global-color-4)","background-image":"","background-repeat":"repeat","background-position":"center center","background-size":"auto","background-attachment":"scroll","background-type":"","background-media":"","overlay-type":"","overlay-color":"","overlay-opacity":"","overlay-gradient":""},"tablet":{"background-color":"","background-image":"","background-repeat":"repeat","background-position":"center center","background-size":"auto","background-attachment":"scroll","background-type":"","background-media":"","overlay-type":"","overlay-color":"","overlay-opacity":"","overlay-gradient":""},"mobile":{"background-color":"","background-image":"","background-repeat":"repeat","background-position":"center center","background-size":"auto","background-attachment":"scroll","background-type":"","background-media":"","overlay-type":"","overlay-color":"","overlay-opacity":"","overlay-gradient":""}},"ast-content-background-meta":{"desktop":{"background-color":"var(--ast-global-color-5)","background-image":"","background-repeat":"repeat","background-position":"center center","background-size":"auto","background-attachment":"scroll","background-type":"","background-media":"","overlay-type":"","overlay-color":"","overlay-opacity":"","overlay-gradient":""},"tablet":{"background-color":"var(--ast-global-color-5)","background-image":"","background-repeat":"repeat","background-position":"center center","background-size":"auto","background-attachment":"scroll","background-type":"","background-media":"","overlay-type":"","overlay-color":"","overlay-opacity":"","overlay-gradient":""},"mobile":{"background-color":"var(--ast-global-color-5)","background-image":"","background-repeat":"repeat","background-position":"center center","background-size":"auto","background-attachment":"scroll","background-type":"","background-media":"","overlay-type":"","overlay-color":"","overlay-opacity":"","overlay-gradient":""}}},"pwb-brand":[332],"product_brand":[],"product_cat":[333,934],"product_tag":[],"class_list":{"0":"post-28307","1":"product","2":"type-product","3":"status-publish","4":"has-post-thumbnail","6":"pwb-brand-victron","7":"product_cat-inversores","8":"product_cat-monitorizacion","9":"desktop-align-left","10":"tablet-align-left","11":"mobile-align-left","12":"ast-product-gallery-layout-horizontal-slider","13":"ast-product-tabs-layout-horizontal","15":"first","16":"instock","17":"taxable","18":"shipping-taxable","19":"purchasable","20":"product-type-simple"},"wcpa_form_fields":null,"brands":[{"id":332,"name":"Victron Energie","slug":"victron"}],"_links":{"self":[{"href":"https:\/\/fvcomponentes.com\/de\/wp-json\/wp\/v2\/product\/28307","targetHints":{"allow":["GET"]}}],"collection":[{"href":"https:\/\/fvcomponentes.com\/de\/wp-json\/wp\/v2\/product"}],"about":[{"href":"https:\/\/fvcomponentes.com\/de\/wp-json\/wp\/v2\/types\/product"}],"replies":[{"embeddable":true,"href":"https:\/\/fvcomponentes.com\/de\/wp-json\/wp\/v2\/comments?post=28307"}],"wp:featuredmedia":[{"embeddable":true,"href":"https:\/\/fvcomponentes.com\/de\/wp-json\/wp\/v2\/media\/28308"}],"wp:attachment":[{"href":"https:\/\/fvcomponentes.com\/de\/wp-json\/wp\/v2\/media?parent=28307"}],"wp:term":[{"taxonomy":"pwb-brand","embeddable":true,"href":"https:\/\/fvcomponentes.com\/de\/wp-json\/wp\/v2\/pwb-brand?post=28307"},{"taxonomy":"product_brand","embeddable":true,"href":"https:\/\/fvcomponentes.com\/de\/wp-json\/wp\/v2\/product_brand?post=28307"},{"taxonomy":"product_cat","embeddable":true,"href":"https:\/\/fvcomponentes.com\/de\/wp-json\/wp\/v2\/product_cat?post=28307"},{"taxonomy":"product_tag","embeddable":true,"href":"https:\/\/fvcomponentes.com\/de\/wp-json\/wp\/v2\/product_tag?post=28307"}],"curies":[{"name":"wp","href":"https:\/\/api.w.org\/{rel}","templated":true}]}}