{"id":28292,"date":"2025-07-15T09:26:24","date_gmt":"2025-07-15T07:26:24","guid":{"rendered":"https:\/\/fvcomponentes.com\/?post_type=product&#038;p=28292"},"modified":"2026-04-08T21:32:30","modified_gmt":"2026-04-08T19:32:30","slug":"bms-ng-victron-ve-bus-fur-lithium-batterien-ng-bms300200300","status":"publish","type":"product","link":"https:\/\/fvcomponentes.com\/de\/producto\/bms-ng-victron-ve-bus-para-baterias-de-litio-ng-bms300200300\/","title":{"rendered":"BMS NG Victron VE.Bus f\u00fcr NG-Lithium-Batterien - BMS300200300"},"content":{"rendered":"<h2>BMS NG Victron VE.Bus f\u00fcr NG-Lithium-Batterien - BMS300200300<\/h2>\n<p>Das NG VE.Bus BMS von Victron Energy ist ein fortschrittliches Batteriemanagementsystem, das speziell f\u00fcr Victron Smart LiFePO\u2084-Lithiumbatterien der neuen Generation (NG) entwickelt wurde.<br \/>\nSeine Hauptaufgabe ist der Schutz, die Kontrolle und die Optimierung der Nutzung dieser Batterien in allen Arten von Anwendungen, um einen sicheren und effizienten Betrieb des Energiesystems zu gew\u00e4hrleisten.<br \/>\nDieses BMS ist dank seiner integrierten VE.Bus-Schnittstelle vollst\u00e4ndig kompatibel mit Victron MultiPlus und Quattro Wechselrichtern\/Ladeger\u00e4ten und stellt somit eine Komplettl\u00f6sung f\u00fcr 12 V-, 24 V- und 48 V-Systeme dar, mit einer Erweiterungskapazit\u00e4t von bis zu 50 Batterien in 12\/24 V oder 25 in 48 V (max. 384 kWh in einer 24 V-Bank).<\/p>\n<h2>Hauptmerkmale des Victron VE.Bus BMS NG f\u00fcr NG-Lithiumbatterien<\/h2>\n<h3><strong>Konnektivit\u00e4t und \u00dcberwachung<\/strong><\/h3>\n<ul>\n<li><strong data-start=\"0\" data-end=\"19\" data-is-only-node=\"\">Bluetooth Smart<\/strong> integriert: drahtlose Verbindung mit <strong data-start=\"56\" data-end=\"74\">VictronConnect<\/strong> f\u00fcr drahtlose Konfiguration, Einstellungen, Diagnose und Firmware-Upgrades. Enth\u00e4lt \"Instant Readout\" (Warnungen, Ladestatus, Temperatur und Alarme).<\/li>\n<li><strong style=\"font-size: 16px\" data-start=\"0\" data-end=\"25\" data-is-only-node=\"\">GX-Kompatibilit\u00e4t<\/strong><span style=\"font-size: 16px\">: Stromversorgung von Ger\u00e4ten <\/span><strong style=\"font-size: 16px\" data-start=\"49\" data-end=\"61\">Cerbo GX<\/strong><span style=\"font-size: 16px\">verwaltet DVCC und erm\u00f6glicht die Fern\u00fcberwachung \u00fcber <\/span><strong style=\"font-size: 16px\" data-start=\"109\" data-end=\"116\" data-is-last-node=\"\">VRM<\/strong><\/li>\n<li><strong style=\"font-size: 16px\" data-start=\"109\" data-end=\"116\" data-is-last-node=\"\">LED-Anzeigen: <\/strong><span style=\"font-size: 16px\">blaues Licht f\u00fcr den Bluetooth-Status, rotes Licht f\u00fcr Alarmfehler und Warnungen und ein VE.Bus-Statuslicht.<\/span><\/li>\n<\/ul>\n<h3>Intelligente Steuerausg\u00e4nge<\/h3>\n<ul>\n<li><strong>Lasttrennungsausgang:<\/strong> Er kann das Ein- und Ausschaltsignal von Ger\u00e4ten wie BatteryProtect, Wechselrichtern, DC-DC-Wandlern oder anderen Lasten, die eine Fernsteuerung unterst\u00fctzen, verwalten. Dank seines Ausgangsstroms von bis zu 1 A kann er auch Hochstromrelais oder Sch\u00fctze steuern.<br \/>\nEs ist zu beachten, dass je nach angeschlossenem Ger\u00e4t ein Ein\/Aus-Kabel vom Typ Inverter oder Nicht-Inverter erforderlich sein kann.<\/li>\n<li><strong style=\"font-size: 16px\">Ausgang des Ladeger\u00e4ts abschalten: <\/strong><span style=\"font-size: 16px\">Erm\u00f6glicht die Fernaktivierung oder -deaktivierung von kompatiblen Ladeger\u00e4ten wie dem IP43 Smart Charger, Cyrix-Li-Charge-Relais, Cyrix-Li-ct-Batteriekombinatoren oder BatteryProtect-Ger\u00e4ten.<br \/>\n<\/span>Beachten Sie, dass dieser Ausgang (CHARGER) nicht f\u00fcr die Versorgung von induktiven Lasten, wie z. B. Relaisspulen, ausgelegt ist.<\/li>\n<li><strong style=\"font-size: 16px\">Voralarm-Ausgang: <\/strong><span style=\"font-size: 16px\">Aktiviert ein optisches oder akustisches Signal, wenn die Batteriespannung unter den Schwellenwert f\u00e4llt, und wird 30 Sekunden vor der Deaktivierung des Lasttrennungsausgangs aktiviert.<\/span><\/li>\n<li><strong style=\"font-size: 16px\">Beenden Sie Remote On\/Off:<\/strong><span style=\"font-size: 16px\"> Erm\u00f6glicht die Fernsteuerung sowohl der Lasttrennausg\u00e4nge als auch des Ladesystems. Wenn diese Klemme ausgeschaltet ist, sind beide Ausg\u00e4nge potenzialfrei, was zur Deaktivierung der angeschlossenen Lasten und Ladeger\u00e4te f\u00fchrt.<\/span><\/li>\n<\/ul>\n<h3 data-start=\"3613\" data-end=\"3695\"><strong data-start=\"0\" data-end=\"30\" data-is-only-node=\"\">Schutz von Zelle zu Zelle<br \/>\n<\/strong><\/h3>\n<p data-start=\"3613\" data-end=\"3695\">Genaue \u00dcberwachung von Spannung, Temperatur und Status jeder Zelle.<\/p>\n<h3 data-start=\"3698\" data-end=\"3762\"><strong>Vollst\u00e4ndiger Schutz<\/strong><\/h3>\n<p data-start=\"3698\" data-end=\"3762\">Aktivierung von Alarmen oder Last-\/Entlastungsabschaltungen bei kritischen Bedingungen.<\/p>\n<h3 data-start=\"3698\" data-end=\"3762\">Schnittstelle mit VE.Bus<\/h3>\n<p data-start=\"3698\" data-end=\"3762\">Kommuniziert mit VE.Bus-Wechselrichtern \u00fcber RJ45 und erm\u00f6glicht die Deaktivierung des Wechselrichters\/Ladens in Situationen von Unterspannung, \u00dcberspannung oder hoher Temperatur.<\/p>\n<h3 data-start=\"3828\" data-end=\"3900\">Einfache Erweiterung<\/h3>\n<p data-start=\"3828\" data-end=\"3900\">Das Victron VE.Bus NG BMS f\u00fcr NG-Lithiumbatterien ist kompatibel mit mehreren Batterien in Serie\/Parallelschaltung und zus\u00e4tzlichen BMS-Einheiten f\u00fcr zus\u00e4tzliche Redundanz.<\/p>\n<h2>Datenblatt Victron VE.Bus BMS NG f\u00fcr NG-Lithium-Batterien - BMS300200300<\/h2>\n<p><a href=\"https:\/\/fvcomponentes.com\/wp-content\/uploads\/2025\/09\/Datasheet-VE-Bus-BMS-NG-ES.pdf\" target=\"_blank\" rel=\"noopener\">Siehe Datenblatt BMS NG Victron VE.Bus f\u00fcr Lithiumbatterien NG<\/a><\/p>","protected":false},"excerpt":{"rendered":"<p><span style=\"color: #339966\">Intelligenter, fortschrittlicher Schutz f\u00fcr Victron Smart LiFePO\u2084-Lithiumbatterien<\/span><\/p>\n<p>Eingangsspannung: 9 - 70 V DC<br \/>\nBetriebsverbrauch: 10 mA (Leerlauf), 2 mA (Unterspannung), 1,5 mA (Fernabschaltung)<br \/>\nAusgang zur Abschaltung der Last (LOAD): 1A<br \/>\nAusgang zur Abschaltung des Ladeger\u00e4ts: 10mA<br \/>\nVoralarm-Ausgangsstrom: 1A (ohne Kurzschlussschutz)<br \/>\nUmgebungsschutz: Temperatur: -20 \u00b0C bis +50 \u00b0C; Luftfeuchtigkeit: bis zu 95 % nicht kondensierend<br \/>\nGeh\u00e4use: mattschwarzes ABS mit blauem Kleber.<br \/>\nSchutzart: IP20<\/p>","protected":false},"featured_media":28301,"comment_status":"closed","ping_status":"closed","template":"","meta":{"site-sidebar-layout":"default","site-content-layout":"","ast-site-content-layout":"default","site-content-style":"default","site-sidebar-style":"default","ast-global-header-display":"","ast-banner-title-visibility":"","ast-main-header-display":"","ast-hfb-above-header-display":"","ast-hfb-below-header-display":"","ast-hfb-mobile-header-display":"","site-post-title":"","ast-breadcrumbs-content":"","ast-featured-img":"","footer-sml-layout":"","ast-disable-related-posts":"","theme-transparent-header-meta":"default","adv-header-id-meta":"","stick-header-meta":"","header-above-stick-meta":"","header-main-stick-meta":"","header-below-stick-meta":"","astra-migrate-meta-layouts":"set","ast-page-background-enabled":"default","ast-page-background-meta":{"desktop":{"background-color":"var(--ast-global-color-4)","background-image":"","background-repeat":"repeat","background-position":"center center","background-size":"auto","background-attachment":"scroll","background-type":"","background-media":"","overlay-type":"","overlay-color":"","overlay-opacity":"","overlay-gradient":""},"tablet":{"background-color":"","background-image":"","background-repeat":"repeat","background-position":"center center","background-size":"auto","background-attachment":"scroll","background-type":"","background-media":"","overlay-type":"","overlay-color":"","overlay-opacity":"","overlay-gradient":""},"mobile":{"background-color":"","background-image":"","background-repeat":"repeat","background-position":"center center","background-size":"auto","background-attachment":"scroll","background-type":"","background-media":"","overlay-type":"","overlay-color":"","overlay-opacity":"","overlay-gradient":""}},"ast-content-background-meta":{"desktop":{"background-color":"var(--ast-global-color-5)","background-image":"","background-repeat":"repeat","background-position":"center center","background-size":"auto","background-attachment":"scroll","background-type":"","background-media":"","overlay-type":"","overlay-color":"","overlay-opacity":"","overlay-gradient":""},"tablet":{"background-color":"var(--ast-global-color-5)","background-image":"","background-repeat":"repeat","background-position":"center center","background-size":"auto","background-attachment":"scroll","background-type":"","background-media":"","overlay-type":"","overlay-color":"","overlay-opacity":"","overlay-gradient":""},"mobile":{"background-color":"var(--ast-global-color-5)","background-image":"","background-repeat":"repeat","background-position":"center center","background-size":"auto","background-attachment":"scroll","background-type":"","background-media":"","overlay-type":"","overlay-color":"","overlay-opacity":"","overlay-gradient":""}}},"pwb-brand":[332],"product_brand":[],"product_cat":[340,435],"product_tag":[],"class_list":{"0":"post-28292","1":"product","2":"type-product","3":"status-publish","4":"has-post-thumbnail","6":"pwb-brand-victron","7":"product_cat-baterias","8":"product_cat-bms-sistemas-de-supervision-de-baterias","9":"desktop-align-left","10":"tablet-align-left","11":"mobile-align-left","12":"ast-product-gallery-layout-horizontal-slider","13":"ast-product-tabs-layout-horizontal","15":"first","16":"instock","17":"featured","18":"taxable","19":"shipping-taxable","20":"purchasable","21":"product-type-simple"},"wcpa_form_fields":null,"brands":[{"id":332,"name":"Victron Energie","slug":"victron"}],"_links":{"self":[{"href":"https:\/\/fvcomponentes.com\/de\/wp-json\/wp\/v2\/product\/28292","targetHints":{"allow":["GET"]}}],"collection":[{"href":"https:\/\/fvcomponentes.com\/de\/wp-json\/wp\/v2\/product"}],"about":[{"href":"https:\/\/fvcomponentes.com\/de\/wp-json\/wp\/v2\/types\/product"}],"replies":[{"embeddable":true,"href":"https:\/\/fvcomponentes.com\/de\/wp-json\/wp\/v2\/comments?post=28292"}],"wp:featuredmedia":[{"embeddable":true,"href":"https:\/\/fvcomponentes.com\/de\/wp-json\/wp\/v2\/media\/28301"}],"wp:attachment":[{"href":"https:\/\/fvcomponentes.com\/de\/wp-json\/wp\/v2\/media?parent=28292"}],"wp:term":[{"taxonomy":"pwb-brand","embeddable":true,"href":"https:\/\/fvcomponentes.com\/de\/wp-json\/wp\/v2\/pwb-brand?post=28292"},{"taxonomy":"product_brand","embeddable":true,"href":"https:\/\/fvcomponentes.com\/de\/wp-json\/wp\/v2\/product_brand?post=28292"},{"taxonomy":"product_cat","embeddable":true,"href":"https:\/\/fvcomponentes.com\/de\/wp-json\/wp\/v2\/product_cat?post=28292"},{"taxonomy":"product_tag","embeddable":true,"href":"https:\/\/fvcomponentes.com\/de\/wp-json\/wp\/v2\/product_tag?post=28292"}],"curies":[{"name":"wp","href":"https:\/\/api.w.org\/{rel}","templated":true}]}}