{"id":28269,"date":"2025-10-01T14:49:16","date_gmt":"2025-10-01T12:49:16","guid":{"rendered":"https:\/\/fvcomponentes.com\/?post_type=product&#038;p=28269"},"modified":"2026-04-04T12:47:38","modified_gmt":"2026-04-04T10:47:38","slug":"bmv-712-schwarz-smart-victron-bam030712200-batterie-monitor-bam030712200","status":"publish","type":"product","link":"https:\/\/fvcomponentes.com\/de\/producto\/monitor-de-bateria-bmv-712-black-smart-victron-bam030712200\/","title":{"rendered":"Batteriemonitor BMV-712 Smart Schwarz Schwarz Victron - BAM030712200"},"content":{"rendered":"<h3 data-start=\"256\" data-end=\"292\">Integrierte Bluetooth-Konnektivit\u00e4t<\/h3>\n<p data-start=\"293\" data-end=\"584\">Der Victron BMV-712 Smart Battery Monitor ist bereit f\u00fcr die \u00c4ra des Internets der Dinge, da er standardm\u00e4\u00dfig mit Bluetooth ausgestattet ist. Dies erm\u00f6glicht die drahtlose Kommunikation mit Smartphones und anderen kompatiblen Victron-Produkten, was die Installation erleichtert und die Systemleistung optimiert.<\/p>\n<h3>Einfach zu installieren<\/h3>\n<p>Alle elektrischen Anschl\u00fcsse werden an der Schnellanschlussplatine des Shunts vorgenommen. Der Shunt wird \u00fcber ein Standard-RJ12-Telefonkabel, das im Lieferumfang enthalten ist, an den Monitor angeschlossen. Ein abgesichertes Batteriekabel (2 m) ist ebenfalls enthalten. Eine weitere Installation ist nicht erforderlich.<br \/>\nIm Lieferumfang enthalten sind au\u00dferdem eine quadratische oder runde Frontscheibe, ein hinterer Befestigungsring und Schrauben f\u00fcr die Frontmontage.<\/p>\n<h3>Kontrolle der Mittelwertbildung<\/h3>\n<p data-start=\"199\" data-end=\"464\">Die Mittelpunktsspannung ist die Spannung, die genau in der Mitte einer Reihe von in Reihe geschalteten Batterien gemessen wird.<br \/>\nDie \u00dcberwachung dieses Wertes ist bei gro\u00dfen Batterieb\u00e4nken von gro\u00dfem Interesse, aber normalerweise mit hohen Kosten verbunden. Mit dem schwarzen Victron BMV-712 Smart Batteriemonitor ist es jedoch m\u00f6glich, diesen Parameter einfach und viel kosteng\u00fcnstiger zu \u00fcberwachen.<br \/>\nDie Erkennung von kritischen Abweichungen der Mittelspannung bei in Reihe geschalteten Batteriestr\u00e4ngen und die Ergreifung entsprechender Korrekturma\u00dfnahmen tragen dazu bei, ernsthafte Sch\u00e4den zu vermeiden und die Lebensdauer und Zuverl\u00e4ssigkeit des Systems zu verl\u00e4ngern.<\/p>\n<h3>Geringer Verbrauch<\/h3>\n<p>Stromverbrauch: 0,7Ah pro Monat (1mA) bei 12V und 0,6Ah pro Monat (0,8mA) bei 24V<br \/>\nLithiumbatterien haben nach dem Abschalten aufgrund der niedrigen Spannung fast keine nutzbare Kapazit\u00e4t. Sie verf\u00fcgen nur \u00fcber eine kleine Reserve (\u2248 1Ah pro 100Ah). Wenn diese Reserve ersch\u00f6pft ist, kann die Batterie irreversibel besch\u00e4digt werden.<br data-start=\"374\" data-end=\"377\" \/>Ein Restverbrauch von nur 10 mA kann eine 200-Ah-Batterie in nur 8 Tagen ruinieren, wenn sie entladen bleibt.<\/p>\n<h3>Bistabiles Alarmrelais<\/h3>\n<p>Verhindert, dass der Stromverbrauch im Falle eines Alarms ansteigt.<\/p>\n<h2>Weitere Eigenschaften des Victron BMV-712 Smart Black Battery Monitor BMV-712 Black<\/h2>\n<p>- Spannung, Stromst\u00e4rke, Leistung, verbrauchte Amperestunden und Ladezustand der Batterie<br \/>\n- Verbleibende Autonomie bei aktueller Entladungsrate.<br \/>\n- Programmierbarer optischer und akustischer Alarm<br \/>\n- Programmierbares Relais, um unkritische Lasten abzuschalten oder bei Bedarf einen Generator zu starten.<br \/>\n- 500-Ampere-Schnellverbindungs-Shunt und Anschluss-Set<br \/>\n- Auswahl der Shunt-Kapazit\u00e4t bis zu 10.000 Ampere<br \/>\n- VE.Direkter Kommunikationsanschluss<br \/>\n- Speichert eine breite Palette historischer Daten, die zur Beurteilung von Nutzungsmustern und des Batteriezustands verwendet werden k\u00f6nnen<br \/>\n- Gro\u00dfer Eingangsspannungsbereich: 6,5 \u021a \"70V<br \/>\n- Hohe Aufl\u00f6sung der Strommessung: 10 mA (0,01A)<br \/>\n- Zus\u00e4tzlicher Eingang zur Messung von Spannung (von einer zweiten Batterie), Temperatur oder Mittelspannung und entsprechende Alarm- und Relaiseinstellungen.<\/p>\n<h2>Batteriemonitor BMV-712 Smart Schwarz Schwarz Victron - BAM030712200<\/h2>\n<p><a href=\"https:\/\/fvcomponentes.com\/wp-content\/uploads\/2021\/03\/Datasheet-BMV-712-Smart-ES.pdf\" target=\"_blank\" rel=\"noopener\">Batteriemonitor BMV-712 Smart Schwarz Schwarz Victron - BAM030712200<\/a><\/p>","protected":false},"excerpt":{"rendered":"<p><span style=\"color: #339966;\"><strong>Integriertes Bluetooth<\/strong><\/span><\/p>\n<p><span style=\"color: #000000;\">Batteriespannungsbereich: 6,5 - 70 VDC<br \/>\nMaximaler Strom (Shunt): 500 A \/ 50 mV<br \/>\nBatteriekapazit\u00e4t: 1 - 9.999 Ah<br \/>\nIntegriertes Bluetooth: Ja (mit VictronConnect App)<br \/>\nKommunikationsanschluss: VE.Direct<br \/>\nProgrammierbarer Alarm: Ja (mit konfigurierbarem Steuerrelais)<br \/>\nEigenverbrauch: &lt; 1 mA<br \/>\nAnzeige: Hintergrundbeleuchtetes LCD<br \/>\nMontage: Unterputzmontage (\u00d8 63 mm)<br \/>\nFarbe: Schwarz<br \/>\nBetriebstemperatur: -40 \u00b0C bis +50 \u00b0C<\/span><\/p>","protected":false},"featured_media":28277,"comment_status":"closed","ping_status":"closed","template":"","meta":{"site-sidebar-layout":"default","site-content-layout":"","ast-site-content-layout":"default","site-content-style":"default","site-sidebar-style":"default","ast-global-header-display":"","ast-banner-title-visibility":"","ast-main-header-display":"","ast-hfb-above-header-display":"","ast-hfb-below-header-display":"","ast-hfb-mobile-header-display":"","site-post-title":"","ast-breadcrumbs-content":"","ast-featured-img":"","footer-sml-layout":"","ast-disable-related-posts":"","theme-transparent-header-meta":"default","adv-header-id-meta":"","stick-header-meta":"","header-above-stick-meta":"","header-main-stick-meta":"","header-below-stick-meta":"","astra-migrate-meta-layouts":"set","ast-page-background-enabled":"default","ast-page-background-meta":{"desktop":{"background-color":"var(--ast-global-color-4)","background-image":"","background-repeat":"repeat","background-position":"center center","background-size":"auto","background-attachment":"scroll","background-type":"","background-media":"","overlay-type":"","overlay-color":"","overlay-opacity":"","overlay-gradient":""},"tablet":{"background-color":"","background-image":"","background-repeat":"repeat","background-position":"center center","background-size":"auto","background-attachment":"scroll","background-type":"","background-media":"","overlay-type":"","overlay-color":"","overlay-opacity":"","overlay-gradient":""},"mobile":{"background-color":"","background-image":"","background-repeat":"repeat","background-position":"center center","background-size":"auto","background-attachment":"scroll","background-type":"","background-media":"","overlay-type":"","overlay-color":"","overlay-opacity":"","overlay-gradient":""}},"ast-content-background-meta":{"desktop":{"background-color":"var(--ast-global-color-5)","background-image":"","background-repeat":"repeat","background-position":"center center","background-size":"auto","background-attachment":"scroll","background-type":"","background-media":"","overlay-type":"","overlay-color":"","overlay-opacity":"","overlay-gradient":""},"tablet":{"background-color":"var(--ast-global-color-5)","background-image":"","background-repeat":"repeat","background-position":"center center","background-size":"auto","background-attachment":"scroll","background-type":"","background-media":"","overlay-type":"","overlay-color":"","overlay-opacity":"","overlay-gradient":""},"mobile":{"background-color":"var(--ast-global-color-5)","background-image":"","background-repeat":"repeat","background-position":"center center","background-size":"auto","background-attachment":"scroll","background-type":"","background-media":"","overlay-type":"","overlay-color":"","overlay-opacity":"","overlay-gradient":""}}},"pwb-brand":[332],"product_brand":[],"product_cat":[933,391,340],"product_tag":[],"class_list":{"0":"post-28269","1":"product","2":"type-product","3":"status-publish","4":"has-post-thumbnail","6":"pwb-brand-victron","7":"product_cat-monitores-de-baterias","8":"product_cat-accesorios-para-baterias","9":"product_cat-baterias","10":"desktop-align-left","11":"tablet-align-left","12":"mobile-align-left","13":"ast-product-gallery-layout-horizontal-slider","14":"ast-product-tabs-layout-horizontal","16":"first","17":"instock","18":"taxable","19":"shipping-taxable","20":"purchasable","21":"product-type-simple"},"wcpa_form_fields":null,"brands":[{"id":332,"name":"Victron Energie","slug":"victron"}],"_links":{"self":[{"href":"https:\/\/fvcomponentes.com\/de\/wp-json\/wp\/v2\/product\/28269","targetHints":{"allow":["GET"]}}],"collection":[{"href":"https:\/\/fvcomponentes.com\/de\/wp-json\/wp\/v2\/product"}],"about":[{"href":"https:\/\/fvcomponentes.com\/de\/wp-json\/wp\/v2\/types\/product"}],"replies":[{"embeddable":true,"href":"https:\/\/fvcomponentes.com\/de\/wp-json\/wp\/v2\/comments?post=28269"}],"wp:featuredmedia":[{"embeddable":true,"href":"https:\/\/fvcomponentes.com\/de\/wp-json\/wp\/v2\/media\/28277"}],"wp:attachment":[{"href":"https:\/\/fvcomponentes.com\/de\/wp-json\/wp\/v2\/media?parent=28269"}],"wp:term":[{"taxonomy":"pwb-brand","embeddable":true,"href":"https:\/\/fvcomponentes.com\/de\/wp-json\/wp\/v2\/pwb-brand?post=28269"},{"taxonomy":"product_brand","embeddable":true,"href":"https:\/\/fvcomponentes.com\/de\/wp-json\/wp\/v2\/product_brand?post=28269"},{"taxonomy":"product_cat","embeddable":true,"href":"https:\/\/fvcomponentes.com\/de\/wp-json\/wp\/v2\/product_cat?post=28269"},{"taxonomy":"product_tag","embeddable":true,"href":"https:\/\/fvcomponentes.com\/de\/wp-json\/wp\/v2\/product_tag?post=28269"}],"curies":[{"name":"wp","href":"https:\/\/api.w.org\/{rel}","templated":true}]}}