{"id":28225,"date":"2025-07-15T08:59:36","date_gmt":"2025-07-15T06:59:36","guid":{"rendered":"https:\/\/fvcomponentes.com\/?post_type=product&#038;p=28225"},"modified":"2026-04-08T21:29:37","modified_gmt":"2026-04-08T19:29:37","slug":"victron-ant100200100-ausenwandhalterung-lte-m-antenne","status":"publish","type":"product","link":"https:\/\/fvcomponentes.com\/de\/producto\/antena-lte-m-de-pared-para-exteriores-victron-ant100200100\/","title":{"rendered":"Victron LTE-M-Wandantenne f\u00fcr den Au\u00dfenbereich - ANT100200100"},"content":{"rendered":"<h2>Antena LTE-M de montaje en pared para exteriores Victron &#8211; ANT100200100<\/h2>\n<p data-start=\"319\" data-end=\"515\">Esta es una antena externa LTE\u2011M, dise\u00f1ada especialmente para instalarse en la pared. Es compatible con el GlobalLink\u202f520 y permite amplificar la se\u00f1al de banda estrecha LTE\u2011M.<br \/>\nGracias a esta mejora de se\u00f1al, es posible realizar una vigilancia remota m\u00e1s estable en sistemas Victron. Esto incluye instalaciones solares, sistemas marinos, caravanas y tambi\u00e9n aplicaciones industriales.<br \/>\nAdem\u00e1s, esta antena ofrece una soluci\u00f3n resistente y discreta, ideal para mejorar la conectividad en sistemas de energ\u00eda ubicados en zonas remotas. Su cable de 5 metros, junto con su estructura duradera, la convierte en una excelente elecci\u00f3n para garantizar una comunicaci\u00f3n LTE-M s\u00f3lida y una supervisi\u00f3n energ\u00e9tica segura y eficiente.<\/p>\n<h2><strong>Caracter\u00edsticas de la Antena LTE-M de pared para exteriores Victron &#8211; ANT100200100<\/strong><\/h2>\n<ul>\n<li><strong>Longitud del cable:<\/strong> 5\u202fmetros, ofreciendo flexibilidad en colocaci\u00f3n e instalaci\u00f3n<\/li>\n<li><strong>Conector:<\/strong> conector SMA macho est\u00e1ndar, ideal para uniones sencillas con el m\u00f3dem GlobalLink.<\/li>\n<li><strong>Construcci\u00f3n robusta:<\/strong> resistente a la intemperie (waterproof), adecuada para uso exterior prolongado .<\/li>\n<li><strong>Montaje:<\/strong> placa met\u00e1lica para fijaci\u00f3n en pared, con brida o torniller\u00eda, garantizando una instalaci\u00f3n firme y estable.<\/li>\n<li data-start=\"517\" data-end=\"599\"><span class=\"relative -mx-px my-[-0.2rem] rounded px-px py-[0.2rem] transition-colors duration-100 ease-in-out\"><strong data-start=\"0\" data-end=\"23\" data-is-only-node=\"\">Cobertura mejorada:<\/strong> optimiza la capacidad de conexi\u00f3n LTE\u2011M incluso en \u00e1reas con se\u00f1al d\u00e9bil, permitiendo monitorizaci\u00f3n de sistemas a trav\u00e9s de la plataforma VRM de Victron.<\/span><\/li>\n<li data-start=\"517\" data-end=\"599\"><span class=\"relative -mx-px my-[-0.2rem] rounded px-px py-[0.2rem] transition-colors duration-100 ease-in-out\"><strong data-start=\"0\" data-end=\"21\" data-is-only-node=\"\">Instalaci\u00f3n \u00e1gil:<\/strong> su dise\u00f1o plug\u2011and\u2011play permite fijarla en cuesti\u00f3n de minutos sin herramientas especiales.<\/span><\/li>\n<li><span class=\"relative -mx-px my-[-0.2rem] rounded px-px py-[0.2rem] transition-colors duration-100 ease-in-out\"><strong data-start=\"0\" data-end=\"16\" data-is-only-node=\"\">Durabilidad:<\/strong> materiales pensados para resistir exposici\u00f3n a polvo, lluvia y variaciones clim\u00e1ticas, prolongando la vida \u00fatil del sistema.<\/span><\/li>\n<li><strong>Compatibilidad:<\/strong> dise\u00f1ada especialmente para coordinarse con <strong data-start=\"44\" data-end=\"62\" data-is-last-node=\"\">GlobalLink 520. <\/strong>Tambi\u00e9n, puede usarse en otros dispositivos LTE-M con compatibilidad SMA y exposici\u00f3n a intemperie.<\/li>\n<li><strong>Garant\u00eda est\u00e1ndar:<\/strong> 5\u202fa\u00f1os, con f\u00e1cil extensi\u00f3n mediante registro o compra de prolongaci\u00f3n<\/li>\n<li><strong>Certificado ISO9001<\/strong><\/li>\n<\/ul>\n<h2>Ficha t\u00e9cnica de la Antena LTE-M de montaje en pared para exteriores Victron &#8211; ANT100200100<\/h2>\n<p><a href=\"https:\/\/fvcomponentes.com\/wp-content\/uploads\/2025\/09\/Datasheet-GlobalLink-520-ES.pdf\" target=\"_blank\" rel=\"noopener\">Ver Ficha t\u00e9cnica de la Antena LTE-M de montaje en pared para exteriores Victron<\/a><\/p>\n","protected":false},"excerpt":{"rendered":"<p>Kabell\u00e4nge: 5 Meter<br \/>\nMontage: Wand, mit Metallplatte<br \/>\nAntennentyp: LTE-M (LPWAN, NB-IoT Klasse LTE-M)<br \/>\nAu\u00dfenbest\u00e4ndigkeit: Wetterfest<br \/>\nKompatibilit\u00e4t: GlobalLink 520 und \u00e4hnliche Systeme<br \/>\nZertifikat: ISO9001<\/p>","protected":false},"featured_media":28227,"comment_status":"closed","ping_status":"closed","template":"","meta":{"site-sidebar-layout":"default","site-content-layout":"","ast-site-content-layout":"default","site-content-style":"default","site-sidebar-style":"default","ast-global-header-display":"","ast-banner-title-visibility":"","ast-main-header-display":"","ast-hfb-above-header-display":"","ast-hfb-below-header-display":"","ast-hfb-mobile-header-display":"","site-post-title":"","ast-breadcrumbs-content":"","ast-featured-img":"","footer-sml-layout":"","ast-disable-related-posts":"","theme-transparent-header-meta":"default","adv-header-id-meta":"","stick-header-meta":"","header-above-stick-meta":"","header-main-stick-meta":"","header-below-stick-meta":"","astra-migrate-meta-layouts":"set","ast-page-background-enabled":"default","ast-page-background-meta":{"desktop":{"background-color":"var(--ast-global-color-4)","background-image":"","background-repeat":"repeat","background-position":"center center","background-size":"auto","background-attachment":"scroll","background-type":"","background-media":"","overlay-type":"","overlay-color":"","overlay-opacity":"","overlay-gradient":""},"tablet":{"background-color":"","background-image":"","background-repeat":"repeat","background-position":"center center","background-size":"auto","background-attachment":"scroll","background-type":"","background-media":"","overlay-type":"","overlay-color":"","overlay-opacity":"","overlay-gradient":""},"mobile":{"background-color":"","background-image":"","background-repeat":"repeat","background-position":"center center","background-size":"auto","background-attachment":"scroll","background-type":"","background-media":"","overlay-type":"","overlay-color":"","overlay-opacity":"","overlay-gradient":""}},"ast-content-background-meta":{"desktop":{"background-color":"var(--ast-global-color-5)","background-image":"","background-repeat":"repeat","background-position":"center center","background-size":"auto","background-attachment":"scroll","background-type":"","background-media":"","overlay-type":"","overlay-color":"","overlay-opacity":"","overlay-gradient":""},"tablet":{"background-color":"var(--ast-global-color-5)","background-image":"","background-repeat":"repeat","background-position":"center center","background-size":"auto","background-attachment":"scroll","background-type":"","background-media":"","overlay-type":"","overlay-color":"","overlay-opacity":"","overlay-gradient":""},"mobile":{"background-color":"var(--ast-global-color-5)","background-image":"","background-repeat":"repeat","background-position":"center center","background-size":"auto","background-attachment":"scroll","background-type":"","background-media":"","overlay-type":"","overlay-color":"","overlay-opacity":"","overlay-gradient":""}}},"pwb-brand":[332],"product_brand":[],"product_cat":[333,351],"product_tag":[],"class_list":{"0":"post-28225","1":"product","2":"type-product","3":"status-publish","4":"has-post-thumbnail","6":"pwb-brand-victron","7":"product_cat-inversores","8":"product_cat-accesorios","9":"desktop-align-left","10":"tablet-align-left","11":"mobile-align-left","12":"ast-product-gallery-layout-horizontal-slider","13":"ast-product-tabs-layout-horizontal","15":"first","16":"instock","17":"taxable","18":"shipping-taxable","19":"purchasable","20":"product-type-simple"},"wcpa_form_fields":null,"brands":[{"id":332,"name":"Victron Energie","slug":"victron"}],"_links":{"self":[{"href":"https:\/\/fvcomponentes.com\/de\/wp-json\/wp\/v2\/product\/28225","targetHints":{"allow":["GET"]}}],"collection":[{"href":"https:\/\/fvcomponentes.com\/de\/wp-json\/wp\/v2\/product"}],"about":[{"href":"https:\/\/fvcomponentes.com\/de\/wp-json\/wp\/v2\/types\/product"}],"replies":[{"embeddable":true,"href":"https:\/\/fvcomponentes.com\/de\/wp-json\/wp\/v2\/comments?post=28225"}],"wp:featuredmedia":[{"embeddable":true,"href":"https:\/\/fvcomponentes.com\/de\/wp-json\/wp\/v2\/media\/28227"}],"wp:attachment":[{"href":"https:\/\/fvcomponentes.com\/de\/wp-json\/wp\/v2\/media?parent=28225"}],"wp:term":[{"taxonomy":"pwb-brand","embeddable":true,"href":"https:\/\/fvcomponentes.com\/de\/wp-json\/wp\/v2\/pwb-brand?post=28225"},{"taxonomy":"product_brand","embeddable":true,"href":"https:\/\/fvcomponentes.com\/de\/wp-json\/wp\/v2\/product_brand?post=28225"},{"taxonomy":"product_cat","embeddable":true,"href":"https:\/\/fvcomponentes.com\/de\/wp-json\/wp\/v2\/product_cat?post=28225"},{"taxonomy":"product_tag","embeddable":true,"href":"https:\/\/fvcomponentes.com\/de\/wp-json\/wp\/v2\/product_tag?post=28225"}],"curies":[{"name":"wp","href":"https:\/\/api.w.org\/{rel}","templated":true}]}}