{"id":28145,"date":"2025-07-09T12:21:53","date_gmt":"2025-07-09T10:21:53","guid":{"rendered":"https:\/\/fvcomponentes.com\/?post_type=product&#038;p=28145"},"modified":"2026-04-08T21:30:33","modified_gmt":"2026-04-08T19:30:33","slug":"smallbms-ng-victron-bms400100300","status":"publish","type":"product","link":"https:\/\/fvcomponentes.com\/de\/producto\/smallbms-ng-victron-bms400100300\/","title":{"rendered":"SmallBMS NG Victron - BMS400100300"},"content":{"rendered":"<h2>SmallBMS NG Victron - BMS400100300:<\/h2>\n<p data-start=\"298\" data-end=\"522\">Das Victron SmallBMS NG - BMS400100300 ist ein All-in-One-Batteriemanagementsystem (BMS), das ausschlie\u00dflich f\u00fcr Batterien entwickelt wurde. <strong data-start=\"430\" data-end=\"444\">Lithium NG<\/strong> von <strong data-start=\"448\" data-end=\"466\">Victron Energie<\/strong>. Nicht kompatibel mit anderen Marken oder Typen von Batterien.<\/p>\n<p data-start=\"298\" data-end=\"522\">Diese Batterien k\u00f6nnen angeschlossen werden <strong data-start=\"558\" data-end=\"570\">in Serie<\/strong>, <strong data-start=\"572\" data-end=\"587\">parallel dazu<\/strong>oder in einer <strong data-start=\"598\" data-end=\"628\">Reihen-\/Parallelschaltung<\/strong>. Dank dieser Flexibilit\u00e4t ist es m\u00f6glich, Batterieb\u00e4nke zu bilden, die mit Systemspannungen von <strong data-start=\"737\" data-end=\"755\">12 V, 24 V oder 48 V<\/strong>.<\/p>\n<p data-start=\"298\" data-end=\"522\">In einem 12V- oder 24V-System k\u00f6nnen bis zu <strong data-start=\"811\" data-end=\"826\">50 Batterien<\/strong>. Dies erm\u00f6glicht eine maximale Energiespeicherung von <strong data-start=\"880\" data-end=\"891\">192 kWh<\/strong> bei 12V und <strong data-start=\"904\" data-end=\"915\">384 kWh<\/strong> bei 24 V. Bei 48-Volt-Systemen liegt die Grenze dagegen bei <strong data-start=\"973\" data-end=\"988\">25 Batterien<\/strong>die bis zu <strong data-start=\"1015\" data-end=\"1026\">128 kWh<\/strong> Kapazit\u00e4t.<\/p>\n<p data-start=\"298\" data-end=\"522\">Das SmallBMS NG bietet eine <strong data-start=\"1068\" data-end=\"1104\">einfache und kosteng\u00fcnstige Alternative<\/strong> zum Modell <strong data-start=\"1115\" data-end=\"1132\">VE.Bus BMS NG<\/strong>. Bietet <strong data-start=\"1146\" data-end=\"1167\">Basisschutz<\/strong> f\u00fcr Lithiumbatterien, ohne dass eine VE.Bus-Kommunikation erforderlich ist. Es ist jedoch nicht kompatibel mit VE.Bus-Wechselrichtern oder -Ladeger\u00e4ten, wie z. B. den Modellen <strong data-start=\"1316\" data-end=\"1329\">MultiPlus<\/strong> y <strong data-start=\"1332\" data-end=\"1343\">Quattro<\/strong>.<\/p>\n<h2>Eigenschaften des Victron SmallBMS NG - BMS400100300:<\/h2>\n<h3>Integriertes Bluetooth<\/h3>\n<p>Das SmallBMS NG verf\u00fcgt \u00fcber Bluetooth Smart Konnektivit\u00e4t, so dass es \u00fcber die VictronConnect App drahtlos konfiguriert, \u00fcberwacht und die Firmware aktualisiert werden kann.<\/p>\n<h3><strong>Lasttrennungsausgang<\/strong><\/h3>\n<p>Mit diesem Ausgang k\u00f6nnen Sie die Ein- und Ausschaltfunktion von Ger\u00e4ten wie z. B. der Fernbedienung steuern:<br \/>\n<strong>- BatterieSchutz<\/strong><br \/>\n<strong>- Investoren<\/strong><br \/>\n<strong>- DC-DC-Wandler<\/strong><br \/>\n- Lasten mit Ein\/Aus-Funktion<\/p>\n<p>Dadurch wird eine Tiefentladung der Batterie verhindert. Sie kann auch verwendet werden, um eine <strong>Hochstromrelais<\/strong> oder eine <strong>Sch\u00fctz<\/strong>obwohl es in einigen F\u00e4llen notwendig ist, die <strong>Wechselrichter\/Nicht-Wechselrichter-Kabel.<\/strong> F\u00fcr weitere Einzelheiten wird empfohlen, das Produkthandbuch zu konsultieren.<\/p>\n<h3>Ausgang des Ladeger\u00e4ts<\/h3>\n<p>Dieser Ausgang steuert das Ein- und Ausschalten der Fernbedienung:<br \/>\n- Ladeger\u00e4te wie das <strong>Intelligent IP43<\/strong><br \/>\n- Relais <strong>Cyrix-Li-Charge<\/strong><br \/>\n- Batterie-Kombinierer <strong>Cyrix-Li-ct<\/strong><br \/>\n- Ger\u00e4te <strong>BatteryProtect<\/strong><\/p>\n<p>Es wird nicht empfohlen, diesen Ausgang zur Versorgung von induktiven Lasten wie z. B. Relaisspulen zu verwenden. Seine Funktion besteht nur darin, den Fernspeiseanschluss zu aktivieren oder zu deaktivieren.<\/p>\n<h3><strong>Sofortige Ablesung<\/strong><\/h3>\n<p>Sie enth\u00e4lt Schl\u00fcsseldaten wie z. B.:<br \/>\n- Ladezustand (SoC)<br \/>\n- Temperatur der Batterie<br \/>\n- Aktive Warnungen oder Alarme<\/p>\n<p>Diese Informationen werden direkt in der Ger\u00e4teliste angezeigt, ohne dass eine zus\u00e4tzliche Verbindung erforderlich ist.<\/p>\n<h3><strong>Voralarm-Ausgang<\/strong><\/h3>\n<p>Der Voralarmausgang aktiviert eine optische oder akustische Warnung, wenn die Batteriespannung niedrig ist. Dies geschieht <strong>mindestens 30 Sekunden vor<\/strong> der Lastausgang aufgrund von Unterspannung abgeschaltet wird.<br \/>\nKann verwendet werden zum Betrieb <strong>ein Relais, eine LED oder ein akustischer Alarm.<\/strong> Der maximale Strom dieses Ausgangs betr\u00e4gt 1 A (kein Kurzschlussschutz).<\/p>\n<h3>Ferngesteuerter Ein\/Aus-Eingang<\/h3>\n<p>Erm\u00f6glicht die Fernsteuerung der beiden Ausg\u00e4nge des Systems. Wenn dieser Eingang ausgeschaltet ist, sind beide Ausg\u00e4nge inaktiv. Dadurch wird der Betrieb der angeschlossenen Ladeger\u00e4te und Verbraucher unterbrochen.<\/p>\n<h3>Konfigurierbare Entladeschwelle<\/h3>\n<p>Sch\u00fctzt die Batterie, indem es einen Mindestladezustand (SoC) festlegt, eine Tiefentladung verhindert und eine ausreichende Leistung zur Aufrechterhaltung wichtiger Funktionen sicherstellt. Wenn sich der Ladezustand dem Grenzwert n\u00e4hert, zeigt VictronConnect eine Warnung an und l\u00f6st einen Voralarm aus. Wird der kritische Schwellenwert erreicht, gibt das System einen Alarm aus und trennt automatisch die angeschlossenen Verbraucher, um den Zustand der Batterie zu erhalten und ihre Lebensdauer zu verl\u00e4ngern.<\/p>\n<h3><strong>LED-Anzeigen<\/strong><\/h3>\n<p>Das Victron smallBMS NG - BMS400100300 verf\u00fcgt \u00fcber zwei LED-Anzeigen, die klare und schnelle Informationen \u00fcber den Systemstatus liefern. Eine blaue LED signalisiert die Bluetooth-Verbindungsaktivit\u00e4t und den Status, w\u00e4hrend eine rote LED vor Fehlern oder Alarmsituationen warnt und so eine effiziente Echtzeit\u00fcberwachung erm\u00f6glicht.<\/p>\n<p><img fetchpriority=\"high\" decoding=\"async\" class=\"size-full wp-image-28178 aligncenter\" src=\"https:\/\/fvcomponentes.com\/wp-content\/uploads\/2025\/07\/Captura-de-pantalla-2025-07-07-080830.jpg\" alt=\"\" width=\"555\" height=\"369\" title=\"\"><\/p>\n<h2><strong>Datenblatt SmallBMS NG Victron - BMS400100300<br \/>\n<\/strong><\/h2>\n<p><strong><a href=\"https:\/\/fvcomponentes.com\/wp-content\/uploads\/2025\/09\/Datasheet-smallBMS-NG-EN.pdf\" target=\"_blank\" rel=\"noopener\">Siehe Datenblatt SmallBMS NG Victron - BMS400100300<\/a><br \/>\n<\/strong><\/p>","protected":false},"excerpt":{"rendered":"<p><strong>Betriebsspannung (Vbat):<\/strong> 8 - 70 Vdc<br \/>\n<strong>Stromverbrauch, niedrige Zellenspannung:<\/strong>\u00a01,2 mA<br \/>\n<strong>Stromverbrauch, Fernbedienung aus:<\/strong>\u00a01,2 mA<br \/>\n<strong>Stromverbrauch, Fernbedienung eingeschaltet:<\/strong> 3 mA (ohne den vom Lasttrennschalter und den Lasttrennausg\u00e4ngen verwendeten Strom)<br \/>\n<strong>Schutzart IP20<br \/>\nNur f\u00fcr Victron Energy Lithium NG-Batterien <\/strong>(nicht kompatibel mit anderen Batterien)<strong><br \/>\n<\/strong><\/p>","protected":false},"featured_media":28184,"comment_status":"closed","ping_status":"closed","template":"","meta":{"site-sidebar-layout":"default","site-content-layout":"","ast-site-content-layout":"default","site-content-style":"default","site-sidebar-style":"default","ast-global-header-display":"","ast-banner-title-visibility":"","ast-main-header-display":"","ast-hfb-above-header-display":"","ast-hfb-below-header-display":"","ast-hfb-mobile-header-display":"","site-post-title":"","ast-breadcrumbs-content":"","ast-featured-img":"","footer-sml-layout":"","ast-disable-related-posts":"","theme-transparent-header-meta":"default","adv-header-id-meta":"","stick-header-meta":"","header-above-stick-meta":"","header-main-stick-meta":"","header-below-stick-meta":"","astra-migrate-meta-layouts":"set","ast-page-background-enabled":"default","ast-page-background-meta":{"desktop":{"background-color":"var(--ast-global-color-4)","background-image":"","background-repeat":"repeat","background-position":"center center","background-size":"auto","background-attachment":"scroll","background-type":"","background-media":"","overlay-type":"","overlay-color":"","overlay-opacity":"","overlay-gradient":""},"tablet":{"background-color":"","background-image":"","background-repeat":"repeat","background-position":"center center","background-size":"auto","background-attachment":"scroll","background-type":"","background-media":"","overlay-type":"","overlay-color":"","overlay-opacity":"","overlay-gradient":""},"mobile":{"background-color":"","background-image":"","background-repeat":"repeat","background-position":"center center","background-size":"auto","background-attachment":"scroll","background-type":"","background-media":"","overlay-type":"","overlay-color":"","overlay-opacity":"","overlay-gradient":""}},"ast-content-background-meta":{"desktop":{"background-color":"var(--ast-global-color-5)","background-image":"","background-repeat":"repeat","background-position":"center center","background-size":"auto","background-attachment":"scroll","background-type":"","background-media":"","overlay-type":"","overlay-color":"","overlay-opacity":"","overlay-gradient":""},"tablet":{"background-color":"var(--ast-global-color-5)","background-image":"","background-repeat":"repeat","background-position":"center center","background-size":"auto","background-attachment":"scroll","background-type":"","background-media":"","overlay-type":"","overlay-color":"","overlay-opacity":"","overlay-gradient":""},"mobile":{"background-color":"var(--ast-global-color-5)","background-image":"","background-repeat":"repeat","background-position":"center center","background-size":"auto","background-attachment":"scroll","background-type":"","background-media":"","overlay-type":"","overlay-color":"","overlay-opacity":"","overlay-gradient":""}}},"pwb-brand":[332],"product_brand":[],"product_cat":[435,340],"product_tag":[],"class_list":{"0":"post-28145","1":"product","2":"type-product","3":"status-publish","4":"has-post-thumbnail","6":"pwb-brand-victron","7":"product_cat-bms-sistemas-de-supervision-de-baterias","8":"product_cat-baterias","9":"desktop-align-left","10":"tablet-align-left","11":"mobile-align-left","12":"ast-product-gallery-layout-horizontal-slider","13":"ast-product-tabs-layout-horizontal","15":"first","16":"instock","17":"taxable","18":"shipping-taxable","19":"purchasable","20":"product-type-simple"},"wcpa_form_fields":null,"brands":[{"id":332,"name":"Victron Energie","slug":"victron"}],"_links":{"self":[{"href":"https:\/\/fvcomponentes.com\/de\/wp-json\/wp\/v2\/product\/28145","targetHints":{"allow":["GET"]}}],"collection":[{"href":"https:\/\/fvcomponentes.com\/de\/wp-json\/wp\/v2\/product"}],"about":[{"href":"https:\/\/fvcomponentes.com\/de\/wp-json\/wp\/v2\/types\/product"}],"replies":[{"embeddable":true,"href":"https:\/\/fvcomponentes.com\/de\/wp-json\/wp\/v2\/comments?post=28145"}],"wp:featuredmedia":[{"embeddable":true,"href":"https:\/\/fvcomponentes.com\/de\/wp-json\/wp\/v2\/media\/28184"}],"wp:attachment":[{"href":"https:\/\/fvcomponentes.com\/de\/wp-json\/wp\/v2\/media?parent=28145"}],"wp:term":[{"taxonomy":"pwb-brand","embeddable":true,"href":"https:\/\/fvcomponentes.com\/de\/wp-json\/wp\/v2\/pwb-brand?post=28145"},{"taxonomy":"product_brand","embeddable":true,"href":"https:\/\/fvcomponentes.com\/de\/wp-json\/wp\/v2\/product_brand?post=28145"},{"taxonomy":"product_cat","embeddable":true,"href":"https:\/\/fvcomponentes.com\/de\/wp-json\/wp\/v2\/product_cat?post=28145"},{"taxonomy":"product_tag","embeddable":true,"href":"https:\/\/fvcomponentes.com\/de\/wp-json\/wp\/v2\/product_tag?post=28145"}],"curies":[{"name":"wp","href":"https:\/\/api.w.org\/{rel}","templated":true}]}}