{"id":27921,"date":"2025-06-27T15:46:30","date_gmt":"2025-06-27T13:46:30","guid":{"rendered":"https:\/\/fvcomponentes.com\/?post_type=product&#038;p=27921"},"modified":"2026-03-30T12:17:03","modified_gmt":"2026-03-30T10:17:03","slug":"lithium-batteriemodul-fronius-backup-3-15kwh-4240370","status":"publish","type":"product","link":"https:\/\/fvcomponentes.com\/de\/producto\/modulo-de-bateria-de-litio-fronius-reserva-3-15kwh-4240370\/","title":{"rendered":"Fronius Lithium-Batteriemodul Reserve - 3,15kWh - 4.240.370"},"content":{"rendered":"<h2>Fronius Lithium-Batteriemodul Reserve - 3,15kWh - 4.240.370<\/h2>\n<p>Die Fronius Reserva ist eine gleichstromgekoppelte Hochspannungs-Lithium-Ionen-Batterie, die f\u00fcr die Speicherung von Solarenergie mit minimalen Verlusten entwickelt wurde und maximale Effizienz, Zuverl\u00e4ssigkeit und Autonomie bietet. Ihr modularer Aufbau erm\u00f6glicht eine skalierbare Kapazit\u00e4t von 6,3 bis 15,8 kWh - durch Kombination von zwei bis f\u00fcnf Modulen pro Turm - und ist bei Parallelbetrieb von bis zu vier T\u00fcrmen auf bis zu 63 kWh erweiterbar. Er ist perfekt mit den Fronius Hybrid-Wechselrichtern kompatibel und sorgt f\u00fcr eine optimale Systemleistung. Er ist ideal f\u00fcr private und industrielle Anwendungen und bietet ein hohes Ma\u00df an Eigenverbrauch, ein effizientes Management variabler Stromtarife und ein Energie-Backup im Falle eines Netzausfalls.<\/p>\n<h2>Maximale Unabh\u00e4ngigkeit<\/h2>\n<p>Erleben Sie maximale Unabh\u00e4ngigkeit mit dem Fronius Standby. Dank DC-Kopplung wird die Energie aus Ihrer PV-Anlage nahezu verlustfrei in die Batterie geladen und sorgt so f\u00fcr maximale Effizienz und Leistung. Gleichzeitig optimiert die Hochvolttechnik die Wirtschaftlichkeit Ihrer Anlage. In Kombination mit dem Fronius GEN24 Plus profitieren Sie von einer au\u00dfergew\u00f6hnlichen Lade- und Entladeleistung, die auch kurze Sonnenscheinperioden ausnutzt. Mit Lithium-Ferrophosphat-Zellen bietet die Fronius Reserva eine lange Lebensdauer und hohe Sicherheit.<img fetchpriority=\"high\" decoding=\"async\" class=\"aligncenter\" src=\"https:\/\/www.cambioenergetico.com\/wp-content\/uploads\/Reserva-GEN24.webp\" alt=\"\" width=\"600\" height=\"600\" title=\"\"><\/p>\n<h2>Eigenschaften des Fronius Lithium-Batteriemoduls Reserve - 3,15kWh - 4.240.370<\/h2>\n<p><strong>Leistungsgarantie <\/strong>Die Fronius-Batterie hat nach zehn Jahren noch mindestens 80 % ihrer urspr\u00fcnglichen Kapazit\u00e4t, was eine lange Lebensdauer garantiert.<\/p>\n<p><strong>Maximale Anpassungsf\u00e4higkeit <\/strong>Fronius Reserva Lithium-Batteriemodule lassen sich einfach zu T\u00fcrmen mit Kapazit\u00e4ten zwischen 6,3 und 15,8 kWh stapeln. Um die Speicherkapazit\u00e4t zu erh\u00f6hen, ist es m\u00f6glich, bis zu vier T\u00fcrme parallel zu verbinden und bis zu 63 kWh zu erreichen, ohne dass zus\u00e4tzliche Komponenten wie Verbindungsboxen erforderlich sind.<\/p>\n<p><strong>Statusanzeige <\/strong>\u00dcber die Batteriestatusanzeige k\u00f6nnen Sie wichtige Informationen wie den Ladezustand oder den Batteriestatus ablesen, was die \u00dcberwachung des Systems erleichtert.<\/p>\n<p><strong>Kompakte Bauweise <\/strong>Der Fronius Reserva passt sich jeder Umgebung an und verbindet kompakte Gr\u00f6\u00dfe mit hoher Widerstandsf\u00e4higkeit (IP65, -20 bis +55 \u00b0C), wodurch er sich ideal f\u00fcr Installationen in beengten R\u00e4umen wie Garagen oder Maschinenr\u00e4umen eignet, ohne dabei an Leistung zu verlieren.<\/p>\n<p><strong>Ideal f\u00fcr variable Stromtarife <\/strong>Mit der Fronius Reserve k\u00f6nnen Sie die variablen Stromtarife optimal ausnutzen. Mit der Funktion Solar.web Premium Energiekosten-Assistent (ECA) l\u00e4dt die Batterie, wenn die Strompreise niedrig sind, und versorgt Sie mit Energie, wenn die Tarife wieder steigen - effizient und kosteng\u00fcnstig.<\/p>\n<p><strong>Notstromversorgung <\/strong>Die Reserve verf\u00fcgt \u00fcber eine Notstromversorgung, so dass sie im Falle eines Stromausfalls starten, laden und entladen kann. Auf diese Weise beh\u00e4lt sie ihre Autonomie und Versorgungssicherheit auch in Notsituationen bei.<\/p>\n<h2>Kompatibilit\u00e4t mit Fronius-Wechselrichtern<\/h2>\n<div class=\"_tableContainer_16hzy_1\">\n<div class=\"_tableWrapper_16hzy_14 group flex w-fit flex-col-reverse\">\n<table class=\"w-fit min-w-(--thread-content-width)\" data-start=\"3445\" data-end=\"3729\">\n<thead data-start=\"3445\" data-end=\"3501\">\n<tr data-start=\"3445\" data-end=\"3501\">\n<th data-start=\"3445\" data-end=\"3471\" data-col-size=\"sm\">Hybrid-Wechselrichter<\/th>\n<th data-start=\"3471\" data-end=\"3501\" data-col-size=\"sm\">Kompatibilit\u00e4t mit der Reserve<\/th>\n<\/tr>\n<\/thead>\n<tbody data-start=\"3559\" data-end=\"3729\">\n<tr data-start=\"3559\" data-end=\"3615\">\n<td data-start=\"3559\" data-end=\"3584\" data-col-size=\"sm\">Primo GEN24 Plus<\/td>\n<td data-col-size=\"sm\" data-start=\"3584\" data-end=\"3615\">6,3 \/ 9,5 kWh<\/td>\n<\/tr>\n<tr data-start=\"3616\" data-end=\"3672\">\n<td data-start=\"3616\" data-end=\"3641\" data-col-size=\"sm\">Symo GEN24 Plus<\/td>\n<td data-col-size=\"sm\" data-start=\"3641\" data-end=\"3672\">6,3 \/ 9,5 \/ 12,6 \/ 15,8 kWh<\/td>\n<\/tr>\n<tr data-start=\"3673\" data-end=\"3729\">\n<td data-start=\"3673\" data-end=\"3698\" data-col-size=\"sm\">Verto Plus<\/td>\n<td data-col-size=\"sm\" data-start=\"3698\" data-end=\"3729\">6,3 \/ 9,5 \/ 12,6 \/ 15,8 kWh<\/td>\n<\/tr>\n<\/tbody>\n<\/table>\n<h2 data-start=\"193\" data-end=\"267\"><strong data-start=\"199\" data-end=\"267\">Technische Daten des Fronius Lithium-Batteriemoduls Reserve - 3,15kWh - 4.240.370<\/strong><\/h2>\n<div class=\"_tableContainer_16hzy_1\">\n<div class=\"_tableWrapper_16hzy_14 group flex w-fit flex-col-reverse\">\n<table class=\"w-fit min-w-(--thread-content-width)\" data-start=\"269\" data-end=\"1555\">\n<thead data-start=\"269\" data-end=\"350\">\n<tr data-start=\"269\" data-end=\"350\">\n<th data-start=\"269\" data-end=\"312\" data-col-size=\"sm\"><strong data-start=\"271\" data-end=\"284\">Was beinhaltet sie?<\/strong><\/th>\n<th data-start=\"312\" data-end=\"350\" data-col-size=\"sm\"><strong data-start=\"314\" data-end=\"323\">Einzelheiten<\/strong><\/th>\n<\/tr>\n<\/thead>\n<tbody data-start=\"432\" data-end=\"1555\">\n<tr data-start=\"432\" data-end=\"512\">\n<td data-start=\"432\" data-end=\"474\" data-col-size=\"sm\"><strong data-start=\"365\" data-end=\"392\">Nutzenergie pro Modul<\/strong><\/td>\n<td data-col-size=\"sm\" data-start=\"474\" data-end=\"512\">3,15 kWh<\/td>\n<\/tr>\n<tr data-start=\"513\" data-end=\"593\">\n<td data-start=\"513\" data-end=\"555\" data-col-size=\"sm\"><strong data-start=\"515\" data-end=\"534\">Nennspannung<\/strong><\/td>\n<td data-col-size=\"sm\" data-start=\"555\" data-end=\"593\">102,4 V<\/td>\n<\/tr>\n<tr data-start=\"594\" data-end=\"674\">\n<td data-start=\"594\" data-end=\"636\" data-col-size=\"sm\"><strong data-start=\"596\" data-end=\"619\">Zellchemie<\/strong><\/td>\n<td data-col-size=\"sm\" data-start=\"636\" data-end=\"674\">Lithium-Ferrophosphat (LFP)<\/td>\n<\/tr>\n<tr data-start=\"675\" data-end=\"754\">\n<td data-start=\"675\" data-end=\"716\" data-col-size=\"sm\"><strong data-start=\"677\" data-end=\"715\">Gr\u00f6\u00dfe (H\u00f6he x Breite x Tiefe)<\/strong><\/td>\n<td data-col-size=\"sm\" data-start=\"716\" data-end=\"754\">250 x 772 x 176 mm<\/td>\n<\/tr>\n<tr data-start=\"755\" data-end=\"835\">\n<td data-start=\"755\" data-end=\"797\" data-col-size=\"sm\"><strong data-start=\"757\" data-end=\"765\">Gewicht des Moduls<\/strong><\/td>\n<td data-col-size=\"sm\" data-start=\"797\" data-end=\"835\">33,5 kg<\/td>\n<\/tr>\n<tr data-start=\"836\" data-end=\"915\">\n<td data-start=\"836\" data-end=\"877\" data-col-size=\"sm\"><strong data-start=\"838\" data-end=\"866\">Abmessungen mit Verpackung<\/strong><\/td>\n<td data-col-size=\"sm\" data-start=\"877\" data-end=\"915\">790 x 372 x 264 mm<\/td>\n<\/tr>\n<tr data-start=\"916\" data-end=\"995\">\n<td data-start=\"916\" data-end=\"957\" data-col-size=\"sm\"><strong data-start=\"918\" data-end=\"939\">Gewicht mit Verpackung<\/strong><\/td>\n<td data-col-size=\"sm\" data-start=\"957\" data-end=\"995\">36,5 kg<\/td>\n<\/tr>\n<tr data-start=\"996\" data-end=\"1075\">\n<td data-start=\"996\" data-end=\"1037\" data-col-size=\"sm\"><strong data-start=\"998\" data-end=\"1028\">Kommunikationsschnittstellen<\/strong><\/td>\n<td data-col-size=\"sm\" data-start=\"1037\" data-end=\"1075\">RS485<\/td>\n<\/tr>\n<tr data-start=\"1076\" data-end=\"1155\">\n<td data-start=\"1076\" data-end=\"1117\" data-col-size=\"sm\"><strong data-start=\"1078\" data-end=\"1101\">Grad des Schutzes<\/strong><\/td>\n<td data-col-size=\"sm\" data-start=\"1117\" data-end=\"1155\">IP65<\/td>\n<\/tr>\n<tr data-start=\"1156\" data-end=\"1235\">\n<td data-start=\"1156\" data-end=\"1197\" data-col-size=\"sm\"><strong data-start=\"1158\" data-end=\"1186\">Betriebstemperatur<\/strong><\/td>\n<td data-col-size=\"sm\" data-start=\"1197\" data-end=\"1235\">-20 bis +55 \u00b0C<\/td>\n<\/tr>\n<tr data-start=\"1236\" data-end=\"1315\">\n<td data-start=\"1236\" data-end=\"1277\" data-col-size=\"sm\"><strong data-start=\"1238\" data-end=\"1256\">Maximale H\u00f6he<\/strong><\/td>\n<td data-col-size=\"sm\" data-start=\"1277\" data-end=\"1315\">2.000 m<\/td>\n<\/tr>\n<tr data-start=\"1316\" data-end=\"1395\">\n<td data-start=\"1316\" data-end=\"1357\" data-col-size=\"sm\"><strong data-start=\"1318\" data-end=\"1333\">Einrichtung<\/strong><\/td>\n<td data-col-size=\"sm\" data-start=\"1357\" data-end=\"1395\">In Innenr\u00e4umen oder im Freien vor direkter Sonneneinstrahlung gesch\u00fctzt<\/td>\n<\/tr>\n<tr data-start=\"1396\" data-end=\"1475\">\n<td data-start=\"1396\" data-end=\"1437\" data-col-size=\"sm\"><strong data-start=\"1398\" data-end=\"1417\">Zertifizierungen<\/strong><\/td>\n<td data-col-size=\"sm\" data-start=\"1437\" data-end=\"1475\">IEC62619, CE, VDE 2510-50, UN38.3<\/td>\n<\/tr>\n<tr data-start=\"1476\" data-end=\"1555\">\n<td data-start=\"1476\" data-end=\"1517\" data-col-size=\"sm\"><strong data-start=\"1478\" data-end=\"1490\">B\u00fcrgschaft<\/strong><\/td>\n<td data-col-size=\"sm\" data-start=\"1517\" data-end=\"1555\">10 Jahre (als Teil des Systems)<\/td>\n<\/tr>\n<\/tbody>\n<\/table>\n<\/div>\n<\/div>\n<p data-start=\"1562\" data-end=\"1839\" data-is-last-node=\"\" data-is-only-node=\"\">Dieses Modul wird in Kombinationen von 2 bis 5 Einheiten pro Turm eingesetzt, um Kapazit\u00e4ten von 6,3 bis 15,8 kWh zu erreichen, und ist mit Fronius-Hybrid-Wechselrichtern (GEN24 Plus und Verto Plus) kompatibel.<\/p>\n<p><img decoding=\"async\" class=\"size-full wp-image-27927\" src=\"https:\/\/fvcomponentes.com\/wp-content\/uploads\/2025\/06\/Captura-de-pantalla-2025-06-27-151437.png\" alt=\"Fronius Lithium-Batterie-Reserve - 3,15kWh - 4.240.370\" width=\"1351\" height=\"715\" title=\"\"><\/p>\n<h2 data-start=\"1562\" data-end=\"1839\">Warum sollten Sie sich f\u00fcr die Fronius Reserve Lithium-Batterie entscheiden?<\/h2>\n<p>F\u00fcr die vollst\u00e4ndige Integration in das Fronius-\u00d6kosystem. Die Fronius Reserva-Batterie wurde speziell f\u00fcr die nahtlose Integration mit den Fronius Hybrid-Wechselrichtern GEN24 Plus und Verto Plus sowie mit dem Smart Meter und der Solar.web-Plattform entwickelt. Das bietet:<\/p>\n<ul>\n<li>Einfache und schnelle Konfiguration<\/li>\n<li>Native \u00dcberwachung von einer einzigen Anwendung aus (keine L\u00f6sungen von Drittanbietern)<\/li>\n<li>Weniger Inkompatibilit\u00e4ten, Fehler oder Bedarf an externen Adaptern<\/li>\n<\/ul>\n<h3 class=\"block-paso-tab__title h4\">Ein Anbieter f\u00fcr Ihr gesamtes Energiesystem<\/h3>\n<div class=\"block-paso-tab__accordion c_tab__accordion\">\n<div class=\"c_tab__content-wrap\">\n<div class=\"block-paso-tab__content\">\n<div class=\"block-paso-tab__content prose\">\n<p>Die Fronius-Batterie erweitert die Palette der Produkte, die f\u00fcr eine beispiellose Energiel\u00f6sung zusammenarbeiten. Zus\u00e4tzlich zu Ihrer Solaranlage und der Batterie sind weitere Ger\u00e4te wie der Fronius Ohmpilot Warmwasserregler und das Wattpilot Elektrofahrzeug-Ladeger\u00e4t erh\u00e4ltlich. Wenn Sie bereits einen Fronius-Wechselrichter haben, ist diese Batterie die perfekte Erg\u00e4nzung.<\/p>\n<\/div>\n<\/div>\n<\/div>\n<\/div>\n<h3 class=\"block-paso-tab__title h4\">Technische Daten <strong data-start=\"199\" data-end=\"267\">Fronius Lithium-Batteriemodul Reserve - 3,15kWh - 4.240.370<\/strong><\/h3>\n<p><a href=\"https:\/\/fvcomponentes.com\/wp-content\/uploads\/2025\/06\/SE_DS_Fronius_Reserva_ES.pdf\" target=\"_blank\" rel=\"noopener\">Siehe Datenblatt f\u00fcr Fronius Lithium-Batteriemodul Reserve - 3,15kWh - 4.240.370<\/a><\/p>\n<\/div>\n<\/div>","protected":false},"excerpt":{"rendered":"<div>\n<p><strong>Erfordert <a href=\"https:\/\/fvcomponentes.com\/de\/produkt\/bms-und-sockel-fur-lithium-batterie-fronius-reserve-4240371\/\" target=\"_blank\" rel=\"noopener\">BMS-Modul<\/a>. Mindestens 2 Batteriemodule pro Turm.<\/strong><\/p>\n<\/div>\n<div class=\"baywa-details-fields\"><strong><span class=\"baywa-details-label\">Batterie-Typ:<\/span><\/strong><span class=\"baywa-details-values\">\u00a0DC Hochspannung<br \/>\n<\/span><strong><span class=\"baywa-details-label\">IP-Schutz:<\/span><\/strong><span class=\"baywa-details-values\">\u00a0IP65<\/span><\/div>\n<div class=\"baywa-details-fields\"><strong><span class=\"baywa-details-label\">Kommunikation: <\/span><\/strong><span class=\"baywa-details-values\">RS485 (Inv)<\/span><\/div>\n<div class=\"baywa-details-fields\"><strong><span class=\"baywa-details-label\">Gesamte Nennleistung (KWH)\u00a0<\/span><\/strong><span class=\"baywa-details-values\"> 3,15 kWh<br \/>\n<\/span><span class=\"baywa-details-label\"><strong>Nutzenergie (KWH)<\/strong>\u00a0<\/span><span class=\"baywa-details-values\"> 3,15 kWh<\/span><\/div>\n<div class=\"baywa-details-fields\"><strong><span class=\"baywa-details-label\">Skalierbarkeit\u00a0<\/span><\/strong><span class=\"baywa-details-values\"> Modular, parallelisierbar<\/span><\/div>\n<div><\/div>\n<p>&nbsp;<\/p>\n<div class=\"baywa-details-fields\"><a href=\"https:\/\/fvcomponentes.com\/wp-content\/uploads\/2025\/06\/SE_DS_Fronius_Reserva_ES.pdf\" target=\"_blank\" rel=\"noopener\">Datenblatt Fronius Lithium-Batteriemodul Reserve - 3,15kWh - 4.240.370\u00a0<\/a><\/div>","protected":false},"featured_media":27934,"comment_status":"closed","ping_status":"closed","template":"","meta":{"site-sidebar-layout":"default","site-content-layout":"","ast-site-content-layout":"default","site-content-style":"default","site-sidebar-style":"default","ast-global-header-display":"","ast-banner-title-visibility":"","ast-main-header-display":"","ast-hfb-above-header-display":"","ast-hfb-below-header-display":"","ast-hfb-mobile-header-display":"","site-post-title":"","ast-breadcrumbs-content":"","ast-featured-img":"","footer-sml-layout":"","ast-disable-related-posts":"","theme-transparent-header-meta":"default","adv-header-id-meta":"","stick-header-meta":"","header-above-stick-meta":"","header-main-stick-meta":"","header-below-stick-meta":"","astra-migrate-meta-layouts":"set","ast-page-background-enabled":"default","ast-page-background-meta":{"desktop":{"background-color":"var(--ast-global-color-4)","background-image":"","background-repeat":"repeat","background-position":"center center","background-size":"auto","background-attachment":"scroll","background-type":"","background-media":"","overlay-type":"","overlay-color":"","overlay-opacity":"","overlay-gradient":""},"tablet":{"background-color":"","background-image":"","background-repeat":"repeat","background-position":"center center","background-size":"auto","background-attachment":"scroll","background-type":"","background-media":"","overlay-type":"","overlay-color":"","overlay-opacity":"","overlay-gradient":""},"mobile":{"background-color":"","background-image":"","background-repeat":"repeat","background-position":"center center","background-size":"auto","background-attachment":"scroll","background-type":"","background-media":"","overlay-type":"","overlay-color":"","overlay-opacity":"","overlay-gradient":""}},"ast-content-background-meta":{"desktop":{"background-color":"var(--ast-global-color-5)","background-image":"","background-repeat":"repeat","background-position":"center center","background-size":"auto","background-attachment":"scroll","background-type":"","background-media":"","overlay-type":"","overlay-color":"","overlay-opacity":"","overlay-gradient":""},"tablet":{"background-color":"var(--ast-global-color-5)","background-image":"","background-repeat":"repeat","background-position":"center center","background-size":"auto","background-attachment":"scroll","background-type":"","background-media":"","overlay-type":"","overlay-color":"","overlay-opacity":"","overlay-gradient":""},"mobile":{"background-color":"var(--ast-global-color-5)","background-image":"","background-repeat":"repeat","background-position":"center center","background-size":"auto","background-attachment":"scroll","background-type":"","background-media":"","overlay-type":"","overlay-color":"","overlay-opacity":"","overlay-gradient":""}}},"pwb-brand":[344],"product_brand":[],"product_cat":[340,379],"product_tag":[],"class_list":{"0":"post-27921","1":"product","2":"type-product","3":"status-publish","4":"has-post-thumbnail","6":"pwb-brand-fronius","7":"product_cat-baterias","8":"product_cat-baterias-de-litio-de-alto-voltaje","9":"desktop-align-left","10":"tablet-align-left","11":"mobile-align-left","12":"ast-product-gallery-layout-horizontal-slider","13":"ast-product-tabs-layout-horizontal","15":"first","16":"instock","17":"taxable","18":"shipping-taxable","19":"purchasable","20":"product-type-simple"},"wcpa_form_fields":null,"brands":[{"id":344,"name":"Fronius-Wechselrichter","slug":"fronius"}],"_links":{"self":[{"href":"https:\/\/fvcomponentes.com\/de\/wp-json\/wp\/v2\/product\/27921","targetHints":{"allow":["GET"]}}],"collection":[{"href":"https:\/\/fvcomponentes.com\/de\/wp-json\/wp\/v2\/product"}],"about":[{"href":"https:\/\/fvcomponentes.com\/de\/wp-json\/wp\/v2\/types\/product"}],"replies":[{"embeddable":true,"href":"https:\/\/fvcomponentes.com\/de\/wp-json\/wp\/v2\/comments?post=27921"}],"wp:featuredmedia":[{"embeddable":true,"href":"https:\/\/fvcomponentes.com\/de\/wp-json\/wp\/v2\/media\/27934"}],"wp:attachment":[{"href":"https:\/\/fvcomponentes.com\/de\/wp-json\/wp\/v2\/media?parent=27921"}],"wp:term":[{"taxonomy":"pwb-brand","embeddable":true,"href":"https:\/\/fvcomponentes.com\/de\/wp-json\/wp\/v2\/pwb-brand?post=27921"},{"taxonomy":"product_brand","embeddable":true,"href":"https:\/\/fvcomponentes.com\/de\/wp-json\/wp\/v2\/product_brand?post=27921"},{"taxonomy":"product_cat","embeddable":true,"href":"https:\/\/fvcomponentes.com\/de\/wp-json\/wp\/v2\/product_cat?post=27921"},{"taxonomy":"product_tag","embeddable":true,"href":"https:\/\/fvcomponentes.com\/de\/wp-json\/wp\/v2\/product_tag?post=27921"}],"curies":[{"name":"wp","href":"https:\/\/api.w.org\/{rel}","templated":true}]}}