{"id":27580,"date":"2025-06-20T09:21:01","date_gmt":"2025-06-20T07:21:01","guid":{"rendered":"https:\/\/fvcomponentes.com\/?post_type=product&#038;p=27580"},"modified":"2026-03-09T07:08:01","modified_gmt":"2026-03-09T06:08:01","slug":"lithium-batterie-48v-lifepo4-pytes-e-box-48100r-5-12kwh","status":"publish","type":"product","link":"https:\/\/fvcomponentes.com\/de\/producto\/bateria-de-litio-48v-lifepo4-pytes-e-box-48100r-5-12kwh\/","title":{"rendered":"Lithium-Batterie 48V LiFePO4 Pytes E-Box 48100R 5.12kWh"},"content":{"rendered":"<h2>Pytes E-Box 48100R LiFePO4 48V Lithium Batterie - 100% Victron Kompatibel und h\u00f6here Kapazit\u00e4t<\/h2>\n<p data-start=\"414\" data-end=\"842\">Die <strong data-start=\"417\" data-end=\"456\">Pytes E-Box Lithium-Batterie 48100R<\/strong> ist eine der zuverl\u00e4ssigsten und fortschrittlichsten Energiespeicherl\u00f6sungen auf dem Markt. Mit Technologie <strong data-start=\"563\" data-end=\"595\">LiFePO4 (Lithium-Ferrophosphat)<\/strong>Das neue, \u00e4u\u00dferst langlebige, effiziente und sichere Produkt garantiert ein hohes Ma\u00df an Sicherheit in jeder Umgebung. Zugelassen von <strong data-start=\"689\" data-end=\"707\">Victron Energie<\/strong>diese Batterie ist <strong data-start=\"725\" data-end=\"783\">vollst\u00e4ndig kompatibel mit allen Victron-Wechselrichtern<\/strong>Das neue System kann direkt und ohne Konfigurations- oder Kompatibilit\u00e4tsprobleme integriert werden.<\/p>\n<h2 data-start=\"844\" data-end=\"873\">Eigenschaften Pytes E-Box 48100R 48V LiFePO4<\/h2>\n<ul data-start=\"875\" data-end=\"1436\">\n<li data-start=\"875\" data-end=\"1019\">\n<p data-start=\"877\" data-end=\"1019\"><strong data-start=\"877\" data-end=\"906\">5,12 kWh Kapazit\u00e4t<\/strong> pro Einheit, besser als bei anderen Marken auf dem Markt, was eine Reduzierung der Anzahl der Module pro Installation erm\u00f6glicht.<\/p>\n<\/li>\n<li data-start=\"1020\" data-end=\"1119\">\n<p data-start=\"1022\" data-end=\"1119\"><strong data-start=\"1022\" data-end=\"1077\">Offizielle Victron-Kompatibilit\u00e4tszertifizierung<\/strong>mit nativer Kommunikation \u00fcber CAN.<\/p>\n<\/li>\n<li data-start=\"1120\" data-end=\"1194\">\n<p data-start=\"1122\" data-end=\"1194\"><strong data-start=\"1122\" data-end=\"1153\">Mehr als 6.000 Lebenszyklen und 10 Jahre Garantie.<\/strong><\/p>\n<\/li>\n<li data-start=\"1195\" data-end=\"1272\">\n<p data-start=\"1197\" data-end=\"1272\"><strong data-start=\"1197\" data-end=\"1230\">Skalierbarkeit bis zu 16 Einheiten (81,92kWh) in einem Cluster und bis zu 6 Clustern (491,52kWh) in einem Hub-System.<\/strong><\/p>\n<\/li>\n<li data-start=\"1273\" data-end=\"1369\">\n<p data-start=\"1275\" data-end=\"1369\"><strong data-start=\"1275\" data-end=\"1304\">Integrierte intelligente GLT<\/strong> die die Batterie vor elektrischen oder thermischen St\u00f6rungen sch\u00fctzt.<\/p>\n<\/li>\n<li data-start=\"1370\" data-end=\"1436\">\n<p data-start=\"1372\" data-end=\"1436\">Kompaktes Design und 3U-Rack-Format f\u00fcr Standard-19\"-Geh\u00e4use.<\/p>\n<\/li>\n<\/ul>\n<h2 data-start=\"1438\" data-end=\"1467\">Pytes E-Box 48100R Lithium Batterie Kompatibilit\u00e4t<\/h2>\n<ul data-start=\"1469\" data-end=\"1764\">\n<li data-start=\"1469\" data-end=\"1586\">\n<p data-start=\"1471\" data-end=\"1586\"><strong data-start=\"1471\" data-end=\"1489\">Victron Energie<\/strong>Direkte Integration mit der gesamten GX-Reihe (Cerbo GX, Venus GX, usw.) und vollst\u00e4ndige \u00dcberwachung \u00fcber das Victron VRM-Portal.<\/p>\n<\/li>\n<li data-start=\"1587\" data-end=\"1702\">\n<p data-start=\"1589\" data-end=\"1702\">Auch kompatibel mit Wechselrichtern f\u00fchrender Marken wie <strong data-start=\"1646\" data-end=\"1688\">Growatt, GoodWe, SofarSolar, SMA, Deye<\/strong>unter anderem.<\/p>\n<\/li>\n<li data-start=\"1703\" data-end=\"1764\">\n<p data-start=\"1705\" data-end=\"1764\">Standard-Kommunikationsprotokolle (CAN\/RS485) mit 500kbps.<\/p>\n<\/li>\n<\/ul>\n<p><span style=\"color: #ff0000\"><strong><a style=\"color: #ff0000\" href=\"https:\/\/fvcomponentes.com\/wp-content\/uploads\/2025\/06\/Victron-Pytes-Guide.pdf\" target=\"_blank\" rel=\"noopener\">Laden Sie die Konfigurationsanleitung f\u00fcr die Pytes E-Box 48100R mit Victron hier herunter<\/a><\/strong><\/span><\/p>\n<h2 data-start=\"1766\" data-end=\"1813\">Vorteile der Pytes E-Box 48100R gegen\u00fcber anderen Akkus<\/h2>\n<ul data-start=\"1815\" data-end=\"2101\">\n<li data-start=\"1815\" data-end=\"1938\">\n<p data-start=\"1817\" data-end=\"1938\"><strong data-start=\"1817\" data-end=\"1877\">H\u00f6here nutzbare Kapazit\u00e4t pro Modul (5,12 kWh vs. 4,8 kWh)<\/strong> = weniger Ger\u00e4te erforderlich = geringere Kosten pro installierter kWh.<\/p>\n<\/li>\n<li data-start=\"1939\" data-end=\"2023\">\n<p data-start=\"1941\" data-end=\"2023\"><strong data-start=\"1941\" data-end=\"1983\">Zertifizierte Victron-Kompatibilit\u00e4t<\/strong>ohne die Notwendigkeit einer speziellen Firmware.<\/p>\n<\/li>\n<li data-start=\"2024\" data-end=\"2055\">\n<p data-start=\"2026\" data-end=\"2055\">Besseres Verh\u00e4ltnis von Leistung und Gewicht.<\/p>\n<\/li>\n<li data-start=\"2056\" data-end=\"2101\">\n<p data-start=\"2058\" data-end=\"2101\">Optimierte thermische und elektrische Leistung.<\/p>\n<\/li>\n<\/ul>\n<p><img fetchpriority=\"high\" decoding=\"async\" class=\"wp-image-27588 alignnone\" src=\"https:\/\/fvcomponentes.com\/wp-content\/uploads\/2025\/06\/Frontal-Pytes-E-Box-48100R-detalle-1.jpg\" alt=\"\" width=\"922\" height=\"448\" title=\"\"><\/p>\n<h2 data-start=\"2369\" data-end=\"2397\">Technische Daten der Pytes E-Box 48V LiFePO4 Lithium Batterie 48100R 5.12kWh<\/h2>\n<div class=\"_tableContainer_16hzy_1\">\n<div class=\"_tableWrapper_16hzy_14 group flex w-fit flex-col-reverse\">\n<table class=\"w-fit min-w-(--thread-content-width)\" data-start=\"2399\" data-end=\"3178\">\n<thead data-start=\"2399\" data-end=\"2463\">\n<tr data-start=\"2399\" data-end=\"2463\">\n<th data-start=\"2399\" data-end=\"2434\" data-col-size=\"sm\"><\/th>\n<th data-start=\"2434\" data-end=\"2463\" data-col-size=\"sm\">Wert<\/th>\n<\/tr>\n<\/thead>\n<tbody data-start=\"2529\" data-end=\"3178\">\n<tr data-start=\"2529\" data-end=\"2593\">\n<td data-start=\"2529\" data-end=\"2564\" data-col-size=\"sm\">Nennkapazit\u00e4t<\/td>\n<td data-col-size=\"sm\" data-start=\"2564\" data-end=\"2593\">100 Ah (5,12 kWh)<\/td>\n<\/tr>\n<tr data-start=\"2594\" data-end=\"2658\">\n<td data-start=\"2594\" data-end=\"2629\" data-col-size=\"sm\">Nennspannung<\/td>\n<td data-col-size=\"sm\" data-start=\"2629\" data-end=\"2658\">51,2 V<\/td>\n<\/tr>\n<tr data-start=\"2659\" data-end=\"2723\">\n<td data-start=\"2659\" data-end=\"2694\" data-col-size=\"sm\">Lebenszyklen (80% DoD)<\/td>\n<td data-col-size=\"sm\" data-start=\"2694\" data-end=\"2723\">&gt;6.000<\/td>\n<\/tr>\n<tr data-start=\"2724\" data-end=\"2788\">\n<td data-start=\"2724\" data-end=\"2759\" data-col-size=\"sm\">Empfohlener Ladestrom<\/td>\n<td data-col-size=\"sm\" data-start=\"2759\" data-end=\"2788\">50 A<\/td>\n<\/tr>\n<tr data-start=\"2789\" data-end=\"2853\">\n<td data-start=\"2789\" data-end=\"2824\" data-col-size=\"sm\">Maximaler Entladestrom<\/td>\n<td data-col-size=\"sm\" data-start=\"2824\" data-end=\"2853\">100 A<\/td>\n<\/tr>\n<tr data-start=\"2854\" data-end=\"2918\">\n<td data-start=\"2854\" data-end=\"2889\" data-col-size=\"sm\">Gewicht<\/td>\n<td data-col-size=\"sm\" data-start=\"2889\" data-end=\"2918\">ca. 51 kg.<\/td>\n<\/tr>\n<tr data-start=\"2919\" data-end=\"2983\">\n<td data-start=\"2919\" data-end=\"2954\" data-col-size=\"sm\">Abmessungen<\/td>\n<td data-col-size=\"sm\" data-start=\"2954\" data-end=\"2983\">442 x 410 x 132 mm<\/td>\n<\/tr>\n<tr data-start=\"2984\" data-end=\"3048\">\n<td data-start=\"2984\" data-end=\"3019\" data-col-size=\"sm\">Kommunikation<\/td>\n<td data-col-size=\"sm\" data-start=\"3019\" data-end=\"3048\">RS485 \/ CAN<\/td>\n<\/tr>\n<tr data-start=\"3049\" data-end=\"3113\">\n<td data-start=\"3049\" data-end=\"3084\" data-col-size=\"sm\">Einrichtung<\/td>\n<td data-col-size=\"sm\" data-start=\"3084\" data-end=\"3113\">Gestell oder Wand<\/td>\n<\/tr>\n<tr data-start=\"3114\" data-end=\"3178\">\n<td data-start=\"3114\" data-end=\"3149\" data-col-size=\"sm\">Victron-Kompatibilit\u00e4t<\/td>\n<td data-col-size=\"sm\" data-start=\"3149\" data-end=\"3178\">\u2705 Offiziell genehmigt<\/td>\n<\/tr>\n<\/tbody>\n<\/table>\n<div class=\"sticky end-(--thread-content-margin) h-0 self-end select-none\">\n<div class=\"absolute end-0 flex items-end\"><\/div>\n<\/div>\n<\/div>\n<\/div>\n<h2 data-start=\"3180\" data-end=\"3216\">Warum die Pytes E-Box 48100R Batterie w\u00e4hlen?<\/h2>\n<ul data-start=\"3218\" data-end=\"3425\">\n<li data-start=\"3218\" data-end=\"3256\">\n<p data-start=\"3220\" data-end=\"3256\">Offizielle Unterst\u00fctzung f\u00fcr Victron Energy.<\/p>\n<\/li>\n<li data-start=\"3257\" data-end=\"3310\">\n<p data-start=\"3259\" data-end=\"3310\">\u00dcberlegene Kapazit\u00e4t im Vergleich zu seinen direkten Konkurrenten.<\/p>\n<\/li>\n<li data-start=\"3311\" data-end=\"3386\">\n<p data-start=\"3313\" data-end=\"3386\">Einfach zu installieren, wartungsfrei und mit engagiertem technischen Support von Victron.<\/p>\n<\/li>\n<li data-start=\"3387\" data-end=\"3425\">\n<p data-start=\"3389\" data-end=\"3425\">Zertifizierungen: UL9540 Ed.2 (2020), UL9540A, UL1973, CEC, SGIP, CE, IEC62619, UN38.3<\/p>\n<\/li>\n<li data-start=\"3387\" data-end=\"3425\">Kompatibel mit 48V-Wechselrichtern von Solis, Sol-Ark, Deye, Luxpower, SMA, Megarevo, Schneider, Afore, Hoymiles, Solplanet, APSystems, Voltronic oder Axpert, MPP Solar, Phocos, SRNE, Studer, Growatt, Goodwe, Livoltek, Must.<\/li>\n<\/ul>\n<p><a href=\"https:\/\/www.victronenergy.com\/live\/battery_compatibility:pytes\" target=\"_blank\" rel=\"noopener\"><img decoding=\"async\" class=\"wp-image-27591 alignnone\" src=\"https:\/\/fvcomponentes.com\/wp-content\/uploads\/2025\/06\/Banner-Pytes-Victron-config.jpeg\" alt=\"\" width=\"608\" height=\"608\" title=\"\" srcset=\"https:\/\/fvcomponentes.com\/wp-content\/uploads\/2025\/06\/Banner-Pytes-Victron-config-500x500.jpeg 500w, https:\/\/fvcomponentes.com\/wp-content\/uploads\/2025\/06\/Banner-Pytes-Victron-config-200x200.jpeg 200w\" sizes=\"(max-width: 608px) 100vw, 608px\" \/><\/a><\/p>\n<h2 data-start=\"3427\" data-end=\"3458\"><\/h2>\n<h2 data-start=\"3427\" data-end=\"3458\">Erh\u00e4ltlich in unserem Shop<\/h2>\n<p data-start=\"3460\" data-end=\"3673\">Kaufen Sie jetzt Ihre Pytes E-Box 48100R Batterie und profitieren Sie von einer skalierbaren, sicheren und Victron-kompatiblen L\u00f6sung.<\/p>\n<h2>Technische Informationen zur Pytes E-Box 48100R Batterie<\/h2>\n<p data-start=\"3460\" data-end=\"3673\"><a href=\"https:\/\/fvcomponentes.com\/wp-content\/uploads\/2025\/06\/Ficha-tecnica-Pytes-E-Box-48100R.pdf\" target=\"_blank\" rel=\"noopener\">Datenblatt Pytes E-Box 48100R<\/a><\/p>\n<p data-start=\"3460\" data-end=\"3673\"><a href=\"https:\/\/fvcomponentes.com\/wp-content\/uploads\/2025\/06\/Manual-de-usuario-Pytes-E-Box-48100R.pdf\" target=\"_blank\" rel=\"noopener\">Benutzerhandbuch Pytes E-Box 48100R<\/a><\/p>\n<h3>Liste der mit Pytes-Batterien kompatiblen Wechselrichter<\/h3>\n<p><a href=\"https:\/\/fvcomponentes.com\/wp-content\/uploads\/2025\/10\/c35d7eb1223244cecb336915b57d8a94.pdf\" target=\"_blank\" rel=\"noopener\">Liste der mit Pytes-Batterien kompatiblen Wechselrichter<\/a><\/p>","protected":false},"excerpt":{"rendered":"<p class=\"ai-optimize-41\"><span style=\"color: #ff0000\"><a style=\"color: #ff0000\" href=\"https:\/\/fvcomponentes.com\/wp-content\/uploads\/2025\/09\/victron_pytes-1.pdf\" target=\"_blank\" rel=\"noopener\"><strong>Zugelassen von Victron f\u00fcr seine Wechselrichter -&gt; Link<\/strong><\/a><\/span><\/p>\n<p class=\"ai-optimize-42\">H\u00f6here Leistung; 5,12kW\/h<\/p>\n<ul>\n<li class=\"ai-optimize-47\" data-start=\"59\" data-end=\"87\">\n<p class=\"ai-optimize-48\" data-start=\"61\" data-end=\"87\"><strong data-start=\"61\" data-end=\"79\">Gewicht:<\/strong> 51 kg<\/p>\n<\/li>\n<li class=\"ai-optimize-49\" data-start=\"88\" data-end=\"112\">\n<p class=\"ai-optimize-50\" data-start=\"90\" data-end=\"112\"><strong data-start=\"90\" data-end=\"103\">L\u00e4nge:<\/strong> 440 mm<\/p>\n<\/li>\n<li class=\"ai-optimize-51\" data-start=\"113\" data-end=\"136\">\n<p class=\"ai-optimize-52\" data-start=\"115\" data-end=\"136\"><strong data-start=\"115\" data-end=\"127\">Breite:<\/strong> 620 mm<\/p>\n<\/li>\n<li class=\"ai-optimize-53\" data-start=\"137\" data-end=\"157\" data-is-last-node=\"\">\n<p class=\"ai-optimize-54\" data-start=\"139\" data-end=\"157\" data-is-last-node=\"\"><strong data-start=\"139\" data-end=\"150\">H\u00f6he:<\/strong> 117 mm<\/p>\n<\/li>\n<\/ul>\n<p class=\"ai-optimize-31\" data-start=\"3460\" data-end=\"3673\"><a href=\"https:\/\/fvcomponentes.com\/wp-content\/uploads\/2025\/06\/Ficha-tecnica-Pytes-E-Box-48100R.pdf\" target=\"_blank\" rel=\"noopener\">Datenblatt Pytes E-Box 48100R<\/a><\/p>\n<p class=\"ai-optimize-36\" data-start=\"3460\" data-end=\"3673\"><a href=\"https:\/\/fvcomponentes.com\/wp-content\/uploads\/2025\/06\/Manual-de-usuario-Pytes-E-Box-48100R.pdf\" target=\"_blank\" rel=\"noopener\">Benutzerhandbuch Pytes E-Box 48100R<\/a><\/p>","protected":false},"featured_media":27581,"comment_status":"closed","ping_status":"closed","template":"","meta":{"site-sidebar-layout":"default","site-content-layout":"","ast-site-content-layout":"default","site-content-style":"default","site-sidebar-style":"default","ast-global-header-display":"","ast-banner-title-visibility":"","ast-main-header-display":"","ast-hfb-above-header-display":"","ast-hfb-below-header-display":"","ast-hfb-mobile-header-display":"","site-post-title":"","ast-breadcrumbs-content":"","ast-featured-img":"","footer-sml-layout":"","ast-disable-related-posts":"","theme-transparent-header-meta":"default","adv-header-id-meta":"","stick-header-meta":"","header-above-stick-meta":"","header-main-stick-meta":"","header-below-stick-meta":"","astra-migrate-meta-layouts":"set","ast-page-background-enabled":"default","ast-page-background-meta":{"desktop":{"background-color":"var(--ast-global-color-4)","background-image":"","background-repeat":"repeat","background-position":"center center","background-size":"auto","background-attachment":"scroll","background-type":"","background-media":"","overlay-type":"","overlay-color":"","overlay-opacity":"","overlay-gradient":""},"tablet":{"background-color":"","background-image":"","background-repeat":"repeat","background-position":"center center","background-size":"auto","background-attachment":"scroll","background-type":"","background-media":"","overlay-type":"","overlay-color":"","overlay-opacity":"","overlay-gradient":""},"mobile":{"background-color":"","background-image":"","background-repeat":"repeat","background-position":"center center","background-size":"auto","background-attachment":"scroll","background-type":"","background-media":"","overlay-type":"","overlay-color":"","overlay-opacity":"","overlay-gradient":""}},"ast-content-background-meta":{"desktop":{"background-color":"var(--ast-global-color-5)","background-image":"","background-repeat":"repeat","background-position":"center center","background-size":"auto","background-attachment":"scroll","background-type":"","background-media":"","overlay-type":"","overlay-color":"","overlay-opacity":"","overlay-gradient":""},"tablet":{"background-color":"var(--ast-global-color-5)","background-image":"","background-repeat":"repeat","background-position":"center center","background-size":"auto","background-attachment":"scroll","background-type":"","background-media":"","overlay-type":"","overlay-color":"","overlay-opacity":"","overlay-gradient":""},"mobile":{"background-color":"var(--ast-global-color-5)","background-image":"","background-repeat":"repeat","background-position":"center center","background-size":"auto","background-attachment":"scroll","background-type":"","background-media":"","overlay-type":"","overlay-color":"","overlay-opacity":"","overlay-gradient":""}}},"pwb-brand":[1007],"product_brand":[],"product_cat":[341,340],"product_tag":[],"class_list":{"0":"post-27580","1":"product","2":"type-product","3":"status-publish","4":"has-post-thumbnail","6":"pwb-brand-baterias-pytes","7":"product_cat-baterias-litio-48v","8":"product_cat-baterias","9":"product_shipping_class-baterias","10":"desktop-align-left","11":"tablet-align-left","12":"mobile-align-left","13":"ast-product-gallery-layout-horizontal-slider","14":"ast-product-tabs-layout-horizontal","16":"first","17":"instock","18":"featured","19":"taxable","20":"shipping-taxable","21":"purchasable","22":"product-type-simple"},"wcpa_form_fields":null,"brands":[{"id":1007,"name":"Pytes-Batterien","slug":"pytes-batterien"}],"_links":{"self":[{"href":"https:\/\/fvcomponentes.com\/de\/wp-json\/wp\/v2\/product\/27580","targetHints":{"allow":["GET"]}}],"collection":[{"href":"https:\/\/fvcomponentes.com\/de\/wp-json\/wp\/v2\/product"}],"about":[{"href":"https:\/\/fvcomponentes.com\/de\/wp-json\/wp\/v2\/types\/product"}],"replies":[{"embeddable":true,"href":"https:\/\/fvcomponentes.com\/de\/wp-json\/wp\/v2\/comments?post=27580"}],"wp:featuredmedia":[{"embeddable":true,"href":"https:\/\/fvcomponentes.com\/de\/wp-json\/wp\/v2\/media\/27581"}],"wp:attachment":[{"href":"https:\/\/fvcomponentes.com\/de\/wp-json\/wp\/v2\/media?parent=27580"}],"wp:term":[{"taxonomy":"pwb-brand","embeddable":true,"href":"https:\/\/fvcomponentes.com\/de\/wp-json\/wp\/v2\/pwb-brand?post=27580"},{"taxonomy":"product_brand","embeddable":true,"href":"https:\/\/fvcomponentes.com\/de\/wp-json\/wp\/v2\/product_brand?post=27580"},{"taxonomy":"product_cat","embeddable":true,"href":"https:\/\/fvcomponentes.com\/de\/wp-json\/wp\/v2\/product_cat?post=27580"},{"taxonomy":"product_tag","embeddable":true,"href":"https:\/\/fvcomponentes.com\/de\/wp-json\/wp\/v2\/product_tag?post=27580"}],"curies":[{"name":"wp","href":"https:\/\/api.w.org\/{rel}","templated":true}]}}