{"id":23741,"date":"2025-03-02T09:18:10","date_gmt":"2025-03-02T08:18:10","guid":{"rendered":"https:\/\/fvcomponentes.com\/?post_type=product&#038;p=23741"},"modified":"2025-10-08T13:33:30","modified_gmt":"2025-10-08T11:33:30","slug":"kundenspezifische-montage-an-bord","status":"publish","type":"product","link":"https:\/\/fvcomponentes.com\/de\/producto\/montaje-a-medida-en-tablero\/","title":{"rendered":"Kundenspezifische Montage an Bord"},"content":{"rendered":"<h2>Ma\u00dfgeschneiderte Montage auf der Platine Ihres Ger\u00e4ts.<\/h2>\n<p>Viele von euch haben uns danach gefragt und endlich k\u00f6nnen wir es anbieten, wenn ihr euch nicht mit Kabeln, Steckern, Konfigurationen, etc. herumschlagen wollt. Wir bieten euch die M\u00f6glichkeit, alle Ger\u00e4te, die ihr in unserem Online-Shop kauft, auf einer Holzplatte zu montieren und wir schicken euch alles verkabelt, angeschlossen und getestet.<\/p>\n<p>Ideal f\u00fcr Personen mit geringen elektrischen Kenntnissen, f\u00fcr diejenigen, die eine professionelle Installation w\u00fcnschen, f\u00fcr Unternehmen, die diese Aufgabe auslagern m\u00f6chten...<\/p>\n<p>Sie erhalten es, Sie bauen es zusammen und es funktioniert. Kein Aufhebens, kein Durcheinander, kein Durcheinander, einfach.<\/p>","protected":false},"excerpt":{"rendered":"<p><strong>Wir stellen die gesamte Ausr\u00fcstung f\u00fcr Sie auf einem Brett zusammen und senden sie Ihnen verkabelt und einbaufertig f\u00fcr Ihren Van \/ Ihr Wohnmobil \/ Ihren Wohnwagen oder Ihr Boot zu.<\/strong><\/p>\n<p>Legen Sie dieses Produkt in den Warenkorb und wir werden Sie kontaktieren, um die Details und das Budget festzulegen.<\/p>","protected":false},"featured_media":23742,"comment_status":"closed","ping_status":"closed","template":"","meta":{"site-sidebar-layout":"default","site-content-layout":"","ast-site-content-layout":"default","site-content-style":"default","site-sidebar-style":"default","ast-global-header-display":"","ast-banner-title-visibility":"","ast-main-header-display":"","ast-hfb-above-header-display":"","ast-hfb-below-header-display":"","ast-hfb-mobile-header-display":"","site-post-title":"","ast-breadcrumbs-content":"","ast-featured-img":"","footer-sml-layout":"","ast-disable-related-posts":"","theme-transparent-header-meta":"default","adv-header-id-meta":"","stick-header-meta":"","header-above-stick-meta":"","header-main-stick-meta":"","header-below-stick-meta":"","astra-migrate-meta-layouts":"set","ast-page-background-enabled":"default","ast-page-background-meta":{"desktop":{"background-color":"var(--ast-global-color-4)","background-image":"","background-repeat":"repeat","background-position":"center center","background-size":"auto","background-attachment":"scroll","background-type":"","background-media":"","overlay-type":"","overlay-color":"","overlay-opacity":"","overlay-gradient":""},"tablet":{"background-color":"","background-image":"","background-repeat":"repeat","background-position":"center center","background-size":"auto","background-attachment":"scroll","background-type":"","background-media":"","overlay-type":"","overlay-color":"","overlay-opacity":"","overlay-gradient":""},"mobile":{"background-color":"","background-image":"","background-repeat":"repeat","background-position":"center center","background-size":"auto","background-attachment":"scroll","background-type":"","background-media":"","overlay-type":"","overlay-color":"","overlay-opacity":"","overlay-gradient":""}},"ast-content-background-meta":{"desktop":{"background-color":"var(--ast-global-color-5)","background-image":"","background-repeat":"repeat","background-position":"center center","background-size":"auto","background-attachment":"scroll","background-type":"","background-media":"","overlay-type":"","overlay-color":"","overlay-opacity":"","overlay-gradient":""},"tablet":{"background-color":"var(--ast-global-color-5)","background-image":"","background-repeat":"repeat","background-position":"center center","background-size":"auto","background-attachment":"scroll","background-type":"","background-media":"","overlay-type":"","overlay-color":"","overlay-opacity":"","overlay-gradient":""},"mobile":{"background-color":"var(--ast-global-color-5)","background-image":"","background-repeat":"repeat","background-position":"center center","background-size":"auto","background-attachment":"scroll","background-type":"","background-media":"","overlay-type":"","overlay-color":"","overlay-opacity":"","overlay-gradient":""}}},"pwb-brand":[332],"product_brand":[],"product_cat":[872],"product_tag":[],"class_list":{"0":"post-23741","1":"product","2":"type-product","3":"status-publish","4":"has-post-thumbnail","6":"pwb-brand-victron","7":"product_cat-servicios-de-configuracion","8":"desktop-align-left","9":"tablet-align-left","10":"mobile-align-left","11":"ast-product-gallery-layout-horizontal-slider","12":"ast-product-gallery-with-no-image","13":"ast-product-tabs-layout-horizontal","15":"first","16":"instock","17":"virtual","18":"taxable","19":"product-type-simple"},"wcpa_form_fields":null,"brands":[{"id":332,"name":"Victron Energie","slug":"victron"}],"_links":{"self":[{"href":"https:\/\/fvcomponentes.com\/de\/wp-json\/wp\/v2\/product\/23741","targetHints":{"allow":["GET"]}}],"collection":[{"href":"https:\/\/fvcomponentes.com\/de\/wp-json\/wp\/v2\/product"}],"about":[{"href":"https:\/\/fvcomponentes.com\/de\/wp-json\/wp\/v2\/types\/product"}],"replies":[{"embeddable":true,"href":"https:\/\/fvcomponentes.com\/de\/wp-json\/wp\/v2\/comments?post=23741"}],"wp:featuredmedia":[{"embeddable":true,"href":"https:\/\/fvcomponentes.com\/de\/wp-json\/wp\/v2\/media\/23742"}],"wp:attachment":[{"href":"https:\/\/fvcomponentes.com\/de\/wp-json\/wp\/v2\/media?parent=23741"}],"wp:term":[{"taxonomy":"pwb-brand","embeddable":true,"href":"https:\/\/fvcomponentes.com\/de\/wp-json\/wp\/v2\/pwb-brand?post=23741"},{"taxonomy":"product_brand","embeddable":true,"href":"https:\/\/fvcomponentes.com\/de\/wp-json\/wp\/v2\/product_brand?post=23741"},{"taxonomy":"product_cat","embeddable":true,"href":"https:\/\/fvcomponentes.com\/de\/wp-json\/wp\/v2\/product_cat?post=23741"},{"taxonomy":"product_tag","embeddable":true,"href":"https:\/\/fvcomponentes.com\/de\/wp-json\/wp\/v2\/product_tag?post=23741"}],"curies":[{"name":"wp","href":"https:\/\/api.w.org\/{rel}","templated":true}]}}