{"id":23358,"date":"2025-02-20T13:43:38","date_gmt":"2025-02-20T12:43:38","guid":{"rendered":"https:\/\/fvcomponentes.com\/?post_type=product&#038;p=23358"},"modified":"2026-04-04T12:52:14","modified_gmt":"2026-04-04T10:52:14","slug":"wechselrichter-24v-victron-phoenix-24v-5000va-smart-pin242501000","status":"publish","type":"product","link":"https:\/\/fvcomponentes.com\/de\/producto\/inversor-24v-victron-phoenix-24v-5000va-smart-pin242501000\/","title":{"rendered":"Wechselrichter 24V Victron Phoenix 24V 5000VA Smart - PIN242501000"},"content":{"rendered":"<h2>Eigenschaften des Victron Phoenix 24V Wechselrichters 24V 5000VA Smart - PIN242501000<\/h2>\n<p><strong>Steuerung \u00fcber ein Smartphone oder Tablet<\/strong><br \/>\nDank der integrierten Bluetooth-Funktion des Victron Phoenix 24V 5000VA Smart 24V Wechselrichters k\u00f6nnen Sie den Wechselrichter ganz einfach \u00fcber Ihr mobiles Ger\u00e4t konfigurieren und \u00fcberwachen.<\/p>\n<p><strong>Highlights der Funktionen<\/strong><\/p>\n<ul>\n<li>Unterspannungsalarm zum Schutz der Batterie.<\/li>\n<li>Niederspannungsabschaltung und -neustart, kann je nach Last eingestellt werden.<\/li>\n<li>Ausgangsspannung: 210 - 245 V<\/li>\n<li>Frequenz: 50\/60 Hz.<\/li>\n<li>Intelligenter ECO-Modus, der den Verbrauch durch Reduzierung der Last optimiert.<\/li>\n<li>Alarmrelais f\u00fcr eine genauere \u00dcberwachung.<\/li>\n<li>Echtzeit\u00fcberwachung: Einfahrt, Ausfahrt, Verladung und Alarme.<\/li>\n<\/ul>\n<p><strong>Konnektivit\u00e4t und erweiterte Kontrolle<\/strong><\/p>\n<ul>\n<li>VE.Direct-Anschluss: Verbindet den Wechselrichter mit einem Computer zur Konfiguration und \u00dcberwachung (erfordert ein VE.Direct-Schnittstellenkabel).<\/li>\n<li>Dieser victron 5000w 24v-Wechselrichter verf\u00fcgt \u00fcber einen ferngesteuerten Ein\/Aus-Schalter, der mit Relais oder direktem Anschluss an die Batterie kompatibel ist.<\/li>\n<\/ul>\n<p><strong>Verl\u00e4sslichkeit und hohe Leistung<\/strong><\/p>\n<ul>\n<li>Dieser victron 24v 5000w Wechselrichter hat eine hohe Startleistung, ideal f\u00fcr LED-Lampen, Elektrowerkzeuge und mehr.<\/li>\n<li>Voller Schutz: Er ist kurzschluss- und \u00fcberhitzungsfest.<\/li>\n<li>LED-Diagnose zur schnellen Erkennung des Status und m\u00f6glicher Alarme.<\/li>\n<\/ul>\n<p><strong>Nahtloses Umschalten<\/strong><\/p>\n<p>F\u00fcr einen reibungslosen \u00dcbergang zwischen den Stromquellen kann der automatische Umschalter von Filax (weniger als 20 ms Reaktionszeit) oder ein MultiPlus mit eingebautem Schalter integriert werden, so dass empfindliche Ger\u00e4te wie Computer ohne Ausf\u00e4lle weiterarbeiten k\u00f6nnen.<\/p>\n<p>Bew\u00e4hrte Zuverl\u00e4ssigkeit: Technologie mit Ringkerntransformator und Vollbr\u00fccke, die einen jahrelangen sicheren Betrieb garantiert.<\/p>\n<h2>Victron Phoenix 24V 5000VA Smart Technische Daten<\/h2>\n<ul>\n<li><strong>Eingangsspannungsbereich:<\/strong> 18.6 - 34 V<\/li>\n<li><strong>Ausgang Ausgangsspannung:<\/strong> 230 VAC \u00b1 2 % 50 Hz oder 60 Hz \u00b1 0,1 % (1 )<\/li>\n<li><strong>Kontinuierliche Leistungsabgabe bei 25 \u00baC:<\/strong> 5000 VA<\/li>\n<li><strong>Kontinuierliche Leistungsabgabe bei 25 \u00baC:<\/strong> 4000 W<\/li>\n<li><strong>Kontinuierliche Leistungsabgabe bei 40 \u00baC:<\/strong> 3700 W<\/li>\n<li><strong>Kontinuierliche Leistung bei 65 \u00baC:<\/strong> 2800 W<\/li>\n<li><strong>Spitzenleistung:<\/strong> 10000 W<\/li>\n<li><strong>Maximaler Wirkungsgrad<\/strong> 95%<\/li>\n<li><strong>Verbrauch im Leerlauf:<\/strong> 18W<\/li>\n<li><strong>Leerlaufverbrauch im ECO-Modus:<\/strong> 2,2W<\/li>\n<li><strong>Programmierbares Relais<\/strong><\/li>\n<li><strong>ECO-Modus Start\/Stopp-Leistung:<\/strong> einstellbar<\/li>\n<li><strong>Schutz:<\/strong> a-g<\/li>\n<li><strong>Drahtlose Kommunikation \u00fcber Bluetooth:<\/strong> F\u00fcr Fern\u00fcberwachung und Systemintegration<\/li>\n<li><strong>VE.Direkter Kommunikationsanschluss:<\/strong> F\u00fcr Fern\u00fcberwachung und Systemintegration<\/li>\n<li><strong>Fernbedienung ein\/aus:<\/strong> Ja<\/li>\n<li><strong>Arbeitstemperatur:<\/strong> -40 bis +65\u00baC (l\u00fcftergek\u00fchlt)<\/li>\n<li><strong>Luftfeuchtigkeit (nicht kondensierend) max:<\/strong> 95%<\/li>\n<li><strong>Material und Farbe:<\/strong> Stahl (blau RAL 5012; und schwarz RAL 9017)<\/li>\n<li><strong>Schutzkategorie:<\/strong> IP 21<\/li>\n<li><strong>Anschluss der Batterie:<\/strong> 2+2 M8-Schrauben<\/li>\n<li><strong>230 VAC Anschluss:<\/strong> Schraubklemmen<\/li>\n<li><strong>Gewicht:<\/strong> 29Kg<\/li>\n<li><strong>Abmessungen:<\/strong> 595 x 295 x 160 mm<\/li>\n<li>Parallel- und Dreiphasenanschluss sind nicht zul\u00e4ssig.<\/li>\n<\/ul>\n<h2>Installation des Victron Wechselrichters 24v 5000w<\/h2>\n<p><strong>Standort des Wechselrichters 24v 220v<\/strong><\/p>\n<ul>\n<li>Vermeiden Sie den Kontakt mit Wasser. Setzen Sie den Wechselrichter nicht Regen oder Feuchtigkeit aus.<\/li>\n<li>Die Installation sollte an einem trockenen und gut bel\u00fcfteten Ort erfolgen.<\/li>\n<li>Der Wechselrichter victron 5000w 24v muss auf eine ebene Fl\u00e4che gestellt werden.<\/li>\n<li>Installieren Sie das Ger\u00e4t so nah wie m\u00f6glich an den Batterien, aber niemals direkt \u00fcber ihnen.\n<ul>\n<li>Der Abstand zwischen dem Produkt und der Batterie sollte so kurz wie m\u00f6glich sein, um den Spannungsverlust in den Kabeln zu minimieren.<\/li>\n<\/ul>\n<\/li>\n<li>Um das Ger\u00e4t herum muss ein Freiraum von mindestens 10 cm f\u00fcr die K\u00fchlung gelassen werden.<\/li>\n<li>Wenn der Wechselrichter victron 24v 5000w zu hei\u00df wird, schaltet er sich ab. Wenn der Wechselrichter einen sicheren Temperaturwert erreicht, startet das Ger\u00e4t automatisch neu.<\/li>\n<li>Stellen Sie das Ger\u00e4t nicht in direktem Sonnenlicht auf. Die Umgebungstemperatur sollte zwischen -20\u00b0C und 40\u00b0C liegen (Luftfeuchtigkeit &lt; 95 % nicht kondensierend).<\/li>\n<\/ul>\n<p><strong>Anschluss der Batterie<\/strong><\/p>\n<p>Es m\u00fcssen Batterien mit ausreichender Kapazit\u00e4t und Batteriekabel mit ausreichendem Querschnitt verwendet werden. Im Wechselrichter ist keine Schmelzsicherung vorhanden, daher muss eine externe Schmelzsicherung installiert werden.<\/p>\n<ul>\n<li>Empfohlener Kabelquerschnitt je nach L\u00e4nge:\n<ul>\n<li>0-5 m: 1 x 90 mm\u00b2 0-5 m: 1 x 90 mm\u00b2 0-5 m: 1 x 90 mm\u00b2 0-5 m: 1 x 90 mm<\/li>\n<li>5-10 m: 2 x 95 mm\u00b2 (2 x 95 mm\u00b2)\n<ul>\n<li>Ein Kabel muss so bemessen sein, dass es den Nennstrom der Sicherung ohne \u00dcberhitzung \u00fcbertragen kann.<\/li>\n<\/ul>\n<\/li>\n<li>Erforderliche Absicherung f\u00fcr den Wechselrichter victron 5000w 24v: 400A<\/li>\n<li>Batteriekapazit\u00e4t: 300 - 1500 Ah<\/li>\n<\/ul>\n<\/li>\n<\/ul>\n<p>Schlie\u00dfen Sie die Batteriekabel wie folgt an:<\/p>\n<ul>\n<li>Bitte beachten Sie, dass ein verpolter Anschluss (+ an - und - an +) den Wechselrichter besch\u00e4digen kann.<\/li>\n<li>Schlie\u00dfen Sie die Batteriekabel an den + (rot) und - (schwarz) Pol der Batterie an.<\/li>\n<li>Ziehen Sie die Batterieanschl\u00fcsse fest an, ein maximales Drehmoment von 11 Nm wird empfohlen.<\/li>\n<\/ul>\n<p><strong>Anschluss des Solarmoduls<\/strong><\/p>\n<ul>\n<li>Beachten Sie, dass ein verpolter Anschluss der Solarmodulkabel den Wechselrichter besch\u00e4digen kann.<\/li>\n<li>Schlie\u00dfen Sie die Kabel des Solarmoduls an die positiven (roten) und negativen (schwarzen) PV-Anschl\u00fcsse an.<\/li>\n<li>Sichern Sie die PV-Anschl\u00fcsse fest. Eine feste Verbindung reduziert den \u00dcbergangswiderstand so weit wie m\u00f6glich.<\/li>\n<\/ul>\n<h2>Datenblatt und Bedienungsanleitung f\u00fcr Victron Phoenix 24V Wechselrichter 24V 5000VA Smart - PIN242501000<\/h2>\n<p><a href=\"https:\/\/fvcomponentes.com\/wp-content\/uploads\/2021\/08\/Datasheet-Phoenix-Inverter-Smart-1600VA-5000VA-ES.pdf\" target=\"_blank\" rel=\"noopener\">Siehe Datenblatt Victron Phoenix 24V Wechselrichter 24V 5000VA Smart - PIN242501000<\/a><\/p>\n<p><a href=\"https:\/\/fvcomponentes.com\/wp-content\/uploads\/2025\/02\/Manual-inversor-smart-Victron.pdf\" target=\"_blank\" rel=\"noopener\">Sehen Sie sich die Bedienungsanleitung f\u00fcr den Victron Phoenix 24V Inverter 24V 5000VA Smart - PIN242501000 an.<\/a><\/p>","protected":false},"excerpt":{"rendered":"<ul class=\"specification\">\n<li><strong>Spannung:<\/strong> 24V<\/li>\n<li><strong>Kontinuierliche Leistungsabgabe:<\/strong> 5000VA<\/li>\n<li><strong>Spitzenleistung:<\/strong> 10000W<\/li>\n<li><strong>Gewicht: <\/strong>29kg<\/li>\n<li><strong>Abmessungen: <\/strong>595 x 295 x 160 mm<\/li>\n<\/ul>\n<p>&nbsp;<\/p>","protected":false},"featured_media":23360,"comment_status":"open","ping_status":"closed","template":"","meta":{"site-sidebar-layout":"default","site-content-layout":"","ast-site-content-layout":"default","site-content-style":"default","site-sidebar-style":"default","ast-global-header-display":"","ast-banner-title-visibility":"","ast-main-header-display":"","ast-hfb-above-header-display":"","ast-hfb-below-header-display":"","ast-hfb-mobile-header-display":"","site-post-title":"","ast-breadcrumbs-content":"","ast-featured-img":"","footer-sml-layout":"","ast-disable-related-posts":"","theme-transparent-header-meta":"default","adv-header-id-meta":"","stick-header-meta":"","header-above-stick-meta":"","header-main-stick-meta":"","header-below-stick-meta":"","astra-migrate-meta-layouts":"set","ast-page-background-enabled":"default","ast-page-background-meta":{"desktop":{"background-color":"var(--ast-global-color-4)","background-image":"","background-repeat":"repeat","background-position":"center center","background-size":"auto","background-attachment":"scroll","background-type":"","background-media":"","overlay-type":"","overlay-color":"","overlay-opacity":"","overlay-gradient":""},"tablet":{"background-color":"","background-image":"","background-repeat":"repeat","background-position":"center center","background-size":"auto","background-attachment":"scroll","background-type":"","background-media":"","overlay-type":"","overlay-color":"","overlay-opacity":"","overlay-gradient":""},"mobile":{"background-color":"","background-image":"","background-repeat":"repeat","background-position":"center center","background-size":"auto","background-attachment":"scroll","background-type":"","background-media":"","overlay-type":"","overlay-color":"","overlay-opacity":"","overlay-gradient":""}},"ast-content-background-meta":{"desktop":{"background-color":"var(--ast-global-color-5)","background-image":"","background-repeat":"repeat","background-position":"center center","background-size":"auto","background-attachment":"scroll","background-type":"","background-media":"","overlay-type":"","overlay-color":"","overlay-opacity":"","overlay-gradient":""},"tablet":{"background-color":"var(--ast-global-color-5)","background-image":"","background-repeat":"repeat","background-position":"center center","background-size":"auto","background-attachment":"scroll","background-type":"","background-media":"","overlay-type":"","overlay-color":"","overlay-opacity":"","overlay-gradient":""},"mobile":{"background-color":"var(--ast-global-color-5)","background-image":"","background-repeat":"repeat","background-position":"center center","background-size":"auto","background-attachment":"scroll","background-type":"","background-media":"","overlay-type":"","overlay-color":"","overlay-opacity":"","overlay-gradient":""}}},"pwb-brand":[332],"product_brand":[],"product_cat":[367,333],"product_tag":[],"class_list":{"0":"post-23358","1":"product","2":"type-product","3":"status-publish","4":"has-post-thumbnail","6":"pwb-brand-victron","7":"product_cat-inversores-24-v","8":"product_cat-inversores","9":"desktop-align-left","10":"tablet-align-left","11":"mobile-align-left","12":"ast-product-gallery-layout-horizontal-slider","13":"ast-product-tabs-layout-horizontal","15":"first","16":"instock","17":"taxable","18":"shipping-taxable","19":"purchasable","20":"product-type-simple"},"wcpa_form_fields":null,"brands":[{"id":332,"name":"Victron Energie","slug":"victron"}],"_links":{"self":[{"href":"https:\/\/fvcomponentes.com\/de\/wp-json\/wp\/v2\/product\/23358","targetHints":{"allow":["GET"]}}],"collection":[{"href":"https:\/\/fvcomponentes.com\/de\/wp-json\/wp\/v2\/product"}],"about":[{"href":"https:\/\/fvcomponentes.com\/de\/wp-json\/wp\/v2\/types\/product"}],"replies":[{"embeddable":true,"href":"https:\/\/fvcomponentes.com\/de\/wp-json\/wp\/v2\/comments?post=23358"}],"wp:featuredmedia":[{"embeddable":true,"href":"https:\/\/fvcomponentes.com\/de\/wp-json\/wp\/v2\/media\/23360"}],"wp:attachment":[{"href":"https:\/\/fvcomponentes.com\/de\/wp-json\/wp\/v2\/media?parent=23358"}],"wp:term":[{"taxonomy":"pwb-brand","embeddable":true,"href":"https:\/\/fvcomponentes.com\/de\/wp-json\/wp\/v2\/pwb-brand?post=23358"},{"taxonomy":"product_brand","embeddable":true,"href":"https:\/\/fvcomponentes.com\/de\/wp-json\/wp\/v2\/product_brand?post=23358"},{"taxonomy":"product_cat","embeddable":true,"href":"https:\/\/fvcomponentes.com\/de\/wp-json\/wp\/v2\/product_cat?post=23358"},{"taxonomy":"product_tag","embeddable":true,"href":"https:\/\/fvcomponentes.com\/de\/wp-json\/wp\/v2\/product_tag?post=23358"}],"curies":[{"name":"wp","href":"https:\/\/api.w.org\/{rel}","templated":true}]}}