{"id":23313,"date":"2025-02-18T17:49:44","date_gmt":"2025-02-18T16:49:44","guid":{"rendered":"https:\/\/fvcomponentes.com\/?post_type=product&#038;p=23313"},"modified":"2025-10-13T15:26:00","modified_gmt":"2025-10-13T13:26:00","slug":"wechselrichter-lader-24v-victron-multiplus-compact-24-1200-25-16-cmp242120000","status":"publish","type":"product","link":"https:\/\/fvcomponentes.com\/de\/producto\/inversor-cargador-24v-victron-multiplus-compact-24-1200-25-16-cmp242120000\/","title":{"rendered":"Wechselrichter-Ladeger\u00e4t 24V Victron MultiPlus Compact 24\/1200 25A-16A - CMP242120000"},"content":{"rendered":"<h2>Eigenschaften des Inverter-Ladeger\u00e4ts 24V Victron MultiPlus Compact 24\/1200 25-16 - CMP242120000<\/h2>\n<p><strong>Zwei AC-Steckdosen<\/strong><br \/>\nDas Victron MultiPlus verf\u00fcgt \u00fcber einen Hauptausgang mit \"No-Break\"-Funktion, der die kontinuierliche Versorgung der angeschlossenen Verbraucher im Falle eines Stromausfalls oder einer Unterbrechung des Netzes oder des Generators gew\u00e4hrleistet. Die Umschaltung erfolgt so schnell (weniger als 20 Millisekunden), dass Computer und andere elektronische Ger\u00e4te ohne Unterbrechung weiterarbeiten.<\/p>\n<p>Der zweite Ausgang wird nur aktiviert, wenn einer der Eing\u00e4nge des Victron MultiPlus mit Wechselstrom versorgt wird. Er ist ideal f\u00fcr den Anschluss von Ger\u00e4ten, die die Batterie nicht entladen d\u00fcrfen, wie z. B. ein Warmwasserbereiter. Dieser zweite Ausgang ist bei Modellen mit einer Leistung von 3000 VA oder mehr verf\u00fcgbar.<\/p>\n<p><strong>Leistung skalierbar \u00fcber Parallelschaltung<\/strong><br \/>\nUm die Leistung zu erh\u00f6hen, k\u00f6nnen bis zu sechs MultiPlus-Ger\u00e4te desselben Modells parallel betrieben werden. Zum Beispiel bieten sechs Victron MultiPlus 24\/5000\/120 Wechselrichter zusammen 25 kW\/30 kVA Leistung und eine Belastbarkeit von 720A.<\/p>\n<p><strong>Dreiphasiges Betriebsverm\u00f6gen<\/strong><br \/>\nZus\u00e4tzlich zur Parallelschaltung ist es m\u00f6glich, drei Ger\u00e4te desselben multiplus compact-Modells zu konfigurieren, um einen dreiphasigen Ausgang zu erzeugen. Es k\u00f6nnen bis zu sechs Dreiergruppen angeschlossen werden, wodurch eine Ausgangsleistung von 75 kW\/90 kVA und eine Belastbarkeit von mehr als 2000 A erreicht wird.<\/p>\n<p><strong>PowerControl - Generator- oder Netzstrommanagement<\/strong><br \/>\nDas Victron MultiPlus ist ein leistungsstarkes Batterieladeger\u00e4t, das eine betr\u00e4chtliche Strommenge aus dem Generator oder dem Ponton-Netz entnehmen kann. Dank des Multi Control Panels kann eine Strombegrenzung vom Generator oder Landstrom eingestellt werden. Der MultiPlus-Wechselrichter passt seinen Stromverbrauch automatisch an, um eine \u00dcberlastung des Stromnetzes zu vermeiden.<\/p>\n<p><strong>PowerAssist - Elektrischer Leistungsverst\u00e4rker<\/strong><br \/>\nMit der PowerAssist-Funktion kann das Victron MultiPlus die Kapazit\u00e4t der Stromquelle erg\u00e4nzen. Tritt eine Bedarfsspitze auf, gleicht das Victron MultiPlus die Differenz automatisch aus der in der Batterie gespeicherten Energie aus. Wenn der Bedarf sinkt, wird die \u00fcbersch\u00fcssige Energie zum Aufladen der Batterie verwendet.<\/p>\n<p><strong>Solarenergie: Strom auch bei Stromausf\u00e4llen verf\u00fcgbar<\/strong><br \/>\nDer Victron MultiPlus Wechselrichter kann sowohl in netzgekoppelten als auch in netzunabh\u00e4ngigen Photovoltaikanlagen sowie in anderen alternativen elektrischen Systemen installiert werden. Eine Software zur Erkennung von Stromausf\u00e4llen ist ebenfalls erh\u00e4ltlich.<\/p>\n<p><strong>Konfiguration des Systems<\/strong><\/p>\n<ul>\n<li>Bei Stand-alone-Anwendungen kann die Konfiguration innerhalb weniger Minuten \u00fcber DIP-Schalter ge\u00e4ndert werden.<\/li>\n<li>F\u00fcr parallele oder dreiphasige Anwendungen wird die Software VE.Bus Quick Configure und VE.Bus System Configurator verwendet.<\/li>\n<li>Bei netzunabh\u00e4ngigen, netzinteraktiven oder Eigenverbrauchssystemen, einschlie\u00dflich Netzwechselrichtern oder MPPT-Solarladeger\u00e4ten, erfolgt die Konfiguration \u00fcber Assistenten (spezielle Software).<\/li>\n<\/ul>\n<p><strong>\u00dcberwachung und Kontrolle vor Ort<\/strong><br \/>\nEs gibt verschiedene Optionen f\u00fcr die System\u00fcberwachung und -steuerung, z. B. Battery Monitor, Multi Control Panel, Color Control GX und andere Ger\u00e4te. Es ist auch m\u00f6glich, von Ger\u00e4ten wie Smartphones oder Tablets \u00fcber Bluetooth sowie von Laptops oder Computern \u00fcber USB oder RS232 zuzugreifen.<\/p>\n<p><strong>Fern\u00fcberwachung und -steuerung<\/strong><br \/>\nDas System erm\u00f6glicht die Fern\u00fcberwachung \u00fcber das Color Control GX und andere Ger\u00e4te mit kostenloser webbasierter Datenspeicherung VRM (Victron Remote Management).<\/p>\n<p><strong>Fernkonfiguration<\/strong><br \/>\nWenn das System an das Ethernet angeschlossen ist, kann \u00fcber das Victron MultiPlus mit Color Control GX und andere kompatible Ger\u00e4te aus der Ferne auf Daten zugegriffen und Einstellungen ge\u00e4ndert werden.<\/p>\n<h2>Wechselrichter-Ladeger\u00e4t 24V Victron MultiPlus Compact 24\/1200 25-16 Wechselrichter-Ladeger\u00e4t Spezifikationen<\/h2>\n<p><strong>Anleger<\/strong><\/p>\n<ul>\n<li><strong>Eingangsspannungsbereich (VDC):<\/strong> 9,5 - 17V 19 - 33V 38 - 66V<\/li>\n<li><strong>Ausgangsspannung:<\/strong> 230 VAC \u00b1 2%<\/li>\n<li><strong>H\u00e4ufigkeit:<\/strong> 50 Hz \u00b1 0,1% (1 )<\/li>\n<li><strong>Kontinuierliche Leistungsabgabe bei 25\u00b0C:<\/strong> 1200VA<\/li>\n<li><strong>Kontinuierliche Leistungsabgabe bei 25\u00baC:<\/strong> 1000W<\/li>\n<li><strong>Kontinuierliche Leistungsabgabe bei 40\u00baC (W):<\/strong> 900W<\/li>\n<li><strong>Kontinuierliche Leistungsabgabe bei 65\u00baC (W):<\/strong> 600W<\/li>\n<li><strong>Spitzenleistung:<\/strong> 2400W<\/li>\n<li><strong>Maximale Effizienz:<\/strong> 94%<\/li>\n<li><strong>Verbrauch im Leerlauf:<\/strong> 10W<\/li>\n<li><strong>Leerlaufverbrauch im Sparmodus:<\/strong> 8W<\/li>\n<li><strong>Leerlaufverbrauch im Suchmodus:<\/strong> 3W<\/li>\n<\/ul>\n<p><strong>Ladeger\u00e4t<\/strong><\/p>\n<ul>\n<li><strong>Eingangsspannungsbereich:<\/strong> 187-265 VAC<\/li>\n<li><strong>Eingangsfrequenz:<\/strong> 45 - 65 Hz<\/li>\n<li><strong>Leistungsfaktor:<\/strong> 1<\/li>\n<li><strong>Ladespannung \"Absorption\" (V DC):<\/strong> 28,8<\/li>\n<li><strong>Float\"-Ladespannung (V DC):<\/strong> 27,6<\/li>\n<li><strong>Speichermodus (VCC): <\/strong>26,4<\/li>\n<li><strong>Ladestrom der Hilfsbatterie:<\/strong> 25A<\/li>\n<li><strong>Ladestrom der Starterbatterie:<\/strong> 4A<\/li>\n<li><strong>Temperatursensor f\u00fcr die Batterie<\/strong><\/li>\n<\/ul>\n<h2>Inverter-Ladeger\u00e4t 24V Victron MultiPlus Compact 24\/1200 25-16 - CMP242120000 - Handbuch und Datenblatt<\/h2>\n<p><a href=\"https:\/\/fvcomponentes.com\/wp-content\/uploads\/2024\/01\/Datasheet-MultiPlus-inverter-charger-800VA-5kVA-ES.pdf\" target=\"_blank\" rel=\"noopener\">Sehen Sie das technische Datenblatt des Inverter-Ladeger\u00e4ts 24V Victron MultiPlus Compact 24\/1200 25-16 - CMP242120000<\/a><\/p>\n<p><a href=\"https:\/\/fvcomponentes.com\/wp-content\/uploads\/2025\/02\/Manual-Victron-Multiplus-Compact-12V-24V-800-1600VA.pdf\" target=\"_blank\" rel=\"noopener\">Sehen Sie sich die Bedienungsanleitung des Inverter-Ladeger\u00e4ts 24V Victron MultiPlus Compact 24\/1200 25-16 - CMP242120000 an.<\/a><\/p>","protected":false},"excerpt":{"rendered":"<ul class=\"specification\">\n<li><strong>Betriebsspannung:<\/strong> 24V<\/li>\n<li><strong>Kontinuierliche Leistungsabgabe bei 25\u00ba: <\/strong>1200VA<\/li>\n<li><strong>Spitzenleistung: <\/strong>2400W<\/li>\n<li><strong>Ladestrom: <\/strong>25A<\/li>\n<\/ul>\n<p>Das Produktfoto dient nur zur Veranschaulichung und entspricht m\u00f6glicherweise nicht dem tats\u00e4chlichen Produkt.<\/p>","protected":false},"featured_media":23316,"comment_status":"open","ping_status":"closed","template":"","meta":{"site-sidebar-layout":"default","site-content-layout":"","ast-site-content-layout":"default","site-content-style":"default","site-sidebar-style":"default","ast-global-header-display":"","ast-banner-title-visibility":"","ast-main-header-display":"","ast-hfb-above-header-display":"","ast-hfb-below-header-display":"","ast-hfb-mobile-header-display":"","site-post-title":"","ast-breadcrumbs-content":"","ast-featured-img":"","footer-sml-layout":"","ast-disable-related-posts":"","theme-transparent-header-meta":"default","adv-header-id-meta":"","stick-header-meta":"","header-above-stick-meta":"","header-main-stick-meta":"","header-below-stick-meta":"","astra-migrate-meta-layouts":"set","ast-page-background-enabled":"default","ast-page-background-meta":{"desktop":{"background-color":"var(--ast-global-color-4)","background-image":"","background-repeat":"repeat","background-position":"center center","background-size":"auto","background-attachment":"scroll","background-type":"","background-media":"","overlay-type":"","overlay-color":"","overlay-opacity":"","overlay-gradient":""},"tablet":{"background-color":"","background-image":"","background-repeat":"repeat","background-position":"center center","background-size":"auto","background-attachment":"scroll","background-type":"","background-media":"","overlay-type":"","overlay-color":"","overlay-opacity":"","overlay-gradient":""},"mobile":{"background-color":"","background-image":"","background-repeat":"repeat","background-position":"center center","background-size":"auto","background-attachment":"scroll","background-type":"","background-media":"","overlay-type":"","overlay-color":"","overlay-opacity":"","overlay-gradient":""}},"ast-content-background-meta":{"desktop":{"background-color":"var(--ast-global-color-5)","background-image":"","background-repeat":"repeat","background-position":"center center","background-size":"auto","background-attachment":"scroll","background-type":"","background-media":"","overlay-type":"","overlay-color":"","overlay-opacity":"","overlay-gradient":""},"tablet":{"background-color":"var(--ast-global-color-5)","background-image":"","background-repeat":"repeat","background-position":"center center","background-size":"auto","background-attachment":"scroll","background-type":"","background-media":"","overlay-type":"","overlay-color":"","overlay-opacity":"","overlay-gradient":""},"mobile":{"background-color":"var(--ast-global-color-5)","background-image":"","background-repeat":"repeat","background-position":"center center","background-size":"auto","background-attachment":"scroll","background-type":"","background-media":"","overlay-type":"","overlay-color":"","overlay-opacity":"","overlay-gradient":""}}},"pwb-brand":[332],"product_brand":[],"product_cat":[390,333],"product_tag":[],"class_list":{"0":"post-23313","1":"product","2":"type-product","3":"status-publish","4":"has-post-thumbnail","6":"pwb-brand-victron","7":"product_cat-inversores-cargadores-24v","8":"product_cat-inversores","9":"desktop-align-left","10":"tablet-align-left","11":"mobile-align-left","12":"ast-product-gallery-layout-horizontal-slider","13":"ast-product-tabs-layout-horizontal","15":"first","16":"instock","17":"taxable","18":"shipping-taxable","19":"purchasable","20":"product-type-simple"},"wcpa_form_fields":null,"brands":[{"id":332,"name":"Victron Energie","slug":"victron"}],"_links":{"self":[{"href":"https:\/\/fvcomponentes.com\/de\/wp-json\/wp\/v2\/product\/23313","targetHints":{"allow":["GET"]}}],"collection":[{"href":"https:\/\/fvcomponentes.com\/de\/wp-json\/wp\/v2\/product"}],"about":[{"href":"https:\/\/fvcomponentes.com\/de\/wp-json\/wp\/v2\/types\/product"}],"replies":[{"embeddable":true,"href":"https:\/\/fvcomponentes.com\/de\/wp-json\/wp\/v2\/comments?post=23313"}],"wp:featuredmedia":[{"embeddable":true,"href":"https:\/\/fvcomponentes.com\/de\/wp-json\/wp\/v2\/media\/23316"}],"wp:attachment":[{"href":"https:\/\/fvcomponentes.com\/de\/wp-json\/wp\/v2\/media?parent=23313"}],"wp:term":[{"taxonomy":"pwb-brand","embeddable":true,"href":"https:\/\/fvcomponentes.com\/de\/wp-json\/wp\/v2\/pwb-brand?post=23313"},{"taxonomy":"product_brand","embeddable":true,"href":"https:\/\/fvcomponentes.com\/de\/wp-json\/wp\/v2\/product_brand?post=23313"},{"taxonomy":"product_cat","embeddable":true,"href":"https:\/\/fvcomponentes.com\/de\/wp-json\/wp\/v2\/product_cat?post=23313"},{"taxonomy":"product_tag","embeddable":true,"href":"https:\/\/fvcomponentes.com\/de\/wp-json\/wp\/v2\/product_tag?post=23313"}],"curies":[{"name":"wp","href":"https:\/\/api.w.org\/{rel}","templated":true}]}}