{"id":23280,"date":"2025-02-18T16:39:57","date_gmt":"2025-02-18T15:39:57","guid":{"rendered":"https:\/\/fvcomponentes.com\/?post_type=product&#038;p=23280"},"modified":"2026-04-08T21:36:38","modified_gmt":"2026-04-08T19:36:38","slug":"wechselrichter-12v-victron-multiplus-compact-12v-1600va-70-16a-cmp122160000","status":"publish","type":"product","link":"https:\/\/fvcomponentes.com\/de\/producto\/inversor-12v-victron-multiplus-compact-12v-1600va-70-16a-cmp122160000\/","title":{"rendered":"Wechselrichter-Ladeger\u00e4t 12V Victron Multiplus Compact 12V 1600VA 70A-16A - CMP122160000"},"content":{"rendered":"<h2>Eigenschaften des 12V Wechselrichters Victron Multiplus Compact 12V 1600VA 70-16A - CMP122160000<\/h2>\n<p><strong>Zwei AC-Ausg\u00e4nge<\/strong><br \/>\nDas MultiPlus hat zwei Wechselstromausg\u00e4nge (AC):<\/p>\n<ul>\n<li>Hauptausgang mit \"No-Break\"-Funktion: Bei einem Stromausfall oder einer Unterbrechung des Netzes oder des Generators garantiert der multiplus eine unterbrechungsfreie Versorgung der angeschlossenen Verbraucher. Die Umschaltung erfolgt in weniger als 20 Millisekunden, so dass Computer und elektronische Ger\u00e4te ohne Unterbrechung weiterarbeiten.<\/li>\n<li>Zweiter Ausgang: Erh\u00e4ltlich bei Modellen mit einer Nennleistung von 3 kVA oder mehr, ist dieser Ausgang nur aktiv, wenn das victron multiplus mit Wechselstrom versorgt wird. Ideal f\u00fcr den Anschluss von Ger\u00e4ten, die die Batterie nicht entladen sollen, wie z. B. ein Warmwasserbereiter.<\/li>\n<\/ul>\n<p><strong>Skalierbare Leistung dank Parallelbetrieb<\/strong><br \/>\nF\u00fcr Anwendungen mit h\u00f6herem Bedarf k\u00f6nnen bis zu 6 victron multiplus-Ger\u00e4te parallel betrieben werden:<\/p>\n<ul>\n<li>Eine Ausgangsleistung von bis zu 25 kW\/30 kVA.<\/li>\n<li>Eine Belastbarkeit von 720 Ampere bei den Modellen 24\/5000\/120.<\/li>\n<\/ul>\n<p><strong>Dreiphasiges Betriebsverm\u00f6gen<\/strong><br \/>\nNeben der Parallelschaltung k\u00f6nnen drei Ger\u00e4te desselben victron multiplus-Wechselrichtermodells f\u00fcr den dreiphasigen Ausgang konfiguriert werden. F\u00fcr noch h\u00f6here Anforderungen k\u00f6nnen bis zu 6 Dreiergruppen parallel geschaltet werden, wodurch eine Ausgangsleistung von 75 kW \/ 90 kVA und eine Belastbarkeit von \u00fcber 2000A erreicht wird.<\/p>\n<p><strong>PowerControl - Intelligente Energieverwaltung<\/strong><br \/>\nDer Wechselrichter\/Ladeger\u00e4t multiplus 12v 1600va victron energy ist ein leistungsf\u00e4higes Batterieladeger\u00e4t, was eine hohe Stromaufnahme vom Generator oder dem Ponton-Netz bedeuten kann (bis zu 10A pro 5 kVA Multi bei 230VAC). Das Multi Control Panel erm\u00f6glicht die Einstellung eines Maximalstroms, der sicherstellt, dass der multiplus-Wechselrichter die verf\u00fcgbare Leistung intelligent verwaltet.<\/p>\n<p><strong>PowerAssist - Erh\u00f6hte elektrische Leistung<\/strong><br \/>\nDiese Funktion erweitert die M\u00f6glichkeiten von PowerControl, so dass das victron multiplus den fehlenden Strom aus der alternativen Quelle ausgleicht.<\/p>\n<ul>\n<li>In Zeiten hohen Bedarfs erg\u00e4nzt das Victron multiplus die Versorgung durch die Solarzellen mit Energie aus der Batterie.<\/li>\n<li>Wenn die Last sinkt, wird die \u00fcbersch\u00fcssige Energie zum Aufladen der Batterie verwendet.<\/li>\n<\/ul>\n<p><strong>Solarenergie: Garantierte Versorgung auch bei Stromausf\u00e4llen<\/strong><br \/>\nDer Wechselrichter victron multiplus kann in netzgekoppelte oder netzunabh\u00e4ngige PV-Anlagen integriert werden und stellt so eine kontinuierliche Stromversorgung sicher. Dar\u00fcber hinaus ist er mit einer Software zur Netzausfallerkennung ausgestattet.<\/p>\n<p><strong>Konfiguration des Systems<\/strong><br \/>\nDer multiplus Wechselrichter erm\u00f6glicht eine schnelle und anpassungsf\u00e4hige Konfiguration f\u00fcr unterschiedliche Anwendungen:<\/p>\n<ul>\n<li><strong>Eigenst\u00e4ndige Anwendungen:<\/strong> Einfache Konfiguration \u00fcber DIP-Schalter.<\/li>\n<li><strong>Parallele oder dreiphasige Anwendungen:<\/strong> Verwendung der Software VE.Bus Quick Configure und VE.Bus System Configurator.<\/li>\n<li><strong>Eigenverbrauchsanlagen oder netzinteraktive Anlagen:<\/strong> Konfiguration \u00fcber Assistenten (anwendungsspezifische Software).<\/li>\n<\/ul>\n<p><strong>\u00dcberwachung und Kontrolle vor Ort<\/strong><br \/>\nDer multiplus unterst\u00fctzt mehrere lokale \u00dcberwachungs- und Steuerungsoptionen:<\/p>\n<ul>\n<li>Batterie-Monitor<\/li>\n<li>Multi-Control-Panel<\/li>\n<li>Farbsteuerung GX<\/li>\n<li>Mobile Ger\u00e4te \u00fcber Bluetooth Smart<\/li>\n<li>Laptop-Computer \u00fcber USB oder RS232<\/li>\n<\/ul>\n<p><strong>Fernsteuerung und Konfiguration<\/strong><br \/>\n\u00dcber Color Control GX und andere Ger\u00e4te k\u00f6nnen Daten abgerufen und Systemeinstellungen aus der Ferne ge\u00e4ndert werden. Die Daten k\u00f6nnen im Victron Remote Management (VRM)-Portal, einer kostenlosen Cloud-\u00dcberwachungsplattform von Victron, gespeichert und angezeigt werden.<\/p>\n<h2>Victron multiplus Spezifikationen<\/h2>\n<p><strong>Anleger<\/strong><\/p>\n<ul>\n<li><strong>Eingangsspannungsbereich (VDC):<\/strong> 9,5 - 17V 19 - 33V 38 - 66V<\/li>\n<li><strong>Ausgangsspannung:<\/strong> 230 VAC \u00b1 2%<\/li>\n<li><strong>H\u00e4ufigkeit:<\/strong> 50 Hz \u00b1 0,1% (1 )<\/li>\n<li><strong>Kontinuierliche Leistungsabgabe bei 25\u00b0C:<\/strong> 1600VA<\/li>\n<li><strong>Kontinuierliche Leistungsabgabe bei 25\u00baC:<\/strong> 1300W<\/li>\n<li><strong>Kontinuierliche Leistungsabgabe bei 40\u00baC (W):<\/strong> 1200W<\/li>\n<li><strong>Kontinuierliche Leistungsabgabe bei 65\u00baC (W):<\/strong> 800W<\/li>\n<li><strong>Spitzenleistung:<\/strong> 3000W<\/li>\n<li><strong>Maximale Effizienz:<\/strong> 93%<\/li>\n<li><strong>Verbrauch im Leerlauf:<\/strong> 8W<\/li>\n<li><strong>Leerlaufverbrauch im Sparmodus:<\/strong> 5W<\/li>\n<li><strong>Leerlaufverbrauch im Suchmodus:<\/strong> 3W<\/li>\n<\/ul>\n<p><strong>Ladeger\u00e4t<\/strong><\/p>\n<ul>\n<li><strong>Eingangsspannungsbereich:<\/strong> 187-265 VAC<\/li>\n<li><strong>Eingangsfrequenz:<\/strong> 45 - 65 Hz<\/li>\n<li><strong>Leistungsfaktor:<\/strong> 1<\/li>\n<li><strong>Ladespannung \"Absorption\" (V DC):<\/strong> 14,4<\/li>\n<li><strong>Float\"-Ladespannung (V DC):<\/strong> 13,8<\/li>\n<li><strong>Speichermodus (VCC):<\/strong> 13,2<\/li>\n<li><strong>Ladestrom der Hilfsbatterie:<\/strong> 70A<\/li>\n<li><strong>Ladestrom der Starterbatterie:<\/strong> 4A<\/li>\n<li><strong>Temperatursensor f\u00fcr die Batterie<\/strong><\/li>\n<\/ul>\n<h2>Wechselrichter 12V Victron Multiplus Compact 12V 1600VA 70-16A - CMP122160000 - Handbuch und Datenblatt<\/h2>\n<p><a href=\"https:\/\/fvcomponentes.com\/wp-content\/uploads\/2021\/10\/Datasheet-MultiPlus-inverter-charger-800VA-5kVA-ES.pdf\" target=\"_blank\" rel=\"noopener\">Datenblatt victron energy 12v 1600va multiplus Wechselrichter\/Ladeger\u00e4t ansehen <\/a><\/p>\n<p><a href=\"https:\/\/fvcomponentes.com\/wp-content\/uploads\/2025\/02\/Manual-Victron-Multiplus-Compact-12V-24V-800-1600VA.pdf\" target=\"_blank\" rel=\"noopener\">Victron Multiplus Kompakt-Wechselrichter Handbuch 12V 1600VA 70-16A<\/a><\/p>","protected":false},"excerpt":{"rendered":"<ul class=\"specification\">\n<li><strong>Spannung:<\/strong> 12V<\/li>\n<li><strong>Kontinuierliche Leistungsabgabe: <\/strong>1600VA<\/li>\n<li><strong>Spitzenleistung:<\/strong> 3000W<\/li>\n<li><b>Ladestrom: <\/b>70A<\/li>\n<li><strong>Gewicht: <\/strong>10kg<\/li>\n<li><strong>Abmessungen:<\/strong> 375 x 214 x 110 mm<\/li>\n<\/ul>","protected":false},"featured_media":23296,"comment_status":"open","ping_status":"closed","template":"","meta":{"site-sidebar-layout":"default","site-content-layout":"","ast-site-content-layout":"default","site-content-style":"default","site-sidebar-style":"default","ast-global-header-display":"","ast-banner-title-visibility":"","ast-main-header-display":"","ast-hfb-above-header-display":"","ast-hfb-below-header-display":"","ast-hfb-mobile-header-display":"","site-post-title":"","ast-breadcrumbs-content":"","ast-featured-img":"","footer-sml-layout":"","ast-disable-related-posts":"","theme-transparent-header-meta":"default","adv-header-id-meta":"","stick-header-meta":"","header-above-stick-meta":"","header-main-stick-meta":"","header-below-stick-meta":"","astra-migrate-meta-layouts":"set","ast-page-background-enabled":"default","ast-page-background-meta":{"desktop":{"background-color":"var(--ast-global-color-4)","background-image":"","background-repeat":"repeat","background-position":"center center","background-size":"auto","background-attachment":"scroll","background-type":"","background-media":"","overlay-type":"","overlay-color":"","overlay-opacity":"","overlay-gradient":""},"tablet":{"background-color":"","background-image":"","background-repeat":"repeat","background-position":"center center","background-size":"auto","background-attachment":"scroll","background-type":"","background-media":"","overlay-type":"","overlay-color":"","overlay-opacity":"","overlay-gradient":""},"mobile":{"background-color":"","background-image":"","background-repeat":"repeat","background-position":"center center","background-size":"auto","background-attachment":"scroll","background-type":"","background-media":"","overlay-type":"","overlay-color":"","overlay-opacity":"","overlay-gradient":""}},"ast-content-background-meta":{"desktop":{"background-color":"var(--ast-global-color-5)","background-image":"","background-repeat":"repeat","background-position":"center center","background-size":"auto","background-attachment":"scroll","background-type":"","background-media":"","overlay-type":"","overlay-color":"","overlay-opacity":"","overlay-gradient":""},"tablet":{"background-color":"var(--ast-global-color-5)","background-image":"","background-repeat":"repeat","background-position":"center center","background-size":"auto","background-attachment":"scroll","background-type":"","background-media":"","overlay-type":"","overlay-color":"","overlay-opacity":"","overlay-gradient":""},"mobile":{"background-color":"var(--ast-global-color-5)","background-image":"","background-repeat":"repeat","background-position":"center center","background-size":"auto","background-attachment":"scroll","background-type":"","background-media":"","overlay-type":"","overlay-color":"","overlay-opacity":"","overlay-gradient":""}}},"pwb-brand":[332],"product_brand":[],"product_cat":[388,333],"product_tag":[],"class_list":{"0":"post-23280","1":"product","2":"type-product","3":"status-publish","4":"has-post-thumbnail","6":"pwb-brand-victron","7":"product_cat-inversores-cargadores-12v","8":"product_cat-inversores","9":"desktop-align-left","10":"tablet-align-left","11":"mobile-align-left","12":"ast-product-gallery-layout-horizontal-slider","13":"ast-product-tabs-layout-horizontal","15":"first","16":"instock","17":"taxable","18":"shipping-taxable","19":"purchasable","20":"product-type-simple"},"wcpa_form_fields":null,"brands":[{"id":332,"name":"Victron Energie","slug":"victron"}],"_links":{"self":[{"href":"https:\/\/fvcomponentes.com\/de\/wp-json\/wp\/v2\/product\/23280","targetHints":{"allow":["GET"]}}],"collection":[{"href":"https:\/\/fvcomponentes.com\/de\/wp-json\/wp\/v2\/product"}],"about":[{"href":"https:\/\/fvcomponentes.com\/de\/wp-json\/wp\/v2\/types\/product"}],"replies":[{"embeddable":true,"href":"https:\/\/fvcomponentes.com\/de\/wp-json\/wp\/v2\/comments?post=23280"}],"wp:featuredmedia":[{"embeddable":true,"href":"https:\/\/fvcomponentes.com\/de\/wp-json\/wp\/v2\/media\/23296"}],"wp:attachment":[{"href":"https:\/\/fvcomponentes.com\/de\/wp-json\/wp\/v2\/media?parent=23280"}],"wp:term":[{"taxonomy":"pwb-brand","embeddable":true,"href":"https:\/\/fvcomponentes.com\/de\/wp-json\/wp\/v2\/pwb-brand?post=23280"},{"taxonomy":"product_brand","embeddable":true,"href":"https:\/\/fvcomponentes.com\/de\/wp-json\/wp\/v2\/product_brand?post=23280"},{"taxonomy":"product_cat","embeddable":true,"href":"https:\/\/fvcomponentes.com\/de\/wp-json\/wp\/v2\/product_cat?post=23280"},{"taxonomy":"product_tag","embeddable":true,"href":"https:\/\/fvcomponentes.com\/de\/wp-json\/wp\/v2\/product_tag?post=23280"}],"curies":[{"name":"wp","href":"https:\/\/api.w.org\/{rel}","templated":true}]}}