{"id":23270,"date":"2025-02-18T08:32:55","date_gmt":"2025-02-18T07:32:55","guid":{"rendered":"https:\/\/fvcomponentes.com\/?post_type=product&#038;p=23270"},"modified":"2026-01-15T10:10:30","modified_gmt":"2026-01-15T09:10:30","slug":"wechselrichter-12v-victron-victron-phoenix-kompakt-12v-1600va-cin122160000","status":"publish","type":"product","link":"https:\/\/fvcomponentes.com\/de\/producto\/inversor-12v-victron-phoenix-compact-12v-1600va-cin122160000\/","title":{"rendered":"Wechselrichter 12V Victron Phoenix Compact 12V 1600VA - CIN122160000"},"content":{"rendered":"<h2>Eigenschaften Wechselrichter 12V Victron Phoenix Compact 12V 1600VA - CIN122160000<\/h2>\n<p>Der Victron Phoenix Compact 12V Wechselrichter 12V 1600VA - CIN122160000 wurde f\u00fcr professionelle Anwendungen entwickelt und bietet eine reine Sinuswelle und einen hohen Wirkungsgrad ohne Leistungseinbu\u00dfen. Seine Hochfrequenz-Hybridtechnologie garantiert ein kompaktes, leichtes Ger\u00e4t mit der Kapazit\u00e4t, jede Last ohne Unannehmlichkeiten zu versorgen.<\/p>\n<p><strong>Hohe Startleistung<\/strong><\/p>\n<p>Dank der SinusMax-Technologie bietet der Wechselrichter Phoenix 12V 1600VA eine au\u00dfergew\u00f6hnliche Startleistung, ideal f\u00fcr anspruchsvolle Lasten wie K\u00fchlschr\u00e4nke, Kompressoren und Elektromotoren.<\/p>\n<p><strong>Skalierbarkeit: Parallel- und Drei-Phasen-Betrieb<\/strong><\/p>\n<ul>\n<li>Bis zu 6 Einheiten dieses Phoenix-Wechselrichters k\u00f6nnen parallel geschaltet werden, um die Ausgangsleistung zu erh\u00f6hen.<\/li>\n<li>Er kann auch im dreiphasigen Modus konfiguriert werden.<\/li>\n<li>Beispiel: Sechs 24\/5000-Ger\u00e4te erzeugen 24 kW \/ 30 kVA Ausgangsleistung.<\/li>\n<\/ul>\n<p><strong> Intelligente Kommunikationsschnittstelle<\/strong><\/p>\n<ul>\n<li>Enth\u00e4lt VE.Bus-Anschluss f\u00fcr PC-Verbindung \u00fcber MK3-USB VE.Bus-zu-USB-Adapter.<\/li>\n<li>Kompatibel mit VictronConnect und VEConfigure Software.<\/li>\n<li>Erm\u00f6glicht die individuelle Anpassung von Parametern wie Spannung, Frequenz und Schutzeinstellungen.<\/li>\n<li>Kompatibel mit GX-Ger\u00e4ten (Cerbo GX, u.a.) zur Fern\u00fcberwachung und -steuerung.<\/li>\n<\/ul>\n<p><strong>Empfohlene Anwendungen<\/strong><\/p>\n<ul>\n<li>Solarenergie-Systeme<\/li>\n<li>Industrielle Anlagen<\/li>\n<li>Fahrzeuge und Schiffe<\/li>\n<li>Empfindliche elektronische Ger\u00e4te<\/li>\n<\/ul>\n<h2>Victron Phoenix Compact 12V Wechselrichter 12V 1600VA Wechselrichter Spezifikationen<\/h2>\n<ul>\n<li>Erm\u00f6glicht Parallel- und Dreiphasenbetrieb.<\/li>\n<li><strong>Eingangsspannungsbereich (V DC):<\/strong> 9,5 - 17V 19 - 33V 38 - 66V<\/li>\n<li><strong>Ausstieg:<\/strong> 230V \u00b1 2% \/ 50\/60Hz \u00b1 0,1% (1)<\/li>\n<li><strong>Kontinuierliche Leistung 25\u00baC:<\/strong> 1600VA<\/li>\n<li><strong>Kontinuierliche Leistung 25\u00baC:<\/strong> 1300W<\/li>\n<li><strong>Ausgang Dauerleistung 40\u00baC:<\/strong> 1200W<\/li>\n<li><strong>Kontinuierliche Leistungsabgabe 65\u00baC:<\/strong> 800W<\/li>\n<li><strong>Spitzenleistung:<\/strong> 3000W<\/li>\n<li><strong>Maximaler Wirkungsgrad<\/strong> 92%<\/li>\n<li><strong>Verbrauch im Leerlauf:<\/strong> 8W<\/li>\n<li><strong>Keine Lastaufnahme im AES-Modus:<\/strong> 5W<\/li>\n<li><strong>Verbrauch im Leerlauf Suchmodus:<\/strong> 2W<\/li>\n<li><strong>Programmierbares Relais<\/strong><\/li>\n<li><strong>Schutz:<\/strong> a - g<\/li>\n<li><strong>VE.Bus-Kommunikationsanschluss:<\/strong> F\u00fcr Parallel- und Dreiphasenbetrieb, Fern\u00fcberwachung und Systemintegration<\/li>\n<li><strong>Fernbedienung ein\/aus<\/strong><\/li>\n<li><strong>Betriebstemperatur:<\/strong> -40 bis +65\u00b0C (l\u00fcftergek\u00fchlt)<\/li>\n<li><strong>Luftfeuchtigkeit (nicht kondensierend):<\/strong> Max. 95%<\/li>\n<li><strong>Art des Schutzes:<\/strong> IP21<\/li>\n<li><strong>Batterieanschl\u00fcsse:<\/strong> 1,5 Meter lange Batteriekabel<\/li>\n<li><strong>230 V AC Anschl\u00fcsse:<\/strong> Stecker G-ST18i<\/li>\n<li><strong>Gewicht:<\/strong> 10Kg<\/li>\n<li><strong>Abmessungen:<\/strong> 375 x 214 x 110 mm<\/li>\n<\/ul>\n<h2>Parallelschaltung<\/h2>\n<ul>\n<li>Es k\u00f6nnen bis zu 6 Phoenix Compact 12V 1600VA Einheiten angeschlossen werden, die \u00fcber ein Standard RJ45 UTP Kabel miteinander verbunden werden.<\/li>\n<li>Es d\u00fcrfen nur gleiche Ger\u00e4te parallel geschaltet werden.<\/li>\n<li>Die Gleichstromanschlusskabel der Ger\u00e4te m\u00fcssen die gleiche L\u00e4nge und den gleichen Querschnitt haben.<\/li>\n<li>Wenn ein negativer und ein positiver DC-Verteilerpunkt verwendet wird, muss der Querschnitt der Verbindungskabel zwischen den Batterien und dem DC-Verteilerpunkt mindestens der Summe der Querschnitte der Kabel entsprechen, die f\u00fcr die Verbindungen zwischen dem Verteilerpunkt und den Wechselrichtern erforderlich sind.<\/li>\n<li>Stellen Sie die Wechselrichter nebeneinander auf und lassen Sie unten, oben und neben den Ger\u00e4ten mindestens 10 cm Platz f\u00fcr die Bel\u00fcftung.<\/li>\n<li>UTP-Kabel m\u00fcssen direkt von einem Ger\u00e4t zum anderen (und zum Fernbedienungspanel) angeschlossen werden. Es sind keine Verteiler-\/Trenndosen erlaubt.<\/li>\n<li>An das System kann nur eine Fernbedienung (Panel oder Schalter) angeschlossen werden.<\/li>\n<\/ul>\n<h2>Dreiphasiger Betrieb<\/h2>\n<p>Dieser Wechselrichter erm\u00f6glicht eine dreiphasige Sternkonfiguration (Y). Der Phoenix Compact 12V 1600VA ist nicht f\u00fcr eine dreiphasige Dreieckskonfiguration (\u0394) geeignet, sondern wird zwischen den Ger\u00e4ten mit Standard-RJ45-UTP-Kabeln angeschlossen (wie bei Parallelbetrieb).<\/p>\n<h2>Datenblatt 12V Wechselrichter Victron Phoenix Compact 12V 1600VA - CIN122160000<\/h2>\n<p><a href=\"https:\/\/fvcomponentes.com\/wp-content\/uploads\/2021\/08\/inversor-compact.pdf\" target=\"_blank\" rel=\"noopener\">Das Victron Phoenix Compact 12V Wechselrichter 12V 1600VA Datenblatt ansehen<\/a><\/p>\n<p><a href=\"https:\/\/fvcomponentes.com\/wp-content\/uploads\/2025\/02\/Manual-Phoenix-Compact-12V-24V-1200-1600.pdf\" target=\"_blank\" rel=\"noopener\">Lesen Sie das Victron Phoenix Compact 12V Wechselrichter Handbuch 12V 1600VA<\/a><\/p>","protected":false},"excerpt":{"rendered":"<ul class=\"specification\">\n<li><strong>Anspannung:<\/strong> 12V<\/li>\n<li><strong>Kontinuierliche Leistungsabgabe: <\/strong>1600VA<\/li>\n<li><strong>Spitzenleistung:<\/strong> 3000W<\/li>\n<li><strong>Paralleler Betrieb <\/strong><\/li>\n<li><strong>Dreiphasiger Betrieb.\u00a0<\/strong><\/li>\n<\/ul>","protected":false},"featured_media":23274,"comment_status":"open","ping_status":"closed","template":"","meta":{"site-sidebar-layout":"default","site-content-layout":"","ast-site-content-layout":"default","site-content-style":"default","site-sidebar-style":"default","ast-global-header-display":"","ast-banner-title-visibility":"","ast-main-header-display":"","ast-hfb-above-header-display":"","ast-hfb-below-header-display":"","ast-hfb-mobile-header-display":"","site-post-title":"","ast-breadcrumbs-content":"","ast-featured-img":"","footer-sml-layout":"","ast-disable-related-posts":"","theme-transparent-header-meta":"default","adv-header-id-meta":"","stick-header-meta":"","header-above-stick-meta":"","header-main-stick-meta":"","header-below-stick-meta":"","astra-migrate-meta-layouts":"set","ast-page-background-enabled":"default","ast-page-background-meta":{"desktop":{"background-color":"var(--ast-global-color-4)","background-image":"","background-repeat":"repeat","background-position":"center center","background-size":"auto","background-attachment":"scroll","background-type":"","background-media":"","overlay-type":"","overlay-color":"","overlay-opacity":"","overlay-gradient":""},"tablet":{"background-color":"","background-image":"","background-repeat":"repeat","background-position":"center center","background-size":"auto","background-attachment":"scroll","background-type":"","background-media":"","overlay-type":"","overlay-color":"","overlay-opacity":"","overlay-gradient":""},"mobile":{"background-color":"","background-image":"","background-repeat":"repeat","background-position":"center center","background-size":"auto","background-attachment":"scroll","background-type":"","background-media":"","overlay-type":"","overlay-color":"","overlay-opacity":"","overlay-gradient":""}},"ast-content-background-meta":{"desktop":{"background-color":"var(--ast-global-color-5)","background-image":"","background-repeat":"repeat","background-position":"center center","background-size":"auto","background-attachment":"scroll","background-type":"","background-media":"","overlay-type":"","overlay-color":"","overlay-opacity":"","overlay-gradient":""},"tablet":{"background-color":"var(--ast-global-color-5)","background-image":"","background-repeat":"repeat","background-position":"center center","background-size":"auto","background-attachment":"scroll","background-type":"","background-media":"","overlay-type":"","overlay-color":"","overlay-opacity":"","overlay-gradient":""},"mobile":{"background-color":"var(--ast-global-color-5)","background-image":"","background-repeat":"repeat","background-position":"center center","background-size":"auto","background-attachment":"scroll","background-type":"","background-media":"","overlay-type":"","overlay-color":"","overlay-opacity":"","overlay-gradient":""}}},"pwb-brand":[332],"product_brand":[],"product_cat":[364,333],"product_tag":[],"class_list":{"0":"post-23270","1":"product","2":"type-product","3":"status-publish","4":"has-post-thumbnail","6":"pwb-brand-victron","7":"product_cat-inversores-12-v","8":"product_cat-inversores","9":"desktop-align-left","10":"tablet-align-left","11":"mobile-align-left","12":"ast-product-gallery-layout-horizontal-slider","13":"ast-product-tabs-layout-horizontal","15":"first","16":"instock","17":"taxable","18":"shipping-taxable","19":"purchasable","20":"product-type-simple"},"wcpa_form_fields":null,"brands":[{"id":332,"name":"Victron Energie","slug":"victron"}],"_links":{"self":[{"href":"https:\/\/fvcomponentes.com\/de\/wp-json\/wp\/v2\/product\/23270","targetHints":{"allow":["GET"]}}],"collection":[{"href":"https:\/\/fvcomponentes.com\/de\/wp-json\/wp\/v2\/product"}],"about":[{"href":"https:\/\/fvcomponentes.com\/de\/wp-json\/wp\/v2\/types\/product"}],"replies":[{"embeddable":true,"href":"https:\/\/fvcomponentes.com\/de\/wp-json\/wp\/v2\/comments?post=23270"}],"wp:featuredmedia":[{"embeddable":true,"href":"https:\/\/fvcomponentes.com\/de\/wp-json\/wp\/v2\/media\/23274"}],"wp:attachment":[{"href":"https:\/\/fvcomponentes.com\/de\/wp-json\/wp\/v2\/media?parent=23270"}],"wp:term":[{"taxonomy":"pwb-brand","embeddable":true,"href":"https:\/\/fvcomponentes.com\/de\/wp-json\/wp\/v2\/pwb-brand?post=23270"},{"taxonomy":"product_brand","embeddable":true,"href":"https:\/\/fvcomponentes.com\/de\/wp-json\/wp\/v2\/product_brand?post=23270"},{"taxonomy":"product_cat","embeddable":true,"href":"https:\/\/fvcomponentes.com\/de\/wp-json\/wp\/v2\/product_cat?post=23270"},{"taxonomy":"product_tag","embeddable":true,"href":"https:\/\/fvcomponentes.com\/de\/wp-json\/wp\/v2\/product_tag?post=23270"}],"curies":[{"name":"wp","href":"https:\/\/api.w.org\/{rel}","templated":true}]}}