{"id":22965,"date":"2025-02-06T13:02:04","date_gmt":"2025-02-06T12:02:04","guid":{"rendered":"https:\/\/fvcomponentes.com\/?post_type=product&#038;p=22965"},"modified":"2026-04-08T21:28:02","modified_gmt":"2026-04-08T19:28:02","slug":"regler-bluesolar-victron-pwm-lcd-und-usb-12-24v-10a-scc010010050","status":"publish","type":"product","link":"https:\/\/fvcomponentes.com\/de\/producto\/regulador-bluesolar-victron-pwm-lcd-y-usb-12-24v-10a-scc010010050\/","title":{"rendered":"BlueSolar Victron PWM-LCD und USB 12\/24V-10A Regler - SCC010010050"},"content":{"rendered":"<h2>BlueSolar Victron PWM-LCD und USB 12\/24V-10A Regler - SCC010010050<\/h2>\n<ul>\n<li><strong>Fl\u00fcssigkristallanzeige: <\/strong>Erm\u00f6glicht die \u00dcberwachung und Konfiguration des Ger\u00e4ts.<\/li>\n<li><strong>Ladeleistung: <\/strong>Um eine Tiefentladung der Batterie zu verhindern, schlie\u00dfen Sie alle Verbraucher an den Ladeausgang an. Dieser Ausgang schaltet die Verbraucher ab, wenn die Batterie bis zu einer voreingestellten Spannung entladen ist. Einige Verbraucher (insbesondere Wechselrichter) werden am besten direkt an die Batterie und die Fernbedienung des Wechselrichters an den Verbraucherausgang angeschlossen. Die Anschluss- und Abschaltspannungen sind einstellbar.<\/li>\n<li><strong>Tag-\/Nachtprogrammierung des Lastausgangs: <\/strong>Mit dieser Option k\u00f6nnen Sie die Einschaltzeit nach der D\u00e4mmerung voreinstellen.<\/li>\n<li><strong>Programmierbarer Batterieladealgorithmus: <\/strong>Vorprogrammierte Algorithmen f\u00fcr AGM-, GEL-, Flut- oder LiFePO4-Batterien (nur solche mit internem BMS).<\/li>\n<li><strong>Zwei 5-Volt-USB-Ausg\u00e4nge:<\/strong> Maximaler Strom (beide Ausg\u00e4nge zusammen): 2A<\/li>\n<\/ul>\n<h2>BlueSolar Victron PWM-LCD und USB 12\/24V-10A BlueSolar PWM-LCD Steuerger\u00e4t Spezifikationen<\/h2>\n<ul>\n<li><strong>Spannung der Batterie:<\/strong>\u00a0 12\/24 V mit automatischer Erkennung der Eingangsspannung<\/li>\n<li><strong>Nennlaststrom:<\/strong> 10A<\/li>\n<li><strong>Automatische Abschaltung von Lasten:<\/strong> Ja<\/li>\n<li><strong>Maximale Solarspannung:<\/strong> 28V \/ 55V<\/li>\n<li><strong>Selbstverzehr:<\/strong> &lt; 10 mA<\/li>\n<li><strong>Ladeleistung:<\/strong> Manuelle Steuerung + Unterspannungsabschaltung + Zeitschaltuhr<\/li>\n<li><strong>Schutz:<\/strong>\n<ul>\n<li>Umkehrung der Batteriepolarit\u00e4t (Schmelzsicherung)<\/li>\n<li>Kurzschluss am Ausgang<\/li>\n<li>\u00dcbertemperatur<\/li>\n<\/ul>\n<\/li>\n<li><strong>\u00dcberlastungsschutz:<\/strong>\n<ul>\n<li>Abschaltung nach 60 s bei Erreichen der Last 130%<\/li>\n<li>Abschaltung nach 5 s bei Erreichen der Last 160%<\/li>\n<li>Sofortige Abschaltung im Falle eines Kurzschlusses<\/li>\n<\/ul>\n<\/li>\n<li><strong>Erdung:<\/strong> Gemeinsam positiv<\/li>\n<li><strong>Betriebstemperaturbereich:<\/strong> -35 bis +60\u00b0C (Volllast)<\/li>\n<li><strong>Luftfeuchtigkeit (nicht kondensierend):<\/strong> Max. 95%<\/li>\n<\/ul>\n<h3>Batterie<\/h3>\n<ul>\n<li><strong>Absorption\" Ladespannung:<\/strong> Werkseitige Einstellung: 14,4V \/ 28,8V<\/li>\n<li><strong>Float\"-Ladespannung:<\/strong> Werkseitige Einstellung: 13,7V \/ 27,4V<\/li>\n<li><strong>Abschaltung der Last aufgrund von Unterspannung:<\/strong> Werkseinstellung: 11,2V \/ 22,4V<\/li>\n<li><strong>Wiedereinschaltung der Last aufgrund von Unterspannung:<\/strong> Werkseitige Einstellung: 12,6V \/ 25,2<\/li>\n<\/ul>\n<h2>Installation des BlueSolar Victron PWM-LCD und USB 12\/24V-10A Reglers<\/h2>\n<p>Zun\u00e4chst m\u00fcssen die Batterien so angeschlossen werden, dass der Regler die Systemspannung erkennen kann. Verwenden Sie 12V-Solarmodule (36 Zellen) f\u00fcr 12V-Systeme und 24V-Solarmodule (72 Zellen) f\u00fcr 24V-Systeme.<\/p>\n<p><strong>Zu unternehmende Schritte:<\/strong><\/p>\n<ol>\n<li>Schlie\u00dfen Sie die Batterie an - Plus und Minus.<\/li>\n<li>Schlie\u00dfen Sie die Solarmodule an - positiv und negativ.<\/li>\n<li>Schlie\u00dfen Sie die verbrauchende Last an - positiv und negativ.<\/li>\n<\/ol>\n<p>Bei der Deinstallation m\u00fcssen die gleichen Schritte in umgekehrter Reihenfolge durchgef\u00fchrt werden. Wird dies in einer anderen Reihenfolge durchgef\u00fchrt, kann der BlueSolar PWM-Laderegler besch\u00e4digt werden.<\/p>\n<p><strong>Das sollte man sich vor Augen halten:<\/strong><\/p>\n<ul>\n<li>Damit der BlueSolar PWM-Laderegler den Batterietyp erkennen kann, muss die Batterie geladen sein.<\/li>\n<li>Das Batteriekabel sollte so kurz wie m\u00f6glich sein, um Verluste zu reduzieren.<\/li>\n<li>Dieser Regler ist nur f\u00fcr Blei-S\u00e4ure- und LiFePO4-Akkus geeignet.<\/li>\n<li>Der BlueSolar PWM-Laderegler ist nur f\u00fcr die Regelung von Solarmodulen geeignet. Es kann keine andere Lastquelle angeschlossen werden.<\/li>\n<\/ul>\n<p><strong>Die folgende Abbildung zeigt die Elemente des Bildschirms:<\/strong><\/p>\n<p><img fetchpriority=\"high\" decoding=\"async\" class=\"size-full wp-image-22981\" src=\"https:\/\/fvcomponentes.com\/wp-content\/uploads\/2025\/02\/Imagen-pantalla-Regulador-BlueSolar-Victron-PWM-LCD-y-USB.png\" alt=\"BlueSolar Victron PWM-LCD und USB BlueSolar Victron PWM-LCD und USB Regler Bildschirmdarstellung\" width=\"697\" height=\"339\" title=\"\"><\/p>\n<p><strong>\u00dcberwachung und Konfiguration<\/strong><\/p>\n<ul>\n<li>Startanzeige: Wenn die Batterie angeschlossen ist, zeigt das Display das Modell des Solarladeger\u00e4ts und die vom Solarladeger\u00e4t erkannte Systemspannung an.\n<ul>\n<li>Code 110 ist f\u00fcr BlueSolar PWM Laderegler - LCD - USB 12V|10A<\/li>\n<li>Code 210 ist f\u00fcr BlueSolar PWM Laderegler - LCD - USB 24V|10A<\/li>\n<\/ul>\n<\/li>\n<li>Hauptanzeige: Batteriespannung, Batterieladestatus, Lade- und Entladezustand.\n<ul>\n<li>Dr\u00fccken Sie die Taste MENU mehrere Sekunden lang, bis die Anzeige blinkt und Sie auf verschiedene Bildschirme zugreifen k\u00f6nnen, um \u00c4nderungen vorzunehmen:\n<ul>\n<li>Batterie-Typ.<\/li>\n<li>Unterspannungsabschaltung.\n<ul>\n<li>Die Werkseinstellung ist 11,2 V<\/li>\n<\/ul>\n<\/li>\n<li>Wiederanschluss an die Niederspannung\n<ul>\n<li>Die Werkseinstellung ist eine 12,6-V-Batterie.<\/li>\n<\/ul>\n<\/li>\n<li>Ladestromanzeige: PV-Strom zur Batterie und Ladezustand der Batterie.<\/li>\n<li>Anpassen der Leistung von Verbrauchern.\n<ul>\n<li>Die Werkseinstellung ist 24h (Ladeausgang immer eingeschaltet).<\/li>\n<\/ul>\n<\/li>\n<li>Anpassen der Leistung von Verbrauchern.<\/li>\n<li>Aktivierungsstufe.<\/li>\n<li>Versp\u00e4tete Aktivierung.<\/li>\n<li>Einstellung der Kurzschlusssicherung.<\/li>\n<li>Anzeige des Entladestroms.<\/li>\n<li>USB-Spannungsanzeige.<\/li>\n<li>Interne Temperatur des Controllers.<\/li>\n<\/ul>\n<\/li>\n<\/ul>\n<\/li>\n<\/ul>\n<h2>Datenblatt und Bedienungsanleitung f\u00fcr BlueSolar Victron PWM-LCD und USB 12\/24V-10A Controller - SCC010010050<\/h2>\n<p><a href=\"https:\/\/fvcomponentes.com\/wp-content\/uploads\/2023\/03\/BlueSolar-LCD-12-24V-LCDUSB-ES.pdf\" target=\"_blank\" rel=\"noopener\">Siehe das Datenblatt des BlueSolar Victron PWM-LCD und USB 12\/24V-10A Controller - SCC010010050<\/a><\/p>\n<p><a href=\"https:\/\/fvcomponentes.com\/wp-content\/uploads\/2025\/02\/Manual-Regulador-BlueSolar-Victron-PWM-LCD-y-USB.pdf\" target=\"_blank\" rel=\"noopener\">Sehen Sie sich das Handbuch f\u00fcr den BlueSolar Victron PWM-LCD und USB 12\/24V-10A Controller an - SCC010010050<\/a><\/p>","protected":false},"excerpt":{"rendered":"<p><strong>Spannung der Batterie:<\/strong> 12\/24V mit automatischer Erkennung der Eingangsspannung<br \/>\n<strong>Nennlaststrom:<\/strong> 10A<br \/>\n<strong>Automatische Lastabschaltung:<\/strong> Ja<br \/>\n<strong>Gewicht (kg):<\/strong> 0,15<br \/>\n<strong>Abmessungen (mm):<\/strong> 96 x 169 x 36 mm<\/p>","protected":false},"featured_media":22967,"comment_status":"open","ping_status":"closed","template":"","meta":{"site-sidebar-layout":"default","site-content-layout":"","ast-site-content-layout":"default","site-content-style":"default","site-sidebar-style":"default","ast-global-header-display":"","ast-banner-title-visibility":"","ast-main-header-display":"","ast-hfb-above-header-display":"","ast-hfb-below-header-display":"","ast-hfb-mobile-header-display":"","site-post-title":"","ast-breadcrumbs-content":"","ast-featured-img":"","footer-sml-layout":"","ast-disable-related-posts":"","theme-transparent-header-meta":"default","adv-header-id-meta":"","stick-header-meta":"","header-above-stick-meta":"","header-main-stick-meta":"","header-below-stick-meta":"","astra-migrate-meta-layouts":"set","ast-page-background-enabled":"default","ast-page-background-meta":{"desktop":{"background-color":"var(--ast-global-color-4)","background-image":"","background-repeat":"repeat","background-position":"center center","background-size":"auto","background-attachment":"scroll","background-type":"","background-media":"","overlay-type":"","overlay-color":"","overlay-opacity":"","overlay-gradient":""},"tablet":{"background-color":"","background-image":"","background-repeat":"repeat","background-position":"center center","background-size":"auto","background-attachment":"scroll","background-type":"","background-media":"","overlay-type":"","overlay-color":"","overlay-opacity":"","overlay-gradient":""},"mobile":{"background-color":"","background-image":"","background-repeat":"repeat","background-position":"center center","background-size":"auto","background-attachment":"scroll","background-type":"","background-media":"","overlay-type":"","overlay-color":"","overlay-opacity":"","overlay-gradient":""}},"ast-content-background-meta":{"desktop":{"background-color":"var(--ast-global-color-5)","background-image":"","background-repeat":"repeat","background-position":"center center","background-size":"auto","background-attachment":"scroll","background-type":"","background-media":"","overlay-type":"","overlay-color":"","overlay-opacity":"","overlay-gradient":""},"tablet":{"background-color":"var(--ast-global-color-5)","background-image":"","background-repeat":"repeat","background-position":"center center","background-size":"auto","background-attachment":"scroll","background-type":"","background-media":"","overlay-type":"","overlay-color":"","overlay-opacity":"","overlay-gradient":""},"mobile":{"background-color":"var(--ast-global-color-5)","background-image":"","background-repeat":"repeat","background-position":"center center","background-size":"auto","background-attachment":"scroll","background-type":"","background-media":"","overlay-type":"","overlay-color":"","overlay-opacity":"","overlay-gradient":""}}},"pwb-brand":[332],"product_brand":[],"product_cat":[354,353],"product_tag":[],"class_list":{"0":"post-22965","1":"product","2":"type-product","3":"status-publish","4":"has-post-thumbnail","6":"pwb-brand-victron","7":"product_cat-reguladores-pwm","8":"product_cat-reguladores-de-carga-solares","9":"desktop-align-left","10":"tablet-align-left","11":"mobile-align-left","12":"ast-product-gallery-layout-horizontal-slider","13":"ast-product-tabs-layout-horizontal","15":"first","16":"instock","17":"taxable","18":"shipping-taxable","19":"purchasable","20":"product-type-simple"},"wcpa_form_fields":null,"brands":[{"id":332,"name":"Victron Energie","slug":"victron"}],"_links":{"self":[{"href":"https:\/\/fvcomponentes.com\/de\/wp-json\/wp\/v2\/product\/22965","targetHints":{"allow":["GET"]}}],"collection":[{"href":"https:\/\/fvcomponentes.com\/de\/wp-json\/wp\/v2\/product"}],"about":[{"href":"https:\/\/fvcomponentes.com\/de\/wp-json\/wp\/v2\/types\/product"}],"replies":[{"embeddable":true,"href":"https:\/\/fvcomponentes.com\/de\/wp-json\/wp\/v2\/comments?post=22965"}],"wp:featuredmedia":[{"embeddable":true,"href":"https:\/\/fvcomponentes.com\/de\/wp-json\/wp\/v2\/media\/22967"}],"wp:attachment":[{"href":"https:\/\/fvcomponentes.com\/de\/wp-json\/wp\/v2\/media?parent=22965"}],"wp:term":[{"taxonomy":"pwb-brand","embeddable":true,"href":"https:\/\/fvcomponentes.com\/de\/wp-json\/wp\/v2\/pwb-brand?post=22965"},{"taxonomy":"product_brand","embeddable":true,"href":"https:\/\/fvcomponentes.com\/de\/wp-json\/wp\/v2\/product_brand?post=22965"},{"taxonomy":"product_cat","embeddable":true,"href":"https:\/\/fvcomponentes.com\/de\/wp-json\/wp\/v2\/product_cat?post=22965"},{"taxonomy":"product_tag","embeddable":true,"href":"https:\/\/fvcomponentes.com\/de\/wp-json\/wp\/v2\/product_tag?post=22965"}],"curies":[{"name":"wp","href":"https:\/\/api.w.org\/{rel}","templated":true}]}}