{"id":22720,"date":"2025-01-30T09:28:07","date_gmt":"2025-01-30T08:28:07","guid":{"rendered":"https:\/\/fvcomponentes.com\/?post_type=product&#038;p=22720"},"modified":"2026-04-08T21:34:03","modified_gmt":"2026-04-08T19:34:03","slug":"victron-orion-tr-smart-48-48-8a-isolierter-wandler-ori484838120","status":"publish","type":"product","link":"https:\/\/fvcomponentes.com\/de\/producto\/convertidor-victron-orion-tr-smart-48-48-8a-aislado-ori484838120\/","title":{"rendered":"Victron Orion-Tr Smart 48\/48 8A isolierter Aufw\u00e4rtswandler - ORI48484838120"},"content":{"rendered":"<h2>Victron Orion-Tr Smart 48\/48 8A isolierter Aufw\u00e4rtswandler - ORI48484838120<\/h2>\n<p>Der Victron Orion-Tr Smart 48\/48 8A isolierter Booster Converter - ORI48484838120 ist ein Gleichstromwandler (DC-DC), der als Batterieladeger\u00e4t oder als Stromversorgung fungieren kann. Dank seines optimierten Ladealgorithmus ist er ideal zur Verl\u00e4ngerung der Batterielebensdauer. Er eignet sich auch f\u00fcr den Einsatz in Fahrzeugen mit intelligenten Lichtmaschinen, wie z.B. Euro 5 und Euro 6 Motoren.<\/p>\n<h2>Orion-Tr Smart 48\/48 8A Isoliert Orion-Tr Smart Spezifikationen<\/h2>\n<ul>\n<li><strong>Eingangsspannungsbereich: <\/strong>32-70 V<\/li>\n<li><strong>Unterbrechung der Verbindung durch Unterspannung:<\/strong> 28 V<\/li>\n<li><strong>Unterspannungs-Reset:<\/strong> 30 V<\/li>\n<li><strong>Nennausgangsspannung: <\/strong>48.2 V<\/li>\n<li><strong>Einstellbereich der Ausgangsspannung:<\/strong> 40-60 V<\/li>\n<li><strong>Toleranz der Ausgangsspannung:<\/strong> +\/- 0,2 V<\/li>\n<li><strong>Ger\u00e4uschpegel:<\/strong> 2 mV Effektivwert<\/li>\n<li><strong>Kontinuierlicher Ausgangsstrom bei Nennausgangsspannung und 40\u00baC:<\/strong> 8 A<\/li>\n<li><strong>Maximaler Ausgangsstrom (10 s) bei Nennausgangsspannung minus 20 %:<\/strong> 15 A<\/li>\n<li><strong>Kurzschlussstrom: <\/strong>25 A<\/li>\n<li><strong>Dauerleistung bei 25 \u00b0C:<\/strong> 430 W<\/li>\n<li><strong>Dauerleistung bei 40 \u00b0C:<\/strong> 380 W<\/li>\n<li><strong>Effizienz:<\/strong> 89%<\/li>\n<li><strong>Eingangslaststrom ohne Last: <\/strong>&lt; 80mA<\/li>\n<li><strong>Strom im Ruhezustand:<\/strong> &lt; 1 mA<\/li>\n<li><strong>Verwendung als Netzger\u00e4t:<\/strong> Ja, die Ausgangsspannung kann \u00fcber Bluetooth konfiguriert werden<\/li>\n<li><strong>Galvanische Isolierung:<\/strong> 200 V zwischen Eingang, Ausgang und Geh\u00e4use<\/li>\n<li><strong>Arbeitstemperaturbereich:<\/strong> -20 bis +55 \u00b0C (Leistungsreduzierung von 3 % f\u00fcr jedes \u00b0C \u00fcber 40 \u00b0C)<\/li>\n<li><strong>Luftfeuchtigkeit:<\/strong> Max. 95 % nicht kondensierend<\/li>\n<li><strong>DC-Anschluss:<\/strong> Schraubklemmen<\/li>\n<li><strong>Maximaler Kabelquerschnitt:<\/strong> 16 mm\u00b2 (AWG6)<\/li>\n<li><strong>Gewicht:<\/strong> 1,6 kg<\/li>\n<li><strong>Abmessungen:<\/strong> 130 x 186 x 70 mm<\/li>\n<li><strong>Schutzgrad:<\/strong>\n<ul>\n<li>Elektronische Bauteile: IP43<\/li>\n<li>Anschlussbereich: IP22<\/li>\n<\/ul>\n<\/li>\n<\/ul>\n<h2>Orion-Tr Smart 48\/48 8A isoliert Merkmale<\/h2>\n<p><strong>Flexible und anpassungsf\u00e4hige Konfiguration<\/strong><\/p>\n<ul>\n<li>Der Lade-\/Entladealgorithmus dieses Boosters erm\u00f6glicht es, eine feste Ausgangsspannung zu programmieren oder nach Bedarf zu w\u00e4hlen.<\/li>\n<li>Es ist mit intelligenten Lichtmaschinen kompatibel und erkennt automatisch, wenn der Motor l\u00e4uft.<\/li>\n<\/ul>\n<p><strong>Bluetooth Smart-Konnektivit\u00e4t<\/strong><\/p>\n<ul>\n<li>Der Orion-Tr Smart 48\/48 8A isoliert Bluetooth erm\u00f6glicht es, von jedem Smartphone oder Ger\u00e4t, das mit der VictronConnect App kompatibel ist, konfiguriert, \u00fcberwacht und aktualisiert zu werden.<\/li>\n<li>Sie bietet einen schnellen \u00dcberblick \u00fcber Daten, Alarme und Benachrichtigungen, ohne dass eine physische Verbindung zum Ger\u00e4t erforderlich ist.<\/li>\n<\/ul>\n<p><strong>Fortschrittlicher elektronischer Schutz<\/strong><\/p>\n<ul>\n<li>Er verf\u00fcgt \u00fcber einen \u00dcberhitzungs-, \u00dcberlastungs- und Kurzschlussschutz.<\/li>\n<li>Bei hohen Umgebungstemperaturen reduziert der isolierte Booster 48\/48 8A automatisch die Leistung, um Sch\u00e4den zu vermeiden.<\/li>\n<\/ul>\n<p><strong>3-stufiger Ladealgorithmus<\/strong><\/p>\n<ul>\n<li>Bei Blei-S\u00e4ure-Batterien richtet sich die Absorptionszeit nach der Entladetiefe: leichte Entladungen ben\u00f6tigen weniger Zeit, Tiefentladungen mehr Zeit, um eine vollst\u00e4ndige Ladung zu gew\u00e4hrleisten.<\/li>\n<li>Bei Lithiumbatterien ist die Absorptionszeit festgelegt und sollte auf 2 Stunden eingestellt werden.<\/li>\n<\/ul>\n<p><strong>Fernsteuerung ein\/aus<\/strong><\/p>\n<ul>\n<li>Ein Fernschalter kann \u00fcber die zweiphasigen Anschl\u00fcsse angeschlossen werden, oder er kann auch manuell konfiguriert werden, indem die Klemmen zum Anschluss an den Plus- oder Minuspol der Batterie verwendet werden.<\/li>\n<\/ul>\n<p><strong>Sichere und robuste Konstruktion<\/strong><\/p>\n<ul>\n<li>Es ist IP43-gesch\u00fctzt, spritzwasser- und staubgesch\u00fctzt, wenn es mit den Anschl\u00fcssen nach unten installiert wird.<\/li>\n<li>Sorgt f\u00fcr eine automatische Trennung zwischen Haupt- und Hilfsbatterie, wenn der Motor nicht l\u00e4uft.<\/li>\n<\/ul>\n<h2>Vorteile des Victron Orion-Tr Smart<\/h2>\n<ul>\n<li>Wenn mehrere Ger\u00e4te parallel geschaltet werden, kann der Ausgangsstrom erh\u00f6ht werden. Ideal f\u00fcr gro\u00dfe Anlagen oder Anlagen mit hohem Energiebedarf.<\/li>\n<li>Intelligenter Schutz: Der isolierte Booster Orion 48\/48 8A schaltet sich automatisch ab, wenn die Eingangsspannung unter den Mindestwert f\u00e4llt, und startet wieder, wenn die Spannung wieder normal ist.<\/li>\n<li>Die isolierten Booster von Orion sind speziell f\u00fcr intelligente Lichtmaschinen in Fahrzeugen mit Euro-5- und Euro-6-Motoren konzipiert.<\/li>\n<li>Automatische Batterietrennung: Trennt automatisch die Starterbatterie und die Hilfsbatterie, wenn der Motor nicht l\u00e4uft, und verhindert so eine Entladung der Hauptbatterie.<\/li>\n<\/ul>\n<h2>Installation des Victron Orion-Tr Smart 12\/48 8A Isolierter Booster<\/h2>\n<p>Die Installation dieses victron-Boosters erfordert besondere Aufmerksamkeit f\u00fcr die Anschl\u00fcsse und die Umgebung, um eine optimale Leistung und einen sicheren Betrieb zu gew\u00e4hrleisten. Dies sind die wichtigsten Schritte und Aspekte f\u00fcr eine korrekte Installation:<\/p>\n<p><strong>1. Ort der Installation<\/strong><\/p>\n<ul>\n<li>Das Ger\u00e4t muss auf einem festen und stabilen Untergrund aufgestellt werden.<\/li>\n<li>Um einen Hitzestau zu vermeiden, muss f\u00fcr eine ausreichende Bel\u00fcftung gesorgt werden, also lassen Sie bei der Installation Platz um das Ger\u00e4t herum.<\/li>\n<li>Wenn Sie die Schutzart IP43 gegen Staub und Spritzwasser einhalten wollen, muss der Wandler mit den Schraubklemmen nach unten installiert werden.<\/li>\n<\/ul>\n<p><strong>Voraussetzungen<\/strong><\/p>\n<ul>\n<li>F\u00fcr die Schraubklemmen wird ein handels\u00fcblicher Schraubendreher ben\u00f6tigt.<\/li>\n<li>Verwenden Sie Kabel mit ausreichendem Querschnitt, um den Eingangs- und Ausgangsstrom des Ger\u00e4ts zu bew\u00e4ltigen. Ziehen Sie das Handbuch zu Rate, um die richtige Gr\u00f6\u00dfe auf der Grundlage des Abstands zwischen dem Konverter und den Batterien oder der Last zu bestimmen.<\/li>\n<li>Es wird empfohlen, eine Sicherung oder einen Schutzschalter in die Anschl\u00fcsse einzubauen, um den Booster und die Batterien zu sch\u00fctzen.<\/li>\n<\/ul>\n<p><strong>3. Eingangs- und Ausgangsanschluss<\/strong><\/p>\n<ul>\n<li>Eingang: Schlie\u00dfen Sie die Eingangsstromkabel an den Konverter an, stellen Sie sicher, dass die Eingangsspannung im Bereich von 10-17 VDC liegt. \u00dcberpr\u00fcfen Sie vor dem Anschlie\u00dfen die Polarit\u00e4t, um Sch\u00e4den am Ger\u00e4t zu vermeiden, da die Garantie keine Sch\u00e4den aufgrund von Verpolung abdeckt.<\/li>\n<li>Ausgang: Schlie\u00dfen Sie die Ausgangskabel an das 48-V-Batteriesystem oder an die entsprechende Last an. Beachten Sie immer die angegebene Polarit\u00e4t, um einen korrekten Betrieb zu gew\u00e4hrleisten.<\/li>\n<\/ul>\n<p><strong>4. Anschlie\u00dfen der Ein\/Aus-Fernbedienung<\/strong><\/p>\n<ul>\n<li>Das Ger\u00e4t verf\u00fcgt \u00fcber einen zweiphasigen Anschluss zur Steuerung des Ein- und Ausschaltens \u00fcber einen Fernschalter.<\/li>\n<li>Optional k\u00f6nnen die Klemmen H (Plus) oder L (Minus) zur Steuerung der Z\u00fcndung verwendet werden, indem sie direkt mit dem Plus- oder Minuspol der Batterie oder mit dem Fahrzeugchassis verbunden werden.<\/li>\n<\/ul>\n<p><strong>5. Erstkonfiguration mit VictronConnect<\/strong><\/p>\n<p>Das Ger\u00e4t muss entsprechend den spezifischen Anforderungen des Systems konfiguriert werden. Dies geschieht \u00fcber die VictronConnect App, die f\u00fcr Bluetooth-Ger\u00e4te verf\u00fcgbar ist.<\/p>\n<ul>\n<li>Laden Sie die App aus dem App-Shop Ihres Smartphones oder Tablets herunter.<\/li>\n<li>Schalten Sie den orion converter ein und koppeln Sie ihn per Bluetooth mit Ihrem Mobilger\u00e4t.<\/li>\n<li>Konfigurieren Sie den Ladealgorithmus entsprechend dem verwendeten Batterietyp (Blei-S\u00e4ure oder Lithium) und w\u00e4hlen Sie die Betriebsart: Batterieladeger\u00e4t oder Stromversorgung.<\/li>\n<li>\u00dcberwachung: Die Anwendung erm\u00f6glicht die Echtzeit\u00fcberwachung von Parametern wie Spannung, Strom, Ladezustand und Alarmen.<\/li>\n<\/ul>\n<p><strong>6. Endmontage<\/strong><\/p>\n<p>Wenn alle Verbindungen hergestellt sind, pr\u00fcfen Sie, ob die Kabel sicher befestigt und frei von mechanischen Spannungen sind. Sch\u00fctzen Sie schlie\u00dflich die freiliegenden Anschl\u00fcsse mit Isolierklemmen oder Gummischutzvorrichtungen.<\/p>\n<h2>Datenblatt und Bedienungsanleitung f\u00fcr Victron Orion-Tr Smart 48\/48 8A Isolierter Wandler - ORI48484838120<\/h2>\n<p><a href=\"https:\/\/fvcomponentes.com\/wp-content\/uploads\/2025\/01\/Manual-Convertidor-Victron-Orion-Tr-Smart.pdf\" target=\"_blank\" rel=\"noopener\">Sehen Sie sich die Bedienungsanleitung f\u00fcr den Victron Orion-Tr Smart 48\/48 8A isoliert Victron Konverter - ORI48484838120 an.<\/a><\/p>\n<p><a href=\"https:\/\/fvcomponentes.com\/wp-content\/uploads\/2025\/01\/Ficha-tecnica-Convertidor-Victron-Orion-Tr-Smart.pdf\" target=\"_blank\" rel=\"noopener\">Siehe das technische Datenblatt f\u00fcr Victron Orion-Tr Smart 48\/48 8A isolierter Wandler - ORI48484838120<\/a><\/p>","protected":false},"excerpt":{"rendered":"<p><span style=\"color: #ff0000\"><strong>Neuer Start.<\/strong><\/span><\/p>\n<p><strong>Eingangsspannung:<\/strong>\u00a032-70 V<br \/>\n<strong>Ausgangsspannung:<\/strong> 48,2V<br \/>\n<strong>Kontinuierlicher Ausgangsstrom:<\/strong> 8A<br \/>\n<strong>Maximaler Ausgangsstrom:<\/strong> 15A<br \/>\n<strong>Galvanische Isolierung:<\/strong>\u00a0200V DC zwischen Eingang, Ausgang und Geh\u00e4use<\/p>\n<p>Das Produktfoto dient nur zur Veranschaulichung und entspricht m\u00f6glicherweise nicht dem tats\u00e4chlichen Produkt.<\/p>","protected":false},"featured_media":22722,"comment_status":"open","ping_status":"closed","template":"","meta":{"site-sidebar-layout":"default","site-content-layout":"","ast-site-content-layout":"default","site-content-style":"default","site-sidebar-style":"default","ast-global-header-display":"","ast-banner-title-visibility":"","ast-main-header-display":"","ast-hfb-above-header-display":"","ast-hfb-below-header-display":"","ast-hfb-mobile-header-display":"","site-post-title":"","ast-breadcrumbs-content":"","ast-featured-img":"","footer-sml-layout":"","ast-disable-related-posts":"","theme-transparent-header-meta":"default","adv-header-id-meta":"","stick-header-meta":"","header-above-stick-meta":"","header-main-stick-meta":"","header-below-stick-meta":"","astra-migrate-meta-layouts":"set","ast-page-background-enabled":"default","ast-page-background-meta":{"desktop":{"background-color":"var(--ast-global-color-4)","background-image":"","background-repeat":"repeat","background-position":"center center","background-size":"auto","background-attachment":"scroll","background-type":"","background-media":"","overlay-type":"","overlay-color":"","overlay-opacity":"","overlay-gradient":""},"tablet":{"background-color":"","background-image":"","background-repeat":"repeat","background-position":"center center","background-size":"auto","background-attachment":"scroll","background-type":"","background-media":"","overlay-type":"","overlay-color":"","overlay-opacity":"","overlay-gradient":""},"mobile":{"background-color":"","background-image":"","background-repeat":"repeat","background-position":"center center","background-size":"auto","background-attachment":"scroll","background-type":"","background-media":"","overlay-type":"","overlay-color":"","overlay-opacity":"","overlay-gradient":""}},"ast-content-background-meta":{"desktop":{"background-color":"var(--ast-global-color-5)","background-image":"","background-repeat":"repeat","background-position":"center center","background-size":"auto","background-attachment":"scroll","background-type":"","background-media":"","overlay-type":"","overlay-color":"","overlay-opacity":"","overlay-gradient":""},"tablet":{"background-color":"var(--ast-global-color-5)","background-image":"","background-repeat":"repeat","background-position":"center center","background-size":"auto","background-attachment":"scroll","background-type":"","background-media":"","overlay-type":"","overlay-color":"","overlay-opacity":"","overlay-gradient":""},"mobile":{"background-color":"var(--ast-global-color-5)","background-image":"","background-repeat":"repeat","background-position":"center center","background-size":"auto","background-attachment":"scroll","background-type":"","background-media":"","overlay-type":"","overlay-color":"","overlay-opacity":"","overlay-gradient":""}}},"pwb-brand":[332],"product_brand":[],"product_cat":[965,419,865],"product_tag":[],"class_list":{"0":"post-22720","1":"product","2":"type-product","3":"status-publish","4":"has-post-thumbnail","6":"pwb-brand-victron","7":"product_cat-48v-48v","8":"product_cat-cargadores-de-baterias","9":"product_cat-convertidores","10":"desktop-align-left","11":"tablet-align-left","12":"mobile-align-left","13":"ast-product-gallery-layout-horizontal-slider","14":"ast-product-tabs-layout-horizontal","16":"first","17":"instock","18":"taxable","19":"shipping-taxable","20":"purchasable","21":"product-type-simple"},"wcpa_form_fields":null,"brands":[{"id":332,"name":"Victron Energie","slug":"victron"}],"_links":{"self":[{"href":"https:\/\/fvcomponentes.com\/de\/wp-json\/wp\/v2\/product\/22720","targetHints":{"allow":["GET"]}}],"collection":[{"href":"https:\/\/fvcomponentes.com\/de\/wp-json\/wp\/v2\/product"}],"about":[{"href":"https:\/\/fvcomponentes.com\/de\/wp-json\/wp\/v2\/types\/product"}],"replies":[{"embeddable":true,"href":"https:\/\/fvcomponentes.com\/de\/wp-json\/wp\/v2\/comments?post=22720"}],"wp:featuredmedia":[{"embeddable":true,"href":"https:\/\/fvcomponentes.com\/de\/wp-json\/wp\/v2\/media\/22722"}],"wp:attachment":[{"href":"https:\/\/fvcomponentes.com\/de\/wp-json\/wp\/v2\/media?parent=22720"}],"wp:term":[{"taxonomy":"pwb-brand","embeddable":true,"href":"https:\/\/fvcomponentes.com\/de\/wp-json\/wp\/v2\/pwb-brand?post=22720"},{"taxonomy":"product_brand","embeddable":true,"href":"https:\/\/fvcomponentes.com\/de\/wp-json\/wp\/v2\/product_brand?post=22720"},{"taxonomy":"product_cat","embeddable":true,"href":"https:\/\/fvcomponentes.com\/de\/wp-json\/wp\/v2\/product_cat?post=22720"},{"taxonomy":"product_tag","embeddable":true,"href":"https:\/\/fvcomponentes.com\/de\/wp-json\/wp\/v2\/product_tag?post=22720"}],"curies":[{"name":"wp","href":"https:\/\/api.w.org\/{rel}","templated":true}]}}