{"id":22709,"date":"2025-01-29T17:46:56","date_gmt":"2025-01-29T16:46:56","guid":{"rendered":"https:\/\/fvcomponentes.com\/?post_type=product&#038;p=22709"},"modified":"2026-04-08T21:34:02","modified_gmt":"2026-04-08T19:34:02","slug":"wandler-victron-victron-orion-tr-smart-48-24-16a-isoliert-ori482438120","status":"publish","type":"product","link":"https:\/\/fvcomponentes.com\/de\/producto\/convertidor-victron-orion-tr-smart-48-24-16a-aislado-ori482438120\/","title":{"rendered":"Victron Orion-Tr Smart 48\/24 16A isolierter Booster-Wandler - ORI482438120"},"content":{"rendered":"<h2>Victron Orion-Tr Smart 48\/24 16A isolierter Booster-Wandler - ORI482438120<\/h2>\n<p>Der Victron Orion-Tr Smart Booster Converter 48\/24 16A isoliert - ORI482438120 ist ein Ger\u00e4t, das als stabile Stromversorgung oder Batterieladeger\u00e4t mit einem dreistufigen Ladealgorithmus funktioniert. Sein Design macht es ideal f\u00fcr Fahrzeuge mit intelligenten Lichtmaschinen und Lithium-Batteriesystemen; es gew\u00e4hrleistet eine effiziente Ladung und sch\u00fctzt die Lichtmaschine vor \u00dcberladung.<\/p>\n<h2>Orion 48\/24 16A isoliert Merkmale<\/h2>\n<ul>\n<li><strong>Unterst\u00fctzt intelligente Lichtmaschinen<\/strong> (f\u00fcr Euro 5 und Euro 6 Fahrzeuge): Erkennt die Motorabschaltung ohne zus\u00e4tzliche Sensoren.<\/li>\n<li><strong>Trennung der Batterien:<\/strong> Gew\u00e4hrleistet das Laden der Zusatzbatterie, ohne die Starterbatterie zu beeintr\u00e4chtigen.<\/li>\n<li><strong>Es verf\u00fcgt \u00fcber einen umfassenden elektronischen Schutz:<\/strong> Umfasst \u00dcberlast-, Kurzschluss- und \u00dcberhitzungsschutz.<\/li>\n<li><strong>Dreistufige Aufladung:<\/strong> Anfangsladung, Absorptions- und Erhaltungsmodus zur Verl\u00e4ngerung der Batterielebensdauer.<\/li>\n<li><strong>Bluetooth-Konfiguration:<\/strong> Erm\u00f6glicht die Konfiguration und \u00dcberwachung \u00fcber die VictronConnect Anwendung.<\/li>\n<\/ul>\n<h2>Orion-Tr Smart 48\/24 16A isoliert Spezifikationen<\/h2>\n<ul>\n<li><strong>Eingangsspannungsbereich: <\/strong>32-70 V<\/li>\n<li><strong>Unterbrechung der Verbindung durch Unterspannung:<\/strong> 28 V<\/li>\n<li><strong>Unterspannungs-Reset:<\/strong> 30 V<\/li>\n<li><strong>Nennausgangsspannung: <\/strong>24.2 V<\/li>\n<li><strong>Einstellbereich der Ausgangsspannung:<\/strong> 18-30 V<\/li>\n<li><strong>Toleranz der Ausgangsspannung:<\/strong> +\/- 0,2 V<\/li>\n<li><strong>Ger\u00e4uschpegel:<\/strong> 2 mV Effektivwert<\/li>\n<li><strong>Kontinuierlicher Ausgangsstrom bei Nennausgangsspannung und 40\u00baC:<\/strong> 16 A<\/li>\n<li><strong>Maximaler Ausgangsstrom (10 s) bei Nennausgangsspannung minus 20 %:<\/strong> 25 A<\/li>\n<li><strong>Kurzschlussstrom: <\/strong>40 A<\/li>\n<li><strong>Dauerleistung bei 25 \u00b0C:<\/strong> 430 W<\/li>\n<li><strong>Dauerleistung bei 40 \u00b0C:<\/strong> 380 W<\/li>\n<li><strong>Effizienz:<\/strong> 89%<\/li>\n<li><strong>Eingangslaststrom ohne Last: <\/strong>&lt; 80mA<\/li>\n<li><strong>Strom im Ruhezustand:<\/strong> &lt; 1 mA<\/li>\n<li><strong>Verwendung als Netzger\u00e4t:<\/strong> Ja, die Ausgangsspannung kann \u00fcber Bluetooth konfiguriert werden<\/li>\n<li><strong>Galvanische Isolierung:<\/strong> 200 V zwischen Eingang, Ausgang und Geh\u00e4use<\/li>\n<li><strong>Arbeitstemperaturbereich:<\/strong> -20 bis +55 \u00b0C (Leistungsreduzierung von 3 % f\u00fcr jedes \u00b0C \u00fcber 40 \u00b0C)<\/li>\n<li><strong>Luftfeuchtigkeit:<\/strong> Max. 95 % nicht kondensierend<\/li>\n<li><strong>DC-Anschluss:<\/strong> Schraubklemmen<\/li>\n<li><strong>Maximaler Kabelquerschnitt:<\/strong> 16 mm\u00b2 (AWG6)<\/li>\n<li><strong>Gewicht:<\/strong> 1,6 kg<\/li>\n<li><strong>Abmessungen:<\/strong> 130 x 186 x 70 mm<\/li>\n<li><strong>Schutzgrad:<\/strong>\n<ul>\n<li>Elektronische Bauteile: IP43<\/li>\n<li>Anschlussbereich: IP22<\/li>\n<\/ul>\n<\/li>\n<\/ul>\n<h2>Installation und Konfiguration<\/h2>\n<p><strong>Montage<\/strong><\/p>\n<ul>\n<li>Auf einer nicht brennbaren Oberfl\u00e4che installieren.<\/li>\n<li>Installieren Sie das Ger\u00e4t vertikal und mit ausreichend Platz um das Ger\u00e4t herum, um eine ausreichende Bel\u00fcftung zu gew\u00e4hrleisten.<\/li>\n<li>Es darf nicht auf die Batterie gelegt werden, um Sch\u00e4den durch Ladegase zu vermeiden.<\/li>\n<\/ul>\n<p><strong>Verkabelung und Sicherungen<\/strong><\/p>\n<ul>\n<li>Verwenden Sie flexible, mehrdr\u00e4htige Kupferkabel.<\/li>\n<li>Beachten Sie die Empfehlungen f\u00fcr den Kabelquerschnitt entsprechend dem Abstand zwischen den Batterien.<\/li>\n<li>Installieren Sie eine dem Ger\u00e4t entsprechende Sicherung, um die Anlage zu sch\u00fctzen.<\/li>\n<\/ul>\n<p><strong>Batterieanschluss<\/strong><\/p>\n<ul>\n<li>Pr\u00fcfen Sie vor dem Anschlie\u00dfen die Polarit\u00e4t. Sch\u00e4den, die durch Verpolung verursacht werden, fallen nicht unter die Garantie.<\/li>\n<li>Stellen Sie den Betriebsmodus (Stromversorgung oder Ladeger\u00e4t) in der VictronConnect Anwendung ein.<\/li>\n<li>Schlie\u00dfen Sie den Ein-\/Aus-Eingang der Fernbedienung an, wenn eine externe Steuerung gew\u00fcnscht wird.<\/li>\n<\/ul>\n<h2>Booster 48\/24 16A LED-Anzeigen<\/h2>\n<p>Das Ger\u00e4t verf\u00fcgt \u00fcber zwei LEDs zur einfachen \u00dcberwachung:<\/p>\n<ul>\n<li>Gr\u00fcne LED (Status):\n<ul>\n<li>Ein: Ausgang aktiv oder Akku geladen.<\/li>\n<li>Blinkt: Akku wird aufgeladen.<\/li>\n<li>Aus: Keine Eingangsleistung oder Fernabschaltung.<\/li>\n<\/ul>\n<\/li>\n<li>Blaue LED (Bluetooth):\n<ul>\n<li>Schnelles Blinken: Verbindung mit Bluetooth hergestellt.<\/li>\n<li>Langsames Blinken: Wartet auf Verbindung.<\/li>\n<\/ul>\n<\/li>\n<\/ul>\n<h2>Fehlersuche<\/h2>\n<p><strong>Ladeger\u00e4t l\u00e4sst sich nicht einschalten<\/strong><\/p>\n<ul>\n<li>\u00dcberpr\u00fcfen Sie die Sicherungen und alle Kabelanschl\u00fcsse.<\/li>\n<li>Pr\u00fcfen Sie, ob die Eingangsspannung innerhalb des empfohlenen Bereichs liegt.<\/li>\n<li>Vergewissern Sie sich, dass die Ferneinschaltverbindung aktiviert ist.<\/li>\n<\/ul>\n<p><strong>Der Akku wird nicht geladen<\/strong><\/p>\n<ul>\n<li>\u00dcberpr\u00fcfen Sie die Parametereinstellungen in der VictronConnect App.<\/li>\n<li>Pr\u00fcfen Sie, ob die Eingangsspannung blockiert ist.<\/li>\n<li>Pr\u00fcfen Sie, ob die Erkennung der Motorabschaltung die Last nicht deaktiviert.<\/li>\n<\/ul>\n<p><strong>Bluetooth-Probleme<\/strong><\/p>\n<ul>\n<li>Stellen Sie sicher, dass Bluetooth in den Einstellungen aktiviert ist.<\/li>\n<li>Starten Sie das Ger\u00e4t neu, wenn es nicht in der Anwendung erscheint.<\/li>\n<\/ul>\n<p><strong>H\u00e4ufige Fehlercodes<\/strong><\/p>\n<ul>\n<li>Fehler 2: Batteriespannung zu hoch.<\/li>\n<li>Fehler 26: Terminal \u00fcberhitzt.<\/li>\n<li>Fehler 27: Kurzschluss am Ausgang.<\/li>\n<li>Fehler 119: Konfigurationsdaten verloren, erfordert Neustart und Neukonfiguration.<\/li>\n<\/ul>\n<h2>Verwendung der VictronConnect Anwendung<\/h2>\n<p>Die VictronConnect Anwendung erm\u00f6glicht:<\/p>\n<ul>\n<li>Konfigurieren und \u00fcberwachen Sie den victron-Booster drahtlos.<\/li>\n<li>Einstellen der Lademodi und der Erkennung der Motorabschaltung.<\/li>\n<li>Anzeige von Echtzeitdaten und Batteriestatus.<\/li>\n<li>Aktualisieren Sie die Firmware des Ger\u00e4ts.<\/li>\n<\/ul>\n<h2>Betriebsmodi Victron Orion-Tr Smart 48\/24 16A Trennwandler Victron Orion-Tr Smart 48\/24 16A Trennwandler<\/h2>\n<ul>\n<li><strong>Ladeger\u00e4t-Modus:<\/strong> Es regelt die Batterieladung mit Hilfe eines dreistufigen Algorithmus.<\/li>\n<li><strong>Stromversorgungsmodus:<\/strong> Bietet eine stabile Ausgangsspannung unabh\u00e4ngig von Eingangsschwankungen.<\/li>\n<li><strong>Automatischer Modus:<\/strong> Schaltet je nach Bedarf des Systems zwischen den oben genannten Modi um.<\/li>\n<\/ul>\n<h2>Wartung und Empfehlungen<\/h2>\n<ul>\n<li>Reinigung: Frei von Staub und Schmutz halten, um \u00dcberhitzung zu vermeiden.<\/li>\n<li>\u00dcberpr\u00fcfung der Anschl\u00fcsse: Pr\u00fcfen Sie regelm\u00e4\u00dfig, ob Kabel und Sicherungen in gutem Zustand sind.<\/li>\n<li>Firmware-Update: Verwenden Sie VictronConnect, um das System auf dem neuesten Stand zu halten. Dies macht das System effizienter.<\/li>\n<li>Leistungstest: \u00dcberwachen Sie die Leistung unter Last, um die Stabilit\u00e4t zu \u00fcberpr\u00fcfen.<\/li>\n<\/ul>\n<h2>48\/24 16A Booster Sicherheit und Vorschriften<\/h2>\n<ul>\n<li>Kurzschlussschutz: Das Ger\u00e4t ist so konzipiert, dass es bei einem Stromausfall keine Sch\u00e4den verursacht.<\/li>\n<li>Einhaltung von Vorschriften: Victron-Ger\u00e4te entsprechen den internationalen Sicherheits- und Effizienzstandards.<\/li>\n<li>Empfehlungen f\u00fcr den Gebrauch: Vermeiden Sie eine \u00dcberladung und \u00fcberpr\u00fcfen Sie regelm\u00e4\u00dfig den Zustand des Akkus.<\/li>\n<li>Betriebstemperatur: Verwenden Sie das Ger\u00e4t nicht, wenn die Temperatur au\u00dferhalb des empfohlenen Bereichs liegt.<\/li>\n<\/ul>\n<h2>Gemeinsame Anwendungen<\/h2>\n<ul>\n<li>Wohnmobile und Reisemobile: Ideal f\u00fcr mobile elektrische Anlagen.<\/li>\n<li>Boote: Bietet eine stabile Stromversorgung f\u00fcr Schiffsausr\u00fcstung.<\/li>\n<li>Netzunabh\u00e4ngige Solarsysteme: Erm\u00f6glicht die Integration von Zusatzbatterien in netzunabh\u00e4ngige Systeme.<\/li>\n<li>Gewerbliche Flotten: N\u00fctzlich f\u00fcr Lkw und Arbeitsfahrzeuge mit mehreren Batterien.<\/li>\n<\/ul>\n<h2>Victron Orion-Tr Smart 48\/24 16A isolierter Booster-Wandler - ORI482438120<\/h2>\n<p><a href=\"https:\/\/fvcomponentes.com\/wp-content\/uploads\/2025\/01\/Ficha-tecnica-Convertidor-Victron-Orion-Tr-Smart.pdf\" target=\"_blank\" rel=\"noopener\">Sehen Sie das Datenblatt des Wechselrichters Victron Orion-Tr Smart 48\/24 16A isoliert - ORI482438120<\/a><\/p>\n<p><a href=\"https:\/\/fvcomponentes.com\/wp-content\/uploads\/2025\/01\/Manual-Convertidor-Victron-Orion-Tr-Smart.pdf\" target=\"_blank\" rel=\"noopener\">Sehen Sie sich das Handbuch f\u00fcr den Victron Orion-Tr Smart 48\/24 16A Isolated Victron Converter - ORI482438120 an.<\/a><\/p>","protected":false},"excerpt":{"rendered":"<p><span style=\"color: #ff0000\"><strong>Neuer Start.\u00a0<\/strong><\/span><\/p>\n<p><strong>Eingangsspannung:<\/strong> 32-70 V<br \/>\n<strong>Ausgangsspannung:<\/strong> 24,2V<br \/>\n<strong>Kontinuierlicher Ausgangsstrom:<\/strong> 16A<br \/>\n<strong>Maximaler Ausgangsstrom:<\/strong> 25A<br \/>\n<strong>Galvanische Isolierung:<\/strong> 200V DC zwischen Eingang, Ausgang und Geh\u00e4use<\/p>\n<p>Das Produktfoto dient nur zur Veranschaulichung und entspricht m\u00f6glicherweise nicht dem tats\u00e4chlichen Produkt.<\/p>","protected":false},"featured_media":22718,"comment_status":"open","ping_status":"closed","template":"","meta":{"site-sidebar-layout":"default","site-content-layout":"","ast-site-content-layout":"default","site-content-style":"default","site-sidebar-style":"default","ast-global-header-display":"","ast-banner-title-visibility":"","ast-main-header-display":"","ast-hfb-above-header-display":"","ast-hfb-below-header-display":"","ast-hfb-mobile-header-display":"","site-post-title":"","ast-breadcrumbs-content":"","ast-featured-img":"","footer-sml-layout":"","ast-disable-related-posts":"","theme-transparent-header-meta":"default","adv-header-id-meta":"","stick-header-meta":"","header-above-stick-meta":"","header-main-stick-meta":"","header-below-stick-meta":"","astra-migrate-meta-layouts":"set","ast-page-background-enabled":"default","ast-page-background-meta":{"desktop":{"background-color":"var(--ast-global-color-4)","background-image":"","background-repeat":"repeat","background-position":"center center","background-size":"auto","background-attachment":"scroll","background-type":"","background-media":"","overlay-type":"","overlay-color":"","overlay-opacity":"","overlay-gradient":""},"tablet":{"background-color":"","background-image":"","background-repeat":"repeat","background-position":"center center","background-size":"auto","background-attachment":"scroll","background-type":"","background-media":"","overlay-type":"","overlay-color":"","overlay-opacity":"","overlay-gradient":""},"mobile":{"background-color":"","background-image":"","background-repeat":"repeat","background-position":"center center","background-size":"auto","background-attachment":"scroll","background-type":"","background-media":"","overlay-type":"","overlay-color":"","overlay-opacity":"","overlay-gradient":""}},"ast-content-background-meta":{"desktop":{"background-color":"var(--ast-global-color-5)","background-image":"","background-repeat":"repeat","background-position":"center center","background-size":"auto","background-attachment":"scroll","background-type":"","background-media":"","overlay-type":"","overlay-color":"","overlay-opacity":"","overlay-gradient":""},"tablet":{"background-color":"var(--ast-global-color-5)","background-image":"","background-repeat":"repeat","background-position":"center center","background-size":"auto","background-attachment":"scroll","background-type":"","background-media":"","overlay-type":"","overlay-color":"","overlay-opacity":"","overlay-gradient":""},"mobile":{"background-color":"var(--ast-global-color-5)","background-image":"","background-repeat":"repeat","background-position":"center center","background-size":"auto","background-attachment":"scroll","background-type":"","background-media":"","overlay-type":"","overlay-color":"","overlay-opacity":"","overlay-gradient":""}}},"pwb-brand":[332],"product_brand":[],"product_cat":[964,419,865],"product_tag":[],"class_list":{"0":"post-22709","1":"product","2":"type-product","3":"status-publish","4":"has-post-thumbnail","6":"pwb-brand-victron","7":"product_cat-48v-24v","8":"product_cat-cargadores-de-baterias","9":"product_cat-convertidores","10":"desktop-align-left","11":"tablet-align-left","12":"mobile-align-left","13":"ast-product-gallery-layout-horizontal-slider","14":"ast-product-tabs-layout-horizontal","16":"first","17":"instock","18":"taxable","19":"shipping-taxable","20":"purchasable","21":"product-type-simple"},"wcpa_form_fields":null,"brands":[{"id":332,"name":"Victron Energie","slug":"victron"}],"_links":{"self":[{"href":"https:\/\/fvcomponentes.com\/de\/wp-json\/wp\/v2\/product\/22709","targetHints":{"allow":["GET"]}}],"collection":[{"href":"https:\/\/fvcomponentes.com\/de\/wp-json\/wp\/v2\/product"}],"about":[{"href":"https:\/\/fvcomponentes.com\/de\/wp-json\/wp\/v2\/types\/product"}],"replies":[{"embeddable":true,"href":"https:\/\/fvcomponentes.com\/de\/wp-json\/wp\/v2\/comments?post=22709"}],"wp:featuredmedia":[{"embeddable":true,"href":"https:\/\/fvcomponentes.com\/de\/wp-json\/wp\/v2\/media\/22718"}],"wp:attachment":[{"href":"https:\/\/fvcomponentes.com\/de\/wp-json\/wp\/v2\/media?parent=22709"}],"wp:term":[{"taxonomy":"pwb-brand","embeddable":true,"href":"https:\/\/fvcomponentes.com\/de\/wp-json\/wp\/v2\/pwb-brand?post=22709"},{"taxonomy":"product_brand","embeddable":true,"href":"https:\/\/fvcomponentes.com\/de\/wp-json\/wp\/v2\/product_brand?post=22709"},{"taxonomy":"product_cat","embeddable":true,"href":"https:\/\/fvcomponentes.com\/de\/wp-json\/wp\/v2\/product_cat?post=22709"},{"taxonomy":"product_tag","embeddable":true,"href":"https:\/\/fvcomponentes.com\/de\/wp-json\/wp\/v2\/product_tag?post=22709"}],"curies":[{"name":"wp","href":"https:\/\/api.w.org\/{rel}","templated":true}]}}