{"id":22699,"date":"2025-01-29T11:38:28","date_gmt":"2025-01-29T10:38:28","guid":{"rendered":"https:\/\/fvcomponentes.com\/?post_type=product&#038;p=22699"},"modified":"2026-01-15T10:08:42","modified_gmt":"2026-01-15T09:08:42","slug":"wandler-victron-orion-tr-smart-48-12-30a-isoliert-ori481238120","status":"publish","type":"product","link":"https:\/\/fvcomponentes.com\/de\/producto\/convertidor-victron-orion-tr-smart-48-12-30a-aislado-ori481238120\/","title":{"rendered":"Victron Orion-Tr Smart 48\/12 30A isolierter Booster-Wandler - ORI481238120"},"content":{"rendered":"<p><span style=\"color: #ff0000\"><strong>Neuer Start.\u00a0<\/strong><\/span><\/p>\n<h2>Eigenschaften des Victron Orion-Tr Smart 48\/12 30A Isolierter Wandler - ORI481238120<\/h2>\n<p><strong>Bluetooth Smart Verbindung<\/strong><\/p>\n<ul>\n<li>\u00dcbernehmen Sie die Steuerung von Ihrem Mobilger\u00e4t aus: Mit der VictronConnect App k\u00f6nnen Sie das Ger\u00e4t von jedem Smartphone aus konfigurieren, \u00fcberwachen und aktualisieren, ohne dass eine physische Verbindung zum Ger\u00e4t besteht.<\/li>\n<li>Zugang zu Echtzeit-Informationen: Systemdaten k\u00f6nnen \u00fcberpr\u00fcft werden, Benachrichtigungen und Alarme k\u00f6nnen drahtlos empfangen werden.<\/li>\n<\/ul>\n<p><strong>Orion-Tr Smart 48\/12 30A isoliert: Flexible und anpassungsf\u00e4hige Konfiguration<\/strong><\/p>\n<ul>\n<li>Programmierbarer Algorithmus: Der Orion-Tr Smart Booster erm\u00f6glicht es Ihnen, den Ladealgorithmus anzupassen oder eine feste Ausgangsspannung einzustellen, um sich an unterschiedliche Systemanforderungen anzupassen.<\/li>\n<li>Kompatibilit\u00e4t mit intelligenten Lichtmaschinen (Euro 5 und Euro 6 Fahrzeuge): Erkennt automatisch, ob der Motor l\u00e4uft und optimiert den Betrieb entsprechend den Betriebsbedingungen.<\/li>\n<\/ul>\n<p><strong>3-stufiger Ladealgorithmus<\/strong><\/p>\n<ul>\n<li>Blei-S\u00e4ure-Batterien: Passen Sie die Absorptionszeit an die Entladetiefe an: f\u00fcr eine geringe Ladung ist weniger Zeit erforderlich, w\u00e4hrend f\u00fcr eine Tiefentladung eine l\u00e4ngere Absorptionszeit erforderlich ist, um eine vollst\u00e4ndige Ladung zu gew\u00e4hrleisten.<\/li>\n<li>Lithiumbatterien: Sie haben eine feste Absorptionszeit von 2 Stunden und gew\u00e4hrleisten so eine konstante Leistung.<\/li>\n<\/ul>\n<p><strong>Fortschrittlicher elektronischer Schutz des Orion 48\/12 30A isoliert<\/strong><\/p>\n<ul>\n<li>Umfassender Schutz: Bietet Sicherheit vor \u00dcberhitzung, \u00dcberlastung und Kurzschl\u00fcssen.<\/li>\n<li>W\u00e4rmemanagement: Reduziert automatisch die Leistung bei hohen Temperaturen, um Sch\u00e4den zu vermeiden.<\/li>\n<\/ul>\n<p><strong>Fernsteuerung ein\/aus<\/strong><\/p>\n<ul>\n<li>Erm\u00f6glicht den Anschluss eines Fernschalters \u00fcber zweiphasige Anschl\u00fcsse.<\/li>\n<li>Er kann auch manuell \u00fcber die Klemmen konfiguriert werden, die mit dem Plus- oder Minuspol der Batterie verbunden sind.<\/li>\n<\/ul>\n<p><strong>Robuste und sichere Konstruktion<\/strong><\/p>\n<ul>\n<li>IP43-Zertifizierung: Bietet Schutz vor Spritzwasser und Staub, wenn das Ger\u00e4t mit den Anschl\u00fcssen nach unten installiert wird.<\/li>\n<li>Batteriemanagement: Sorgt f\u00fcr eine automatische Trennung zwischen Haupt- und Hilfsbatterie, wenn der Motor nicht l\u00e4uft, und vermeidet so unn\u00f6tige Entladungen.<\/li>\n<\/ul>\n<h2>Orion-Tr Smart 48\/12 30A Isolierter Wandler Spezifikationen<\/h2>\n<ul>\n<li><strong>Eingangsspannungsbereich: <\/strong>32-70 V<\/li>\n<li><strong>Unterbrechung der Verbindung durch Unterspannung:<\/strong> 28 V<\/li>\n<li><strong>Unterspannungs-Reset:<\/strong> 30 V<\/li>\n<li><strong>Nennausgangsspannung: <\/strong>12.2 V<\/li>\n<li><strong>Einstellbereich der Ausgangsspannung:<\/strong> 10-15 V<\/li>\n<li><strong>Toleranz der Ausgangsspannung:<\/strong> +\/- 0,2 V<\/li>\n<li><strong>Ger\u00e4uschpegel:<\/strong> 2 mV Effektivwert<\/li>\n<li><strong>Kontinuierlicher Ausgangsstrom bei Nennausgangsspannung und 40\u00baC:<\/strong> 30 A<\/li>\n<li><strong>Maximaler Ausgangsstrom (10 s) bei Nennausgangsspannung minus 20 %:<\/strong> 40 A<\/li>\n<li><strong>Kurzschlussstrom: <\/strong>60 A<\/li>\n<li><strong>Dauerleistung bei 25 \u00b0C:<\/strong> 430 W<\/li>\n<li><strong>Dauerleistung bei 40 \u00b0C:<\/strong> 360 W<\/li>\n<li><strong>Effizienz:<\/strong> 87%<\/li>\n<li><strong>Eingangslaststrom ohne Last: <\/strong>&lt; 80mA<\/li>\n<li><strong>Strom im Ruhezustand:<\/strong> &lt; 1 mA<\/li>\n<li><strong>Verwendung als Netzger\u00e4t:<\/strong> Ja, die Ausgangsspannung kann \u00fcber Bluetooth konfiguriert werden<\/li>\n<li><strong>Galvanische Isolierung:<\/strong> 200 V zwischen Eingang, Ausgang und Geh\u00e4use<\/li>\n<li><strong>Arbeitstemperaturbereich:<\/strong> -20 bis +55 \u00b0C (Leistungsreduzierung von 3 % f\u00fcr jedes \u00b0C \u00fcber 40 \u00b0C)<\/li>\n<li><strong>Luftfeuchtigkeit:<\/strong> Max. 95 % nicht kondensierend<\/li>\n<li><strong>DC-Anschluss:<\/strong> Schraubklemmen<\/li>\n<li><strong>Maximaler Kabelquerschnitt:<\/strong> 16 mm\u00b2 (AWG6)<\/li>\n<li><strong>Gewicht:<\/strong> 1,8 kg<\/li>\n<li><strong>Abmessungen:<\/strong> 130 x 186 x 80 mm<\/li>\n<li><strong>Schutzgrad:<\/strong>\n<ul>\n<li>Elektronische Bauteile: IP43<\/li>\n<li>Anschlussbereich: IP22<\/li>\n<\/ul>\n<\/li>\n<\/ul>\n<h2>Orion-Tr Smart 48\/12 30A isolierte Installation<\/h2>\n<h3>Booster-Montage<\/h3>\n<p>F\u00fcr eine sichere und effiziente Installation wird dies empfohlen:<\/p>\n<ul>\n<li>Montieren Sie den Konverter vertikal auf einer nicht brennbaren Oberfl\u00e4che.<\/li>\n<li>Halten Sie einen Abstand von 10 cm \u00fcber und unter dem Ger\u00e4t ein, um eine ausreichende Bel\u00fcftung zu gew\u00e4hrleisten.<\/li>\n<li>Platzieren Sie ihn in der N\u00e4he der Batterie, aber nicht direkt auf ihr.<\/li>\n<\/ul>\n<h3>Anschluss und Verkabelung<\/h3>\n<ul>\n<li>Verwenden Sie flexible, mehrdr\u00e4htige Kupferkabel, die vom Hersteller empfohlen werden.<\/li>\n<li>\u00dcberpr\u00fcfen Sie die Polarit\u00e4t, bevor Sie die Batterie anschlie\u00dfen, da ein verkehrter Anschluss das Ger\u00e4t besch\u00e4digen kann und nicht von der Garantie abgedeckt ist.<\/li>\n<li>Vergewissern Sie sich, dass die Kabel richtig befestigt sind, damit es nicht zu Fehlkontakten und \u00dcberhitzungen kommt.<\/li>\n<\/ul>\n<h3>Betriebsmodi<\/h3>\n<p>Das Victron Orion-Tr Smart hat zwei Hauptmodi:<\/p>\n<ul>\n<li>Stromversorgungsmodus: Sorgt f\u00fcr einen stabilen Ausgang unabh\u00e4ngig von Eingangsschwankungen.<\/li>\n<li>Lademodus: Erm\u00f6glicht einen dreistufigen Ladeprozess (Bulk, Absorption und Float) und optimiert so die Batterieleistung.<\/li>\n<\/ul>\n<h3>Fernsteuerung ein\/aus<\/h3>\n<p>Der Konverter kann aus der Ferne ein- oder ausgeschaltet werden:<\/p>\n<ul>\n<li>Ein externer Schalter zwischen den Stiften L und H.<\/li>\n<li>Anschluss an ein Batteriemanagementsystem (BMS).<\/li>\n<\/ul>\n<h3>Erkennung von Motorabschaltungen<\/h3>\n<p>Der Orion-Tr Smart verf\u00fcgt \u00fcber ein System zur Erkennung der Motorabschaltung, damit die Servicebatterie nicht entladen wird, wenn der Motor ausgeschaltet ist. Sein Betrieb basiert auf:<\/p>\n<ul>\n<li>\u00dcberwachung der Lichtmaschinenspannung: Erkennt durch Messung der Spannungsschwankung, ob der Motor l\u00e4uft.<\/li>\n<li>Konfiguriertes Timeout: Der Beginn des Ladevorgangs kann nach dem Anlassen des Motors verz\u00f6gert werden.<\/li>\n<li>Abschalthysterese: Vermeidet ein st\u00e4ndiges Ein- und Ausschalten bei Spannungsschwankungen.<\/li>\n<\/ul>\n<h3>Fehlersuche<\/h3>\n<p>Einige h\u00e4ufige Probleme, die auftreten k\u00f6nnen, sind:<\/p>\n<p><strong>1. Ladeger\u00e4t l\u00e4sst sich nicht einschalten<\/strong><\/p>\n<ul>\n<li>Sicherungen und Batterieanschl\u00fcsse pr\u00fcfen.<\/li>\n<li>Die Eingangsspannung muss innerhalb des empfohlenen Bereichs liegen.<\/li>\n<li>Vergewissern Sie sich, dass die Fern-Ein\/Aus-Verbindung funktioniert.<\/li>\n<li>Wenn das Ger\u00e4t mit umgekehrter Polarit\u00e4t angeschlossen wurde, kann es besch\u00e4digt worden sein.<\/li>\n<\/ul>\n<p><strong>2. Der Akku wird nicht geladen<\/strong><\/p>\n<ul>\n<li>\u00dcberpr\u00fcfen Sie, ob der Lademodus in VictronConnect aktiviert ist.<\/li>\n<li>\u00dcberpr\u00fcfen Sie die Einstellungen f\u00fcr Absorption und Erhaltungsspannung.<\/li>\n<li>Pr\u00fcfen Sie, ob die Last nicht blockiert wird:\n<ul>\n<li>Durch Erkennung einer Motorabschaltung.<\/li>\n<li>Das BMS k\u00f6nnte es blockieren.<\/li>\n<\/ul>\n<\/li>\n<\/ul>\n<p><strong>3. Probleme mit der Bluetooth-Verbindung<\/strong><\/p>\n<ul>\n<li>Stellen Sie sicher, dass Bluetooth auf dem Konverter aktiviert ist.<\/li>\n<li>Wenn die blaue LED alle 0,8 Sekunden blinkt, wurde bereits ein anderes Ger\u00e4t gepaart.<\/li>\n<li>Setzen Sie den Konverter zur\u00fcck, indem Sie ihn f\u00fcr einige Sekunden von der Batterie trennen.<\/li>\n<\/ul>\n<h2>Datenblatt und Bedienungsanleitung f\u00fcr Victron Orion-Tr Smart 48\/12 30A Isolierter Wandler - ORI481238120<\/h2>\n<p><a href=\"https:\/\/fvcomponentes.com\/wp-content\/uploads\/2025\/01\/Ficha-tecnica-Convertidor-Victron-Orion-Tr-Smart.pdf\" target=\"_blank\" rel=\"noopener\">Siehe das technische Datenblatt f\u00fcr Victron Orion-Tr Smart 48\/12 30A isolierter Wandler - ORI481238120<\/a><\/p>\n<p><a href=\"https:\/\/fvcomponentes.com\/wp-content\/uploads\/2025\/01\/Manual-Convertidor-Victron-Orion-Tr-Smart.pdf\" target=\"_blank\" rel=\"noopener\">Sehen Sie sich das Handbuch f\u00fcr den Victron Orion-Tr Smart 48\/12 30A Isolierter Wandler - ORI481238120 an.<\/a><\/p>","protected":false},"excerpt":{"rendered":"<p><span style=\"color: #ff0000\"><strong>Neuer Start.<\/strong><\/span><\/p>\n<p><strong>Eingangsspannung:<\/strong> 32-70 V<br \/>\n<strong>Ausgangsspannung:<\/strong> 12,2V<br \/>\n<strong>Kontinuierlicher Ausgangsstrom:<\/strong> 30A<br \/>\n<strong>Maximaler Ausgangsstrom:<\/strong> 40A<br \/>\n<strong>Galvanische Isolierung:<\/strong> 200V DC zwischen Eingang, Ausgang und Geh\u00e4use<\/p>\n<p>Das Produktfoto dient nur zur Veranschaulichung und entspricht m\u00f6glicherweise nicht dem tats\u00e4chlichen Produkt.<\/p>","protected":false},"featured_media":32271,"comment_status":"open","ping_status":"closed","template":"","meta":{"site-sidebar-layout":"default","site-content-layout":"","ast-site-content-layout":"default","site-content-style":"default","site-sidebar-style":"default","ast-global-header-display":"","ast-banner-title-visibility":"","ast-main-header-display":"","ast-hfb-above-header-display":"","ast-hfb-below-header-display":"","ast-hfb-mobile-header-display":"","site-post-title":"","ast-breadcrumbs-content":"","ast-featured-img":"","footer-sml-layout":"","ast-disable-related-posts":"","theme-transparent-header-meta":"default","adv-header-id-meta":"","stick-header-meta":"","header-above-stick-meta":"","header-main-stick-meta":"","header-below-stick-meta":"","astra-migrate-meta-layouts":"set","ast-page-background-enabled":"default","ast-page-background-meta":{"desktop":{"background-color":"var(--ast-global-color-4)","background-image":"","background-repeat":"repeat","background-position":"center center","background-size":"auto","background-attachment":"scroll","background-type":"","background-media":"","overlay-type":"","overlay-color":"","overlay-opacity":"","overlay-gradient":""},"tablet":{"background-color":"","background-image":"","background-repeat":"repeat","background-position":"center center","background-size":"auto","background-attachment":"scroll","background-type":"","background-media":"","overlay-type":"","overlay-color":"","overlay-opacity":"","overlay-gradient":""},"mobile":{"background-color":"","background-image":"","background-repeat":"repeat","background-position":"center center","background-size":"auto","background-attachment":"scroll","background-type":"","background-media":"","overlay-type":"","overlay-color":"","overlay-opacity":"","overlay-gradient":""}},"ast-content-background-meta":{"desktop":{"background-color":"var(--ast-global-color-5)","background-image":"","background-repeat":"repeat","background-position":"center center","background-size":"auto","background-attachment":"scroll","background-type":"","background-media":"","overlay-type":"","overlay-color":"","overlay-opacity":"","overlay-gradient":""},"tablet":{"background-color":"var(--ast-global-color-5)","background-image":"","background-repeat":"repeat","background-position":"center center","background-size":"auto","background-attachment":"scroll","background-type":"","background-media":"","overlay-type":"","overlay-color":"","overlay-opacity":"","overlay-gradient":""},"mobile":{"background-color":"var(--ast-global-color-5)","background-image":"","background-repeat":"repeat","background-position":"center center","background-size":"auto","background-attachment":"scroll","background-type":"","background-media":"","overlay-type":"","overlay-color":"","overlay-opacity":"","overlay-gradient":""}}},"pwb-brand":[332],"product_brand":[],"product_cat":[963,419,865],"product_tag":[],"class_list":{"0":"post-22699","1":"product","2":"type-product","3":"status-publish","4":"has-post-thumbnail","6":"pwb-brand-victron","7":"product_cat-48v-12v","8":"product_cat-cargadores-de-baterias","9":"product_cat-convertidores","10":"desktop-align-left","11":"tablet-align-left","12":"mobile-align-left","13":"ast-product-gallery-layout-horizontal-slider","14":"ast-product-tabs-layout-horizontal","16":"first","17":"instock","18":"taxable","19":"shipping-taxable","20":"purchasable","21":"product-type-simple"},"wcpa_form_fields":null,"brands":[{"id":332,"name":"Victron Energie","slug":"victron"}],"_links":{"self":[{"href":"https:\/\/fvcomponentes.com\/de\/wp-json\/wp\/v2\/product\/22699","targetHints":{"allow":["GET"]}}],"collection":[{"href":"https:\/\/fvcomponentes.com\/de\/wp-json\/wp\/v2\/product"}],"about":[{"href":"https:\/\/fvcomponentes.com\/de\/wp-json\/wp\/v2\/types\/product"}],"replies":[{"embeddable":true,"href":"https:\/\/fvcomponentes.com\/de\/wp-json\/wp\/v2\/comments?post=22699"}],"wp:featuredmedia":[{"embeddable":true,"href":"https:\/\/fvcomponentes.com\/de\/wp-json\/wp\/v2\/media\/32271"}],"wp:attachment":[{"href":"https:\/\/fvcomponentes.com\/de\/wp-json\/wp\/v2\/media?parent=22699"}],"wp:term":[{"taxonomy":"pwb-brand","embeddable":true,"href":"https:\/\/fvcomponentes.com\/de\/wp-json\/wp\/v2\/pwb-brand?post=22699"},{"taxonomy":"product_brand","embeddable":true,"href":"https:\/\/fvcomponentes.com\/de\/wp-json\/wp\/v2\/product_brand?post=22699"},{"taxonomy":"product_cat","embeddable":true,"href":"https:\/\/fvcomponentes.com\/de\/wp-json\/wp\/v2\/product_cat?post=22699"},{"taxonomy":"product_tag","embeddable":true,"href":"https:\/\/fvcomponentes.com\/de\/wp-json\/wp\/v2\/product_tag?post=22699"}],"curies":[{"name":"wp","href":"https:\/\/api.w.org\/{rel}","templated":true}]}}