{"id":22575,"date":"2025-01-23T18:26:45","date_gmt":"2025-01-23T17:26:45","guid":{"rendered":"https:\/\/fvcomponentes.com\/?post_type=product&#038;p=22575"},"modified":"2026-04-08T21:33:59","modified_gmt":"2026-04-08T19:33:59","slug":"wandler-victron-victron-orion-tr-smart-24-48-8-5a-isoliert-ori244840120","status":"publish","type":"product","link":"https:\/\/fvcomponentes.com\/de\/producto\/convertidor-victron-orion-tr-smart-24-48-8-5a-aislado-ori244840120\/","title":{"rendered":"Victron Orion-Tr Smart 24\/48 8,5A isolierter Booster-Wandler - ORI244840120"},"content":{"rendered":"<h2>Eigenschaften des Victron Orion-Tr Smart Converter 24\/48 8.5A isoliert - ORI244840120<\/h2>\n<p>Der Victron Orion-Tr Smart 12\/48 8A isoliert - ORI124838120 ist ein DC-DC-Wandler, der als Batterieladeger\u00e4t oder Stromversorgung dient. Dank seines optimierten Ladealgorithmus ist er perfekt f\u00fcr die Verl\u00e4ngerung der Batterielebensdauer geeignet. Er eignet sich auch f\u00fcr den Einsatz in Fahrzeugen mit intelligenten Lichtmaschinen, wie z.B. Euro 5 und Euro 6 Motoren.<\/p>\n<h2>Orion 24\/48 8.5A isolierter Booster Spezifikationen<\/h2>\n<ul>\n<li><strong>Eingangsspannungsbereich: <\/strong>16-35 V<\/li>\n<li><strong>Unterbrechung der Verbindung durch Unterspannung:<\/strong> 14 V<\/li>\n<li><strong>Unterspannungs-Reset:<\/strong> 15 V<\/li>\n<li><strong>Nennausgangsspannung: <\/strong>48.2 V<\/li>\n<li><strong>Einstellbereich der Ausgangsspannung:<\/strong> 40-60 V<\/li>\n<li><strong>Toleranz der Ausgangsspannung:<\/strong> +\/- 0,2 V<\/li>\n<li><strong>Ger\u00e4uschpegel:<\/strong> 2 mV Effektivwert<\/li>\n<li><strong>Kontinuierlicher Ausgangsstrom bei Nennausgangsspannung und 40\u00baC:<\/strong> 8,5 A<\/li>\n<li><strong>Maximaler Ausgangsstrom (10 s) bei Nennausgangsspannung minus 20 %:<\/strong> 15 A<\/li>\n<li><strong>Kurzschlussstrom: <\/strong>25 A<\/li>\n<li><strong>Dauerleistung bei 25 \u00b0C:<\/strong> 480 W<\/li>\n<li><strong>Dauerleistung bei 40 \u00b0C:<\/strong> 400 W<\/li>\n<li><strong>Effizienz:<\/strong> 89%<\/li>\n<li><strong>Eingangslaststrom ohne Last: <\/strong>&lt; 120mA<\/li>\n<li><strong>Strom im Ruhezustand:<\/strong> &lt; 1 mA<\/li>\n<li><strong>Verwendung als Netzger\u00e4t:<\/strong> Ja, die Ausgangsspannung kann \u00fcber Bluetooth konfiguriert werden<\/li>\n<li><strong>Galvanische Isolierung:<\/strong> 200 V zwischen Eingang, Ausgang und Geh\u00e4use<\/li>\n<li><strong>Arbeitstemperaturbereich:<\/strong> -20 bis +55 \u00b0C (Leistungsreduzierung von 3 % f\u00fcr jedes \u00b0C \u00fcber 40 \u00b0C)<\/li>\n<li><strong>Luftfeuchtigkeit:<\/strong> Max. 95 % nicht kondensierend<\/li>\n<li><strong>DC-Anschluss:<\/strong> Schraubklemmen<\/li>\n<li><strong>Maximaler Kabelquerschnitt:<\/strong> 16 mm\u00b2 (AWG6)<\/li>\n<li><strong>Gewicht:<\/strong> 1,6 kg<\/li>\n<li><strong>Abmessungen:<\/strong> 130 x 186 x 70 mm<\/li>\n<li><strong>Schutzgrad:<\/strong>\n<ul>\n<li>Elektronische Bauteile: IP43<\/li>\n<li>Anschlussbereich: IP22<\/li>\n<\/ul>\n<\/li>\n<\/ul>\n<h2>Orion-Tr Smart 24\/48 8,5A isoliert Merkmale<\/h2>\n<p><strong>Bluetooth Smart-Konnektivit\u00e4t<\/strong><\/p>\n<ul>\n<li>Der Orion-Tr Smart 24\/48 8.5A Bluetooth kann \u00fcber die VictronConnect App von jedem Smartphone, Tablet oder anderen kompatiblen Ger\u00e4ten aus konfiguriert, \u00fcberwacht und aktualisiert werden.<\/li>\n<li>Sie bietet einen schnellen \u00dcberblick \u00fcber Daten, Alarme und Benachrichtigungen, ohne dass eine physische Verbindung zum Ger\u00e4t erforderlich ist.<\/li>\n<\/ul>\n<p><strong>Eine flexible und anpassungsf\u00e4hige Konfiguration<\/strong><\/p>\n<ul>\n<li>Der Lade-\/Entladealgorithmus kann programmiert oder ein fester Spannungsausgang kann je nach Bedarf gew\u00e4hlt werden.<\/li>\n<li>Kompatibel mit intelligenten Lichtmaschinen, da es automatisch erkennen kann, wenn der Motor l\u00e4uft.<\/li>\n<\/ul>\n<p><strong>3-stufiger Ladealgorithmus<\/strong><\/p>\n<ul>\n<li>Bei Blei-S\u00e4ure-Batterietypen wird die Absorptionszeit je nach Entladetiefe angepasst: leichte Entladungen ben\u00f6tigen weniger Zeit, w\u00e4hrend Tiefentladungen mehr Zeit ben\u00f6tigen, um eine vollst\u00e4ndige Ladung zu gew\u00e4hrleisten.<\/li>\n<li>F\u00fcr Lithiumbatterien ist die Absorptionszeit auf 2 Stunden festgelegt.<\/li>\n<\/ul>\n<p><strong>Fortschrittlicher elektronischer Schutz<\/strong><\/p>\n<ul>\n<li>Sie umfasst einen \u00dcberhitzungs-, \u00dcberlastungs- und Kurzschlussschutz.<\/li>\n<li>Bei hohen Umgebungstemperaturen reduziert der Orion 24\/48 8,5 A automatisch die Leistung, um Sch\u00e4den zu vermeiden.<\/li>\n<\/ul>\n<p><strong>Fernsteuerung ein\/aus<\/strong><\/p>\n<ul>\n<li>Ein Fernschalter kann \u00fcber die zweiphasigen Anschl\u00fcsse angeschlossen oder manuell konfiguriert werden, indem die Klemmen mit dem Plus- oder Minuspol der Batterie verbunden werden.<\/li>\n<\/ul>\n<p><strong>Sichere und robuste Konstruktion<\/strong><\/p>\n<ul>\n<li>Erf\u00fcllt die Norm IP43 f\u00fcr Spritzwasser- und Staubschutz, wenn es mit den Anschl\u00fcssen nach unten installiert wird.<\/li>\n<li>Sorgt f\u00fcr eine automatische Trennung zwischen Haupt- und Hilfsbatterie, wenn der Motor nicht l\u00e4uft.<\/li>\n<\/ul>\n<h2>Vorteile des Victron Orion-Tr Smart<\/h2>\n<ul>\n<li>Automatische Batterietrennung: Trennt automatisch die Starterbatterie und die Hilfsbatterie, wenn der Motor nicht l\u00e4uft, und verhindert so eine Entladung der Hauptbatterie.<\/li>\n<li>Durch die Parallelschaltung mehrerer Ger\u00e4te kann der Ausgangsstrom erh\u00f6ht werden, was sie ideal f\u00fcr gro\u00dfe Anlagen oder Anlagen mit hohem Energiebedarf macht.<\/li>\n<li>Intelligenter Schutz: Der Orion Booster schaltet sich automatisch ab, wenn die Eingangsspannung unter den Mindestwert f\u00e4llt, und startet wieder, wenn die Spannung wieder normal ist.<\/li>\n<li>Die isolierten Booster von Orion sind speziell f\u00fcr intelligente Lichtmaschinen in Fahrzeugen mit Euro-5- und Euro-6-Motoren konzipiert.<\/li>\n<\/ul>\n<h2>Installation des Victron Orion-Tr Smart 12\/48 8A Isolierter Booster<\/h2>\n<p>Die Installation dieses Orion-Boosters erfordert besondere Aufmerksamkeit f\u00fcr die Anschl\u00fcsse und die Umgebung, um eine optimale Leistung und einen sicheren Betrieb zu gew\u00e4hrleisten. Die wichtigsten Schritte und Aspekte einer ordnungsgem\u00e4\u00dfen Installation werden im Folgenden beschrieben:<\/p>\n<p><strong>1. die Auswahl des Aufstellungsortes<\/strong><\/p>\n<ul>\n<li>Das Ger\u00e4t muss auf einem festen und stabilen Untergrund aufgestellt werden.<\/li>\n<li>Es muss eine ausreichende Bel\u00fcftung vorhanden sein, um einen Hitzestau zu vermeiden, da der Konverter den Strom bei hohen Temperaturen automatisch anpasst.<\/li>\n<li>Um die Schutzart IP43 gegen Staub und Spritzwasser zu erhalten, muss der Wechselrichter mit den Schraubklemmen nach unten installiert werden.<\/li>\n<\/ul>\n<p><strong>Voraussetzungen<\/strong><\/p>\n<ul>\n<li>Erforderliches Werkzeug: Ein Standardschraubendreher f\u00fcr die Schraubklemmen.<\/li>\n<li>Verwenden Sie Kabel mit ausreichendem Querschnitt, um den Eingangs- und Ausgangsstrom des Ger\u00e4ts zu bew\u00e4ltigen. Schlagen Sie in den Tabellen zur Kabelgr\u00f6\u00dfe im Handbuch nach, um die richtige Kabelgr\u00f6\u00dfe auf der Grundlage der Entfernung zwischen dem Wandler und den Batterien oder der Last zu bestimmen.<\/li>\n<li>Schutz des Stromkreises: Es wird empfohlen, eine Sicherung oder einen Schutzschalter in die Anschl\u00fcsse einzubauen, um den Booster und die Batterien zu sch\u00fctzen.<\/li>\n<\/ul>\n<p><strong>3. Eingangs- und Ausgangsanschluss<\/strong><\/p>\n<ul>\n<li>Eingang: Schlie\u00dfen Sie die Eingangsstromkabel an den Konverter an und stellen Sie sicher, dass die Eingangsspannung im Bereich von 10-17 VDC liegt. \u00dcberpr\u00fcfen Sie vor dem Anschluss die Polarit\u00e4t, um Sch\u00e4den am Ger\u00e4t zu vermeiden, da kein Verpolungsschutz vorhanden ist.<\/li>\n<li>Ausgang: Schlie\u00dfen Sie die Ausgangskabel an das 48-V-Batteriesystem oder an die entsprechende Last an. Beachten Sie immer die angegebene Polarit\u00e4t, um einen korrekten Betrieb zu gew\u00e4hrleisten.<\/li>\n<\/ul>\n<p><strong>4. Anschlie\u00dfen der Ein\/Aus-Fernbedienung<\/strong><\/p>\n<ul>\n<li>Das Ger\u00e4t verf\u00fcgt \u00fcber einen zweiphasigen Anschluss zur Steuerung des Ein- und Ausschaltens \u00fcber einen Fernschalter.<\/li>\n<li>Optional k\u00f6nnen die Klemmen H (Plus) oder L (Minus) zur Steuerung der Z\u00fcndung verwendet werden, indem sie direkt mit dem Plus- oder Minuspol der Batterie oder mit dem Fahrzeugchassis verbunden werden.<\/li>\n<\/ul>\n<p><strong>5. Erstkonfiguration mit VictronConnect<\/strong><\/p>\n<p>Bevor Sie das Ger\u00e4t in Betrieb nehmen, m\u00fcssen Sie es entsprechend den spezifischen Anforderungen des Systems konfigurieren. Dies geschieht \u00fcber die VictronConnect App, die f\u00fcr Bluetooth-f\u00e4hige Ger\u00e4te verf\u00fcgbar ist.<\/p>\n<ul>\n<li>Laden Sie die App aus dem App-Shop Ihres Smartphones oder Tablets herunter.<\/li>\n<li>Sobald der Konverter eingeschaltet ist, koppelt er sich per Bluetooth mit dem mobilen Ger\u00e4t.<\/li>\n<li>Konfigurieren Sie den Ladealgorithmus entsprechend dem verwendeten Batterietyp (Blei-S\u00e4ure oder Lithium) und w\u00e4hlen Sie die Betriebsart: Batterieladeger\u00e4t oder Stromversorgung.<\/li>\n<li>\u00dcberwachung: Die Anwendung erm\u00f6glicht die Echtzeit\u00fcberwachung von Parametern wie Spannung, Strom, Ladezustand und Alarmen.<\/li>\n<\/ul>\n<p><strong>6. Endmontage<\/strong><\/p>\n<p>Wenn alle Verbindungen hergestellt sind, pr\u00fcfen Sie, ob die Kabel sicher befestigt und frei von mechanischen Spannungen sind. Sch\u00fctzen Sie schlie\u00dflich die freiliegenden Anschl\u00fcsse mit Isolierklemmen oder Gummischutzvorrichtungen.<\/p>\n<h3>Sicherheitshinweise f\u00fcr die Installation<\/h3>\n<ul>\n<li>Richtige Polarit\u00e4t: \u00dcberpr\u00fcfen Sie sorgf\u00e4ltig die Polarit\u00e4t, bevor Sie das Ger\u00e4t anschlie\u00dfen.<\/li>\n<li>Bel\u00fcftung: Blockieren Sie die Bel\u00fcftungsbereiche des Ger\u00e4ts nicht, um eine \u00dcberhitzung zu vermeiden.<\/li>\n<li>Stromkreisabsicherung: Es muss immer eine geeignete Sicherung vorhanden sein, um die Anschl\u00fcsse und das Ger\u00e4t im Falle eines Kurzschlusses oder einer \u00dcberlast zu sch\u00fctzen.<\/li>\n<li>Abklemmen der Batterie: Bevor Sie \u00c4nderungen an den Anschl\u00fcssen vornehmen, klemmen Sie die Batterie ab, um einen Stromschlag zu vermeiden.<\/li>\n<li>Umgebungsbedingungen: Installieren Sie das Ger\u00e4t nicht an Orten, die der Witterung und der Sonne ausgesetzt sind, es sei denn, es ist ausreichend gegen Wasser und Staub gesch\u00fctzt.<\/li>\n<\/ul>\n<h2>Wartung des Victron Orion-Tr Smart<\/h2>\n<p>Die regelm\u00e4\u00dfige Wartung des Victron Orion-Tr Smart 24\/48 8,5A isoliert ist der Schl\u00fcssel zu seiner optimalen Leistung und langen Lebensdauer.<\/p>\n<ul>\n<li><strong>Regelm\u00e4\u00dfige Inspektion:<\/strong>\n<ul>\n<li>\u00dcberpr\u00fcfen Sie die elektrischen Anschl\u00fcsse auf lose oder korrodierte Dr\u00e4hte.<\/li>\n<li>Ziehen Sie die Montageschrauben fest, damit das Ger\u00e4t gut gesichert ist.<\/li>\n<\/ul>\n<\/li>\n<li><strong>Sauberkeit:<\/strong>\n<ul>\n<li>Reinigen Sie den Konverter regelm\u00e4\u00dfig mit einem trockenen Tuch ohne aggressive Chemikalien. Achten Sie darauf, dass die L\u00fcftungsschlitze nicht durch Staub und Schmutz verstopft werden.<\/li>\n<\/ul>\n<\/li>\n<li><strong>Aktualisierung der Firmware:<\/strong>\n<ul>\n<li>\u00dcberpr\u00fcfen Sie die VictronConnect App auf verf\u00fcgbare Firmware-Updates. Diese Updates verbessern die Leistung des Ger\u00e4ts und f\u00fcgen neue Funktionen hinzu.<\/li>\n<\/ul>\n<\/li>\n<li><strong>Funktionstests:<\/strong>\n<ul>\n<li>F\u00fchren Sie regelm\u00e4\u00dfig Tests durch, um zu \u00fcberpr\u00fcfen, ob das Ger\u00e4t ordnungsgem\u00e4\u00df funktioniert. \u00dcberwachen Sie wichtige Parameter, wie z. B. Ausgangsspannung und -strom, mit der App.<\/li>\n<\/ul>\n<\/li>\n<\/ul>\n<h2>Handbuch und Datenblatt Victron Orion-Tr Smart 24\/48 8.5A Isolierter Wandler - ORI244840120<\/h2>\n<p><a href=\"https:\/\/fvcomponentes.com\/wp-content\/uploads\/2025\/01\/Ficha-tecnica-Convertidor-Victron-Orion-Tr-Smart.pdf\" target=\"_blank\" rel=\"noopener\">Siehe Datenblatt Orion-Tr Smart 24\/48 8.5A isoliert - ORI244840120<\/a><\/p>\n<p><a href=\"https:\/\/fvcomponentes.com\/wp-content\/uploads\/2025\/01\/Manual-Convertidor-Victron-Orion-Tr-Smart.pdf\" target=\"_blank\" rel=\"noopener\">Victron Orion-Tr Smart 24\/48 8,5A Isoliert Handbuch ansehen<\/a><\/p>","protected":false},"excerpt":{"rendered":"<p><strong>Eingangsspannung:<\/strong> 16-35 V<br \/>\n<strong>Ausgangsspannung:<\/strong> 48,2V<br \/>\n<strong>Kontinuierlicher Ausgangsstrom:<\/strong> 8,5A<br \/>\n<strong>Maximaler Ausgangsstrom:<\/strong> 15A<br \/>\n<strong>Galvanische Isolierung:<\/strong> 200V DC zwischen Eingang, Ausgang und Geh\u00e4use<\/p>\n<p>Das Produktfoto dient nur zur Veranschaulichung und entspricht m\u00f6glicherweise nicht dem tats\u00e4chlichen Produkt.<\/p>","protected":false},"featured_media":22581,"comment_status":"open","ping_status":"closed","template":"","meta":{"site-sidebar-layout":"default","site-content-layout":"","ast-site-content-layout":"default","site-content-style":"default","site-sidebar-style":"default","ast-global-header-display":"","ast-banner-title-visibility":"","ast-main-header-display":"","ast-hfb-above-header-display":"","ast-hfb-below-header-display":"","ast-hfb-mobile-header-display":"","site-post-title":"","ast-breadcrumbs-content":"","ast-featured-img":"","footer-sml-layout":"","ast-disable-related-posts":"","theme-transparent-header-meta":"default","adv-header-id-meta":"","stick-header-meta":"","header-above-stick-meta":"","header-main-stick-meta":"","header-below-stick-meta":"","astra-migrate-meta-layouts":"set","ast-page-background-enabled":"default","ast-page-background-meta":{"desktop":{"background-color":"var(--ast-global-color-4)","background-image":"","background-repeat":"repeat","background-position":"center center","background-size":"auto","background-attachment":"scroll","background-type":"","background-media":"","overlay-type":"","overlay-color":"","overlay-opacity":"","overlay-gradient":""},"tablet":{"background-color":"","background-image":"","background-repeat":"repeat","background-position":"center center","background-size":"auto","background-attachment":"scroll","background-type":"","background-media":"","overlay-type":"","overlay-color":"","overlay-opacity":"","overlay-gradient":""},"mobile":{"background-color":"","background-image":"","background-repeat":"repeat","background-position":"center center","background-size":"auto","background-attachment":"scroll","background-type":"","background-media":"","overlay-type":"","overlay-color":"","overlay-opacity":"","overlay-gradient":""}},"ast-content-background-meta":{"desktop":{"background-color":"var(--ast-global-color-5)","background-image":"","background-repeat":"repeat","background-position":"center center","background-size":"auto","background-attachment":"scroll","background-type":"","background-media":"","overlay-type":"","overlay-color":"","overlay-opacity":"","overlay-gradient":""},"tablet":{"background-color":"var(--ast-global-color-5)","background-image":"","background-repeat":"repeat","background-position":"center center","background-size":"auto","background-attachment":"scroll","background-type":"","background-media":"","overlay-type":"","overlay-color":"","overlay-opacity":"","overlay-gradient":""},"mobile":{"background-color":"var(--ast-global-color-5)","background-image":"","background-repeat":"repeat","background-position":"center center","background-size":"auto","background-attachment":"scroll","background-type":"","background-media":"","overlay-type":"","overlay-color":"","overlay-opacity":"","overlay-gradient":""}}},"pwb-brand":[332],"product_brand":[],"product_cat":[962,419,865],"product_tag":[],"class_list":{"0":"post-22575","1":"product","2":"type-product","3":"status-publish","4":"has-post-thumbnail","6":"pwb-brand-victron","7":"product_cat-24v-48v","8":"product_cat-cargadores-de-baterias","9":"product_cat-convertidores","10":"desktop-align-left","11":"tablet-align-left","12":"mobile-align-left","13":"ast-product-gallery-layout-horizontal-slider","14":"ast-product-tabs-layout-horizontal","16":"first","17":"instock","18":"taxable","19":"shipping-taxable","20":"purchasable","21":"product-type-simple"},"wcpa_form_fields":null,"brands":[{"id":332,"name":"Victron Energie","slug":"victron"}],"_links":{"self":[{"href":"https:\/\/fvcomponentes.com\/de\/wp-json\/wp\/v2\/product\/22575","targetHints":{"allow":["GET"]}}],"collection":[{"href":"https:\/\/fvcomponentes.com\/de\/wp-json\/wp\/v2\/product"}],"about":[{"href":"https:\/\/fvcomponentes.com\/de\/wp-json\/wp\/v2\/types\/product"}],"replies":[{"embeddable":true,"href":"https:\/\/fvcomponentes.com\/de\/wp-json\/wp\/v2\/comments?post=22575"}],"wp:featuredmedia":[{"embeddable":true,"href":"https:\/\/fvcomponentes.com\/de\/wp-json\/wp\/v2\/media\/22581"}],"wp:attachment":[{"href":"https:\/\/fvcomponentes.com\/de\/wp-json\/wp\/v2\/media?parent=22575"}],"wp:term":[{"taxonomy":"pwb-brand","embeddable":true,"href":"https:\/\/fvcomponentes.com\/de\/wp-json\/wp\/v2\/pwb-brand?post=22575"},{"taxonomy":"product_brand","embeddable":true,"href":"https:\/\/fvcomponentes.com\/de\/wp-json\/wp\/v2\/product_brand?post=22575"},{"taxonomy":"product_cat","embeddable":true,"href":"https:\/\/fvcomponentes.com\/de\/wp-json\/wp\/v2\/product_cat?post=22575"},{"taxonomy":"product_tag","embeddable":true,"href":"https:\/\/fvcomponentes.com\/de\/wp-json\/wp\/v2\/product_tag?post=22575"}],"curies":[{"name":"wp","href":"https:\/\/api.w.org\/{rel}","templated":true}]}}