{"id":22291,"date":"2025-01-16T10:17:05","date_gmt":"2025-01-16T09:17:05","guid":{"rendered":"https:\/\/fvcomponentes.com\/?post_type=product&#038;p=22291"},"modified":"2026-01-15T10:08:36","modified_gmt":"2026-01-15T09:08:36","slug":"wandler-victron-orion-tr-smart-12-48-8a-isoliert-ori124838120","status":"publish","type":"product","link":"https:\/\/fvcomponentes.com\/de\/producto\/convertidor-victron-orion-tr-smart-12-48-8a-aislado-ori124838120\/","title":{"rendered":"Victron Orion-Tr Smart Booster Wandler 12\/48 8A isoliert - ORI124838120"},"content":{"rendered":"<h2><strong>Wandler Victron Orion-Tr Smart 12\/48 8A isoliert - ORI124838120<\/strong><\/h2>\n<p>Der Victron Orion-Tr Smart Converter 12\/48 8A isoliert - ORI124838120 dient als DC-DC Batterieladeger\u00e4t oder als Stromversorgungsger\u00e4t. Der Victron Orion Smart kann nur so konfiguriert werden, dass er Strom liefert, wenn der Motor l\u00e4uft. Im Lademodus verl\u00e4ngert der dreistufige Ladealgorithmus die Lebensdauer der Batterie.<\/p>\n<h2>Eigenschaften des Victron Orion-Tr Smart 12\/48 8A isoliert<\/h2>\n<p><strong>Bluetooth Smart aktiviert<\/strong><\/p>\n<ul>\n<li>Mit jedem Smartphone, Tablet oder einem anderen Bluetooth-f\u00e4higen Ger\u00e4t k\u00f6nnen Sie das victron orion tr smart \u00fcberwachen, Einstellungen \u00e4ndern und das Ladeger\u00e4t aktualisieren, wenn neue Softwarefunktionen verf\u00fcgbar sind.<\/li>\n<li>Sofortige Ablesung: Die VictronConnect App kann die wichtigsten Daten sowie Warnungen und Alarme auf der Ger\u00e4telistenseite anzeigen, ohne dass eine Verbindung zum Produkt erforderlich ist.<\/li>\n<\/ul>\n<p><strong>Vollst\u00e4ndig programmierbar<\/strong><\/p>\n<ul>\n<li>Batterieladealgorithmus (konfigurierbar) oder feste Leistung.<\/li>\n<li>Intelligente Kompatibilit\u00e4t der Lichtmaschine: Mechanismus zur Erkennung des laufenden Motors.<\/li>\n<\/ul>\n<p><strong>3-stufiger adaptiver Belastungsalgorithmus: Anfangsbelastung - Absorption - Floating<\/strong><\/p>\n<ul>\n<li>Bei Blei-S\u00e4ure-Batterien sollte die Absorptionszeit kurz sein, wenn die Batterie nur leicht entladen werden soll. Nach einer Tiefentladung wird die Absorptionsladezeit automatisch verl\u00e4ngert, um eine vollst\u00e4ndige Wiederaufladung der Batterie zu gew\u00e4hrleisten.<\/li>\n<li>F\u00fcr Lithiumbatterien ist die Absorptionszeit auf 2 Stunden festgelegt.<\/li>\n<\/ul>\n<p><strong>Victron orion tr: Geeignet f\u00fcr den Einsatz in Fahrzeugen mit intelligenter Lichtmaschine (Euro 5 und Euro 6 Motoren).<\/strong><\/p>\n<ul>\n<li>Die integrierte Motorabschaltungserkennung schaltet den Wechselrichter ab, wenn der Motor nicht l\u00e4uft. Dies verhindert, dass sich die Starterbatterie entl\u00e4dt (Details siehe Handbuch).<\/li>\n<\/ul>\n<p><strong>Fernbedienung ein\/aus<\/strong><\/p>\n<ul>\n<li>Ein ferngesteuerter Ein\/Aus-Schalter kann an einen zweiphasigen Stecker angeschlossen werden. Alternativ kann die H-Klemme (rechts) des zweiphasigen Steckers mit dem Pluspol der Batterie oder die L-Klemme (links) des zweiphasigen Steckers mit dem Minuspol der Batterie (oder z. B. mit dem Fahrzeugchassis) verbunden werden.<\/li>\n<\/ul>\n<p><strong>Umfangreicher elektronischer Schutz dieses victron orion<\/strong><\/p>\n<p>\u00dcberhitzungsschutz und Leistungsreduzierung bei hohen Temperaturen.<\/p>\n<ul>\n<li>\u00dcberlastungssicher.<\/li>\n<li>Kurzschlusssicher.<\/li>\n<li>Schutz des Steckers vor \u00dcbertemperaturen.<\/li>\n<\/ul>\n<p><strong>Weitere Funktionen des victron orion tr smart<\/strong><\/p>\n<ul>\n<li>Alle Modelle sind kurzschlussfest und k\u00f6nnen parallel geschaltet werden (unbegrenzte Anzahl), um den Ausgangsstrom zu erh\u00f6hen.<\/li>\n<li>Eingangsspannungssperre: Schaltet sich aus, wenn die Eingangsspannung unter den Sperrwert f\u00e4llt, und schaltet sich wieder ein, wenn die Eingangsspannung \u00fcber den Wert ansteigt.<br \/>\nneu zu starten.<\/li>\n<li>Trennung von Starterbatterie und Hilfsbatterie: Der Booster victron orion 12\/48 8A trennt die Starterbatterie und die Hilfsbatterie, wenn der Motor nicht l\u00e4uft.<\/li>\n<li>Schutz vor hohen Temperaturen: Der Ausgangsstrom wird bei hohen Umgebungstemperaturen reduziert.<\/li>\n<li>Schutzart IP43: Bei Installation mit den Schraubklemmen nach unten.<\/li>\n<li>Schraubklemmen: keine Spezialwerkzeuge f\u00fcr die Installation erforderlich<\/li>\n<\/ul>\n<h2>Technische Daten des orion Tr Smart 12\/48 8A Booster<\/h2>\n<ul>\n<li><strong>Eingangsspannungsbereich: <\/strong>8-17 V<\/li>\n<li><strong>Unterbrechung der Verbindung durch Unterspannung:<\/strong> 7 V<\/li>\n<li><strong>Unterspannungs-Reset:<\/strong> 7,5 V<\/li>\n<li><strong>Nennausgangsspannung: <\/strong>48.2 V<\/li>\n<li><strong>Einstellbereich der Ausgangsspannung:<\/strong> 40-60 V<\/li>\n<li><strong>Toleranz der Ausgangsspannung:<\/strong> +\/- 0,2 V<\/li>\n<li><strong>Ger\u00e4uschpegel:<\/strong> 2 mV Effektivwert<\/li>\n<li><strong>Kontinuierlicher Ausgangsstrom bei Nennausgangsspannung und 40\u00baC:<\/strong> 8 A<\/li>\n<li><strong>Maximaler Ausgangsstrom (10 s) bei Nennausgangsspannung minus 20 %:<\/strong> 15 A<\/li>\n<li><strong>Kurzschlussstrom: <\/strong>25 A<\/li>\n<li><strong>Dauerleistung bei 25 \u00b0C:<\/strong> 430 W<\/li>\n<li><strong>Dauerleistung bei 40 \u00b0C:<\/strong> 360 W<\/li>\n<li><strong>Effizienz:<\/strong> 89%<\/li>\n<li><strong>Eingangslaststrom ohne Last: <\/strong>&lt; 220mA<\/li>\n<li><strong>Strom im Ruhezustand:<\/strong> &lt; 1 mA<\/li>\n<li><strong>Verwendung als Netzger\u00e4t:<\/strong> Ja, die Ausgangsspannung kann \u00fcber Bluetooth konfiguriert werden<\/li>\n<li><strong>Galvanische Isolierung:<\/strong> 200 V zwischen Eingang, Ausgang und Geh\u00e4use<\/li>\n<li><strong>Arbeitstemperaturbereich:<\/strong> -20 bis +55 \u00b0C (Leistungsreduzierung von 3 % f\u00fcr jedes \u00b0C \u00fcber 40 \u00b0C)<\/li>\n<li><strong>Luftfeuchtigkeit:<\/strong> Max. 95 % nicht kondensierend<\/li>\n<li><strong>DC-Anschluss:<\/strong> Schraubklemmen<\/li>\n<li><strong>Maximaler Kabelquerschnitt:<\/strong> 16 mm\u00b2 (AWG6)<\/li>\n<li><strong>Gewicht:<\/strong> 1,8 kg<\/li>\n<li><strong>Abmessungen:<\/strong> 130 x 186 x 80 mm<\/li>\n<li><strong>Schutzgrad:<\/strong>\n<ul>\n<li>Elektronische Bauteile: IP43<\/li>\n<li>Anschlussbereich: IP22<\/li>\n<\/ul>\n<\/li>\n<\/ul>\n<h2>Installation von victron Smart 12\/48 8A Trennschaltverst\u00e4rker<\/h2>\n<h3>Montage<\/h3>\n<ul>\n<li>Es muss senkrecht auf einer nicht brennbaren Oberfl\u00e4che installiert werden, wobei die Stromversorgungsklemmen nach unten zeigen m\u00fcssen.<\/li>\n<li>F\u00fcr eine optimale K\u00fchlung muss um das Produkt herum ein Sicherheitsabstand von mindestens 10 cm eingehalten werden.<\/li>\n<li>Platzieren Sie ihn in der N\u00e4he der Batterie, aber nicht direkt auf ihr, um Sch\u00e4den durch Gasbildung an der Batterie zu vermeiden.<\/li>\n<\/ul>\n<h3>Verkabelung und Sicherungen<\/h3>\n<ul>\n<li>Verwenden Sie f\u00fcr die Batterieanschl\u00fcsse flexible, mehrdr\u00e4htige Kupferkabel.<\/li>\n<li>Jede Litze muss einen Durchmesser von weniger als 0,4 mm (0,016 Zoll) oder einen Querschnitt von weniger als 0,125 mm\u00b2 (AWG26) haben.<\/li>\n<li>Die maximale Arbeitstemperatur betr\u00e4gt 90 \u00b0C (194 \u00b0F).<\/li>\n<li>Ein 16-mm\u00b2-Kabel muss zum Beispiel mindestens 122 Litzen haben (Litzenklasse 5 oder h\u00f6her nach VDE 0295, IEC 60228 und BS6360).<\/li>\n<li>Werden dickere Dr\u00e4hte verwendet, ist die Kontaktfl\u00e4che zu klein und der daraus resultierende hohe \u00dcbergangswiderstand f\u00fchrt zu starker \u00dcberhitzung, die einen Brand verursachen kann.<\/li>\n<\/ul>\n<p><strong>Empfohlener Kabeltyp<\/strong><\/p>\n<p>F\u00fcr den ordnungsgem\u00e4\u00dfen Anschluss eines Kabels an die Eingangs- und Ausgangsschraubklemmen k\u00f6nnen flexible und sehr flexible Aderleitungen verwendet werden:<\/p>\n<ul>\n<li>IEC 60228 - Klasse 2 (mehrdr\u00e4htiger Leiter), Klasse 5 (flexibler Leiter), Klasse 6 (sehr flexibler Leiter)<\/li>\n<li>UL486A-B - Klasse B\/C (mehrdr\u00e4htiger Leiter), Klasse I (flexibel), Klasse K (sehr flexibel)<\/li>\n<li>Litzenkabel sind sehr steif, weshalb sie in der Praxis kaum verwendet werden.<\/li>\n<li>Es wird ein Drehmoment von 1,6 Nm empfohlen.<\/li>\n<\/ul>\n<p>In der folgenden Tabelle sind die Mindestabmessungen der Kabel angegeben:<\/p>\n<p><img fetchpriority=\"high\" decoding=\"async\" class=\"wp-image-22320\" src=\"https:\/\/fvcomponentes.com\/wp-content\/uploads\/2025\/01\/tabla-dimensiones-minimas-cable.png\" alt=\"Tabelle Mindestabmessungen der Kabel\" width=\"846\" height=\"175\" title=\"\"><\/p>\n<h2><strong>Polarit\u00e4t pr\u00fcfen<\/strong><\/h2>\n<ul>\n<li>Der Victron Orion-Tr Smart 12\/48 8A isolierte Victron Konverter ist nicht gegen Verpolung der Batterie gesch\u00fctzt. M\u00f6gliche Sch\u00e4den, die durch Verpolung verursacht werden, sind nicht durch die Garantie abgedeckt. Dar\u00fcber hinaus k\u00f6nnen Ger\u00e4te, die durch Verpolung besch\u00e4digt wurden, nicht repariert werden.<\/li>\n<li>\u00dcberpr\u00fcfen Sie immer die Polarit\u00e4t der Batterie, bevor Sie die Kabel an das victron orion tr anschlie\u00dfen oder wieder anschlie\u00dfen.<\/li>\n<li>Versuchen Sie nicht, die Batteriekabel an den victron-Booster anzuschlie\u00dfen, sondern nur, wenn die Eingangs- und Ausgangsklemmen sicher zug\u00e4nglich sind.<\/li>\n<li>Achten Sie darauf, beim Einf\u00fchren der Dr\u00e4hte in die Eingangs- und Ausgangsklemmen keine Litzen zu verbiegen.<\/li>\n<li>Schlie\u00dfen Sie zuerst die Batteriekabel an den victron-Booster an, \u00fcberpr\u00fcfen Sie noch einmal die Polarit\u00e4t der Batterie und schlie\u00dfen Sie die Batterie an.<\/li>\n<\/ul>\n<p>Die folgende Abbildung zeigt die korrekte Art und Weise, wie die Verbindung hergestellt wird:<\/p>\n<p><img decoding=\"async\" class=\"wp-image-22321 aligncenter\" src=\"https:\/\/fvcomponentes.com\/wp-content\/uploads\/2025\/01\/Esquema-polaridad-convertidor-victron-orion-tr-smart.png\" alt=\"Polarit\u00e4tsdiagramm des victron orion tr smart converter\" width=\"441\" height=\"501\" title=\"\"><\/p>\n<h2>Konfiguration des DC-DC-Stromversorgungsmodus<\/h2>\n<ul>\n<li>Trennen Sie die Ferneinschaltung, entfernen Sie die Steckbr\u00fccke oder ziehen Sie die Klemmleiste ab.<\/li>\n<li>Schlie\u00dfen Sie die Eingangsstromkabel an.<\/li>\n<li>\u00d6ffnen Sie die Anwendung VictronConnect, um das Produkt zu konfigurieren.<\/li>\n<li>Schlie\u00dfen Sie die Last an. Der victron-Booster ist nun bereit f\u00fcr den Einsatz als Stromversorger.<\/li>\n<li>Schlie\u00dfen Sie die Fernbedienung wieder an, um das Ger\u00e4t zu aktivieren.<\/li>\n<\/ul>\n<p><img decoding=\"async\" class=\"wp-image-22323 aligncenter\" src=\"https:\/\/fvcomponentes.com\/wp-content\/uploads\/2025\/01\/Conexion-fuente-de-alimentacion-del-orion-tr-smart-.png\" alt=\"Anschluss der Stromversorgung des orion tr smart\" width=\"521\" height=\"377\" title=\"\"><\/p>\n<h3>Konfiguration f\u00fcr den Lademodus<\/h3>\n<ul>\n<li>Trennen Sie die Ferneinschaltung, entfernen Sie die Steckbr\u00fccke oder ziehen Sie die Klemmleiste ab.<\/li>\n<li>Schlie\u00dfen Sie die Eingangsstromkabel an.<\/li>\n<li>Konfigurieren Sie \u00fcber die VictronConnect Anwendung.<\/li>\n<li>Schlie\u00dfen Sie den zu ladenden Akku an.<\/li>\n<li>Schalten Sie die Fernbedienung erneut ein\/aus, um das Ger\u00e4t zu aktivieren.<\/li>\n<\/ul>\n<p><img loading=\"lazy\" decoding=\"async\" class=\"wp-image-22322 aligncenter\" src=\"https:\/\/fvcomponentes.com\/wp-content\/uploads\/2025\/01\/Conexion-modo-cargador-del-orion-tr-smart-.png\" alt=\"Anschluss Lademodus des orion tr smart\" width=\"506\" height=\"369\" title=\"\"><\/p>\n<h2>Handbuch und Datenblatt Victron Orion-Tr Smart Inverter 12\/48 8A isoliert - ORI124838120<\/h2>\n<p>Wenn Sie mehr \u00fcber den victron orion wissen wollen, schauen Sie sich das Datenblatt und das Handbuch an:<\/p>\n<p><a href=\"https:\/\/fvcomponentes.com\/wp-content\/uploads\/2025\/01\/Ficha-tecnica-Convertidor-Victron-Orion-Tr-Smart.pdf\" target=\"_blank\" rel=\"noopener\">Datenblatt Victron Orion-Tr Smart 12\/48 8A isoliert<\/a><\/p>\n<p><a href=\"https:\/\/fvcomponentes.com\/wp-content\/uploads\/2025\/01\/Manual-Convertidor-Victron-Orion-Tr-Smart.pdf\" target=\"_blank\" rel=\"noopener\">Orion-Tr Smart 12\/48 8A Isoliert Orion-Tr Wandler Handbuch<\/a><\/p>","protected":false},"excerpt":{"rendered":"<p><strong>Eingangsspannung:<\/strong> 8 - 17V<br \/>\n<strong>Ausgangsspannung:<\/strong> 48,2V<br \/>\n<strong>Kontinuierlicher Ausgangsstrom:<\/strong> 8A<br \/>\n<strong>Maximaler Ausgangsstrom:<\/strong> 15A<br \/>\n<strong>Galvanische Isolierung:<\/strong> 200V DC zwischen Eingang, Ausgang und Geh\u00e4use<\/p>","protected":false},"featured_media":22319,"comment_status":"open","ping_status":"closed","template":"","meta":{"site-sidebar-layout":"default","site-content-layout":"","ast-site-content-layout":"default","site-content-style":"default","site-sidebar-style":"default","ast-global-header-display":"","ast-banner-title-visibility":"","ast-main-header-display":"","ast-hfb-above-header-display":"","ast-hfb-below-header-display":"","ast-hfb-mobile-header-display":"","site-post-title":"","ast-breadcrumbs-content":"","ast-featured-img":"","footer-sml-layout":"","ast-disable-related-posts":"","theme-transparent-header-meta":"default","adv-header-id-meta":"","stick-header-meta":"","header-above-stick-meta":"","header-main-stick-meta":"","header-below-stick-meta":"","astra-migrate-meta-layouts":"set","ast-page-background-enabled":"default","ast-page-background-meta":{"desktop":{"background-color":"var(--ast-global-color-4)","background-image":"","background-repeat":"repeat","background-position":"center center","background-size":"auto","background-attachment":"scroll","background-type":"","background-media":"","overlay-type":"","overlay-color":"","overlay-opacity":"","overlay-gradient":""},"tablet":{"background-color":"","background-image":"","background-repeat":"repeat","background-position":"center center","background-size":"auto","background-attachment":"scroll","background-type":"","background-media":"","overlay-type":"","overlay-color":"","overlay-opacity":"","overlay-gradient":""},"mobile":{"background-color":"","background-image":"","background-repeat":"repeat","background-position":"center center","background-size":"auto","background-attachment":"scroll","background-type":"","background-media":"","overlay-type":"","overlay-color":"","overlay-opacity":"","overlay-gradient":""}},"ast-content-background-meta":{"desktop":{"background-color":"var(--ast-global-color-5)","background-image":"","background-repeat":"repeat","background-position":"center center","background-size":"auto","background-attachment":"scroll","background-type":"","background-media":"","overlay-type":"","overlay-color":"","overlay-opacity":"","overlay-gradient":""},"tablet":{"background-color":"var(--ast-global-color-5)","background-image":"","background-repeat":"repeat","background-position":"center center","background-size":"auto","background-attachment":"scroll","background-type":"","background-media":"","overlay-type":"","overlay-color":"","overlay-opacity":"","overlay-gradient":""},"mobile":{"background-color":"var(--ast-global-color-5)","background-image":"","background-repeat":"repeat","background-position":"center center","background-size":"auto","background-attachment":"scroll","background-type":"","background-media":"","overlay-type":"","overlay-color":"","overlay-opacity":"","overlay-gradient":""}}},"pwb-brand":[332],"product_brand":[],"product_cat":[970,419,865],"product_tag":[],"class_list":{"0":"post-22291","1":"product","2":"type-product","3":"status-publish","4":"has-post-thumbnail","6":"pwb-brand-victron","7":"product_cat-12v-48v","8":"product_cat-cargadores-de-baterias","9":"product_cat-convertidores","10":"desktop-align-left","11":"tablet-align-left","12":"mobile-align-left","13":"ast-product-gallery-layout-horizontal-slider","14":"ast-product-gallery-with-no-image","15":"ast-product-tabs-layout-horizontal","17":"first","18":"instock","19":"taxable","20":"shipping-taxable","21":"purchasable","22":"product-type-simple"},"wcpa_form_fields":null,"brands":[{"id":332,"name":"Victron Energie","slug":"victron"}],"_links":{"self":[{"href":"https:\/\/fvcomponentes.com\/de\/wp-json\/wp\/v2\/product\/22291","targetHints":{"allow":["GET"]}}],"collection":[{"href":"https:\/\/fvcomponentes.com\/de\/wp-json\/wp\/v2\/product"}],"about":[{"href":"https:\/\/fvcomponentes.com\/de\/wp-json\/wp\/v2\/types\/product"}],"replies":[{"embeddable":true,"href":"https:\/\/fvcomponentes.com\/de\/wp-json\/wp\/v2\/comments?post=22291"}],"wp:featuredmedia":[{"embeddable":true,"href":"https:\/\/fvcomponentes.com\/de\/wp-json\/wp\/v2\/media\/22319"}],"wp:attachment":[{"href":"https:\/\/fvcomponentes.com\/de\/wp-json\/wp\/v2\/media?parent=22291"}],"wp:term":[{"taxonomy":"pwb-brand","embeddable":true,"href":"https:\/\/fvcomponentes.com\/de\/wp-json\/wp\/v2\/pwb-brand?post=22291"},{"taxonomy":"product_brand","embeddable":true,"href":"https:\/\/fvcomponentes.com\/de\/wp-json\/wp\/v2\/product_brand?post=22291"},{"taxonomy":"product_cat","embeddable":true,"href":"https:\/\/fvcomponentes.com\/de\/wp-json\/wp\/v2\/product_cat?post=22291"},{"taxonomy":"product_tag","embeddable":true,"href":"https:\/\/fvcomponentes.com\/de\/wp-json\/wp\/v2\/product_tag?post=22291"}],"curies":[{"name":"wp","href":"https:\/\/api.w.org\/{rel}","templated":true}]}}