{"id":21741,"date":"2024-12-20T10:32:55","date_gmt":"2024-12-20T09:32:55","guid":{"rendered":"https:\/\/fvcomponentes.com\/?post_type=product&#038;p=21741"},"modified":"2025-10-02T15:44:12","modified_gmt":"2025-10-02T13:44:12","slug":"solar-kit-wohnmobil-wechselrichter-ladegerat-12v-easyplus-1600va-lithium-200ah","status":"publish","type":"product","link":"https:\/\/fvcomponentes.com\/de\/producto\/kit-solar-camper-inversor-cargador-12v-easyplus-1600va-litio-200ah\/","title":{"rendered":"Solar Kit Wohnmobil Wechselrichter Ladeger\u00e4t 12V EasyPlus 1600VA - Lithium 200Ah"},"content":{"rendered":"<h2>Wir stellen das Solar Camper Inverter Ladeger\u00e4t Kit 12V EasyPlus 1600VA - Lithium 200Ah vor<\/h2>\n<p>Inhalt des Kits:<\/p>\n<ul>\n<li>Wechselrichter-Ladeger\u00e4t 12V Victron EasyPlus C 12V 1600VA 70-16A, mit dem Sie alle elektrischen Ger\u00e4te, die Sie in Ihrem Van oder Wohnwagen haben, mit Strom versorgen k\u00f6nnen. Da es sich um ein Ladeger\u00e4t handelt, k\u00f6nnen Sie es auf einem Campingplatz oder in einer Garage anschlie\u00dfen, um die Lithiumbatterie voll aufzuladen.<\/li>\n<li>30A\/h Victron Orion SMART DC\/DC Booster Converter zum Laden der Batterie w\u00e4hrend der Fahrt.<\/li>\n<li>Victron SmartSolar MPPT 100\/30 Regler.<\/li>\n<li>\u00dcberwachung von Victron Cerbo GX MK2 - BPP900451100 zur Steuerung des gesamten Systems.<\/li>\n<li>Verkabelung und Sicherungen, die f\u00fcr den Zusammenbau Ihres Bausatzes mit allen Garantien erforderlich sind.<\/li>\n<\/ul>\n<h2>So installieren Sie das Victron EasyPlus 1600W - Lithium 200Ah Solar Camper Kit<\/h2>\n<p>Wenn Sie wissen m\u00f6chten, wie Sie dieses Solar Camper Kit installieren, lesen Sie diese Blogbeitr\u00e4ge:<\/p>\n<ul>\n<li><a href=\"https:\/\/fvcomponentes.com\/de\/victron-multiplus-schaltplan\/\" target=\"_blank\" rel=\"noopener\">\"Schaltplan Victron Multiplus f\u00fcr Wohnmobil PDF\".<\/a><\/li>\n<li><a href=\"https:\/\/fvcomponentes.com\/de\/elektroinstallation-wohnmobil-wohnwagen\/\" target=\"_blank\" rel=\"noopener\">Wie bekommt man Strom in sein Wohnmobil? Alles \u00fcber die elektrische Installation in einem Wohnmobil<\/a><\/li>\n<\/ul>","protected":false},"excerpt":{"rendered":"<p>Presentamos el Kit Solar Camper Inversor Cargador 12V EasyPlus 1600VA &#8211; Litio 200Ah Contenido del kit: Inversor Cargador 12V Victron EasyPlus C 12V 1600VA 70-16A, con el que podr\u00e1s alimentar cualquier equipo el\u00e9ctrico que tengas en tu furgoneta o caravana. Adem\u00e1s al ser cargador, puedes llegar a un camping o en un garaje y enchufar [&hellip;]<\/p>\n","protected":false},"featured_media":22111,"comment_status":"open","ping_status":"closed","template":"","meta":{"site-sidebar-layout":"default","site-content-layout":"","ast-site-content-layout":"default","site-content-style":"default","site-sidebar-style":"default","ast-global-header-display":"","ast-banner-title-visibility":"","ast-main-header-display":"","ast-hfb-above-header-display":"","ast-hfb-below-header-display":"","ast-hfb-mobile-header-display":"","site-post-title":"","ast-breadcrumbs-content":"","ast-featured-img":"","footer-sml-layout":"","ast-disable-related-posts":"","theme-transparent-header-meta":"default","adv-header-id-meta":"","stick-header-meta":"","header-above-stick-meta":"","header-main-stick-meta":"","header-below-stick-meta":"","astra-migrate-meta-layouts":"set","ast-page-background-enabled":"default","ast-page-background-meta":{"desktop":{"background-color":"var(--ast-global-color-4)","background-image":"","background-repeat":"repeat","background-position":"center center","background-size":"auto","background-attachment":"scroll","background-type":"","background-media":"","overlay-type":"","overlay-color":"","overlay-opacity":"","overlay-gradient":""},"tablet":{"background-color":"","background-image":"","background-repeat":"repeat","background-position":"center center","background-size":"auto","background-attachment":"scroll","background-type":"","background-media":"","overlay-type":"","overlay-color":"","overlay-opacity":"","overlay-gradient":""},"mobile":{"background-color":"","background-image":"","background-repeat":"repeat","background-position":"center center","background-size":"auto","background-attachment":"scroll","background-type":"","background-media":"","overlay-type":"","overlay-color":"","overlay-opacity":"","overlay-gradient":""}},"ast-content-background-meta":{"desktop":{"background-color":"var(--ast-global-color-5)","background-image":"","background-repeat":"repeat","background-position":"center center","background-size":"auto","background-attachment":"scroll","background-type":"","background-media":"","overlay-type":"","overlay-color":"","overlay-opacity":"","overlay-gradient":""},"tablet":{"background-color":"var(--ast-global-color-5)","background-image":"","background-repeat":"repeat","background-position":"center center","background-size":"auto","background-attachment":"scroll","background-type":"","background-media":"","overlay-type":"","overlay-color":"","overlay-opacity":"","overlay-gradient":""},"mobile":{"background-color":"var(--ast-global-color-5)","background-image":"","background-repeat":"repeat","background-position":"center center","background-size":"auto","background-attachment":"scroll","background-type":"","background-media":"","overlay-type":"","overlay-color":"","overlay-opacity":"","overlay-gradient":""}}},"pwb-brand":[332],"product_brand":[],"product_cat":[910,928,464],"product_tag":[],"class_list":{"0":"post-21741","1":"product","2":"type-product","3":"status-publish","4":"has-post-thumbnail","6":"pwb-brand-victron","7":"product_cat-kit-solar-camper","8":"product_cat-kit-solar-velero","9":"product_cat-kits-solares","10":"desktop-align-left","11":"tablet-align-left","12":"mobile-align-left","13":"ast-product-gallery-layout-horizontal-slider","14":"ast-product-gallery-with-no-image","15":"ast-product-tabs-layout-horizontal","17":"first","18":"instock","19":"taxable","20":"shipping-taxable","21":"purchasable","22":"product-type-yith_bundle"},"wcpa_form_fields":null,"brands":[{"id":332,"name":"Victron Energie","slug":"victron"}],"_links":{"self":[{"href":"https:\/\/fvcomponentes.com\/de\/wp-json\/wp\/v2\/product\/21741","targetHints":{"allow":["GET"]}}],"collection":[{"href":"https:\/\/fvcomponentes.com\/de\/wp-json\/wp\/v2\/product"}],"about":[{"href":"https:\/\/fvcomponentes.com\/de\/wp-json\/wp\/v2\/types\/product"}],"replies":[{"embeddable":true,"href":"https:\/\/fvcomponentes.com\/de\/wp-json\/wp\/v2\/comments?post=21741"}],"wp:featuredmedia":[{"embeddable":true,"href":"https:\/\/fvcomponentes.com\/de\/wp-json\/wp\/v2\/media\/22111"}],"wp:attachment":[{"href":"https:\/\/fvcomponentes.com\/de\/wp-json\/wp\/v2\/media?parent=21741"}],"wp:term":[{"taxonomy":"pwb-brand","embeddable":true,"href":"https:\/\/fvcomponentes.com\/de\/wp-json\/wp\/v2\/pwb-brand?post=21741"},{"taxonomy":"product_brand","embeddable":true,"href":"https:\/\/fvcomponentes.com\/de\/wp-json\/wp\/v2\/product_brand?post=21741"},{"taxonomy":"product_cat","embeddable":true,"href":"https:\/\/fvcomponentes.com\/de\/wp-json\/wp\/v2\/product_cat?post=21741"},{"taxonomy":"product_tag","embeddable":true,"href":"https:\/\/fvcomponentes.com\/de\/wp-json\/wp\/v2\/product_tag?post=21741"}],"curies":[{"name":"wp","href":"https:\/\/api.w.org\/{rel}","templated":true}]}}