{"id":20175,"date":"2024-10-23T17:02:49","date_gmt":"2024-10-23T15:02:49","guid":{"rendered":"https:\/\/fvcomponentes.com\/?post_type=product&#038;p=20175"},"modified":"2026-04-10T18:25:27","modified_gmt":"2026-04-10T16:25:27","slug":"zahler-sma-energiezahler-emeter-20","status":"publish","type":"product","link":"https:\/\/fvcomponentes.com\/de\/producto\/meter-sma-energy-meter-emeter-20\/","title":{"rendered":"Messger\u00e4t SMA Energiemessger\u00e4t - EMETER-20"},"content":{"rendered":"<h2>Messger\u00e4t SMA Energiemessger\u00e4t - EMETER-20<\/h2>\n<h3>Universelle Messwerterfassung f\u00fcr intelligentes Energiemanagement<\/h3>\n<p>Das SMA Energy Meter - EMETER-20 ist die leistungsstarke Metering-L\u00f6sung f\u00fcr intelligentes Energiemanagement in Photovoltaikanlagen mit SMA Ger\u00e4ten. Das SMA Energy Meter berechnet phasengenau und symmetrisch die elektrischen Werte und \u00fcbertr\u00e4gt sie \u00fcber Ethernet in das lokale Netzwerk. Auf diese Weise werden alle Daten zur Netzeinspeisung, zum Strombezug und zur PV-Erzeugung aus anderen Wechselrichtern h\u00e4ufig und hochpr\u00e4zise kommuniziert.<\/p>\n<p>Die Integration des SMA Energy Meters sorgt f\u00fcr eine optimal abgestimmte Konfiguration \u00fcber alle Systeme hinweg und garantiert maximale Leistung und Stabilit\u00e4t sowie deutliche Kosteneinsparungen und einen erh\u00f6hten Eigenverbrauch.<\/p>\n<h3>Hohe Leistung<\/h3>\n<ul>\n<li>Schnelle bidirektionale Auslesung in drei Phasen f\u00fcr ein effektives Energiemanagement.<\/li>\n<li>Ideale Abstimmung mit SMA-Ger\u00e4ten, um eine stabile Ausf\u00fchrung der Steuerungsaufgaben zu gew\u00e4hrleisten.<\/li>\n<\/ul>\n<h2>Einfach zu bedienen<\/h2>\n<ul>\n<li>Schnelle und einfache Installation mit Plug-and-Play-Technologie.<\/li>\n<li>Grafische Darstellung der Messwerte in Echtzeit im Sunny Portal und der lokalen Weboberfl\u00e4che.<\/li>\n<\/ul>\n<h2>SMA Energiemessger\u00e4t - EMETER-20 Handbuch und Datenblatt<\/h2>\n<p><a href=\"https:\/\/fvcomponentes.com\/wp-content\/uploads\/2024\/10\/Manual-Meter-SMA-Energy-Meter-EMETER-20.pdf\" target=\"_blank\" rel=\"noopener\">Das SMA Energiemessger\u00e4t - EMETER-20 Handbuch anzeigen<\/a><\/p>\n<p><a href=\"https:\/\/fvcomponentes.com\/wp-content\/uploads\/2024\/10\/Ficha-tecnica-Meter-SMA-Energy-Meter-EMETER-20.pdf\" target=\"_blank\" rel=\"noopener\">Datenblatt SMA Energiemessger\u00e4t - EMETER-20 anzeigen<\/a><\/p>","protected":false},"excerpt":{"rendered":"<ul>\n<li>Intelligentes Energiemanagement in Photovoltaikanlagen mit SMA-Ger\u00e4ten.<\/li>\n<li><strong>Nennspannung:<\/strong> 230 V\/400 V<\/li>\n<li><strong>H\u00e4ufigkeit:<\/strong> 50 Hz\/\u00b15%<\/li>\n<li><strong>Nennstrom:<\/strong> 5A<\/li>\n<\/ul>","protected":false},"featured_media":20178,"comment_status":"open","ping_status":"closed","template":"","meta":{"site-sidebar-layout":"default","site-content-layout":"","ast-site-content-layout":"default","site-content-style":"default","site-sidebar-style":"default","ast-global-header-display":"","ast-banner-title-visibility":"","ast-main-header-display":"","ast-hfb-above-header-display":"","ast-hfb-below-header-display":"","ast-hfb-mobile-header-display":"","site-post-title":"","ast-breadcrumbs-content":"","ast-featured-img":"","footer-sml-layout":"","ast-disable-related-posts":"","theme-transparent-header-meta":"default","adv-header-id-meta":"","stick-header-meta":"","header-above-stick-meta":"","header-main-stick-meta":"","header-below-stick-meta":"","astra-migrate-meta-layouts":"set","ast-page-background-enabled":"default","ast-page-background-meta":{"desktop":{"background-color":"var(--ast-global-color-4)","background-image":"","background-repeat":"repeat","background-position":"center center","background-size":"auto","background-attachment":"scroll","background-type":"","background-media":"","overlay-type":"","overlay-color":"","overlay-opacity":"","overlay-gradient":""},"tablet":{"background-color":"","background-image":"","background-repeat":"repeat","background-position":"center center","background-size":"auto","background-attachment":"scroll","background-type":"","background-media":"","overlay-type":"","overlay-color":"","overlay-opacity":"","overlay-gradient":""},"mobile":{"background-color":"","background-image":"","background-repeat":"repeat","background-position":"center center","background-size":"auto","background-attachment":"scroll","background-type":"","background-media":"","overlay-type":"","overlay-color":"","overlay-opacity":"","overlay-gradient":""}},"ast-content-background-meta":{"desktop":{"background-color":"var(--ast-global-color-5)","background-image":"","background-repeat":"repeat","background-position":"center center","background-size":"auto","background-attachment":"scroll","background-type":"","background-media":"","overlay-type":"","overlay-color":"","overlay-opacity":"","overlay-gradient":""},"tablet":{"background-color":"var(--ast-global-color-5)","background-image":"","background-repeat":"repeat","background-position":"center center","background-size":"auto","background-attachment":"scroll","background-type":"","background-media":"","overlay-type":"","overlay-color":"","overlay-opacity":"","overlay-gradient":""},"mobile":{"background-color":"var(--ast-global-color-5)","background-image":"","background-repeat":"repeat","background-position":"center center","background-size":"auto","background-attachment":"scroll","background-type":"","background-media":"","overlay-type":"","overlay-color":"","overlay-opacity":"","overlay-gradient":""}}},"pwb-brand":[998],"product_brand":[],"product_cat":[349,333],"product_tag":[],"class_list":{"0":"post-20175","1":"product","2":"type-product","3":"status-publish","4":"has-post-thumbnail","6":"pwb-brand-sma","7":"product_cat-meters","8":"product_cat-inversores","9":"desktop-align-left","10":"tablet-align-left","11":"mobile-align-left","12":"ast-product-gallery-layout-horizontal-slider","13":"ast-product-gallery-with-no-image","14":"ast-product-tabs-layout-horizontal","16":"first","17":"outofstock","18":"taxable","19":"shipping-taxable","20":"purchasable","21":"product-type-simple"},"wcpa_form_fields":null,"brands":[{"id":998,"name":"SMA-Wechselrichter","slug":"sma"}],"_links":{"self":[{"href":"https:\/\/fvcomponentes.com\/de\/wp-json\/wp\/v2\/product\/20175","targetHints":{"allow":["GET"]}}],"collection":[{"href":"https:\/\/fvcomponentes.com\/de\/wp-json\/wp\/v2\/product"}],"about":[{"href":"https:\/\/fvcomponentes.com\/de\/wp-json\/wp\/v2\/types\/product"}],"replies":[{"embeddable":true,"href":"https:\/\/fvcomponentes.com\/de\/wp-json\/wp\/v2\/comments?post=20175"}],"wp:featuredmedia":[{"embeddable":true,"href":"https:\/\/fvcomponentes.com\/de\/wp-json\/wp\/v2\/media\/20178"}],"wp:attachment":[{"href":"https:\/\/fvcomponentes.com\/de\/wp-json\/wp\/v2\/media?parent=20175"}],"wp:term":[{"taxonomy":"pwb-brand","embeddable":true,"href":"https:\/\/fvcomponentes.com\/de\/wp-json\/wp\/v2\/pwb-brand?post=20175"},{"taxonomy":"product_brand","embeddable":true,"href":"https:\/\/fvcomponentes.com\/de\/wp-json\/wp\/v2\/product_brand?post=20175"},{"taxonomy":"product_cat","embeddable":true,"href":"https:\/\/fvcomponentes.com\/de\/wp-json\/wp\/v2\/product_cat?post=20175"},{"taxonomy":"product_tag","embeddable":true,"href":"https:\/\/fvcomponentes.com\/de\/wp-json\/wp\/v2\/product_tag?post=20175"}],"curies":[{"name":"wp","href":"https:\/\/api.w.org\/{rel}","templated":true}]}}