{"id":20170,"date":"2024-10-23T16:41:54","date_gmt":"2024-10-23T14:41:54","guid":{"rendered":"https:\/\/fvcomponentes.com\/?post_type=product&#038;p=20170"},"modified":"2026-03-30T12:17:35","modified_gmt":"2026-03-30T10:17:35","slug":"sma-energiemanager-sunny-home-manager-2-0-hm-20","status":"publish","type":"product","link":"https:\/\/fvcomponentes.com\/de\/producto\/gestor-de-energia-sma-sunny-home-manager-2-0-hm-20\/","title":{"rendered":"Energiemanager SMA Sunny Home Manager 2.0 - HM-20"},"content":{"rendered":"<h2>Energiemanager SMA Sunny Home Manager 2.0 - HM-20<\/h2>\n<p>Der SMA Sunny Home Manager 2.0 - HM-20 wurde entwickelt, um die effiziente Nutzung von Solarenergie im Haus zu maximieren. Das Ger\u00e4t optimiert den PV-Eigenverbrauch und senkt die Stromkosten deutlich. Dazu misst er die Solarstromproduktion, den zugekauften Strom und die Netzeinspeisung und gibt einen \u00dcberblick \u00fcber alle relevanten Energiefl\u00fcsse im Haus.<\/p>\n<p>Auf der Grundlage von Prognosen zur lokalen Solarenergieerzeugung und des Verbrauchsprofils des Haushalts gibt dieses selbstlernende Ger\u00e4t dem Nutzer Empfehlungen zur Optimierung der Energienutzung. Es koordiniert den Betrieb der gesteuerten Ger\u00e4te, um die vom System erzeugte Solarenergie optimal zu nutzen.<\/p>\n<p>Intelligentes Energiemanagement ist ganz einfach. Einfach den Sunny Home Manager 2.0 am Netzanschlusspunkt installieren, per Ethernet-Kabel mit dem Router verbinden und die PV-Anlage kostenlos in Sunny Portal oder Sunny Places registrieren. Schlie\u00dfen Sie sich den weltweit bereits \u00fcber 30.000 installierten Anlagen an und genie\u00dfen Sie mehr Energieeffizienz.<\/p>\n<h3>Innovativ<\/h3>\n<ul>\n<li>Energiemanager mit integriertem Messger\u00e4t.<\/li>\n<li>Verbrauchsanalyse der einzelnen Verbraucher.<\/li>\n<li>Optimierte Batterieladung in SMA Speichersystemen.<\/li>\n<\/ul>\n<h3>Einfach zu bedienen<\/h3>\n<ul>\n<li>Schnelle Plug-and-Play-Installation.<\/li>\n<li>\u00dcbersicht \u00fcber alle relevanten Ger\u00e4te, Photovoltaikanlagen und Batteriesysteme.<\/li>\n<li>Es nutzt die Energie effizienter und senkt die Stromkosten.<\/li>\n<\/ul>\n<h3>Transparenz des Energiemanagers SMA Sunny Home Manager 2.0<\/h3>\n<ul>\n<li>Energiebilanz und Lastdaten werden in interaktiven Diagrammen angezeigt.<\/li>\n<li>Integrierte Wetterdaten und Photovoltaik-Vorhersage.<\/li>\n<li>PV-Anlagen\u00fcberwachung \u00fcber Sunny Portal und Sunny Places.<\/li>\n<\/ul>\n<h3>Flexibel<\/h3>\n<ul>\n<li>Anschluss von Haushaltsger\u00e4ten \u00fcber Standardprotokolle und kompatible Funksteckdosen.<\/li>\n<li>F\u00fcr kompatible Ger\u00e4te wie W\u00e4rmepumpen, Elektrofahrzeuge und andere Haushaltsger\u00e4te.<\/li>\n<\/ul>\n<h2>SMA Sunny Home Manager 2.0 - HM-20 Handbuch und Datenblatt<\/h2>\n<p><a href=\"https:\/\/fvcomponentes.com\/wp-content\/uploads\/2024\/10\/Manual-Gestor-de-energia-SMA-Sunny-Home-Manager-2.0-HM-20.pdf\" target=\"_blank\" rel=\"noopener\">Das SMA Sunny Home Manager 2.0 - HM-20 Handbuch anzeigen<\/a><\/p>\n<p><a href=\"https:\/\/fvcomponentes.com\/wp-content\/uploads\/2024\/10\/Ficha-tecnica-Gestor-de-energia-SMA-Sunny-Home-Manager-2.0-HM-20.pdf\" target=\"_blank\" rel=\"noopener\">Siehe das Datenblatt des SMA Sunny Home Manager 2.0 - HM-20\u00a0<\/a><\/p>","protected":false},"excerpt":{"rendered":"<ul>\n<li>Optimiert den photovoltaischen Eigenverbrauch und senkt die Stromkosten erheblich.<\/li>\n<li><strong>Nennspannung:<\/strong> 230 V\/400 V<\/li>\n<li><strong>Nennstrom:<\/strong> 5A<\/li>\n<li>\n<div class=\"flex-shrink-0 flex flex-col relative items-end\">\n<div class=\"pt-0\">\n<div class=\"gizmo-bot-avatar flex h-8 w-8 items-center justify-center overflow-hidden rounded-full\">\n<div class=\"relative p-1 rounded-sm flex items-center justify-center bg-token-main-surface-primary text-token-text-primary h-8 w-8\"><strong>Gesamtzahl der Ger\u00e4te im System:<\/strong> bis zu 24<\/div>\n<\/div>\n<\/div>\n<\/div>\n<\/li>\n<\/ul>\n<p>&nbsp;<\/p>","protected":false},"featured_media":20173,"comment_status":"open","ping_status":"closed","template":"","meta":{"site-sidebar-layout":"default","site-content-layout":"","ast-site-content-layout":"default","site-content-style":"default","site-sidebar-style":"default","ast-global-header-display":"","ast-banner-title-visibility":"","ast-main-header-display":"","ast-hfb-above-header-display":"","ast-hfb-below-header-display":"","ast-hfb-mobile-header-display":"","site-post-title":"","ast-breadcrumbs-content":"","ast-featured-img":"","footer-sml-layout":"","ast-disable-related-posts":"","theme-transparent-header-meta":"default","adv-header-id-meta":"","stick-header-meta":"","header-above-stick-meta":"","header-main-stick-meta":"","header-below-stick-meta":"","astra-migrate-meta-layouts":"set","ast-page-background-enabled":"default","ast-page-background-meta":{"desktop":{"background-color":"var(--ast-global-color-4)","background-image":"","background-repeat":"repeat","background-position":"center center","background-size":"auto","background-attachment":"scroll","background-type":"","background-media":"","overlay-type":"","overlay-color":"","overlay-opacity":"","overlay-gradient":""},"tablet":{"background-color":"","background-image":"","background-repeat":"repeat","background-position":"center center","background-size":"auto","background-attachment":"scroll","background-type":"","background-media":"","overlay-type":"","overlay-color":"","overlay-opacity":"","overlay-gradient":""},"mobile":{"background-color":"","background-image":"","background-repeat":"repeat","background-position":"center center","background-size":"auto","background-attachment":"scroll","background-type":"","background-media":"","overlay-type":"","overlay-color":"","overlay-opacity":"","overlay-gradient":""}},"ast-content-background-meta":{"desktop":{"background-color":"var(--ast-global-color-5)","background-image":"","background-repeat":"repeat","background-position":"center center","background-size":"auto","background-attachment":"scroll","background-type":"","background-media":"","overlay-type":"","overlay-color":"","overlay-opacity":"","overlay-gradient":""},"tablet":{"background-color":"var(--ast-global-color-5)","background-image":"","background-repeat":"repeat","background-position":"center center","background-size":"auto","background-attachment":"scroll","background-type":"","background-media":"","overlay-type":"","overlay-color":"","overlay-opacity":"","overlay-gradient":""},"mobile":{"background-color":"var(--ast-global-color-5)","background-image":"","background-repeat":"repeat","background-position":"center center","background-size":"auto","background-attachment":"scroll","background-type":"","background-media":"","overlay-type":"","overlay-color":"","overlay-opacity":"","overlay-gradient":""}}},"pwb-brand":[998],"product_brand":[],"product_cat":[351,333],"product_tag":[],"class_list":{"0":"post-20170","1":"product","2":"type-product","3":"status-publish","4":"has-post-thumbnail","6":"pwb-brand-sma","7":"product_cat-accesorios","8":"product_cat-inversores","9":"desktop-align-left","10":"tablet-align-left","11":"mobile-align-left","12":"ast-product-gallery-layout-horizontal-slider","13":"ast-product-gallery-with-no-image","14":"ast-product-tabs-layout-horizontal","16":"first","17":"outofstock","18":"taxable","19":"shipping-taxable","20":"purchasable","21":"product-type-simple"},"wcpa_form_fields":null,"brands":[{"id":998,"name":"SMA-Wechselrichter","slug":"sma"}],"_links":{"self":[{"href":"https:\/\/fvcomponentes.com\/de\/wp-json\/wp\/v2\/product\/20170","targetHints":{"allow":["GET"]}}],"collection":[{"href":"https:\/\/fvcomponentes.com\/de\/wp-json\/wp\/v2\/product"}],"about":[{"href":"https:\/\/fvcomponentes.com\/de\/wp-json\/wp\/v2\/types\/product"}],"replies":[{"embeddable":true,"href":"https:\/\/fvcomponentes.com\/de\/wp-json\/wp\/v2\/comments?post=20170"}],"wp:featuredmedia":[{"embeddable":true,"href":"https:\/\/fvcomponentes.com\/de\/wp-json\/wp\/v2\/media\/20173"}],"wp:attachment":[{"href":"https:\/\/fvcomponentes.com\/de\/wp-json\/wp\/v2\/media?parent=20170"}],"wp:term":[{"taxonomy":"pwb-brand","embeddable":true,"href":"https:\/\/fvcomponentes.com\/de\/wp-json\/wp\/v2\/pwb-brand?post=20170"},{"taxonomy":"product_brand","embeddable":true,"href":"https:\/\/fvcomponentes.com\/de\/wp-json\/wp\/v2\/product_brand?post=20170"},{"taxonomy":"product_cat","embeddable":true,"href":"https:\/\/fvcomponentes.com\/de\/wp-json\/wp\/v2\/product_cat?post=20170"},{"taxonomy":"product_tag","embeddable":true,"href":"https:\/\/fvcomponentes.com\/de\/wp-json\/wp\/v2\/product_tag?post=20170"}],"curies":[{"name":"wp","href":"https:\/\/api.w.org\/{rel}","templated":true}]}}