{"id":20057,"date":"2024-10-22T09:44:55","date_gmt":"2024-10-22T07:44:55","guid":{"rendered":"https:\/\/fvcomponentes.com\/?post_type=product&#038;p=20057"},"modified":"2026-04-08T21:32:29","modified_gmt":"2026-04-08T19:32:29","slug":"solarmodul-victron-bluesolar-215w-24v-monokristalline-serie-4b-spm042152402","status":"publish","type":"product","link":"https:\/\/fvcomponentes.com\/de\/producto\/panel-solar-victron-bluesolar-215w-24v-monocristalino-series-4b-spm042152402\/","title":{"rendered":"Solarmodul 24V Victron BlueSolar 215W-24V monokristallin 4b Serie - SPM042152402"},"content":{"rendered":"<h2>Solarmodul 24V Victron BlueSolar 215W-24V monokristallin 4b Serie - SPM042152402<\/h2>\n<h2>Monokristalline Paneele<\/h2>\n<p dir=\"ltr\">Die monokristallinen Siliziumzellen des Victron BlueSolar 215W-24V monokristallinen Solarmoduls der Serie 4b werden aus Ingots (zylindrischen Siliziumbl\u00f6cken) hergestellt. Die vier Seiten des Zylinders werden geschnitten und zu Platten mit abgerundeten Kanten verarbeitet. Die Kristalle haben einen hohen Reinheitsgrad, wodurch der Wirkungsgrad der Zellen erh\u00f6ht wird. Die Platten aus diesem Material haben in der Regel eine dunklere, meist schwarze Farbe.<\/p>\n<p style=\"font-weight: 400\"><span style=\"font-style: inherit\">Dieses Solarmodul 215w 24v monokristallin<\/span><span style=\"font-style: inherit\"> ist in der Lage, auf kleinerem Raum wesentlich mehr Energie zu erzeugen, so dass sie effizienter sind. Aus diesem Grund ist ein 24-V-Solarmodul eine gute Wahl, wenn Sie eine kleine Fl\u00e4che f\u00fcr die Installation der Module haben. Durch die Erzeugung von mehr Energie auf einer kleineren Fl\u00e4che k\u00f6nnen gr\u00f6\u00dfere Einsparungen erzielt werden als mit polykristallinen Modulen.\u00a0<\/span><\/p>\n<h2>Eigenschaften des Victron BlueSolar 24V Solarmoduls 215W-24V monokristallin 4b Serie<\/h2>\n<ul>\n<li>Dieses 24-V-Solarmodul bietet eine au\u00dfergew\u00f6hnliche Leistung mit geringer Helligkeit und hoher Lichtempfindlichkeit \u00fcber das gesamte Sonnenspektrum.<\/li>\n<li>Das fortschrittliche EVA (Ethylenvinylacetat)-Verkapselungssystem mit dreilagigen R\u00fcckseitenfolien erf\u00fcllt die h\u00f6chsten Anforderungen f\u00fcr den Hochspannungsbetrieb.<\/li>\n<li>Das geh\u00e4rtete Glas dieses 24-V-Solarmoduls ist von hoher Durchl\u00e4ssigkeit und hoher Qualit\u00e4t und bietet eine verbesserte H\u00e4rte und Schlagfestigkeit.<\/li>\n<li>Ein stabiler verzinkter Aluminiumrahmen erm\u00f6glicht die Montage der Module auf dem Dach mit verschiedenen Standard-Montagesystemen.<\/li>\n<li>Die Anschlussdose dieses 215w 24v Solarmoduls ist versiegelt, wasserdicht und multifunktional. Auf diese Weise bietet es ein hohes Ma\u00df an Sicherheit.<\/li>\n<li>Leistungsstarke Bypass-Dioden minimieren den durch Abschattung verursachten Leistungsabfall.<\/li>\n<li>Vorverdrahtet mit PV-ST01 Schnellanschl\u00fcssen.<\/li>\n<\/ul>\n<h2>Technische Daten des Victron BlueSolar 215W-24V monokristallinen 24V Solarmoduls der Serie 4b<\/h2>\n<ul>\n<li><strong>Gewicht:<\/strong> 11,7 kg<\/li>\n<li><strong>Abmessungen:<\/strong> 1580x705x35 mm<\/li>\n<li><strong>Nennleistung:<\/strong> 215W<\/li>\n<li><strong>Max. Leistungsspannung<\/strong> 40,1V<\/li>\n<li><strong>Max. Leistungsstrom<\/strong> 5,36A<\/li>\n<li><strong>Leerlaufspannung:<\/strong> 46,01V<\/li>\n<li><strong>Kurzschlussstrom:<\/strong> 5,65V<\/li>\n<\/ul>\n<h2>Garantien f\u00fcr dieses 24V-Solarmodul<\/h2>\n<p>F\u00fcr BlueSolar-Solarmodule gilt diese Garantie f\u00fcr eine begrenzte Dauer von 25 Jahren auf die Energieversorgung und Leistung. Au\u00dferdem garantiert BlueSolar die Qualit\u00e4t der Materialien und die Professionalit\u00e4t der Installateure mit einer 5-Jahres-Garantie auf Material und Verarbeitung.<\/p>\n<h2>Victron BlueSolar 215W-24V 24V Solarmodul Installation<\/h2>\n<ul>\n<li>Befolgen Sie stets die Anweisungen und Sicherheitsvorkehrungen.<\/li>\n<li>Die Glasoberfl\u00e4che der Module darf nicht angebohrt werden, auch keine zus\u00e4tzlichen Bohrungen, da sonst die Garantie erlischt.<\/li>\n<li>Bei der Standardinstallation m\u00fcssen die Module mit vier Verankerungspunkten sicher an der Montagestruktur befestigt werden.<\/li>\n<li>In windigen oder verschneiten Gebieten wird die Verwendung zus\u00e4tzlicher Befestigungspunkte empfohlen.<\/li>\n<li>Die Berechnung der statischen Belastung liegt in der Verantwortung des Systemplaners oder des Installateurs.<\/li>\n<\/ul>\n<p><strong>Montageanleitung<\/strong><\/p>\n<ul>\n<li>Verwenden Sie nur die vorgebohrten Montagel\u00f6cher im Modulrahmen.<\/li>\n<li>In der Regel wird das Modul an den vier symmetrischen Punkten auf der Innenseite des Rahmens befestigt.<\/li>\n<li>Bei der Installation in windigen oder verschneiten Gebieten m\u00fcssen die acht verf\u00fcgbaren Befestigungsl\u00f6cher verwendet werden.<\/li>\n<li>Heben Sie das Modul nicht an der Anschlussdose oder den elektrischen Kabeln an.<\/li>\n<li>Treten oder stellen Sie sich nicht auf das Modul.<\/li>\n<li>Lassen Sie das Modul nicht fallen und achten Sie darauf, dass keine Gegenst\u00e4nde auf das Modul fallen.<\/li>\n<li>Um Glasbruch zu vermeiden, stellen Sie keine schweren Gegenst\u00e4nde auf das Modul.<\/li>\n<li>Legen Sie das Modul nicht ruckartig auf eine Oberfl\u00e4che.<\/li>\n<li>Unsachgem\u00e4\u00dfer Transport oder Einbau kann das Modul besch\u00e4digen.<\/li>\n<\/ul>\n<h2>Datenblatt 24V Solarmodul Victron BlueSolar 215W-24V monokristallin Serie 4b - SPM042152402<\/h2>\n<p><a href=\"https:\/\/fvcomponentes.com\/wp-content\/uploads\/2024\/10\/Ficha-tecnica-Panel-solar-Victron-BlueSolar-monocristalino.pdf\" target=\"_blank\" rel=\"noopener\">Victron BlueSolar 215W-24V monokristalline Serie 4b - SPM042152402 24V Solarmodul Datenblatt anzeigen<\/a><\/p>\n<h2>Handbuch Solarmodul 24V Victron BlueSolar 215W-24V monokristallin 4b Serie - SPM042152402<\/h2>\n<p><a href=\"https:\/\/fvcomponentes.com\/wp-content\/uploads\/2025\/02\/Manual-paneles-BlueSolar-Victron.pdf\" target=\"_blank\" rel=\"noopener\">Victron BlueSolar 215W-24V Monokristallines 24V Solarmodul 4b Serie Handbuch ansehen<\/a><\/p>","protected":false},"excerpt":{"rendered":"<ul>\n<li><strong>Nennleistung:<\/strong> 215W<\/li>\n<li><strong>Zellen:<\/strong> 72<\/li>\n<li><strong>Spannung:<\/strong> 24V<\/li>\n<li><strong>Ma\u00dfnahmen<\/strong>: 1580x705x35mm<\/li>\n<\/ul>","protected":false},"featured_media":20060,"comment_status":"open","ping_status":"closed","template":"","meta":{"site-sidebar-layout":"default","site-content-layout":"default","ast-site-content-layout":"default","site-content-style":"default","site-sidebar-style":"default","ast-global-header-display":"","ast-banner-title-visibility":"","ast-main-header-display":"","ast-hfb-above-header-display":"","ast-hfb-below-header-display":"","ast-hfb-mobile-header-display":"","site-post-title":"","ast-breadcrumbs-content":"","ast-featured-img":"","footer-sml-layout":"","ast-disable-related-posts":"","theme-transparent-header-meta":"default","adv-header-id-meta":"","stick-header-meta":"","header-above-stick-meta":"","header-main-stick-meta":"","header-below-stick-meta":"","astra-migrate-meta-layouts":"set","ast-page-background-enabled":"default","ast-page-background-meta":{"desktop":{"background-color":"var(--ast-global-color-4)","background-image":"","background-repeat":"repeat","background-position":"center center","background-size":"auto","background-attachment":"scroll","background-type":"","background-media":"","overlay-type":"","overlay-color":"","overlay-opacity":"","overlay-gradient":""},"tablet":{"background-color":"","background-image":"","background-repeat":"repeat","background-position":"center center","background-size":"auto","background-attachment":"scroll","background-type":"","background-media":"","overlay-type":"","overlay-color":"","overlay-opacity":"","overlay-gradient":""},"mobile":{"background-color":"","background-image":"","background-repeat":"repeat","background-position":"center center","background-size":"auto","background-attachment":"scroll","background-type":"","background-media":"","overlay-type":"","overlay-color":"","overlay-opacity":"","overlay-gradient":""}},"ast-content-background-meta":{"desktop":{"background-color":"var(--ast-global-color-5)","background-image":"","background-repeat":"repeat","background-position":"center center","background-size":"auto","background-attachment":"scroll","background-type":"","background-media":"","overlay-type":"","overlay-color":"","overlay-opacity":"","overlay-gradient":""},"tablet":{"background-color":"var(--ast-global-color-5)","background-image":"","background-repeat":"repeat","background-position":"center center","background-size":"auto","background-attachment":"scroll","background-type":"","background-media":"","overlay-type":"","overlay-color":"","overlay-opacity":"","overlay-gradient":""},"mobile":{"background-color":"var(--ast-global-color-5)","background-image":"","background-repeat":"repeat","background-position":"center center","background-size":"auto","background-attachment":"scroll","background-type":"","background-media":"","overlay-type":"","overlay-color":"","overlay-opacity":"","overlay-gradient":""}}},"pwb-brand":[332],"product_brand":[],"product_cat":[457,395],"product_tag":[],"class_list":{"0":"post-20057","1":"product","2":"type-product","3":"status-publish","4":"has-post-thumbnail","6":"pwb-brand-victron","7":"product_cat-placas-solares-24-v","8":"product_cat-placas-solares","9":"product_shipping_class-paneles","10":"desktop-align-left","11":"tablet-align-left","12":"mobile-align-left","13":"ast-product-gallery-layout-horizontal-slider","14":"ast-product-tabs-layout-horizontal","16":"first","17":"instock","18":"taxable","19":"shipping-taxable","20":"purchasable","21":"product-type-simple"},"wcpa_form_fields":null,"brands":[{"id":332,"name":"Victron Energie","slug":"victron"}],"_links":{"self":[{"href":"https:\/\/fvcomponentes.com\/de\/wp-json\/wp\/v2\/product\/20057","targetHints":{"allow":["GET"]}}],"collection":[{"href":"https:\/\/fvcomponentes.com\/de\/wp-json\/wp\/v2\/product"}],"about":[{"href":"https:\/\/fvcomponentes.com\/de\/wp-json\/wp\/v2\/types\/product"}],"replies":[{"embeddable":true,"href":"https:\/\/fvcomponentes.com\/de\/wp-json\/wp\/v2\/comments?post=20057"}],"wp:featuredmedia":[{"embeddable":true,"href":"https:\/\/fvcomponentes.com\/de\/wp-json\/wp\/v2\/media\/20060"}],"wp:attachment":[{"href":"https:\/\/fvcomponentes.com\/de\/wp-json\/wp\/v2\/media?parent=20057"}],"wp:term":[{"taxonomy":"pwb-brand","embeddable":true,"href":"https:\/\/fvcomponentes.com\/de\/wp-json\/wp\/v2\/pwb-brand?post=20057"},{"taxonomy":"product_brand","embeddable":true,"href":"https:\/\/fvcomponentes.com\/de\/wp-json\/wp\/v2\/product_brand?post=20057"},{"taxonomy":"product_cat","embeddable":true,"href":"https:\/\/fvcomponentes.com\/de\/wp-json\/wp\/v2\/product_cat?post=20057"},{"taxonomy":"product_tag","embeddable":true,"href":"https:\/\/fvcomponentes.com\/de\/wp-json\/wp\/v2\/product_tag?post=20057"}],"curies":[{"name":"wp","href":"https:\/\/api.w.org\/{rel}","templated":true}]}}