{"id":20038,"date":"2024-10-21T17:56:12","date_gmt":"2024-10-21T15:56:12","guid":{"rendered":"https:\/\/fvcomponentes.com\/?post_type=product&#038;p=20038"},"modified":"2026-01-15T10:07:30","modified_gmt":"2026-01-15T09:07:30","slug":"victron-12v-60ah-agm-super-cycle-m6-batterie-bat412060082","status":"publish","type":"product","link":"https:\/\/fvcomponentes.com\/de\/producto\/bateria-victron-12v-60ah-agm-super-cycle-m6-bat412060082\/","title":{"rendered":"AGM-Batterie 12V 60Ah Victron AGM Super Cycle M6 - BAT412060082"},"content":{"rendered":"<h2>Eigenschaften AGM-Batterie 12V 60Ah Victron AGM Super Cycle M6 - BAT412060082<\/h2>\n<p>Die AGM 12V 60Ah Victron AGM Super Cycle M6 - BAT412060082 ist das Ergebnis der j\u00fcngsten Entwicklungen in der Elektrochemie auf dem Gebiet der AGM-Batterien. Die Paste auf den positiven Platten ist weniger empfindlich gegen Erweichung, auch bei wiederholten Vollentladungen der Batterie, und neue Zus\u00e4tze im Elektrolyt reduzieren die Sulfatierung bei Tiefentladung.<\/p>\n<p>Tests zeigen, dass diese agm 60Ah Super Cycle-Batterie bis zu dreihundert DoD-Zyklen des 100% aushalten kann. Diese Tests bestehen aus einer t\u00e4glichen Entladung bei 10,8 V mit I = 0,2 C\u2082\u2080, gefolgt von einer etwa zweist\u00fcndigen Bereitschaft im entladenen Zustand und einem anschlie\u00dfenden Wiederaufladen mit I = 0,2 C\u2082\u2080. Diese Bleibatterie wird f\u00fcr Anwendungen empfohlen, bei denen eine DoD von 100% oder eine h\u00e4ufige DoD von 60-80% zu erwarten ist.<\/p>\n<p>Ein zus\u00e4tzlicher Vorteil der neuen Elektrochemie ist, dass sie im Vergleich zu herk\u00f6mmlichen Deep-Cycle-AGM-Batterien kleiner und leichter ist. Auch der Innenwiderstand ist im Vergleich zu anderen Standard-AGM-Batterien etwas geringer.<\/p>\n<p>Empfohlene Ladespannungen der agm-Batterie:<\/p>\n<h2><img fetchpriority=\"high\" decoding=\"async\" class=\"alignnone wp-image-8268 size-full\" src=\"https:\/\/fvcomponentes.com\/wp-content\/uploads\/2022\/11\/Captura.png\" alt=\"Empfohlene Lastspannungen\" width=\"579\" height=\"120\" title=\"\"><\/h2>\n<p>&nbsp;<\/p>\n<h2>Victron AGM 12V 60Ah Batterie Spezifikationen<\/h2>\n<ul>\n<li><strong>Macht:<\/strong> 12V<\/li>\n<li><strong>Ah C5 (10,8 V):<\/strong> 52<\/li>\n<li><strong>Ah C10 (10,8 V):<\/strong> 56<\/li>\n<li><strong>Ah C20 (10,8 V):<\/strong> 60<\/li>\n<li><strong>Abmessungen:<\/strong> 224 x 135 x 178 mm<\/li>\n<li><strong>Gewicht:<\/strong> 14<\/li>\n<li><strong>CCA @0\u00b0F:<\/strong> 300<\/li>\n<li><strong>RES CAP @80\u00b0F:<\/strong> 90<\/li>\n<li><strong>Terminals:<\/strong> Einsatz M6<\/li>\n<\/ul>\n<h2>Was ist eine AGM-Batterie?<\/h2>\n<p>Eine AGM-Batterie (Absorbent Glass Mat) ist eine Art von Bleibatterie, bei der der Elektrolyt in einem Glasfasernetz absorbiert wird. AGM-Batterien sind sicherer und effizienter.<\/p>\n<p>Eine agm-Batterie besteht aus:<\/p>\n<ul>\n<li>Bleiplatten: Dies sind die Elektroden des Akkus. Sie bestehen aus einer Legierung aus Blei und anderen Metallen wie Kalzium oder Zinn, um die Widerstandsf\u00e4higkeit und Haltbarkeit zu verbessern.<\/li>\n<li>Absorbierter Elektrolyt: Ein Gemisch aus Schwefels\u00e4ure und Wasser, das in einem Glasfasernetz impr\u00e4gniert ist, anstatt in fl\u00fcssigem Zustand zu sein.<\/li>\n<li>Glasfaserseparatoren: Sie wirken wie Schw\u00e4mme und halten den Elektrolyt in Kontakt mit den Platten, was den Wirkungsgrad verbessert und ein Auslaufen verhindert.<\/li>\n<li>Kunststoffgeh\u00e4use: Hergestellt aus sto\u00dffesten und korrosionsbest\u00e4ndigen Materialien, wie z. B. Polypropylen, zum Schutz der internen Komponenten.<\/li>\n<li>Druckregelventil: Erm\u00f6glicht das Ablassen des Gases im Falle eines \u00dcberdrucks, um Sch\u00e4den zu vermeiden und einen sicheren Betrieb zu gew\u00e4hrleisten.<\/li>\n<\/ul>\n<p>Eine agm-Batterie ist eine VRLA-Batterie (Valve-Regulated Lead-Acid); sie ist verschlossen, wartungsfrei und vibrationsfest. agm-Batterien sind ideal f\u00fcr den Einsatz in Automobilen, Motorr\u00e4dern, Solaranlagen (Solarmodulbatterien) und Notstromger\u00e4ten. Es gibt viele Modelle von agm-Batterien, wie z. B. die agm 100ah-Batterie, die Solarpanel-Batterie, die agm 80ah-Batterie oder diese, die agm 60ah-Batterie.<\/p>\n<h2>Aufladen einer agm-Batterie<\/h2>\n<p>Es ist notwendig, ein Ladeger\u00e4t f\u00fcr Akkus zu haben. Es muss ein spezielles Ladeger\u00e4t f\u00fcr diesen Akkutyp sein, da die Spannung und der Strom genau kontrolliert werden m\u00fcssen, um eine \u00dcberladung zu vermeiden, die den Akku besch\u00e4digen k\u00f6nnte.<\/p>\n<p><strong>3-stufiges agm-Batterieladeverfahren<\/strong><\/p>\n<p>Das Aufladen einer agm-Batterie erfolgt in drei Phasen:<\/p>\n<ul>\n<li><strong>Sch\u00fcttgut:<\/strong>\n<ul>\n<li>Es wird ein konstanter Strom angelegt, der zwischen 10% und 20% der Nennkapazit\u00e4t der agm-Batterie (C20) liegt.<\/li>\n<li>Spannungserh\u00f6hung: Die Spannung des Agm wird schrittweise auf 14,4 bis 14,8 V erh\u00f6ht.<\/li>\n<\/ul>\n<\/li>\n<li><strong>Absorption:<\/strong>\n<ul>\n<li>Sobald die maximale Spannung erreicht ist, bleibt sie konstant, w\u00e4hrend der Strom allm\u00e4hlich abnimmt.<\/li>\n<li>Diese Phase wird fortgesetzt, bis der Ladestrom auf 1% der Nennkapazit\u00e4t der agm-Batterien reduziert ist.<\/li>\n<\/ul>\n<\/li>\n<li><strong>Flotation:<\/strong>\n<ul>\n<li>Die Spannung wird auf ein Erhaltungsniveau reduziert, typischerweise zwischen 13,65 und 13,8 V, um die Selbstentladung auszugleichen, ohne die Batterie zu \u00fcberlasten.<\/li>\n<\/ul>\n<\/li>\n<\/ul>\n<p><strong>Empfehlungen<\/strong><\/p>\n<ul>\n<li>Vermeiden Sie eine \u00dcberlastung: Eine \u00dcberlastung kann zu Ausgasungen und inneren Sch\u00e4den am Agm f\u00fchren.<\/li>\n<li>Bel\u00fcftete Umgebung: Laden Sie in einem gut bel\u00fcfteten Bereich, um Restgase aus der Batterie abzuf\u00fchren und sch\u00e4dliche Ansammlungen zu vermeiden.<\/li>\n<li>Befolgen Sie die Anweisungen des Herstellers: Um ein sicheres und effizientes Laden zu gew\u00e4hrleisten, sollten Sie unbedingt die spezifischen Empfehlungen des Herstellers des agm- und agm-Batterieladeger\u00e4ts beachten.<\/li>\n<\/ul>\n<h2>Technisches Datenblatt AGM-Batterie 12V 60Ah Victron AGM Super Cycle M6 - BAT412060082<\/h2>\n<p><a href=\"https:\/\/fvcomponentes.com\/wp-content\/uploads\/2024\/10\/Ficha-tecnica-Bateria-Victron-AGM-Super-Cycle.pdf\" target=\"_blank\" rel=\"noopener\">Siehe Datenblatt f\u00fcr Victron 12V\/60Ah AGM Super Cycle (M6)- BAT41206008 Batterie<\/a><\/p>","protected":false},"excerpt":{"rendered":"<ul>\n<li><strong>Anspannung:<\/strong>\u00a012V<\/li>\n<li><strong>Amperestunden:<\/strong> 60Ah (C20)<\/li>\n<li><strong>Zyklen:<\/strong> \u2265 300 Zyklen bei einer DoD des 100%, \u2265 700 Zyklen bei einer DoD des 60%, \u2265 1000 Zyklen bei einer DoD des 40%<\/li>\n<li><strong>Terminals:<\/strong> Einsatz M6<\/li>\n<\/ul>","protected":false},"featured_media":20039,"comment_status":"open","ping_status":"closed","template":"","meta":{"site-sidebar-layout":"default","site-content-layout":"","ast-site-content-layout":"default","site-content-style":"default","site-sidebar-style":"default","ast-global-header-display":"","ast-banner-title-visibility":"","ast-main-header-display":"","ast-hfb-above-header-display":"","ast-hfb-below-header-display":"","ast-hfb-mobile-header-display":"","site-post-title":"","ast-breadcrumbs-content":"","ast-featured-img":"","footer-sml-layout":"","ast-disable-related-posts":"","theme-transparent-header-meta":"default","adv-header-id-meta":"","stick-header-meta":"","header-above-stick-meta":"","header-main-stick-meta":"","header-below-stick-meta":"","astra-migrate-meta-layouts":"set","ast-page-background-enabled":"default","ast-page-background-meta":{"desktop":{"background-color":"var(--ast-global-color-4)","background-image":"","background-repeat":"repeat","background-position":"center center","background-size":"auto","background-attachment":"scroll","background-type":"","background-media":"","overlay-type":"","overlay-color":"","overlay-opacity":"","overlay-gradient":""},"tablet":{"background-color":"","background-image":"","background-repeat":"repeat","background-position":"center center","background-size":"auto","background-attachment":"scroll","background-type":"","background-media":"","overlay-type":"","overlay-color":"","overlay-opacity":"","overlay-gradient":""},"mobile":{"background-color":"","background-image":"","background-repeat":"repeat","background-position":"center center","background-size":"auto","background-attachment":"scroll","background-type":"","background-media":"","overlay-type":"","overlay-color":"","overlay-opacity":"","overlay-gradient":""}},"ast-content-background-meta":{"desktop":{"background-color":"var(--ast-global-color-5)","background-image":"","background-repeat":"repeat","background-position":"center center","background-size":"auto","background-attachment":"scroll","background-type":"","background-media":"","overlay-type":"","overlay-color":"","overlay-opacity":"","overlay-gradient":""},"tablet":{"background-color":"var(--ast-global-color-5)","background-image":"","background-repeat":"repeat","background-position":"center center","background-size":"auto","background-attachment":"scroll","background-type":"","background-media":"","overlay-type":"","overlay-color":"","overlay-opacity":"","overlay-gradient":""},"mobile":{"background-color":"var(--ast-global-color-5)","background-image":"","background-repeat":"repeat","background-position":"center center","background-size":"auto","background-attachment":"scroll","background-type":"","background-media":"","overlay-type":"","overlay-color":"","overlay-opacity":"","overlay-gradient":""}}},"pwb-brand":[332],"product_brand":[],"product_cat":[375,340],"product_tag":[],"class_list":{"0":"post-20038","1":"product","2":"type-product","3":"status-publish","4":"has-post-thumbnail","6":"pwb-brand-victron","7":"product_cat-baterias-agm","8":"product_cat-baterias","9":"product_shipping_class-baterias","10":"desktop-align-left","11":"tablet-align-left","12":"mobile-align-left","13":"ast-product-gallery-layout-horizontal-slider","14":"ast-product-tabs-layout-horizontal","16":"first","17":"instock","18":"taxable","19":"shipping-taxable","20":"purchasable","21":"product-type-simple"},"wcpa_form_fields":null,"brands":[{"id":332,"name":"Victron Energie","slug":"victron"}],"_links":{"self":[{"href":"https:\/\/fvcomponentes.com\/de\/wp-json\/wp\/v2\/product\/20038","targetHints":{"allow":["GET"]}}],"collection":[{"href":"https:\/\/fvcomponentes.com\/de\/wp-json\/wp\/v2\/product"}],"about":[{"href":"https:\/\/fvcomponentes.com\/de\/wp-json\/wp\/v2\/types\/product"}],"replies":[{"embeddable":true,"href":"https:\/\/fvcomponentes.com\/de\/wp-json\/wp\/v2\/comments?post=20038"}],"wp:featuredmedia":[{"embeddable":true,"href":"https:\/\/fvcomponentes.com\/de\/wp-json\/wp\/v2\/media\/20039"}],"wp:attachment":[{"href":"https:\/\/fvcomponentes.com\/de\/wp-json\/wp\/v2\/media?parent=20038"}],"wp:term":[{"taxonomy":"pwb-brand","embeddable":true,"href":"https:\/\/fvcomponentes.com\/de\/wp-json\/wp\/v2\/pwb-brand?post=20038"},{"taxonomy":"product_brand","embeddable":true,"href":"https:\/\/fvcomponentes.com\/de\/wp-json\/wp\/v2\/product_brand?post=20038"},{"taxonomy":"product_cat","embeddable":true,"href":"https:\/\/fvcomponentes.com\/de\/wp-json\/wp\/v2\/product_cat?post=20038"},{"taxonomy":"product_tag","embeddable":true,"href":"https:\/\/fvcomponentes.com\/de\/wp-json\/wp\/v2\/product_tag?post=20038"}],"curies":[{"name":"wp","href":"https:\/\/api.w.org\/{rel}","templated":true}]}}