{"id":20032,"date":"2024-10-21T17:00:04","date_gmt":"2024-10-21T15:00:04","guid":{"rendered":"https:\/\/fvcomponentes.com\/?post_type=product&#038;p=20032"},"modified":"2026-04-08T21:30:16","modified_gmt":"2026-04-08T19:30:16","slug":"victron-smartshunt-300a-50mv-ip65-shu065130050-victron-batterie-monitor-shu065130050","status":"publish","type":"product","link":"https:\/\/fvcomponentes.com\/de\/producto\/monitor-de-baterias-victron-smartshunt-300a-50mv-ip65-shu065130050\/","title":{"rendered":"Victron Smartshunt 300A\/50mV IP65 Batterie\u00fcberwachung - SHU065130050"},"content":{"rendered":"<h2>Merkmale Victron Smartshunt 300A\/50mV IP65 Batteriemonitor - SHU065130050<\/h2>\n<p>Der Victron Smartshunt 300A\/50mV IP65 - SHU065130050 ist ein All-in-One-Batteriemonitor, allerdings ohne Display. Mit der VictronConnect App k\u00f6nnen Sie bequem alle Batterieparameter wie Ladezustand, verbleibende Autonomie, historische Daten und vieles mehr ablesen. Der SmartShunt IP65 kann auch mit einem GX-Ger\u00e4t verbunden und ausgelesen werden. Der Anschluss an den SmartShunt erfolgt \u00fcber ein VE.Direct-Kabel.<\/p>\n<p>Der SmartShunt ist eine gute Alternative zum BMV-Batteriemonitor, vor allem in Systemen, in denen Sie die Batterie im Auge behalten m\u00fcssen, aber nicht wollen, dass<br \/>\nso viele Kabel.<\/p>\n<p>Der SmartShunt verf\u00fcgt \u00fcber Bluetooth, einen VE.Direct-Anschluss und einen zus\u00e4tzlichen Anschluss, der f\u00fcr die Steuerung einer zweiten Batterie, f\u00fcr die Verfolgung des Mittelpunkts oder zur<br \/>\neinen Temperatursensor anschlie\u00dfen.<\/p>\n<h2>SmartShunt 300A\/50mV IP65 Spezifikationen<\/h2>\n<ul>\n<li><strong>Versorgungsspannung:\u00a0<\/strong>6,5 - 70V DC<\/li>\n<li><strong>Stromverbrauch:<\/strong>\u00a0&lt; 1mA<\/li>\n<li><strong>Eingangsspannungsbereich, Hilfsbatterie:<\/strong>\u00a06,5 - 70V DC<\/li>\n<li><strong>Batteriekapazit\u00e4t (Ah):<\/strong>\u00a01 - 9999Ah<\/li>\n<li><strong>Arbeitstemperaturbereich:<\/strong>\u00a0-40 +50\u00b0C (-40 - 120\u00b0F)<\/li>\n<li><strong>Temperaturmessbereich:<\/strong>\u00a0-20 +50\u00b0C<\/li>\n<li><strong>VE.Direkter Kommunikationsanschluss<\/strong><\/li>\n<\/ul>\n<h2>Aufl\u00f6sung und Genauigkeit<\/h2>\n<ul>\n<li><strong>Aktuell:<\/strong>\u00a0\u00b1 0.01A<\/li>\n<li><strong>Anspannung:<\/strong>\u00a0\u00b1 0.01V<\/li>\n<li><strong>Amperestunden:\u00a0<\/strong>\u00b1 0,1 Ah<\/li>\n<li><strong>Zustand der Ladung<\/strong>\u00a0(0 - 100%): \u00b1 0,1%<\/li>\n<li><strong>Verbleibende Autonomie:<\/strong>\u00a0\u00b1 1 min<\/li>\n<li><strong>Temperatur (bei angeschlossenem optionalem Temperatursensor):<\/strong>\u00a0\u00b1 1\u00b0C\/\u00b0F (0 - 50\u00b0C oder 30 - 120\u00b0F)<\/li>\n<li><strong>Genauigkeit der Strommessung:<\/strong>\u00a0\u00b1 0,4%<\/li>\n<li><strong>Entsch\u00e4digung:<\/strong> Weniger als 10 \/ 20 \/ 40 mA<\/li>\n<li><strong>Genauigkeit der Spannungsmessung:<\/strong>\u00a0\u00b1 0,3%<\/li>\n<\/ul>\n<p><strong>Enth\u00e4lt zwei abgesicherte Kabel f\u00fcr den \"+\"-Anschluss und den Anschluss an eine Starterbatterie oder an den Mittelpunkt.<\/strong><\/p>\n<h2>Datenblatt Victron Smartshunt 300A\/50mV IP65 Batterie\u00fcberwachung - SHU065130050<\/h2>\n<p><a href=\"https:\/\/fvcomponentes.com\/wp-content\/uploads\/2024\/10\/Ficha-tecnica-Monitor-de-baterias-Victron-Smartshunt-IP65.pdf\" target=\"_blank\" rel=\"noopener\">Victron Smartshunt 300A\/50mV IP65 Batteriemonitor Datenblatt anzeigen - SHU065130050<\/a><\/p>","protected":false},"excerpt":{"rendered":"<ul>\n<li><strong>Bereich der Versorgungsspannung:<\/strong>\u00a06,5 - 70 VDC<\/li>\n<li><strong>Stromverbrauch:<\/strong>\u00a0&lt; 1 mA<\/li>\n<li><strong>Eingangsspannungsbereich, Hilfsbatterie:<\/strong>\u00a06,5 - 70 VDC<\/li>\n<li><strong>Terminals:<\/strong>\u00a0M8<\/li>\n<li><strong>Abmessungen:<\/strong>\u00a044 x 120 x 44 mm<\/li>\n<\/ul>","protected":false},"featured_media":20036,"comment_status":"open","ping_status":"closed","template":"","meta":{"site-sidebar-layout":"default","site-content-layout":"","ast-site-content-layout":"default","site-content-style":"default","site-sidebar-style":"default","ast-global-header-display":"","ast-banner-title-visibility":"","ast-main-header-display":"","ast-hfb-above-header-display":"","ast-hfb-below-header-display":"","ast-hfb-mobile-header-display":"","site-post-title":"","ast-breadcrumbs-content":"","ast-featured-img":"","footer-sml-layout":"","ast-disable-related-posts":"","theme-transparent-header-meta":"default","adv-header-id-meta":"","stick-header-meta":"","header-above-stick-meta":"","header-main-stick-meta":"","header-below-stick-meta":"","astra-migrate-meta-layouts":"set","ast-page-background-enabled":"default","ast-page-background-meta":{"desktop":{"background-color":"var(--ast-global-color-4)","background-image":"","background-repeat":"repeat","background-position":"center center","background-size":"auto","background-attachment":"scroll","background-type":"","background-media":"","overlay-type":"","overlay-color":"","overlay-opacity":"","overlay-gradient":""},"tablet":{"background-color":"","background-image":"","background-repeat":"repeat","background-position":"center center","background-size":"auto","background-attachment":"scroll","background-type":"","background-media":"","overlay-type":"","overlay-color":"","overlay-opacity":"","overlay-gradient":""},"mobile":{"background-color":"","background-image":"","background-repeat":"repeat","background-position":"center center","background-size":"auto","background-attachment":"scroll","background-type":"","background-media":"","overlay-type":"","overlay-color":"","overlay-opacity":"","overlay-gradient":""}},"ast-content-background-meta":{"desktop":{"background-color":"var(--ast-global-color-5)","background-image":"","background-repeat":"repeat","background-position":"center center","background-size":"auto","background-attachment":"scroll","background-type":"","background-media":"","overlay-type":"","overlay-color":"","overlay-opacity":"","overlay-gradient":""},"tablet":{"background-color":"var(--ast-global-color-5)","background-image":"","background-repeat":"repeat","background-position":"center center","background-size":"auto","background-attachment":"scroll","background-type":"","background-media":"","overlay-type":"","overlay-color":"","overlay-opacity":"","overlay-gradient":""},"mobile":{"background-color":"var(--ast-global-color-5)","background-image":"","background-repeat":"repeat","background-position":"center center","background-size":"auto","background-attachment":"scroll","background-type":"","background-media":"","overlay-type":"","overlay-color":"","overlay-opacity":"","overlay-gradient":""}}},"pwb-brand":[332],"product_brand":[],"product_cat":[933,391,340],"product_tag":[],"class_list":{"0":"post-20032","1":"product","2":"type-product","3":"status-publish","4":"has-post-thumbnail","6":"pwb-brand-victron","7":"product_cat-monitores-de-baterias","8":"product_cat-accesorios-para-baterias","9":"product_cat-baterias","10":"desktop-align-left","11":"tablet-align-left","12":"mobile-align-left","13":"ast-product-gallery-layout-horizontal-slider","14":"ast-product-tabs-layout-horizontal","16":"first","17":"instock","18":"taxable","19":"shipping-taxable","20":"purchasable","21":"product-type-simple"},"wcpa_form_fields":null,"brands":[{"id":332,"name":"Victron Energie","slug":"victron"}],"_links":{"self":[{"href":"https:\/\/fvcomponentes.com\/de\/wp-json\/wp\/v2\/product\/20032","targetHints":{"allow":["GET"]}}],"collection":[{"href":"https:\/\/fvcomponentes.com\/de\/wp-json\/wp\/v2\/product"}],"about":[{"href":"https:\/\/fvcomponentes.com\/de\/wp-json\/wp\/v2\/types\/product"}],"replies":[{"embeddable":true,"href":"https:\/\/fvcomponentes.com\/de\/wp-json\/wp\/v2\/comments?post=20032"}],"wp:featuredmedia":[{"embeddable":true,"href":"https:\/\/fvcomponentes.com\/de\/wp-json\/wp\/v2\/media\/20036"}],"wp:attachment":[{"href":"https:\/\/fvcomponentes.com\/de\/wp-json\/wp\/v2\/media?parent=20032"}],"wp:term":[{"taxonomy":"pwb-brand","embeddable":true,"href":"https:\/\/fvcomponentes.com\/de\/wp-json\/wp\/v2\/pwb-brand?post=20032"},{"taxonomy":"product_brand","embeddable":true,"href":"https:\/\/fvcomponentes.com\/de\/wp-json\/wp\/v2\/product_brand?post=20032"},{"taxonomy":"product_cat","embeddable":true,"href":"https:\/\/fvcomponentes.com\/de\/wp-json\/wp\/v2\/product_cat?post=20032"},{"taxonomy":"product_tag","embeddable":true,"href":"https:\/\/fvcomponentes.com\/de\/wp-json\/wp\/v2\/product_tag?post=20032"}],"curies":[{"name":"wp","href":"https:\/\/api.w.org\/{rel}","templated":true}]}}