{"id":20025,"date":"2024-10-21T16:33:43","date_gmt":"2024-10-21T14:33:43","guid":{"rendered":"https:\/\/fvcomponentes.com\/?post_type=product&#038;p=20025"},"modified":"2026-04-04T12:45:42","modified_gmt":"2026-04-04T10:45:42","slug":"smartshunt-victron-300a-50mv-shu050130050","status":"publish","type":"product","link":"https:\/\/fvcomponentes.com\/de\/producto\/smartshunt-victron-300a-50mv-shu050130050\/","title":{"rendered":"SmartShunt Victron 300A\/50mV - SHU050130050"},"content":{"rendered":"<h2>Eigenschaften des Victron SmartShunt 300A\/50mV - SHU050130050<\/h2>\n<p>Der Victron SmartShunt 300A\/50mV - SHU050130050 ist ein All-in-One-Batteriemonitor, allerdings ohne Display. Sie m\u00fcssen die VictronConnect App installieren und sich \u00fcber Bluetooth mit dem SmartShunt verbinden, um den Ladezustand, die verbleibende Autonomie, die historischen Daten,...<\/p>\n<p>Er kann auch mit einem GX-Ger\u00e4t angeschlossen und ausgelesen werden. Der Anschluss an den SmartShunt erfolgt mit einem VE.Direct-Kabel, wie z.B. dem <a href=\"https:\/\/fvcomponentes.com\/de\/produkt\/victron-ve-direkt-kabel-3m\/\" target=\"_blank\" rel=\"noopener\">Victron VE.Direct 3m Kabel - ASS030530230.<\/a><\/p>\n<p><span class=\"a-list-item\">Der SmartShunt ist die perfekte Alternative f\u00fcr Systeme, bei denen weniger Verkabelung erw\u00fcnscht ist und bei denen eine permanente Anzeige pro Monitor, wie der BMV-Batteriemonitor, nicht die gew\u00fcnschte Option ist.<\/span><\/p>\n<p>Der SmartShunt verf\u00fcgt \u00fcber Bluetooth, einen VE.Direct-Port und einen Anschluss, der zur Steuerung einer zweiten Batterie, zur Verfolgung des Mittelpunkts oder zum Anschluss eines Temperatursensors verwendet werden kann.<\/p>\n<h2>SmartShunt 300A\/50mV Spezifikationen<\/h2>\n<ul>\n<li><strong>Versorgungsspannung: <\/strong>6,5 - 70V DC<\/li>\n<li><strong>Stromverbrauch:<\/strong> &lt; 1mA<\/li>\n<li><strong>Eingangsspannungsbereich, Hilfsbatterie:<\/strong> 6,5 - 70V DC<\/li>\n<li><strong>Batteriekapazit\u00e4t (Ah):<\/strong> 1 - 9999Ah<\/li>\n<li><strong>Arbeitstemperaturbereich:<\/strong> -40 +50\u00b0C (-40 - 120\u00b0F)<\/li>\n<li><strong>Temperaturmessbereich:<\/strong> -20 +50\u00b0C<\/li>\n<li><strong>VE.Direkter Kommunikationsanschluss<\/strong><\/li>\n<\/ul>\n<h2>Aufl\u00f6sung und Genauigkeit<\/h2>\n<ul>\n<li><strong>Aktuell:<\/strong> \u00b1 0.01A<\/li>\n<li><strong>Anspannung:<\/strong> \u00b1 0.01V<\/li>\n<li><strong>Amperestunden: <\/strong>\u00b1 0,1 Ah<\/li>\n<li><strong>Zustand der Ladung<\/strong> (0 - 100%): \u00b1 0,1%<\/li>\n<li><strong>Verbleibende Autonomie:<\/strong> \u00b1 1 min<\/li>\n<li><strong>Temperatur (bei angeschlossenem optionalem Temperatursensor):<\/strong> \u00b1 1\u00b0C\/\u00b0F (0 - 50\u00b0C oder 30 - 120\u00b0F)<\/li>\n<li><strong>Genauigkeit der Strommessung:<\/strong> \u00b1 0,4%<\/li>\n<li><strong>Entsch\u00e4digung:<\/strong> Weniger als 20 \/ 40 \/ 80 mA<\/li>\n<li><strong>Genauigkeit der Spannungsmessung:<\/strong> \u00b1 0,3%<\/li>\n<\/ul>\n<p><strong>Enth\u00e4lt zwei abgesicherte Kabel f\u00fcr den \"+\"-Anschluss und den Anschluss an eine Starterbatterie oder an den Mittelpunkt.<\/strong><\/p>\n<h2>Datenblatt SmartShunt Victron 300A\/50mV - SHU050130050<\/h2>\n<p><a href=\"https:\/\/fvcomponentes.com\/wp-content\/uploads\/2024\/10\/Ficha-tecnica-SmartShunt-Victron-300A50mV-SHU050130050.pdf\" target=\"_blank\" rel=\"noopener\">Das Victron SmartShunt 300A\/50mV - SHU050130050 Datenblatt anzeigen<\/a><\/p>","protected":false},"excerpt":{"rendered":"<ul>\n<li><strong>Bereich der Versorgungsspannung:<\/strong> 6,5 - 70 VDC<\/li>\n<li><strong>Stromverbrauch:<\/strong> &lt; 1 mA<\/li>\n<li><strong>Eingangsspannungsbereich, Hilfsbatterie:<\/strong> 6,5 - 70 VDC<\/li>\n<li><strong>Terminals:<\/strong> M8<\/li>\n<li><strong>Abmessungen:<\/strong> 44 x 120 x 44 mm<\/li>\n<\/ul>","protected":false},"featured_media":20029,"comment_status":"open","ping_status":"closed","template":"","meta":{"site-sidebar-layout":"default","site-content-layout":"","ast-site-content-layout":"default","site-content-style":"default","site-sidebar-style":"default","ast-global-header-display":"","ast-banner-title-visibility":"","ast-main-header-display":"","ast-hfb-above-header-display":"","ast-hfb-below-header-display":"","ast-hfb-mobile-header-display":"","site-post-title":"","ast-breadcrumbs-content":"","ast-featured-img":"","footer-sml-layout":"","ast-disable-related-posts":"","theme-transparent-header-meta":"default","adv-header-id-meta":"","stick-header-meta":"","header-above-stick-meta":"","header-main-stick-meta":"","header-below-stick-meta":"","astra-migrate-meta-layouts":"set","ast-page-background-enabled":"default","ast-page-background-meta":{"desktop":{"background-color":"var(--ast-global-color-4)","background-image":"","background-repeat":"repeat","background-position":"center center","background-size":"auto","background-attachment":"scroll","background-type":"","background-media":"","overlay-type":"","overlay-color":"","overlay-opacity":"","overlay-gradient":""},"tablet":{"background-color":"","background-image":"","background-repeat":"repeat","background-position":"center center","background-size":"auto","background-attachment":"scroll","background-type":"","background-media":"","overlay-type":"","overlay-color":"","overlay-opacity":"","overlay-gradient":""},"mobile":{"background-color":"","background-image":"","background-repeat":"repeat","background-position":"center center","background-size":"auto","background-attachment":"scroll","background-type":"","background-media":"","overlay-type":"","overlay-color":"","overlay-opacity":"","overlay-gradient":""}},"ast-content-background-meta":{"desktop":{"background-color":"var(--ast-global-color-5)","background-image":"","background-repeat":"repeat","background-position":"center center","background-size":"auto","background-attachment":"scroll","background-type":"","background-media":"","overlay-type":"","overlay-color":"","overlay-opacity":"","overlay-gradient":""},"tablet":{"background-color":"var(--ast-global-color-5)","background-image":"","background-repeat":"repeat","background-position":"center center","background-size":"auto","background-attachment":"scroll","background-type":"","background-media":"","overlay-type":"","overlay-color":"","overlay-opacity":"","overlay-gradient":""},"mobile":{"background-color":"var(--ast-global-color-5)","background-image":"","background-repeat":"repeat","background-position":"center center","background-size":"auto","background-attachment":"scroll","background-type":"","background-media":"","overlay-type":"","overlay-color":"","overlay-opacity":"","overlay-gradient":""}}},"pwb-brand":[332],"product_brand":[],"product_cat":[933,391,340],"product_tag":[],"class_list":{"0":"post-20025","1":"product","2":"type-product","3":"status-publish","4":"has-post-thumbnail","6":"pwb-brand-victron","7":"product_cat-monitores-de-baterias","8":"product_cat-accesorios-para-baterias","9":"product_cat-baterias","10":"desktop-align-left","11":"tablet-align-left","12":"mobile-align-left","13":"ast-product-gallery-layout-horizontal-slider","14":"ast-product-tabs-layout-horizontal","16":"first","17":"instock","18":"taxable","19":"shipping-taxable","20":"purchasable","21":"product-type-simple"},"wcpa_form_fields":null,"brands":[{"id":332,"name":"Victron Energie","slug":"victron"}],"_links":{"self":[{"href":"https:\/\/fvcomponentes.com\/de\/wp-json\/wp\/v2\/product\/20025","targetHints":{"allow":["GET"]}}],"collection":[{"href":"https:\/\/fvcomponentes.com\/de\/wp-json\/wp\/v2\/product"}],"about":[{"href":"https:\/\/fvcomponentes.com\/de\/wp-json\/wp\/v2\/types\/product"}],"replies":[{"embeddable":true,"href":"https:\/\/fvcomponentes.com\/de\/wp-json\/wp\/v2\/comments?post=20025"}],"wp:featuredmedia":[{"embeddable":true,"href":"https:\/\/fvcomponentes.com\/de\/wp-json\/wp\/v2\/media\/20029"}],"wp:attachment":[{"href":"https:\/\/fvcomponentes.com\/de\/wp-json\/wp\/v2\/media?parent=20025"}],"wp:term":[{"taxonomy":"pwb-brand","embeddable":true,"href":"https:\/\/fvcomponentes.com\/de\/wp-json\/wp\/v2\/pwb-brand?post=20025"},{"taxonomy":"product_brand","embeddable":true,"href":"https:\/\/fvcomponentes.com\/de\/wp-json\/wp\/v2\/product_brand?post=20025"},{"taxonomy":"product_cat","embeddable":true,"href":"https:\/\/fvcomponentes.com\/de\/wp-json\/wp\/v2\/product_cat?post=20025"},{"taxonomy":"product_tag","embeddable":true,"href":"https:\/\/fvcomponentes.com\/de\/wp-json\/wp\/v2\/product_tag?post=20025"}],"curies":[{"name":"wp","href":"https:\/\/api.w.org\/{rel}","templated":true}]}}