{"id":19998,"date":"2024-10-21T11:55:22","date_gmt":"2024-10-21T09:55:22","guid":{"rendered":"https:\/\/fvcomponentes.com\/?post_type=product&#038;p=19998"},"modified":"2026-01-15T10:09:28","modified_gmt":"2026-01-15T09:09:28","slug":"victron-lynx-shunt-ve-kann-m10-batterie-monitor-lyn040102110","status":"publish","type":"product","link":"https:\/\/fvcomponentes.com\/de\/producto\/monitor-de-baterias-victron-lynx-shunt-ve-can-m10-lyn040102110\/","title":{"rendered":"Victron Lynx Shunt VE.Can M10 Batterie\u00fcberwachung - LYN040102110"},"content":{"rendered":"<h2>Victron Lynx Shunt VE.Can M10 Batteriemonitor - LYN040102110 mit integrierter Stromschiene<\/h2>\n<div class=\"ui9f13y mgz-element mgz-child mgz-element-product_description content-text\">\n<div class=\"mgz-element-inner ui9f13y-s\">\n<ul>\n<li class=\"ppbd-product-description\">Der Victron Lynx Shunt VE.Can M10 - LYN040102110 ist ein intelligenter 1000A Shunt mit Platz f\u00fcr eine Sicherung. Der integrierte Batteriemonitor \u00fcberwacht genau den Ladezustand der Batterie. Er ist Teil des Lynx Verteilersystems.<\/li>\n<li class=\"ppbd-product-description\">Der Victron Lynx Shunt VE.Can M10 Batteriemonitor - LYN040102110 enth\u00e4lt eine positive und eine negative Stromschiene, einen Batteriemonitor und einen Sicherungshalter f\u00fcr die Hauptsicherung des Systems.<\/li>\n<li class=\"ppbd-product-description\">Der Lynx-Verteiler hat eine Power-LED.<\/li>\n<li class=\"ppbd-product-description\">Der Lynx Shunt VE.Can kann mit einem GX-Ger\u00e4t \u00fcber VE.Can kommunizieren.<\/li>\n<li class=\"ppbd-product-description\">Der Lynx Shunt VE.Can enth\u00e4lt zwei RJ45 VE.Can-Anschl\u00fcsse, die f\u00fcr den Anschluss an ein GX-Ger\u00e4t verwendet werden.<\/li>\n<li class=\"ppbd-product-description\">Der Lynx Shunt VE.Can ist f\u00fcr die Aufnahme einer CNN-Sicherung (separat erh\u00e4ltlich) vorgesehen.<\/li>\n<\/ul>\n<\/div>\n<\/div>\n<h2>Lynx-Verteilungssystem<\/h2>\n<p>Dieses Verteilungssystem besteht aus:<\/p>\n<ul>\n<li><a href=\"https:\/\/fvcomponentes.com\/de\/produkt\/sammelschienen-lynx-verteiler-lyn060102000\/\" target=\"_blank\" rel=\"noopener\"><strong>Lynx-Vertriebsh\u00e4ndler<\/strong><\/a> - Eine Plus- und eine Minussammelschiene mit vier abgesicherten Anschl\u00fcssen f\u00fcr Batterien oder Gleichstromger\u00e4te sowie Sicherungs\u00fcberwachung.<\/li>\n<li><a href=\"https:\/\/fvcomponentes.com\/de\/produkt\/lynx-power-in-victron-lyn020102000\/\" target=\"_blank\" rel=\"noopener\"><strong>Lynx Power In<\/strong><\/a> - Eine positive und eine negative Stromschiene mit vier Anschl\u00fcssen f\u00fcr Batterien oder Gleichstromger\u00e4te.<\/li>\n<li><a href=\"https:\/\/fvcomponentes.com\/de\/produkt\/abzweigung-victron-victron-lynx-ve-kann-lyn040102100\/\" target=\"_blank\" rel=\"noopener\"><strong>Shunt Lynx VE.Can<\/strong><\/a> - Eine positive Sammelschiene mit Platz f\u00fcr eine Hauptsicherung des Systems und eine negative Sammelschiene mit einem Shunt zur Batterie\u00fcberwachung. VE.Can-Kommunikation zur \u00dcberwachung und Konfiguration mit einem GX-Ger\u00e4t.<\/li>\n<li><a href=\"https:\/\/fvcomponentes.com\/de\/produkt\/victron-lynx-smart-bms-lyn034160200\/\" target=\"_blank\" rel=\"noopener\"><strong>Lynx Smart BMS<\/strong><\/a> - Zur Verwendung in Verbindung mit Victron Energy Smart Lithium-Batterien. Enth\u00e4lt eine positive Stromschiene mit einem von einem Batteriemanagementsystem (BMS) gesteuerten Sch\u00fctz und eine negative Stromschiene mit einem Shunt zur Batterie\u00fcberwachung. Es verf\u00fcgt \u00fcber Bluetooth-Kommunikation zur \u00dcberwachung und Konfiguration \u00fcber die Anwendung. <a href=\"https:\/\/www.victronenergy.com.es\/panel-systems-remote-monitoring\/victronconnect\" target=\"_blank\" rel=\"noopener\">VictronConnect<\/a> und VE.Can Kommunikation zur \u00dcberwachung mit einem GX-Ger\u00e4t und dem VRM Portal.<\/li>\n<\/ul>\n<p><img fetchpriority=\"high\" decoding=\"async\" class=\"size-full wp-image-6134 aligncenter\" src=\"https:\/\/fvcomponentes.com\/wp-content\/uploads\/2023\/03\/Captura-6.png\" alt=\"Lynx Smart BMS Victron - LYN034160200\" width=\"800\" height=\"491\" title=\"\"><\/p>\n<h2>Datenblatt und Bedienungsanleitung f\u00fcr Victron Lynx Shunt VE.Can M10 Battery Monitor - LYN040102110<\/h2>\n<p><a href=\"https:\/\/fvcomponentes.com\/wp-content\/uploads\/2023\/03\/derivador-Lynx-Shunt-VE.Can-ES.pdf\" target=\"_blank\" rel=\"noopener\">Victron Lynx Shunt VE.Can M10 - LYN040102110 Batteriemonitor Datenblatt anzeigen<\/a><\/p>\n<p><a href=\"https:\/\/fvcomponentes.com\/wp-content\/uploads\/2024\/10\/Manual-Monitor-de-baterias-Victron-Lynx-Shunt-VE.Can-M10-LYN040102110.pdf\" target=\"_blank\" rel=\"noopener\">Victron Lynx Shunt VE.Can M10 Batteriemonitor Handbuch anzeigen - LYN040102110<\/a><\/p>\n<p>&nbsp;<\/p>","protected":false},"excerpt":{"rendered":"<ul>\n<li><strong>Terminals:<\/strong> M10<\/li>\n<li><strong>Nennstrom:<\/strong> 1000 ACC kontinuierlich<\/li>\n<li><strong>Bereich der Versorgungsspannung:<\/strong> 9 - 70 VDC<\/li>\n<li><strong>Akzeptierte Systembelastungen:<\/strong> 12, 24 oder 48 V<\/li>\n<li><strong>Schutz vor Verpolung:<\/strong> Nein<\/li>\n<\/ul>","protected":false},"featured_media":20001,"comment_status":"open","ping_status":"closed","template":"","meta":{"site-sidebar-layout":"default","site-content-layout":"default","ast-site-content-layout":"default","site-content-style":"default","site-sidebar-style":"default","ast-global-header-display":"","ast-banner-title-visibility":"","ast-main-header-display":"","ast-hfb-above-header-display":"","ast-hfb-below-header-display":"","ast-hfb-mobile-header-display":"","site-post-title":"","ast-breadcrumbs-content":"","ast-featured-img":"","footer-sml-layout":"","ast-disable-related-posts":"","theme-transparent-header-meta":"default","adv-header-id-meta":"","stick-header-meta":"","header-above-stick-meta":"","header-main-stick-meta":"","header-below-stick-meta":"","astra-migrate-meta-layouts":"set","ast-page-background-enabled":"default","ast-page-background-meta":{"desktop":{"background-color":"var(--ast-global-color-4)","background-image":"","background-repeat":"repeat","background-position":"center center","background-size":"auto","background-attachment":"scroll","background-type":"","background-media":"","overlay-type":"","overlay-color":"","overlay-opacity":"","overlay-gradient":""},"tablet":{"background-color":"","background-image":"","background-repeat":"repeat","background-position":"center center","background-size":"auto","background-attachment":"scroll","background-type":"","background-media":"","overlay-type":"","overlay-color":"","overlay-opacity":"","overlay-gradient":""},"mobile":{"background-color":"","background-image":"","background-repeat":"repeat","background-position":"center center","background-size":"auto","background-attachment":"scroll","background-type":"","background-media":"","overlay-type":"","overlay-color":"","overlay-opacity":"","overlay-gradient":""}},"ast-content-background-meta":{"desktop":{"background-color":"var(--ast-global-color-5)","background-image":"","background-repeat":"repeat","background-position":"center center","background-size":"auto","background-attachment":"scroll","background-type":"","background-media":"","overlay-type":"","overlay-color":"","overlay-opacity":"","overlay-gradient":""},"tablet":{"background-color":"var(--ast-global-color-5)","background-image":"","background-repeat":"repeat","background-position":"center center","background-size":"auto","background-attachment":"scroll","background-type":"","background-media":"","overlay-type":"","overlay-color":"","overlay-opacity":"","overlay-gradient":""},"mobile":{"background-color":"var(--ast-global-color-5)","background-image":"","background-repeat":"repeat","background-position":"center center","background-size":"auto","background-attachment":"scroll","background-type":"","background-media":"","overlay-type":"","overlay-color":"","overlay-opacity":"","overlay-gradient":""}}},"pwb-brand":[332],"product_brand":[],"product_cat":[933,391,340],"product_tag":[],"class_list":{"0":"post-19998","1":"product","2":"type-product","3":"status-publish","4":"has-post-thumbnail","6":"pwb-brand-victron","7":"product_cat-monitores-de-baterias","8":"product_cat-accesorios-para-baterias","9":"product_cat-baterias","10":"desktop-align-left","11":"tablet-align-left","12":"mobile-align-left","13":"ast-product-gallery-layout-horizontal-slider","14":"ast-product-tabs-layout-horizontal","16":"first","17":"instock","18":"taxable","19":"shipping-taxable","20":"purchasable","21":"product-type-simple"},"wcpa_form_fields":null,"brands":[{"id":332,"name":"Victron Energie","slug":"victron"}],"_links":{"self":[{"href":"https:\/\/fvcomponentes.com\/de\/wp-json\/wp\/v2\/product\/19998","targetHints":{"allow":["GET"]}}],"collection":[{"href":"https:\/\/fvcomponentes.com\/de\/wp-json\/wp\/v2\/product"}],"about":[{"href":"https:\/\/fvcomponentes.com\/de\/wp-json\/wp\/v2\/types\/product"}],"replies":[{"embeddable":true,"href":"https:\/\/fvcomponentes.com\/de\/wp-json\/wp\/v2\/comments?post=19998"}],"wp:featuredmedia":[{"embeddable":true,"href":"https:\/\/fvcomponentes.com\/de\/wp-json\/wp\/v2\/media\/20001"}],"wp:attachment":[{"href":"https:\/\/fvcomponentes.com\/de\/wp-json\/wp\/v2\/media?parent=19998"}],"wp:term":[{"taxonomy":"pwb-brand","embeddable":true,"href":"https:\/\/fvcomponentes.com\/de\/wp-json\/wp\/v2\/pwb-brand?post=19998"},{"taxonomy":"product_brand","embeddable":true,"href":"https:\/\/fvcomponentes.com\/de\/wp-json\/wp\/v2\/product_brand?post=19998"},{"taxonomy":"product_cat","embeddable":true,"href":"https:\/\/fvcomponentes.com\/de\/wp-json\/wp\/v2\/product_cat?post=19998"},{"taxonomy":"product_tag","embeddable":true,"href":"https:\/\/fvcomponentes.com\/de\/wp-json\/wp\/v2\/product_tag?post=19998"}],"curies":[{"name":"wp","href":"https:\/\/api.w.org\/{rel}","templated":true}]}}