{"id":19234,"date":"2024-09-30T10:49:21","date_gmt":"2024-09-30T08:49:21","guid":{"rendered":"https:\/\/fvcomponentes.com\/?post_type=product&#038;p=19234"},"modified":"2026-03-30T12:16:42","modified_gmt":"2026-03-30T10:16:42","slug":"kombinationskasten-cbh-40a-hvs-hvm-13193966-00","status":"publish","type":"product","link":"https:\/\/fvcomponentes.com\/de\/producto\/combiner-box-cbh-40a-hvs-hvm-13193966-00\/","title":{"rendered":"Combiner Box CBH-40A HVS\/HVM - 13193966-00"},"content":{"rendered":"<h2>Eigenschaften der Combiner Box CBH-40A HVS\/HVM - 13193966-00<\/h2>\n<p>Combiner Box CBH-40A HVS\/HVM - 13193966-00, f\u00fcr die Parallelschaltung von 2 oder 3 HVS\/HVM Premium Battery-Box T\u00fcrmen. Es ist eine sichere und einfache L\u00f6sung, um DC-Verbindungen herzustellen. Sie hat mehrere DC-Eing\u00e4nge und einen einzigen DC-Ausgang zum Wechselrichter.<\/p>\n<p><img fetchpriority=\"high\" decoding=\"async\" class=\"wp-image-19260\" src=\"https:\/\/fvcomponentes.com\/wp-content\/uploads\/2024\/09\/Esquema-Combiner-Box-CBH-40A-13193966-00.png\" alt=\"Schematische Combiner Box CBH-40A - 13193966-00\" width=\"633\" height=\"260\" title=\"\"><\/p>\n<p>Dieser Combiner ist nur f\u00fcr die Installation mit BYD Battery-Box Premium HVS oder HVM Ger\u00e4ten vorgesehen:<\/p>\n<ul>\n<li>Die zu kombinierenden T\u00fcrme m\u00fcssen demselben Modell angeh\u00f6ren: HVS oder HVM, sie k\u00f6nnen nicht zwischen verschiedenen Modellen kombiniert werden.<\/li>\n<li>Die zu kombinierenden T\u00fcrme m\u00fcssen die gleiche Anzahl von Modulen haben.<\/li>\n<li>Die Installation muss den in der Kompatibilit\u00e4tsliste des Wechselrichters beschriebenen Anforderungen entsprechen.<\/li>\n<li>Der Ladezustand (SOC) der verschiedenen T\u00fcrme und Module sollte zum Zeitpunkt der Installation identisch sein.<\/li>\n<\/ul>\n<h2>Datenblatt Combiner Box CBH-40A HVS\/HVM - 13193966-00<\/h2>\n<p><a href=\"https:\/\/fvcomponentes.com\/wp-content\/uploads\/2024\/09\/Ficha-tecnica-de-BYD-Combiner-Box-CBH-40A-13193966-00.pdf\" target=\"_blank\" rel=\"noopener\">Siehe Datenblatt f\u00fcr die Combiner Box CBH-40A HVS\/HVM - 13193966-00<\/a><\/p>","protected":false},"excerpt":{"rendered":"<p>F\u00fcr die Parallelschaltung von 2 oder 3 BYD HVS oder HVM Batteriet\u00fcrmen.<\/p>","protected":false},"featured_media":19378,"comment_status":"open","ping_status":"closed","template":"","meta":{"site-sidebar-layout":"default","site-content-layout":"","ast-site-content-layout":"default","site-content-style":"default","site-sidebar-style":"default","ast-global-header-display":"","ast-banner-title-visibility":"","ast-main-header-display":"","ast-hfb-above-header-display":"","ast-hfb-below-header-display":"","ast-hfb-mobile-header-display":"","site-post-title":"","ast-breadcrumbs-content":"","ast-featured-img":"","footer-sml-layout":"","ast-disable-related-posts":"","theme-transparent-header-meta":"default","adv-header-id-meta":"","stick-header-meta":"","header-above-stick-meta":"","header-main-stick-meta":"","header-below-stick-meta":"","astra-migrate-meta-layouts":"set","ast-page-background-enabled":"default","ast-page-background-meta":{"desktop":{"background-color":"var(--ast-global-color-4)","background-image":"","background-repeat":"repeat","background-position":"center center","background-size":"auto","background-attachment":"scroll","background-type":"","background-media":"","overlay-type":"","overlay-color":"","overlay-opacity":"","overlay-gradient":""},"tablet":{"background-color":"","background-image":"","background-repeat":"repeat","background-position":"center center","background-size":"auto","background-attachment":"scroll","background-type":"","background-media":"","overlay-type":"","overlay-color":"","overlay-opacity":"","overlay-gradient":""},"mobile":{"background-color":"","background-image":"","background-repeat":"repeat","background-position":"center center","background-size":"auto","background-attachment":"scroll","background-type":"","background-media":"","overlay-type":"","overlay-color":"","overlay-opacity":"","overlay-gradient":""}},"ast-content-background-meta":{"desktop":{"background-color":"var(--ast-global-color-5)","background-image":"","background-repeat":"repeat","background-position":"center center","background-size":"auto","background-attachment":"scroll","background-type":"","background-media":"","overlay-type":"","overlay-color":"","overlay-opacity":"","overlay-gradient":""},"tablet":{"background-color":"var(--ast-global-color-5)","background-image":"","background-repeat":"repeat","background-position":"center center","background-size":"auto","background-attachment":"scroll","background-type":"","background-media":"","overlay-type":"","overlay-color":"","overlay-opacity":"","overlay-gradient":""},"mobile":{"background-color":"var(--ast-global-color-5)","background-image":"","background-repeat":"repeat","background-position":"center center","background-size":"auto","background-attachment":"scroll","background-type":"","background-media":"","overlay-type":"","overlay-color":"","overlay-opacity":"","overlay-gradient":""}}},"pwb-brand":[897],"product_brand":[],"product_cat":[340,391,932],"product_tag":[],"class_list":{"0":"post-19234","1":"product","2":"type-product","3":"status-publish","4":"has-post-thumbnail","6":"pwb-brand-byd","7":"product_cat-baterias","8":"product_cat-accesorios-para-baterias","9":"product_cat-combinadores-de-baterias","10":"desktop-align-left","11":"tablet-align-left","12":"mobile-align-left","13":"ast-product-gallery-layout-horizontal-slider","14":"ast-product-gallery-with-no-image","15":"ast-product-tabs-layout-horizontal","17":"first","18":"instock","19":"taxable","20":"shipping-taxable","21":"purchasable","22":"product-type-simple"},"wcpa_form_fields":null,"brands":[{"id":897,"name":"B&amp;D-Batterien","slug":"byd"}],"_links":{"self":[{"href":"https:\/\/fvcomponentes.com\/de\/wp-json\/wp\/v2\/product\/19234","targetHints":{"allow":["GET"]}}],"collection":[{"href":"https:\/\/fvcomponentes.com\/de\/wp-json\/wp\/v2\/product"}],"about":[{"href":"https:\/\/fvcomponentes.com\/de\/wp-json\/wp\/v2\/types\/product"}],"replies":[{"embeddable":true,"href":"https:\/\/fvcomponentes.com\/de\/wp-json\/wp\/v2\/comments?post=19234"}],"wp:featuredmedia":[{"embeddable":true,"href":"https:\/\/fvcomponentes.com\/de\/wp-json\/wp\/v2\/media\/19378"}],"wp:attachment":[{"href":"https:\/\/fvcomponentes.com\/de\/wp-json\/wp\/v2\/media?parent=19234"}],"wp:term":[{"taxonomy":"pwb-brand","embeddable":true,"href":"https:\/\/fvcomponentes.com\/de\/wp-json\/wp\/v2\/pwb-brand?post=19234"},{"taxonomy":"product_brand","embeddable":true,"href":"https:\/\/fvcomponentes.com\/de\/wp-json\/wp\/v2\/product_brand?post=19234"},{"taxonomy":"product_cat","embeddable":true,"href":"https:\/\/fvcomponentes.com\/de\/wp-json\/wp\/v2\/product_cat?post=19234"},{"taxonomy":"product_tag","embeddable":true,"href":"https:\/\/fvcomponentes.com\/de\/wp-json\/wp\/v2\/product_tag?post=19234"}],"curies":[{"name":"wp","href":"https:\/\/api.w.org\/{rel}","templated":true}]}}