{"id":18533,"date":"2025-10-01T14:52:31","date_gmt":"2025-10-01T12:52:31","guid":{"rendered":"https:\/\/fvcomponentes.com\/?post_type=product&#038;p=18533"},"modified":"2025-10-03T08:51:59","modified_gmt":"2025-10-03T06:51:59","slug":"differential-hyundai-hrc-63s-2p-40a-30ma-hrc63s-f2pg4040-f2pg4040","status":"publish","type":"product","link":"https:\/\/fvcomponentes.com\/de\/producto\/diferencial-hyundai-hrc-63s-2p-40a-30ma-hrc63s-f2pg4040\/","title":{"rendered":"Hyundai 2P 40A 30mA Differenzialschalter Typ A"},"content":{"rendered":"<h2>Eigenschaften von Hyundai 2P 40A 30mA Typ A Differential - HRC63S-F2PG4040<\/h2>\n<p>Der Hyundai - HRC63S-F2PG4040 2P 40A 30mA Typ A Fehlerstromschutzschalter geh\u00f6rt zur HRC-Serie von Fehlerstromschutzschaltern, die einen Nennwert von 16 A bis 100 A hat. Diese Baureihe bietet mehrere Merkmale, wie z. B. ein bedingtes Kurzschlussausschaltverm\u00f6gen von 6 kA \u00fcber den gesamten Bereich, gem\u00e4\u00df IEC\/EN 61008-1.<\/p>\n<p><strong>2P 40A 30mA Typ A Hyundai-Differentialfunktionen:<\/strong><\/p>\n<ul>\n<li><span style=\"font-size: 16px;\">Mittlere Feuerstellung.<\/span><\/li>\n<li><span style=\"font-size: 16px;\">Sicherheitsterminal mit K\u00e4fig.<\/span><\/li>\n<li><span style=\"font-size: 16px;\">Doppelter Anschluss f\u00fcr Kabel-\/Kammverbindung.<\/span><\/li>\n<li><span style=\"font-size: 16px;\">Optische Anzeige des Kontaktstatus.<\/span><\/li>\n<li><span style=\"font-size: 16px;\">Vor Ort einstellbare Hilfseinrichtungen.<\/span><\/li>\n<li><span style=\"font-size: 16px;\">Testknopf f\u00fcr regelm\u00e4\u00dfige Inspektionen.<\/span><\/li>\n<\/ul>\n<h2>Technische Daten f\u00fcr Hyundai 2P 40A 30mA Typ A Differential - HRC63S-F2PG4040<\/h2>\n<ul>\n<li>Referenznorm IEC\/EN 61008-1<\/li>\n<li>Anzahl der Pole: 2P (N + 1P)<\/li>\n<li>Nennstrom (In): 40 A<\/li>\n<li>Betriebsspannung (Ue): AC 240\/415 V<\/li>\n<li>Frequenz (F): 50\/60 Hz<\/li>\n<li>Ausschaltverm\u00f6gen (Inc): 6 kA<\/li>\n<li>Empfindlichkeit (I\u22bfn): 30, 100, 300, 500 mA<\/li>\n<li>Zugewiesene Schlie\u00dfleistung (lm): 500 A oder 10 In, je nachdem, welcher Wert gr\u00f6\u00dfer ist<\/li>\n<li>Ausl\u00f6sezeit: 1 I\u0394n &lt; 300 ms, 5 I\u0394n &lt; 40 ms<\/li>\n<li>Isolationsspannung (Ui): 690 V<\/li>\n<li>Bemessungs-Sto\u00dfspannung (Uimp): 4 kV<\/li>\n<li>Durchschlagfestigkeit: 2,5 kV<\/li>\n<li>Betriebstemperatur -40 \u00b0C bis + 55 \u00b0C<\/li>\n<li>Max. Anzugsdrehmoment 2,5 Nm<\/li>\n<li>Schutzart: IP20<\/li>\n<li>Befestigung: 35 mm x 7,5 mm DIN-Schienenclip<\/li>\n<li>Material: geformter Thermoplast, flammhemmend<\/li>\n<li>Kammverbindungstyp: Stift\/Gabel-Typ<\/li>\n<\/ul>\n<h2>Fehlerstromschutz der Klasse A<\/h2>\n<ul>\n<li>Merkmale: Erkennt pl\u00f6tzlich auftretende oder langsam ansteigende Restwechsel- und Pulsstr\u00f6me.<\/li>\n<li>Art der Last: Lasten mit elektronischen Komponenten, z. B. Klimaanlagen, LED-Beleuchtung, Computer: Klimaanlagen, LED-Beleuchtung, Computer.<\/li>\n<\/ul>\n<h2>Hyundai Differential Abmessungen - HRC63S-F2PG4040<\/h2>\n<p>Die folgende Abbildung zeigt die Abmessungen des Hyundai-Differentials.<\/p>\n<p><img fetchpriority=\"high\" decoding=\"async\" class=\"wp-image-23159\" src=\"https:\/\/fvcomponentes.com\/wp-content\/uploads\/2025\/02\/medidas-diferencial-Hyundai.png\" alt=\"Hyundai-Differenzmessungen\" width=\"1027\" height=\"423\" title=\"\"><\/p>\n<h2>Datenblatt 2P 40A 30mA Hyundai Typ A Fehlerstromschutzschalter - HRC63S-F2PG4040<\/h2>\n<p><a href=\"https:\/\/fvcomponentes.com\/wp-content\/uploads\/2024\/09\/Ficha-tecnica-Diferencial-Hyundai-HRC-63S-2P-40A-30mA-HRC63S-F2PG4040.pdf\" target=\"_blank\" rel=\"noopener\">Siehe das technische Datenblatt f\u00fcr Hyundai 2P 40A 30mA Typ A differential - HRC63S-F2PG4040<\/a><\/p>","protected":false},"excerpt":{"rendered":"<ul>\n<li>Anzahl der Pole: 2P (N + 1P)<\/li>\n<li>Nennstrom (In): 40 A<\/li>\n<li>Betriebsspannung (Ue): AC 240\/415 V<\/li>\n<li>Frequenz (F): 50\/60 Hz<\/li>\n<li>Ausschaltverm\u00f6gen (Inc): 6 kA<\/li>\n<\/ul>","protected":false},"featured_media":18546,"comment_status":"open","ping_status":"closed","template":"","meta":{"site-sidebar-layout":"default","site-content-layout":"","ast-site-content-layout":"default","site-content-style":"default","site-sidebar-style":"default","ast-global-header-display":"","ast-banner-title-visibility":"","ast-main-header-display":"","ast-hfb-above-header-display":"","ast-hfb-below-header-display":"","ast-hfb-mobile-header-display":"","site-post-title":"","ast-breadcrumbs-content":"","ast-featured-img":"","footer-sml-layout":"","ast-disable-related-posts":"","theme-transparent-header-meta":"default","adv-header-id-meta":"","stick-header-meta":"","header-above-stick-meta":"","header-main-stick-meta":"","header-below-stick-meta":"","astra-migrate-meta-layouts":"set","ast-page-background-enabled":"default","ast-page-background-meta":{"desktop":{"background-color":"var(--ast-global-color-4)","background-image":"","background-repeat":"repeat","background-position":"center center","background-size":"auto","background-attachment":"scroll","background-type":"","background-media":"","overlay-type":"","overlay-color":"","overlay-opacity":"","overlay-gradient":""},"tablet":{"background-color":"","background-image":"","background-repeat":"repeat","background-position":"center center","background-size":"auto","background-attachment":"scroll","background-type":"","background-media":"","overlay-type":"","overlay-color":"","overlay-opacity":"","overlay-gradient":""},"mobile":{"background-color":"","background-image":"","background-repeat":"repeat","background-position":"center center","background-size":"auto","background-attachment":"scroll","background-type":"","background-media":"","overlay-type":"","overlay-color":"","overlay-opacity":"","overlay-gradient":""}},"ast-content-background-meta":{"desktop":{"background-color":"var(--ast-global-color-5)","background-image":"","background-repeat":"repeat","background-position":"center center","background-size":"auto","background-attachment":"scroll","background-type":"","background-media":"","overlay-type":"","overlay-color":"","overlay-opacity":"","overlay-gradient":""},"tablet":{"background-color":"var(--ast-global-color-5)","background-image":"","background-repeat":"repeat","background-position":"center center","background-size":"auto","background-attachment":"scroll","background-type":"","background-media":"","overlay-type":"","overlay-color":"","overlay-opacity":"","overlay-gradient":""},"mobile":{"background-color":"var(--ast-global-color-5)","background-image":"","background-repeat":"repeat","background-position":"center center","background-size":"auto","background-attachment":"scroll","background-type":"","background-media":"","overlay-type":"","overlay-color":"","overlay-opacity":"","overlay-gradient":""}}},"pwb-brand":[1009],"product_brand":[],"product_cat":[989,410],"product_tag":[],"class_list":{"0":"post-18533","1":"product","2":"type-product","3":"status-publish","4":"has-post-thumbnail","6":"pwb-brand-hyundai","7":"product_cat-interruptores-diferenciales","8":"product_cat-material-electrico","9":"desktop-align-left","10":"tablet-align-left","11":"mobile-align-left","12":"ast-product-gallery-layout-horizontal-slider","13":"ast-product-gallery-with-no-image","14":"ast-product-tabs-layout-horizontal","16":"first","17":"instock","18":"taxable","19":"shipping-taxable","20":"purchasable","21":"product-type-simple"},"wcpa_form_fields":null,"brands":[{"id":1009,"name":"Hyundai","slug":"hyundai"}],"_links":{"self":[{"href":"https:\/\/fvcomponentes.com\/de\/wp-json\/wp\/v2\/product\/18533","targetHints":{"allow":["GET"]}}],"collection":[{"href":"https:\/\/fvcomponentes.com\/de\/wp-json\/wp\/v2\/product"}],"about":[{"href":"https:\/\/fvcomponentes.com\/de\/wp-json\/wp\/v2\/types\/product"}],"replies":[{"embeddable":true,"href":"https:\/\/fvcomponentes.com\/de\/wp-json\/wp\/v2\/comments?post=18533"}],"wp:featuredmedia":[{"embeddable":true,"href":"https:\/\/fvcomponentes.com\/de\/wp-json\/wp\/v2\/media\/18546"}],"wp:attachment":[{"href":"https:\/\/fvcomponentes.com\/de\/wp-json\/wp\/v2\/media?parent=18533"}],"wp:term":[{"taxonomy":"pwb-brand","embeddable":true,"href":"https:\/\/fvcomponentes.com\/de\/wp-json\/wp\/v2\/pwb-brand?post=18533"},{"taxonomy":"product_brand","embeddable":true,"href":"https:\/\/fvcomponentes.com\/de\/wp-json\/wp\/v2\/product_brand?post=18533"},{"taxonomy":"product_cat","embeddable":true,"href":"https:\/\/fvcomponentes.com\/de\/wp-json\/wp\/v2\/product_cat?post=18533"},{"taxonomy":"product_tag","embeddable":true,"href":"https:\/\/fvcomponentes.com\/de\/wp-json\/wp\/v2\/product_tag?post=18533"}],"curies":[{"name":"wp","href":"https:\/\/api.w.org\/{rel}","templated":true}]}}