{"id":18503,"date":"2024-09-05T18:11:47","date_gmt":"2024-09-05T16:11:47","guid":{"rendered":"https:\/\/fvcomponentes.com\/?post_type=product&#038;p=18503"},"modified":"2024-09-20T10:23:16","modified_gmt":"2024-09-20T08:23:16","slug":"resifix-pysf-styrolfreier-polyester-resifix-wachs-chemischer-block-410ml-410pysf","status":"publish","type":"product","link":"https:\/\/fvcomponentes.com\/de\/producto\/taco-quimico-celo-resifix-pysf-poliester-sin-estireno-410ml-410pysf\/","title":{"rendered":"ResiFIX PYSF styrolfreier Polyester ResiFIX PYSF chemischer Block 410ml - 410PYSF"},"content":{"rendered":"<h2>Eigenschaften ResiFIX PYSF styrolfreier Polyester ResiFIX PYSF chemischer Block 410ml - 410PYSF<\/h2>\n<p>Celo ResiFIX PYSF styrolfreier Polyester 410ml - 410PYSF ist CE-zugelassen f\u00fcr M8 - M16 St\u00e4be in Voll- und Hohlziegel.<\/p>\n<p>ResiFIX ist gesundheitlich unbedenklich, was durch die Emissionsklasse A+ f\u00fcr kritische Emissionen in geschlossenen R\u00e4umen best\u00e4tigt wird; es kann sogar in nassen oder wassergef\u00fcllten Bohrl\u00f6chern verwendet werden. Au\u00dferdem ist es LEED-zertifiziert f\u00fcr nachhaltige, umweltfreundliche, emissions- und schadstoffarme Geb\u00e4ude.<\/p>\n<p>Fassungsverm\u00f6gen: 410 ml<\/p>\n<p>Auch in 300 ml erh\u00e4ltlich: <a href=\"https:\/\/fvcomponentes.com\/de\/produkt\/resifix-pysf-styrolfreier-polyester-300ml-300psf-resifix-pysf-styrolfreier-polyester-300ml-300psf\/\" target=\"_blank\" rel=\"noopener\">ResiFIX PYSF styrolfreier Polyester ResiFIX PYSF Klebeblock 300ml - 300PSF<\/a><\/p>\n<h3>Anwendungen<\/h3>\n<ul>\n<li>Metallkonstruktionen<\/li>\n<li>Konsolen<\/li>\n<li>Maschinen<\/li>\n<li>Leitplanke<\/li>\n<li>Festzelte<\/li>\n<li>Entfernte Baugruppen<\/li>\n<li>T\u00fcren<\/li>\n<li>H\u00f6lzerne Konstruktionen<\/li>\n<li>Unterkonstruktionen f\u00fcr die Fassade<\/li>\n<\/ul>\n<h2>Zus\u00e4tzliche Spezifikationen f\u00fcr ResiFIX PYSF styrolfreier Polyester 410ml - 410PYSF<\/h2>\n<ul>\n<li>Homologiert in Hohlziegel und Mauerwerk<\/li>\n<li>Mittlere chemische Best\u00e4ndigkeit<\/li>\n<li>Minimaler Geruch<\/li>\n<li>Klasse A+ Emissionen in Innenr\u00e4umen<\/li>\n<li>LEED-gepr\u00fcft<\/li>\n<li>Aush\u00e4rtungstemperatur von -40\u00baC bis +80\u00baC.<\/li>\n<\/ul>\n<h2>Grundstoffe<\/h2>\n<ul>\n<li>Beton<\/li>\n<li><span style=\"font-size: 16px;\">Porenbeton<\/span><\/li>\n<li>Massiver Leichtbetonblock<\/li>\n<li class=\"base-material-item\">\n<div class=\"material-title\">Hohlblockstein aus Leichtbeton<\/div>\n<\/li>\n<li class=\"base-material-item\">\n<div class=\"material-title\"><span style=\"font-size: 16px;\">Vollziegel<\/span><\/div>\n<\/li>\n<li>Massive Kalksandsteine<\/li>\n<li>Hochlochziegel<\/li>\n<li class=\"base-material-item\">\n<div class=\"material-title\">Kalksandstein-Hohlblocksteine<\/div>\n<\/li>\n<\/ul>\n<h2>Technisches Datenblatt ResiFIX PYSF styrolfreier Polyester 410ml - 410PYSF<\/h2>\n<p><a href=\"https:\/\/fvcomponentes.com\/wp-content\/uploads\/2024\/09\/Ficha-tecnica-Taco-quimico-Celo-ResiFIX-PYSF-poliester-sin-estireno.pdf\" target=\"_blank\" rel=\"noopener\">Sehen Sie das technische Datenblatt von ResiFIX PYSF styrolfreier Polyester 410ml - 410PYSF<\/a><\/p>","protected":false},"excerpt":{"rendered":"<p>Chemieblock aus styrolfreiem Polyester<\/p>","protected":false},"featured_media":18505,"comment_status":"open","ping_status":"closed","template":"","meta":{"site-sidebar-layout":"default","site-content-layout":"","ast-site-content-layout":"default","site-content-style":"default","site-sidebar-style":"default","ast-global-header-display":"","ast-banner-title-visibility":"","ast-main-header-display":"","ast-hfb-above-header-display":"","ast-hfb-below-header-display":"","ast-hfb-mobile-header-display":"","site-post-title":"","ast-breadcrumbs-content":"","ast-featured-img":"","footer-sml-layout":"","ast-disable-related-posts":"","theme-transparent-header-meta":"default","adv-header-id-meta":"","stick-header-meta":"","header-above-stick-meta":"","header-main-stick-meta":"","header-below-stick-meta":"","astra-migrate-meta-layouts":"set","ast-page-background-enabled":"default","ast-page-background-meta":{"desktop":{"background-color":"var(--ast-global-color-4)","background-image":"","background-repeat":"repeat","background-position":"center center","background-size":"auto","background-attachment":"scroll","background-type":"","background-media":"","overlay-type":"","overlay-color":"","overlay-opacity":"","overlay-gradient":""},"tablet":{"background-color":"","background-image":"","background-repeat":"repeat","background-position":"center center","background-size":"auto","background-attachment":"scroll","background-type":"","background-media":"","overlay-type":"","overlay-color":"","overlay-opacity":"","overlay-gradient":""},"mobile":{"background-color":"","background-image":"","background-repeat":"repeat","background-position":"center center","background-size":"auto","background-attachment":"scroll","background-type":"","background-media":"","overlay-type":"","overlay-color":"","overlay-opacity":"","overlay-gradient":""}},"ast-content-background-meta":{"desktop":{"background-color":"var(--ast-global-color-5)","background-image":"","background-repeat":"repeat","background-position":"center center","background-size":"auto","background-attachment":"scroll","background-type":"","background-media":"","overlay-type":"","overlay-color":"","overlay-opacity":"","overlay-gradient":""},"tablet":{"background-color":"var(--ast-global-color-5)","background-image":"","background-repeat":"repeat","background-position":"center center","background-size":"auto","background-attachment":"scroll","background-type":"","background-media":"","overlay-type":"","overlay-color":"","overlay-opacity":"","overlay-gradient":""},"mobile":{"background-color":"var(--ast-global-color-5)","background-image":"","background-repeat":"repeat","background-position":"center center","background-size":"auto","background-attachment":"scroll","background-type":"","background-media":"","overlay-type":"","overlay-color":"","overlay-opacity":"","overlay-gradient":""}}},"pwb-brand":[995],"product_brand":[],"product_cat":[398,399],"product_tag":[],"class_list":{"0":"post-18503","1":"product","2":"type-product","3":"status-publish","4":"has-post-thumbnail","6":"pwb-brand-celo-fixings","7":"product_cat-estructuras-placas-solares","8":"product_cat-accesorios-estructuras-placas-solares","9":"desktop-align-left","10":"tablet-align-left","11":"mobile-align-left","12":"ast-product-gallery-layout-horizontal-slider","13":"ast-product-gallery-with-no-image","14":"ast-product-tabs-layout-horizontal","16":"first","17":"instock","18":"taxable","19":"shipping-taxable","20":"purchasable","21":"product-type-simple"},"wcpa_form_fields":null,"brands":[{"id":995,"name":"Celo-Befestigungen","slug":"celo-befestigungen"}],"_links":{"self":[{"href":"https:\/\/fvcomponentes.com\/de\/wp-json\/wp\/v2\/product\/18503","targetHints":{"allow":["GET"]}}],"collection":[{"href":"https:\/\/fvcomponentes.com\/de\/wp-json\/wp\/v2\/product"}],"about":[{"href":"https:\/\/fvcomponentes.com\/de\/wp-json\/wp\/v2\/types\/product"}],"replies":[{"embeddable":true,"href":"https:\/\/fvcomponentes.com\/de\/wp-json\/wp\/v2\/comments?post=18503"}],"wp:featuredmedia":[{"embeddable":true,"href":"https:\/\/fvcomponentes.com\/de\/wp-json\/wp\/v2\/media\/18505"}],"wp:attachment":[{"href":"https:\/\/fvcomponentes.com\/de\/wp-json\/wp\/v2\/media?parent=18503"}],"wp:term":[{"taxonomy":"pwb-brand","embeddable":true,"href":"https:\/\/fvcomponentes.com\/de\/wp-json\/wp\/v2\/pwb-brand?post=18503"},{"taxonomy":"product_brand","embeddable":true,"href":"https:\/\/fvcomponentes.com\/de\/wp-json\/wp\/v2\/product_brand?post=18503"},{"taxonomy":"product_cat","embeddable":true,"href":"https:\/\/fvcomponentes.com\/de\/wp-json\/wp\/v2\/product_cat?post=18503"},{"taxonomy":"product_tag","embeddable":true,"href":"https:\/\/fvcomponentes.com\/de\/wp-json\/wp\/v2\/product_tag?post=18503"}],"curies":[{"name":"wp","href":"https:\/\/api.w.org\/{rel}","templated":true}]}}