{"id":18497,"date":"2024-09-05T12:11:33","date_gmt":"2024-09-05T10:11:33","guid":{"rendered":"https:\/\/fvcomponentes.com\/?post_type=product&#038;p=18497"},"modified":"2025-11-28T11:28:07","modified_gmt":"2025-11-28T10:28:07","slug":"abranyl-abt-diam-20-25-nylon-klemme-force-one-925abt","status":"publish","type":"product","link":"https:\/\/fvcomponentes.com\/de\/producto\/abrazadera-plastica-celo-abranyl-abt-diam-20-25-nylon-force-one-925abt\/","title":{"rendered":"Kunststoffschelle Celo Abranyl ABT Durchm. 20-25 Nylon Force One - 925ABT"},"content":{"rendered":"<h2>Kunststoffschelle Celo Abranyl ABT Durchm. 20-25 Nylon Force One - 925ABT<\/h2>\n<p>Die Celo Abranyl ABT Kunststoffschelle Durchm. 20-25 Nylon Force One - 925ABT ist eine vielseitige L\u00f6sung aus Nylon, ideal zum Klemmen von Rohren mit unterschiedlichen Durchmessern in verschiedenen Anwendungen. Jede Teilenummer der ABT-Kunststoffschelle deckt drei Rohrdurchmesser ab, was die Flexibilit\u00e4t in der Anwendung maximiert.<\/p>\n<p>Einer ihrer Hauptvorteile ist die vollst\u00e4ndig geschlossene Bauweise, die einen festen Halt am Rohr und gr\u00f6\u00dfere Sicherheit gegen temperaturbedingte Ausdehnung gew\u00e4hrleistet. Die Installation ist schnell und einfach: Dr\u00fccken Sie einfach auf das Rohr, um mehrere Schellen gleichzeitig zu schlie\u00dfen, ohne dass zus\u00e4tzliches Werkzeug ben\u00f6tigt wird.<\/p>\n<p>Die H\u00f6he der Schelle entspricht dem Eingang der Abzweigdosen, was die Installation ohne Biegen des starren Rohrs erleichtert. Die Schelle enth\u00e4lt au\u00dferdem eine Ausrichtungsmarkierung, um eine genaue Positionierung zu gew\u00e4hrleisten.<\/p>\n<p>Die ABT-Schelle erf\u00fcllt strenge Qualit\u00e4ts- und Sicherheitsstandards, einschlie\u00dflich UL-Zulassung, ist halogenfrei und RoHS-konform. Sie ist au\u00dferdem KIWA-zertifiziert und f\u00fcr den Einsatz an Hei\u00dfwasserleitungen mit Dauertemperaturen bis zu +90\u00b0C und Spitzenwerten bis zu +110\u00b0C geeignet.<\/p>\n<p>Auch mit Rohrdurchmesser 25-32 mm erh\u00e4ltlich: <a href=\"https:\/\/fvcomponentes.com\/de\/produkt\/abranyl-abt-nylon-force-one-932abt-kunststoffklammer-abranyl-abt-nylon-force-one-932abt\/\" target=\"_blank\" rel=\"noopener\">Kunststoffschelle Celo Abranyl ABT Durchm. 25-32 Nylon Force One - 932ABT<\/a><\/p>\n<h2>Eigenschaften der Kunststoffklammer Celo Abranyl ABT Durchm. 20-25 Nylon Force One - 925ABT<\/h2>\n<ul>\n<li>Durchmesser: 19,5 mm<\/li>\n<li>L\u00e4nge: 29 mm<\/li>\n<li>Durchmesser des zu befestigenden Rohrs: 20-25 mm<\/li>\n<li>H\u00f6he: 45,5 mm<\/li>\n<li>Breite: 20 mm<\/li>\n<li>Farbe: Grau<\/li>\n<li>Material: Nylon<\/li>\n<li>Packung mit 50 St\u00fcck<\/li>\n<\/ul>\n<h2>Anwendungen<\/h2>\n<ul>\n<li>Kupferrohre<\/li>\n<li>Mehrschichtiges Rohr<\/li>\n<li>Stahlrohre<\/li>\n<li>PVC-Rohr<\/li>\n<li>Heizungsrohre<\/li>\n<li>Gewellte Rohre<\/li>\n<\/ul>\n<h2>Zus\u00e4tzliche Spezifikationen f\u00fcr Celo Abranyl ABT Kunststoffschelle Durchm. 20-25 Nylon Force One - 925ABT<\/h2>\n<ul>\n<li>Schlie\u00dft sich automatisch, wenn Sie bei der Installation auf das Rohr dr\u00fccken; das spart Zeit und Geld.<\/li>\n<li>Kompatibel mit Nagler FORCE ONE, W\u00fcrth Diga C3, Spit 700\/800, Rawplug<\/li>\n<li>Hohe Anwendungssicherheit<\/li>\n<li>Mehrere Befestigungsarten mit Doppelgewindeschrauben, Profil, Gewindestange und Gewindestopfen<\/li>\n<li>UV-best\u00e4ndige schwarze Farbe<\/li>\n<li>Zugelassenes Produkt f\u00fcr Ihre Sicherheit<\/li>\n<\/ul>\n<h2>Technisches Datenblatt Abranyl ABT Kunststoffschelle 20-25 Nylon Force One - 925ABT<\/h2>\n<p><a href=\"https:\/\/fvcomponentes.com\/wp-content\/uploads\/2024\/09\/Ficha-tecnica-Abrazadera-plastica-Celo-Abranyl-ABT.pdf\" target=\"_blank\" rel=\"noopener\">Siehe das technische Datenblatt der Kunststoffschelle Celo Abranyl ABT diam. 20-25 Nylon Force One - 925ABT<\/a><\/p>","protected":false},"excerpt":{"rendered":"<p>Schelle zum Klemmen von Rohren mit einem Durchmesser von 20-25 mm<\/p>\n<p>&nbsp;<\/p>","protected":false},"featured_media":18498,"comment_status":"open","ping_status":"closed","template":"","meta":{"site-sidebar-layout":"default","site-content-layout":"","ast-site-content-layout":"default","site-content-style":"default","site-sidebar-style":"default","ast-global-header-display":"","ast-banner-title-visibility":"","ast-main-header-display":"","ast-hfb-above-header-display":"","ast-hfb-below-header-display":"","ast-hfb-mobile-header-display":"","site-post-title":"","ast-breadcrumbs-content":"","ast-featured-img":"","footer-sml-layout":"","ast-disable-related-posts":"","theme-transparent-header-meta":"default","adv-header-id-meta":"","stick-header-meta":"","header-above-stick-meta":"","header-main-stick-meta":"","header-below-stick-meta":"","astra-migrate-meta-layouts":"set","ast-page-background-enabled":"default","ast-page-background-meta":{"desktop":{"background-color":"var(--ast-global-color-4)","background-image":"","background-repeat":"repeat","background-position":"center center","background-size":"auto","background-attachment":"scroll","background-type":"","background-media":"","overlay-type":"","overlay-color":"","overlay-opacity":"","overlay-gradient":""},"tablet":{"background-color":"","background-image":"","background-repeat":"repeat","background-position":"center center","background-size":"auto","background-attachment":"scroll","background-type":"","background-media":"","overlay-type":"","overlay-color":"","overlay-opacity":"","overlay-gradient":""},"mobile":{"background-color":"","background-image":"","background-repeat":"repeat","background-position":"center center","background-size":"auto","background-attachment":"scroll","background-type":"","background-media":"","overlay-type":"","overlay-color":"","overlay-opacity":"","overlay-gradient":""}},"ast-content-background-meta":{"desktop":{"background-color":"var(--ast-global-color-5)","background-image":"","background-repeat":"repeat","background-position":"center center","background-size":"auto","background-attachment":"scroll","background-type":"","background-media":"","overlay-type":"","overlay-color":"","overlay-opacity":"","overlay-gradient":""},"tablet":{"background-color":"var(--ast-global-color-5)","background-image":"","background-repeat":"repeat","background-position":"center center","background-size":"auto","background-attachment":"scroll","background-type":"","background-media":"","overlay-type":"","overlay-color":"","overlay-opacity":"","overlay-gradient":""},"mobile":{"background-color":"var(--ast-global-color-5)","background-image":"","background-repeat":"repeat","background-position":"center center","background-size":"auto","background-attachment":"scroll","background-type":"","background-media":"","overlay-type":"","overlay-color":"","overlay-opacity":"","overlay-gradient":""}}},"pwb-brand":[995],"product_brand":[],"product_cat":[410,1015],"product_tag":[],"class_list":{"0":"post-18497","1":"product","2":"type-product","3":"status-publish","4":"has-post-thumbnail","6":"pwb-brand-celo-fixings","7":"product_cat-material-electrico","8":"product_cat-accesorios-de-montaje","9":"desktop-align-left","10":"tablet-align-left","11":"mobile-align-left","12":"ast-product-gallery-layout-horizontal-slider","13":"ast-product-gallery-with-no-image","14":"ast-product-tabs-layout-horizontal","16":"first","17":"instock","18":"taxable","19":"shipping-taxable","20":"purchasable","21":"product-type-simple"},"wcpa_form_fields":null,"brands":[{"id":995,"name":"Celo-Befestigungen","slug":"celo-befestigungen"}],"_links":{"self":[{"href":"https:\/\/fvcomponentes.com\/de\/wp-json\/wp\/v2\/product\/18497","targetHints":{"allow":["GET"]}}],"collection":[{"href":"https:\/\/fvcomponentes.com\/de\/wp-json\/wp\/v2\/product"}],"about":[{"href":"https:\/\/fvcomponentes.com\/de\/wp-json\/wp\/v2\/types\/product"}],"replies":[{"embeddable":true,"href":"https:\/\/fvcomponentes.com\/de\/wp-json\/wp\/v2\/comments?post=18497"}],"wp:featuredmedia":[{"embeddable":true,"href":"https:\/\/fvcomponentes.com\/de\/wp-json\/wp\/v2\/media\/18498"}],"wp:attachment":[{"href":"https:\/\/fvcomponentes.com\/de\/wp-json\/wp\/v2\/media?parent=18497"}],"wp:term":[{"taxonomy":"pwb-brand","embeddable":true,"href":"https:\/\/fvcomponentes.com\/de\/wp-json\/wp\/v2\/pwb-brand?post=18497"},{"taxonomy":"product_brand","embeddable":true,"href":"https:\/\/fvcomponentes.com\/de\/wp-json\/wp\/v2\/product_brand?post=18497"},{"taxonomy":"product_cat","embeddable":true,"href":"https:\/\/fvcomponentes.com\/de\/wp-json\/wp\/v2\/product_cat?post=18497"},{"taxonomy":"product_tag","embeddable":true,"href":"https:\/\/fvcomponentes.com\/de\/wp-json\/wp\/v2\/product_tag?post=18497"}],"curies":[{"name":"wp","href":"https:\/\/api.w.org\/{rel}","templated":true}]}}