{"id":18486,"date":"2024-09-05T18:18:43","date_gmt":"2024-09-05T16:18:43","guid":{"rendered":"https:\/\/fvcomponentes.com\/?post_type=product&#038;p=18486"},"modified":"2025-11-28T11:25:37","modified_gmt":"2025-11-28T10:25:37","slug":"multiclip-bandschelle-ut-diam-32mm-932ut","status":"publish","type":"product","link":"https:\/\/fvcomponentes.com\/de\/producto\/abrazadera-celo-multiclip-ut-diam-32mm-932ut\/","title":{"rendered":"Klemme Celo Multiclip UT Durchm. 32mm - 932UT"},"content":{"rendered":"<h2>Klemme Celo Multiclip UT Durchm. 32mm - 932UT<\/h2>\n<p>Die Celo Multiclip UT Schelle Durchm. 32mm - 932UT ist die ideale L\u00f6sung f\u00fcr die Serienmontage von Rohren. Ihr innovatives Design umfasst seitliche Muffen, mit denen mehrere Schellen sicher und bequem verbunden werden k\u00f6nnen. Dar\u00fcber hinaus verf\u00fcgt sie \u00fcber eine Ausrichtungsmarkierung, die eine pr\u00e4zise Installation erleichtert.<\/p>\n<p>Obwohl er mit einer Schraube montiert werden kann, wird seine optimale Leistung in Verbindung mit dem Gasnagler FORCE ONE erreicht.<\/p>\n<p>Die aus halogenfreiem Polypropylen hergestellte Klemme ist RoHS-konform und gew\u00e4hrleistet Sicherheit und Nachhaltigkeit.<\/p>\n<h2>Eigenschaften UT Multiclip Klettverschlussklemme Durchm. 32mm - 932UT<\/h2>\n<ul>\n<li>Durchmesser: 32 mm<\/li>\n<li>L\u00e4nge: 38 mm<\/li>\n<li>Zu befestigender Rohrdurchmesser: 32 mm<\/li>\n<li>H\u00f6he: 42 mm<\/li>\n<li>Breite: 16 mm<\/li>\n<li>Farbe: Grau<\/li>\n<li>Material: Polyamid<\/li>\n<li>Packung mit 50 St\u00fcck<\/li>\n<\/ul>\n<h2>Grundstoffe<\/h2>\n<ul>\n<li>Stahl<\/li>\n<li>Beton<\/li>\n<li>Hohler Betonblock<\/li>\n<li>Stein<\/li>\n<li>Holz<\/li>\n<li>Stahltr\u00e4ger<\/li>\n<\/ul>\n<h2>Spezifikationen f\u00fcr Celo Multiclip UT Klemme Durchm. 32mm - 932UT<\/h2>\n<ul>\n<li>Erm\u00f6glicht die Befestigung mit einem Gasnagler<\/li>\n<li>Seitliches Anschlusssystem f\u00fcr die Reihenmontage<\/li>\n<li>Ausrichtungsmarkierung zur leichteren Montage<\/li>\n<li>Halogenfrei<\/li>\n<li>RoHS genehmigt<\/li>\n<li>Zugelassenes Produkt f\u00fcr Ihre Sicherheit<\/li>\n<\/ul>\n<h2>Anwendungen<\/h2>\n<ul>\n<li>Kupferrohre<\/li>\n<li>Mehrschichtiges Rohr<\/li>\n<li>Stahlrohre<\/li>\n<li>PVC-Rohr<\/li>\n<li>Heizungsrohre<\/li>\n<\/ul>","protected":false},"excerpt":{"rendered":"<ul>\n<li>Packung mit 50 St\u00fcck<\/li>\n<li>Durchmesser: 32 mm<\/li>\n<li>L\u00e4nge: 38 mm<\/li>\n<\/ul>","protected":false},"featured_media":18487,"comment_status":"open","ping_status":"closed","template":"","meta":{"site-sidebar-layout":"default","site-content-layout":"","ast-site-content-layout":"default","site-content-style":"default","site-sidebar-style":"default","ast-global-header-display":"","ast-banner-title-visibility":"","ast-main-header-display":"","ast-hfb-above-header-display":"","ast-hfb-below-header-display":"","ast-hfb-mobile-header-display":"","site-post-title":"","ast-breadcrumbs-content":"","ast-featured-img":"","footer-sml-layout":"","ast-disable-related-posts":"","theme-transparent-header-meta":"default","adv-header-id-meta":"","stick-header-meta":"","header-above-stick-meta":"","header-main-stick-meta":"","header-below-stick-meta":"","astra-migrate-meta-layouts":"set","ast-page-background-enabled":"default","ast-page-background-meta":{"desktop":{"background-color":"var(--ast-global-color-4)","background-image":"","background-repeat":"repeat","background-position":"center center","background-size":"auto","background-attachment":"scroll","background-type":"","background-media":"","overlay-type":"","overlay-color":"","overlay-opacity":"","overlay-gradient":""},"tablet":{"background-color":"","background-image":"","background-repeat":"repeat","background-position":"center center","background-size":"auto","background-attachment":"scroll","background-type":"","background-media":"","overlay-type":"","overlay-color":"","overlay-opacity":"","overlay-gradient":""},"mobile":{"background-color":"","background-image":"","background-repeat":"repeat","background-position":"center center","background-size":"auto","background-attachment":"scroll","background-type":"","background-media":"","overlay-type":"","overlay-color":"","overlay-opacity":"","overlay-gradient":""}},"ast-content-background-meta":{"desktop":{"background-color":"var(--ast-global-color-5)","background-image":"","background-repeat":"repeat","background-position":"center center","background-size":"auto","background-attachment":"scroll","background-type":"","background-media":"","overlay-type":"","overlay-color":"","overlay-opacity":"","overlay-gradient":""},"tablet":{"background-color":"var(--ast-global-color-5)","background-image":"","background-repeat":"repeat","background-position":"center center","background-size":"auto","background-attachment":"scroll","background-type":"","background-media":"","overlay-type":"","overlay-color":"","overlay-opacity":"","overlay-gradient":""},"mobile":{"background-color":"var(--ast-global-color-5)","background-image":"","background-repeat":"repeat","background-position":"center center","background-size":"auto","background-attachment":"scroll","background-type":"","background-media":"","overlay-type":"","overlay-color":"","overlay-opacity":"","overlay-gradient":""}}},"pwb-brand":[995],"product_brand":[],"product_cat":[410,1015],"product_tag":[],"class_list":{"0":"post-18486","1":"product","2":"type-product","3":"status-publish","4":"has-post-thumbnail","6":"pwb-brand-celo-fixings","7":"product_cat-material-electrico","8":"product_cat-accesorios-de-montaje","9":"desktop-align-left","10":"tablet-align-left","11":"mobile-align-left","12":"ast-product-gallery-layout-horizontal-slider","13":"ast-product-gallery-with-no-image","14":"ast-product-tabs-layout-horizontal","16":"first","17":"instock","18":"taxable","19":"shipping-taxable","20":"purchasable","21":"product-type-simple"},"wcpa_form_fields":null,"brands":[{"id":995,"name":"Celo-Befestigungen","slug":"celo-befestigungen"}],"_links":{"self":[{"href":"https:\/\/fvcomponentes.com\/de\/wp-json\/wp\/v2\/product\/18486","targetHints":{"allow":["GET"]}}],"collection":[{"href":"https:\/\/fvcomponentes.com\/de\/wp-json\/wp\/v2\/product"}],"about":[{"href":"https:\/\/fvcomponentes.com\/de\/wp-json\/wp\/v2\/types\/product"}],"replies":[{"embeddable":true,"href":"https:\/\/fvcomponentes.com\/de\/wp-json\/wp\/v2\/comments?post=18486"}],"wp:featuredmedia":[{"embeddable":true,"href":"https:\/\/fvcomponentes.com\/de\/wp-json\/wp\/v2\/media\/18487"}],"wp:attachment":[{"href":"https:\/\/fvcomponentes.com\/de\/wp-json\/wp\/v2\/media?parent=18486"}],"wp:term":[{"taxonomy":"pwb-brand","embeddable":true,"href":"https:\/\/fvcomponentes.com\/de\/wp-json\/wp\/v2\/pwb-brand?post=18486"},{"taxonomy":"product_brand","embeddable":true,"href":"https:\/\/fvcomponentes.com\/de\/wp-json\/wp\/v2\/product_brand?post=18486"},{"taxonomy":"product_cat","embeddable":true,"href":"https:\/\/fvcomponentes.com\/de\/wp-json\/wp\/v2\/product_cat?post=18486"},{"taxonomy":"product_tag","embeddable":true,"href":"https:\/\/fvcomponentes.com\/de\/wp-json\/wp\/v2\/product_tag?post=18486"}],"curies":[{"name":"wp","href":"https:\/\/api.w.org\/{rel}","templated":true}]}}