{"id":18482,"date":"2024-09-05T17:52:43","date_gmt":"2024-09-05T15:52:43","guid":{"rendered":"https:\/\/fvcomponentes.com\/?post_type=product&#038;p=18482"},"modified":"2025-11-28T11:27:16","modified_gmt":"2025-11-28T10:27:16","slug":"erweiterungsstecker-celo-fx-6-96fx","status":"publish","type":"product","link":"https:\/\/fvcomponentes.com\/de\/producto\/taco-de-expansion-celo-fx-6-96fx\/","title":{"rendered":"Erweiterungsstecker Celo Fx 6 - 96FX"},"content":{"rendered":"<h2>Erweiterungsstecker Celo Fx 6 - 96FX<\/h2>\n<p>Der Celo Fx 6 - 96FX Expansionsqueue, made in Germany, zeichnet sich dank seines Vierfach-Expansionsdesigns durch hohe Griffigkeit auf verschiedensten Materialien aus. Er verf\u00fcgt \u00fcber Rillen an allen vier Seiten, die die Reibung auf jeder Oberfl\u00e4che erh\u00f6hen, und einen Kragen, der ein Verrutschen des Queues im Loch verhindert.<\/p>\n<p>Der FX-D\u00fcbel ist mit Verdrehsicherungslamellen ausgestattet, die verhindern, dass er sich beim Verschrauben dreht. Er ist aus hochwertigem Polyamid gefertigt, das extremen Temperaturen von -40\u00b0C bis +80\u00b0C standh\u00e4lt und somit Langlebigkeit und Sicherheit gew\u00e4hrleistet. Er ist mit verschiedenen Schraubentypen kompatibel (z. B. <a href=\"https:\/\/fvcomponentes.com\/de\/produkt\/schraube-tornigrap-tornigrap-tg-n35-48x25-935tg\/\" target=\"_blank\" rel=\"noopener\">Schraube Celo Tornigrap TG N35 4,8\u00d725 - 935TG<\/a>) wie Holzschrauben, Zugschrauben oder Blechschrauben und eignet sich f\u00fcr Anwendungen in Materialien wie Beton, Betonblock, Hohlziegel, Vollziegel, Stein oder Gipskarton.<\/p>\n<h2>Celo Fx 6 - 96FX Erweiterungsstecker Merkmale<\/h2>\n<ul>\n<li>Durchmesser: 6 mm<\/li>\n<li>L\u00e4nge: 30 mm<\/li>\n<li>Bohrungsdurchmesser: 6 mm<\/li>\n<li>Bohrungstiefe: 40mm<\/li>\n<li>Verankerungstiefe: 29 mm<\/li>\n<li>L\u00e4nge der Verankerung: 30 mm<\/li>\n<li>Material: Nylon<\/li>\n<\/ul>\n<h2>Datenblatt Celo Fx 6 Erweiterungsstecker - 96FX<\/h2>\n<p><a href=\"https:\/\/fvcomponentes.com\/wp-content\/uploads\/2024\/09\/Ficha-tecnica-Taco-de-expansion-Celo-Fx-6-96FX-Tabla-de-cargas.pdf\" target=\"_blank\" rel=\"noopener\">Siehe Datenblatt Celo Fx 6 - 96FX Erweiterungsstecker<\/a><\/p>","protected":false},"excerpt":{"rendered":"<ul>\n<li>Packung mit 100 St\u00fcck<\/li>\n<li>Durchmesser: 6 mm<\/li>\n<li>L\u00e4nge: 30 mm<\/li>\n<\/ul>","protected":false},"featured_media":18483,"comment_status":"open","ping_status":"closed","template":"","meta":{"site-sidebar-layout":"default","site-content-layout":"","ast-site-content-layout":"default","site-content-style":"default","site-sidebar-style":"default","ast-global-header-display":"","ast-banner-title-visibility":"","ast-main-header-display":"","ast-hfb-above-header-display":"","ast-hfb-below-header-display":"","ast-hfb-mobile-header-display":"","site-post-title":"","ast-breadcrumbs-content":"","ast-featured-img":"","footer-sml-layout":"","ast-disable-related-posts":"","theme-transparent-header-meta":"default","adv-header-id-meta":"","stick-header-meta":"","header-above-stick-meta":"","header-main-stick-meta":"","header-below-stick-meta":"","astra-migrate-meta-layouts":"set","ast-page-background-enabled":"default","ast-page-background-meta":{"desktop":{"background-color":"var(--ast-global-color-4)","background-image":"","background-repeat":"repeat","background-position":"center center","background-size":"auto","background-attachment":"scroll","background-type":"","background-media":"","overlay-type":"","overlay-color":"","overlay-opacity":"","overlay-gradient":""},"tablet":{"background-color":"","background-image":"","background-repeat":"repeat","background-position":"center center","background-size":"auto","background-attachment":"scroll","background-type":"","background-media":"","overlay-type":"","overlay-color":"","overlay-opacity":"","overlay-gradient":""},"mobile":{"background-color":"","background-image":"","background-repeat":"repeat","background-position":"center center","background-size":"auto","background-attachment":"scroll","background-type":"","background-media":"","overlay-type":"","overlay-color":"","overlay-opacity":"","overlay-gradient":""}},"ast-content-background-meta":{"desktop":{"background-color":"var(--ast-global-color-5)","background-image":"","background-repeat":"repeat","background-position":"center center","background-size":"auto","background-attachment":"scroll","background-type":"","background-media":"","overlay-type":"","overlay-color":"","overlay-opacity":"","overlay-gradient":""},"tablet":{"background-color":"var(--ast-global-color-5)","background-image":"","background-repeat":"repeat","background-position":"center center","background-size":"auto","background-attachment":"scroll","background-type":"","background-media":"","overlay-type":"","overlay-color":"","overlay-opacity":"","overlay-gradient":""},"mobile":{"background-color":"var(--ast-global-color-5)","background-image":"","background-repeat":"repeat","background-position":"center center","background-size":"auto","background-attachment":"scroll","background-type":"","background-media":"","overlay-type":"","overlay-color":"","overlay-opacity":"","overlay-gradient":""}}},"pwb-brand":[995],"product_brand":[],"product_cat":[398,399],"product_tag":[],"class_list":{"0":"post-18482","1":"product","2":"type-product","3":"status-publish","4":"has-post-thumbnail","6":"pwb-brand-celo-fixings","7":"product_cat-estructuras-placas-solares","8":"product_cat-accesorios-estructuras-placas-solares","9":"desktop-align-left","10":"tablet-align-left","11":"mobile-align-left","12":"ast-product-gallery-layout-horizontal-slider","13":"ast-product-gallery-with-no-image","14":"ast-product-tabs-layout-horizontal","16":"first","17":"instock","18":"taxable","19":"shipping-taxable","20":"purchasable","21":"product-type-simple"},"wcpa_form_fields":null,"brands":[{"id":995,"name":"Celo-Befestigungen","slug":"celo-befestigungen"}],"_links":{"self":[{"href":"https:\/\/fvcomponentes.com\/de\/wp-json\/wp\/v2\/product\/18482","targetHints":{"allow":["GET"]}}],"collection":[{"href":"https:\/\/fvcomponentes.com\/de\/wp-json\/wp\/v2\/product"}],"about":[{"href":"https:\/\/fvcomponentes.com\/de\/wp-json\/wp\/v2\/types\/product"}],"replies":[{"embeddable":true,"href":"https:\/\/fvcomponentes.com\/de\/wp-json\/wp\/v2\/comments?post=18482"}],"wp:featuredmedia":[{"embeddable":true,"href":"https:\/\/fvcomponentes.com\/de\/wp-json\/wp\/v2\/media\/18483"}],"wp:attachment":[{"href":"https:\/\/fvcomponentes.com\/de\/wp-json\/wp\/v2\/media?parent=18482"}],"wp:term":[{"taxonomy":"pwb-brand","embeddable":true,"href":"https:\/\/fvcomponentes.com\/de\/wp-json\/wp\/v2\/pwb-brand?post=18482"},{"taxonomy":"product_brand","embeddable":true,"href":"https:\/\/fvcomponentes.com\/de\/wp-json\/wp\/v2\/product_brand?post=18482"},{"taxonomy":"product_cat","embeddable":true,"href":"https:\/\/fvcomponentes.com\/de\/wp-json\/wp\/v2\/product_cat?post=18482"},{"taxonomy":"product_tag","embeddable":true,"href":"https:\/\/fvcomponentes.com\/de\/wp-json\/wp\/v2\/product_tag?post=18482"}],"curies":[{"name":"wp","href":"https:\/\/api.w.org\/{rel}","templated":true}]}}