{"id":18479,"date":"2024-09-05T17:59:03","date_gmt":"2024-09-05T15:59:03","guid":{"rendered":"https:\/\/fvcomponentes.com\/?post_type=product&#038;p=18479"},"modified":"2025-11-28T11:26:37","modified_gmt":"2025-11-28T10:26:37","slug":"schraube-tornigrap-tornigrap-tg-n35-48x25-935tg","status":"publish","type":"product","link":"https:\/\/fvcomponentes.com\/de\/producto\/tornillo-celo-tornigrap-tg-n35-48x25-935tg\/","title":{"rendered":"Schraube Celo Tornigrap TG N35 4,8\u00d725 - 935TG"},"content":{"rendered":"<h2>Schraube Celo Tornigrap TG N35 4,8\u00d725 - 935TG<\/h2>\n<p>Diese Celo Tornigrap TG N35 4,8\u00d725 - 935TG Spezialschraube mit Doppelgewinde f\u00fcr Nylond\u00fcbel, wie die <a href=\"https:\/\/fvcomponentes.com\/de\/produkt\/erweiterungsstecker-celo-fx-6-96fx\/\" target=\"_blank\" rel=\"noopener\">Erweiterungsstecker Celo Fx 6 - 96FX<\/a> ist mit einem Kopf mit gro\u00dfem Durchmesser ausgestattet, ideal f\u00fcr die Befestigung von Metallklammern. Seine kombinierte Pr\u00e4gung (PZ + Schlitz) erm\u00f6glicht ein sicheres und effizientes Verschrauben. Au\u00dferdem wurde der Schraubenkopf mit einem Doppelkonus an der Unterseite verst\u00e4rkt, was die Festigkeit der Befestigung erh\u00f6ht.<\/p>\n<p>Das Doppelgewinde erm\u00f6glicht nicht nur ein schnelleres Verschrauben, sondern maximiert auch die Ausdehnung des D\u00fcbels und bietet eine h\u00f6here Tragf\u00e4higkeit als eine Schraube mit einfachem Gewinde.<\/p>\n<h2>Merkmale von Tornigrap TG N35 4,8\u00d725 - 935TG<\/h2>\n<ul>\n<li>Durchmesser des Steckers: 6 mm<\/li>\n<li>Durchmesser des Kopfes: 9,5 mm<\/li>\n<li>Kopfh\u00f6he: 3,5 mm<\/li>\n<li>L\u00e4nge: 25 mm<\/li>\n<li>Einsteckschloss: COMBI PZ2 + Rille<\/li>\n<li>Material: Kohlenstoffstahl.<\/li>\n<li>Beschichtung: Verzinkt.<\/li>\n<\/ul>\n<h2>Technisches Datenblatt Tornigrap TG N35 4,8\u00d725 - 935TG<\/h2>\n<p><a href=\"https:\/\/fvcomponentes.com\/wp-content\/uploads\/2024\/09\/Ficha-tecnica-Tornillo-Celo-Tornigrap-TG-N35-48x25-935TG.pdf\" target=\"_blank\" rel=\"noopener\">Siehe das technische Datenblatt Tornigrap TG N35 4,8\u00d725 - 935TG<\/a><\/p>","protected":false},"excerpt":{"rendered":"<ul>\n<li>Packung mit 100 St\u00fcck<\/li>\n<li>Durchmesser des Kopfes: 9,5 mm<\/li>\n<li>Kopfh\u00f6he: 3,5 mm<\/li>\n<li>L\u00e4nge: 25 mm<\/li>\n<\/ul>","protected":false},"featured_media":18480,"comment_status":"open","ping_status":"closed","template":"","meta":{"site-sidebar-layout":"default","site-content-layout":"","ast-site-content-layout":"default","site-content-style":"default","site-sidebar-style":"default","ast-global-header-display":"","ast-banner-title-visibility":"","ast-main-header-display":"","ast-hfb-above-header-display":"","ast-hfb-below-header-display":"","ast-hfb-mobile-header-display":"","site-post-title":"","ast-breadcrumbs-content":"","ast-featured-img":"","footer-sml-layout":"","ast-disable-related-posts":"","theme-transparent-header-meta":"default","adv-header-id-meta":"","stick-header-meta":"","header-above-stick-meta":"","header-main-stick-meta":"","header-below-stick-meta":"","astra-migrate-meta-layouts":"set","ast-page-background-enabled":"default","ast-page-background-meta":{"desktop":{"background-color":"var(--ast-global-color-4)","background-image":"","background-repeat":"repeat","background-position":"center center","background-size":"auto","background-attachment":"scroll","background-type":"","background-media":"","overlay-type":"","overlay-color":"","overlay-opacity":"","overlay-gradient":""},"tablet":{"background-color":"","background-image":"","background-repeat":"repeat","background-position":"center center","background-size":"auto","background-attachment":"scroll","background-type":"","background-media":"","overlay-type":"","overlay-color":"","overlay-opacity":"","overlay-gradient":""},"mobile":{"background-color":"","background-image":"","background-repeat":"repeat","background-position":"center center","background-size":"auto","background-attachment":"scroll","background-type":"","background-media":"","overlay-type":"","overlay-color":"","overlay-opacity":"","overlay-gradient":""}},"ast-content-background-meta":{"desktop":{"background-color":"var(--ast-global-color-5)","background-image":"","background-repeat":"repeat","background-position":"center center","background-size":"auto","background-attachment":"scroll","background-type":"","background-media":"","overlay-type":"","overlay-color":"","overlay-opacity":"","overlay-gradient":""},"tablet":{"background-color":"var(--ast-global-color-5)","background-image":"","background-repeat":"repeat","background-position":"center center","background-size":"auto","background-attachment":"scroll","background-type":"","background-media":"","overlay-type":"","overlay-color":"","overlay-opacity":"","overlay-gradient":""},"mobile":{"background-color":"var(--ast-global-color-5)","background-image":"","background-repeat":"repeat","background-position":"center center","background-size":"auto","background-attachment":"scroll","background-type":"","background-media":"","overlay-type":"","overlay-color":"","overlay-opacity":"","overlay-gradient":""}}},"pwb-brand":[995],"product_brand":[],"product_cat":[398,399],"product_tag":[],"class_list":{"0":"post-18479","1":"product","2":"type-product","3":"status-publish","4":"has-post-thumbnail","6":"pwb-brand-celo-fixings","7":"product_cat-estructuras-placas-solares","8":"product_cat-accesorios-estructuras-placas-solares","9":"desktop-align-left","10":"tablet-align-left","11":"mobile-align-left","12":"ast-product-gallery-layout-horizontal-slider","13":"ast-product-gallery-with-no-image","14":"ast-product-tabs-layout-horizontal","16":"first","17":"instock","18":"taxable","19":"shipping-taxable","20":"purchasable","21":"product-type-simple"},"wcpa_form_fields":null,"brands":[{"id":995,"name":"Celo-Befestigungen","slug":"celo-befestigungen"}],"_links":{"self":[{"href":"https:\/\/fvcomponentes.com\/de\/wp-json\/wp\/v2\/product\/18479","targetHints":{"allow":["GET"]}}],"collection":[{"href":"https:\/\/fvcomponentes.com\/de\/wp-json\/wp\/v2\/product"}],"about":[{"href":"https:\/\/fvcomponentes.com\/de\/wp-json\/wp\/v2\/types\/product"}],"replies":[{"embeddable":true,"href":"https:\/\/fvcomponentes.com\/de\/wp-json\/wp\/v2\/comments?post=18479"}],"wp:featuredmedia":[{"embeddable":true,"href":"https:\/\/fvcomponentes.com\/de\/wp-json\/wp\/v2\/media\/18480"}],"wp:attachment":[{"href":"https:\/\/fvcomponentes.com\/de\/wp-json\/wp\/v2\/media?parent=18479"}],"wp:term":[{"taxonomy":"pwb-brand","embeddable":true,"href":"https:\/\/fvcomponentes.com\/de\/wp-json\/wp\/v2\/pwb-brand?post=18479"},{"taxonomy":"product_brand","embeddable":true,"href":"https:\/\/fvcomponentes.com\/de\/wp-json\/wp\/v2\/product_brand?post=18479"},{"taxonomy":"product_cat","embeddable":true,"href":"https:\/\/fvcomponentes.com\/de\/wp-json\/wp\/v2\/product_cat?post=18479"},{"taxonomy":"product_tag","embeddable":true,"href":"https:\/\/fvcomponentes.com\/de\/wp-json\/wp\/v2\/product_tag?post=18479"}],"curies":[{"name":"wp","href":"https:\/\/api.w.org\/{rel}","templated":true}]}}