{"id":18362,"date":"2024-09-03T13:47:42","date_gmt":"2024-09-03T11:47:42","guid":{"rendered":"https:\/\/fvcomponentes.com\/?post_type=product&#038;p=18362"},"modified":"2026-03-30T12:15:56","modified_gmt":"2026-03-30T10:15:56","slug":"fronius-symo-gen24-sc-12-0-plus-dreiphasiger-wechselrichter-4210189002","status":"publish","type":"product","link":"https:\/\/fvcomponentes.com\/de\/producto\/inversor-fronius-symo-gen24-sc-12-0-plus-trifasico-4210189002\/","title":{"rendered":"Wechselrichter Fronius Symo GEN24 12.0 Plus SC Dreiphasig \u2013 4.210.189.002"},"content":{"rendered":"<h2>Eigenschaften des Fronius Symo Wechselrichters GEN24 SC 12.0 Plus Dreiphasig - 4.210.189.002<\/h2>\n<h2>Vollst\u00e4ndige Sicherung<\/h2>\n<p>Mit der Option \"Full Backup\" versorgt der Fronius Symo GEN24 SC 12.0 Plus Dreiphasen-Wechselrichter - 4.210.189.002 bei einem Netzausfall weiterhin alle einphasigen und dreiphasigen Ger\u00e4te im Haushalt. Zus\u00e4tzlich zum Wechselrichter sind eine Batterie und ein Schaltger\u00e4t erforderlich, um sich bei Full Backup sicher vom Netz zu trennen.<\/p>\n<h2>PV-Punkt<\/h2>\n<p>Die integrierte Basis-Notstromfunktion, genannt PV Point, ist ein dedizierter Ausgang, der im Notfall Strom liefert und sicherstellt, dass kritische Verbraucher bei Stromausf\u00e4llen weiter betrieben werden k\u00f6nnen.<\/p>\n<h2>Aktive K\u00fchlung<\/h2>\n<p>Die aktive K\u00fchltechnik, auch Active Cooling genannt, basiert auf einem oder mehreren L\u00fcftern, die nicht nur W\u00e4rmefelder verhindern, sondern auch die Luftzirkulation im Inneren des Wechselrichters regulieren. Das h\u00e4lt die Temperatur der Leistungselektronik niedrig, verl\u00e4ngert die Lebensdauer der Ger\u00e4te, optimiert den Ertrag und senkt die Kosten. Active Cooling ist bei Fronius ein technologischer Standard in allen Ger\u00e4ten.<\/p>\n<h2>Integrierte Datenkommunikation<\/h2>\n<p>Der Fronius Symo GEN24 SC 12.0 Plus Dreiphasen-Wechselrichter - 4.210.189.002 wird ohne zus\u00e4tzliche Verkabelung \u00fcber Netzwerkkabel oder WLAN mit dem Internet verbunden und erm\u00f6glicht so eine perfekte Visualisierung des Betriebs der Photovoltaikanlage (PV). Dar\u00fcber hinaus kann er \u00fcber Schnittstellen wie Modbus TCP SunSpec, Modbus RTU SunSpec oder Fronius Solar API (JSON) mit Komponenten von Drittanbietern verbunden werden, was die Nutzung offener Schnittstellen parallel zu Fronius Solar.web erm\u00f6glicht.<\/p>\n<h2>Fronius Symo GEN24 SC 12.0 Plus dreiphasiger Wechselrichter SuperFlex Design - 4.210.189.002<\/h2>\n<p>Das Fronius SuperFlex-Design vereint alle technischen Voraussetzungen, um die Auslegung Ihrer PV-Anlage einfach und flexibel zu gestalten. Die wichtigsten Aspekte des SuperFlex-Designs sind: Zwei Maximum Power Point Tracker (MPPT) in Kombination mit der hohen Systemspannung und dem weiten DC-Eingangsspannungsbereich. Jeder DC-Eingang und MPP-Tracker kann an die Nennleistung des Wechselrichters angepasst werden, wodurch ein Wechselrichter f\u00fcr jede Anwendung entsteht. Dank des SuperFlex-Designs kann ein einziger Wechselrichter jede Herausforderung meistern, wie z.B. unterschiedliche Dachausrichtungen, Verschattungen von einem oder zwei PV-Modulfeldern oder die Verwendung von Restmodulen. Mit einem Fronius-Wechselrichter mit integrierter SuperFlex-Auslegung k\u00f6nnen Sie in der PV-Planungspraxis jede Auslegungssituation mit einem einzigen Modell abdecken.<\/p>\n<h2>Dynamischer Spitzenwert-Manager<\/h2>\n<p>Der Dynamic Peak Manager ist ein intelligenter GMPP-Tracking-Algorithmus, der in der Lage ist, sein Verhalten bei der Suche nach dem optimalen Betriebspunkt dynamisch anzupassen. Der Dynamic Peak Manager zeichnet sich dadurch aus, dass er automatisch und regelm\u00e4\u00dfig die gesamte Kennlinie \u00fcberpr\u00fcft und den Punkt der maximalen Leistung (GMPP) findet, auch bei Teilverschattung.<\/p>\n<h2>Multi Flow Technologie<\/h2>\n<p>Die Multi-Flow-Technologie erm\u00f6glicht verschiedene parallele DC- und AC-Stromfl\u00fcsse. Dadurch kann jeder Haushalt gleichzeitig Strom von den PV-Modulen und der Batterie beziehen. Es ist auch m\u00f6glich, Strom von den Modulen in die Batterie und gleichzeitig in das Haushaltsnetz zu leiten. Dar\u00fcber hinaus ist es m\u00f6glich, die Batterie nicht nur von der Wechselstromseite, sondern auch von der Gleichstromseite zu laden (z. B. von bestehenden PV-Anlagen oder von anderen Energiequellen wie einer Windturbine). Dies bedeutet, dass der Wechselrichter mit einer AC-Kopplung nachger\u00fcstet werden kann. Der Wechselrichter steuert diese Energiefl\u00fcsse, um die Eigenverbrauchsquote zu maximieren.<\/p>\n<h2>Eingabedaten<\/h2>\n<ul>\n<li>Anzahl der MPP-Unterst\u00fctzer: 2<\/li>\n<li>Max. PV-Eingangsleistung: 12,36 kW<\/li>\n<li>Maximaler Eingangsstrom (Idc max): 28 \/ 14 A<\/li>\n<li>Maximaler Kurzschlussstrom: 40 \/ 20 A<\/li>\n<li>DC-Eingangsspannungsbereich (min. Ucc - max. Ucc): 80 - 1000 V<\/li>\n<li>Minimale DC-Anlaufspannung (Udc-Anlauf): 80 V<\/li>\n<li>Nenneingangsspannung (Udc,r): 610 V<\/li>\n<li>Maximal nutzbarer Leistungspunkt Spannungsbereich: 80 - 800 V<\/li>\n<li>Anzahl der Eing\u00e4nge: DC 2\/1<\/li>\n<li>Maximale PV-Generatorleistung (max. Pdc): 18 kWpeak<\/li>\n<\/ul>\n<h2>Wechselrichter-Ausgangsdaten Fronius Symo GEN24 SC 12.0 Plus Dreiphasen-Wechselrichter - 4.210.189.002<\/h2>\n<ul>\n<li>AC-Nennleistung (Pac,r): 12 kW<\/li>\n<li>Maximale Ausgangsleistung (Pac max): 12 kVA<\/li>\n<li>Maximaler Netzstrombedarf: 12 kVA<\/li>\n<li>Maximaler AC-Ausgangsstrom: 18,5 A<\/li>\n<li>Netzanschluss (Uca,r): 3~NPE 400\/230, 3~NPE 380\/220 V<\/li>\n<li>Wechselspannungsbereich (Ummin - Ummax): 154 - 280 V<\/li>\n<li>Frequenz (fr): 50 \/ 60 Hz<\/li>\n<li>Frequenzbereich (fmin - fmax): 45 - 66 Hz<\/li>\n<li>Koeffizient der nichtlinearen Verzerrung: &lt;3% @Pnom (230\/400VAC 50Hz)<\/li>\n<li>Leistungsfaktor (cos \u03c6ac,r): 0,7-1 ind,\/cap,<\/li>\n<li>Notstrom: 3~NPE 400 V \/ 230 V<\/li>\n<li>AC-Nennausgangsstrom (380VAC): 18,2 A<\/li>\n<li>AC-Nennausgangsstrom (400VAC): 17,4 A<\/li>\n<\/ul>\n<h2>Allgemeine Angaben<\/h2>\n<ul>\n<li>Abmessung (Breite): 529 mm<\/li>\n<li>Abmessung (H\u00f6he): 595 mm<\/li>\n<li>Abmessung (Tiefe): 180 mm<\/li>\n<li>Gewicht: 22,75 kg<\/li>\n<li>Gewicht mit Verpackung: 28 kg<\/li>\n<li>Schutzart: IP66<\/li>\n<li>Schutzklasse: 1<\/li>\n<li>\u00dcberspannungskategorie (DC \/ AC): 2 \/ 3<\/li>\n<li>Nachtverbrauch: &lt;10 W<\/li>\n<li>Wechselrichterkonzept: Transformatorlos<\/li>\n<li>K\u00fchlung: luftgesteuert<\/li>\n<li>Installation: innen und au\u00dfen<\/li>\n<li>Bereich der Umgebungstemperatur: -25\u00b0C - +60\u00b0C<\/li>\n<li>Zul\u00e4ssige Luftfeuchtigkeit: 0 - 100 %<\/li>\n<li>Max. H\u00f6he: 3000m \/ 4000m (unbegrenzter \/ eingeschr\u00e4nkter Spannungsbereich)<\/li>\n<li>DC-Anschlusstechnik: 3x DC+ und 3x DC- Federkraftklemmen 2,5 - 10 mm\u00b2.<\/li>\n<li>Batterie-DC-Anschlusstechnik: 1x BATT+ und 1x BATT- Federkraftklemmen 2,5 - 10 mm\u00b2.<\/li>\n<li>Hauptanschlusstechnik: 5-polige AC-Federkraftklemmen 1,5 - 10 mm\u00b2, 3-polige Not-Federkraftklemmen 1,5mm\u00b2 - 10mm\u00b2, 5x PE-Schraubklemmen 2,5 - 16 mm\u00b2, 5x PE-Schraubklemmen 2,5 - 16 mm\u00b2, 5x PE-Schraubklemmen 2,5 - 16 mm\u00b2.<\/li>\n<li>Notstromfunktion: PV Point, Full Backup<\/li>\n<li>Kompatible Batterien: BYD Battery-Box Premium HVS\/HVM 5) &amp; LG FLEX<\/li>\n<li>Ger\u00e4uschemission: 47 dB(A)<\/li>\n<li>St\u00f6raussendungsklasse: B<\/li>\n<\/ul>\n<h2>Fronius Symo GEN24 SC 12.0 Plus Dreiphasen-Wechselrichter Sicherheitseinrichtungen - 4.210.189.002<\/h2>\n<ul>\n<li>DC-Isolationsmessung<\/li>\n<li>\u00dcberlastverhalten: Arbeitspunktverschiebung, Leistungsbegrenzung<\/li>\n<li>DC-Trennschalter<\/li>\n<li>DC Verpolungsschutz<\/li>\n<\/ul>\n<h2>Schnittstellen<\/h2>\n<ul>\n<li>WLAN \/ 2x Ethernet LAN: Fronius Solar.web, Modbus TCP SunSpec, Fronius Solar API (JSON)<\/li>\n<li>6 digitale Ein-\/Ausg\u00e4nge + 6 digitale Eing\u00e4nge: Anschluss an Rundsteuerempf\u00e4nger, Power Management<\/li>\n<li>Notabschaltung (WSD): Ja<\/li>\n<li>Datenlogger und Webserver: Integriert<\/li>\n<li>2x RS485: Modbus RTU SunSpec (Fremdanbieter) \/ Fronius Smart Meter, Batterie, Fronius Ohmpilot<\/li>\n<\/ul>\n<h2>Fronius Symo GEN24 SC 12.0 Plus Dreiphasen-Wechselrichter PV Point Ausgangsdaten - 4.210.189.002<\/h2>\n<ul>\n<li>Nennausgangsleistung: 3000 VA<\/li>\n<li>AC-Nennausgangsstrom (max. Iac): 13 A<\/li>\n<li>Max. Schaltzeit PV Point: 15 s<\/li>\n<li>Max. Schaltzeit Vollsicherung: 10 s<\/li>\n<li>Frequenz im Notstrombetrieb: 53 Hz<\/li>\n<\/ul>\n<h2>Batterieanschluss<\/h2>\n<ul>\n<li>Anzahl der DC-Eing\u00e4nge: 1<\/li>\n<li>Max. Eingangsstrom (Idc max.): 22 A<\/li>\n<li>Max. AC-Lastleistung (abh\u00e4ngig von der angeschlossenen Batterie): 11682 W<\/li>\n<li>Min. DC-Eingangsspannung: 160 V<\/li>\n<li>Max. DC-Eingangsspannung: 531 V<\/li>\n<\/ul>\n<h2><a href=\"https:\/\/fvcomponentes.com\/wp-content\/uploads\/2025\/09\/Fronius_TDS_Symo_GEN24_SC_12.0_Plus_ES.pdf\" target=\"_blank\" rel=\"noopener\">Siehe Datenblatt Fronius Wechselrichter Symo GEN24 SC 12.0 Plus Dreiphasig - 4.210.189.002<\/a><\/h2>","protected":false},"excerpt":{"rendered":"<p><span style=\"color: #ff0000\"><strong>Vor\u00fcbergehend nicht verf\u00fcgbar!<\/strong><\/span><\/p>\n<ul>\n<li>Dreiphasig<\/li>\n<li>Hybrid. Erm\u00f6glicht den Anschluss von Batterien.<\/li>\n<li><strong>AC-Nennleistung:<\/strong> 12.000W<\/li>\n<li><strong>AC-Nennausgangsstrom: <\/strong>380 Vac 18.2A | 400 Vac 17.4A<\/li>\n<\/ul>","protected":false},"featured_media":18363,"comment_status":"open","ping_status":"closed","template":"","meta":{"site-sidebar-layout":"default","site-content-layout":"","ast-site-content-layout":"default","site-content-style":"default","site-sidebar-style":"default","ast-global-header-display":"","ast-banner-title-visibility":"","ast-main-header-display":"","ast-hfb-above-header-display":"","ast-hfb-below-header-display":"","ast-hfb-mobile-header-display":"","site-post-title":"","ast-breadcrumbs-content":"","ast-featured-img":"","footer-sml-layout":"","ast-disable-related-posts":"","theme-transparent-header-meta":"default","adv-header-id-meta":"","stick-header-meta":"","header-above-stick-meta":"","header-main-stick-meta":"","header-below-stick-meta":"","astra-migrate-meta-layouts":"set","ast-page-background-enabled":"default","ast-page-background-meta":{"desktop":{"background-color":"var(--ast-global-color-4)","background-image":"","background-repeat":"repeat","background-position":"center center","background-size":"auto","background-attachment":"scroll","background-type":"","background-media":"","overlay-type":"","overlay-color":"","overlay-opacity":"","overlay-gradient":""},"tablet":{"background-color":"","background-image":"","background-repeat":"repeat","background-position":"center center","background-size":"auto","background-attachment":"scroll","background-type":"","background-media":"","overlay-type":"","overlay-color":"","overlay-opacity":"","overlay-gradient":""},"mobile":{"background-color":"","background-image":"","background-repeat":"repeat","background-position":"center center","background-size":"auto","background-attachment":"scroll","background-type":"","background-media":"","overlay-type":"","overlay-color":"","overlay-opacity":"","overlay-gradient":""}},"ast-content-background-meta":{"desktop":{"background-color":"var(--ast-global-color-5)","background-image":"","background-repeat":"repeat","background-position":"center center","background-size":"auto","background-attachment":"scroll","background-type":"","background-media":"","overlay-type":"","overlay-color":"","overlay-opacity":"","overlay-gradient":""},"tablet":{"background-color":"var(--ast-global-color-5)","background-image":"","background-repeat":"repeat","background-position":"center center","background-size":"auto","background-attachment":"scroll","background-type":"","background-media":"","overlay-type":"","overlay-color":"","overlay-opacity":"","overlay-gradient":""},"mobile":{"background-color":"var(--ast-global-color-5)","background-image":"","background-repeat":"repeat","background-position":"center center","background-size":"auto","background-attachment":"scroll","background-type":"","background-media":"","overlay-type":"","overlay-color":"","overlay-opacity":"","overlay-gradient":""}}},"pwb-brand":[344],"product_brand":[],"product_cat":[333,359,923],"product_tag":[],"class_list":{"0":"post-18362","1":"product","2":"type-product","3":"status-publish","4":"has-post-thumbnail","6":"pwb-brand-fronius","7":"product_cat-inversores","8":"product_cat-inversores-autoconsumo-hibridos","9":"product_cat-inversores-autoconsumo-hibridos-trifasicos","10":"desktop-align-left","11":"tablet-align-left","12":"mobile-align-left","13":"ast-product-gallery-layout-horizontal-slider","14":"ast-product-gallery-with-no-image","15":"ast-product-tabs-layout-horizontal","17":"first","18":"onbackorder","19":"taxable","20":"shipping-taxable","21":"purchasable","22":"product-type-simple"},"wcpa_form_fields":null,"brands":[{"id":344,"name":"Fronius-Wechselrichter","slug":"fronius"}],"_links":{"self":[{"href":"https:\/\/fvcomponentes.com\/de\/wp-json\/wp\/v2\/product\/18362","targetHints":{"allow":["GET"]}}],"collection":[{"href":"https:\/\/fvcomponentes.com\/de\/wp-json\/wp\/v2\/product"}],"about":[{"href":"https:\/\/fvcomponentes.com\/de\/wp-json\/wp\/v2\/types\/product"}],"replies":[{"embeddable":true,"href":"https:\/\/fvcomponentes.com\/de\/wp-json\/wp\/v2\/comments?post=18362"}],"wp:featuredmedia":[{"embeddable":true,"href":"https:\/\/fvcomponentes.com\/de\/wp-json\/wp\/v2\/media\/18363"}],"wp:attachment":[{"href":"https:\/\/fvcomponentes.com\/de\/wp-json\/wp\/v2\/media?parent=18362"}],"wp:term":[{"taxonomy":"pwb-brand","embeddable":true,"href":"https:\/\/fvcomponentes.com\/de\/wp-json\/wp\/v2\/pwb-brand?post=18362"},{"taxonomy":"product_brand","embeddable":true,"href":"https:\/\/fvcomponentes.com\/de\/wp-json\/wp\/v2\/product_brand?post=18362"},{"taxonomy":"product_cat","embeddable":true,"href":"https:\/\/fvcomponentes.com\/de\/wp-json\/wp\/v2\/product_cat?post=18362"},{"taxonomy":"product_tag","embeddable":true,"href":"https:\/\/fvcomponentes.com\/de\/wp-json\/wp\/v2\/product_tag?post=18362"}],"curies":[{"name":"wp","href":"https:\/\/api.w.org\/{rel}","templated":true}]}}