{"id":17885,"date":"2024-08-16T13:46:52","date_gmt":"2024-08-16T11:46:52","guid":{"rendered":"https:\/\/fvcomponentes.com\/?post_type=product&#038;p=17885"},"modified":"2026-03-30T12:15:46","modified_gmt":"2026-03-30T10:15:46","slug":"fronius-symo-gen24-3-0-plus-dreiphasiger-hybrid-wechselrichter-4210150002","status":"publish","type":"product","link":"https:\/\/fvcomponentes.com\/de\/producto\/inversor-fronius-symo-gen24-3-0-plus-hibrido-trifasico-4210150002\/","title":{"rendered":"Fronius Symo GEN24 3.0 Plus dreiphasiger Hybrid-Wechselrichter - 4.210.150.002"},"content":{"rendered":"<h2>Eigenschaften des dreiphasigen Hybrid-Wechselrichters Fronius Symo GEN24 3.0 Plus - 4.210.150.002<\/h2>\n<h2>Notstrom f\u00fcr jede Situation<\/h2>\n<p>Sichere Stromversorgung: Mit PV Point bietet der dreiphasige Hybrid-Wechselrichter Fronius Symo GEN24 3.0 Plus - 4.210.150.002 eine integrierte Grund-Notstromfunktion. Beim Fronius GEN24 Plus haben Sie die Wahl zwischen PV Point und der Option Full Backup*, die eine Notstromversorgung f\u00fcr das gesamte Haus bietet.<\/p>\n<h2>Eingebettete Freiheit<\/h2>\n<p>Der Fronius Symo GEN24 3.0 Plus Dreiphasen-Hybrid-Wechselrichter - 4.210.150.002 verf\u00fcgt \u00fcber offene Schnittstellen, so dass Fronius- oder Fremdkomponenten f\u00fcr eine ma\u00dfgeschneiderte PV-Anlage einfach in das System integriert werden k\u00f6nnen.<\/p>\n<h2>Vielseitigkeit inklusive<\/h2>\n<p>Mehr Funktionen. Mehr Kontrolle. Mehr Versorgung. Fronius GEN24 und Fronius GEN24 Plus sparen dank Energiemanagementfunktionen langfristig Zeit und Kosten. Zugleich verl\u00e4ngert die integrierte aktive K\u00fchlung die Lebensdauer und sch\u00fctzt Ihre Investition.<\/p>\n<h2>Vorbereitet auf eine nachhaltige Zukunft<\/h2>\n<p>F\u00fcr alle, die sich noch nicht entscheiden wollen: Mit dem Fronius UP.storage Software-Update kann der Batterieanschluss und damit die Full Backup Notstromversorgung jederzeit nachger\u00fcstet werden.<\/p>\n<h2>Maximale Unabh\u00e4ngigkeit<\/h2>\n<p>Mit der Kombination aus dem Fronius GEN24 Plus und einer Batterie k\u00f6nnen Sie auch nachts mehr aus Ihrer PV-Anlage herausholen. Nutzen Sie mehr Ihren eigenen Strom und machen Sie sich unabh\u00e4ngiger von Energieversorgern und deren Preisen.<\/p>\n<h2>Eingabedaten<\/h2>\n<ul>\n<li><strong>Anzahl der MPP-Anh\u00e4nger: <\/strong>2<\/li>\n<li><strong>DC-Eingangsspannungsbereich:<\/strong> 80 - 1000V<\/li>\n<li><strong>Nominale Eingangsspannung: <\/strong>610V<\/li>\n<li><strong>Max. nutzbarer Eingangsstrom:<\/strong> MPPT1 12,5A | MPPT2 12,5A<\/li>\n<\/ul>\n<h2>Daten ausgeben<\/h2>\n<ul>\n<li><strong>AC-Nennleistung:<\/strong> 3.000W<\/li>\n<li><strong>Max. Leistungsabgabe:<\/strong> 3.000 VA<\/li>\n<li><strong>AC-Nennausgangsstrom:<\/strong> 380 Vac 4,5A | 400 Vac 4,3A<\/li>\n<\/ul>\n<h2>Datenblatt Fronius Symo Wechselrichter GEN24 3.0 Plus Hybrid Dreiphasen-Hybrid - 4.210.150.002<\/h2>\n<p><a href=\"https:\/\/fvcomponentes.com\/wp-content\/uploads\/2024\/08\/Ficha-tecnica-Inversor-Fronius-Symo-GEN24-2.pdf\" target=\"_blank\" rel=\"noopener\">Siehe Datenblatt Fronius Symo GEN24 3.0 Plus Dreiphasen-Hybrid-Wechselrichter - 4.210.150.002<\/a><\/p>","protected":false},"excerpt":{"rendered":"<ul>\n<li>Dreiphasig<\/li>\n<li>Hybrid. Erm\u00f6glicht den Anschluss von Batterien.<\/li>\n<li><strong>AC-Nennleistung:<\/strong> 3.000W<\/li>\n<li><strong>AC-Nennausgangsstrom:<\/strong> 380 Vac 4,5A | 400 Vac 4,3A<\/li>\n<\/ul>","protected":false},"featured_media":17886,"comment_status":"open","ping_status":"closed","template":"","meta":{"site-sidebar-layout":"default","site-content-layout":"","ast-site-content-layout":"default","site-content-style":"default","site-sidebar-style":"default","ast-global-header-display":"","ast-banner-title-visibility":"","ast-main-header-display":"","ast-hfb-above-header-display":"","ast-hfb-below-header-display":"","ast-hfb-mobile-header-display":"","site-post-title":"","ast-breadcrumbs-content":"","ast-featured-img":"","footer-sml-layout":"","ast-disable-related-posts":"","theme-transparent-header-meta":"default","adv-header-id-meta":"","stick-header-meta":"","header-above-stick-meta":"","header-main-stick-meta":"","header-below-stick-meta":"","astra-migrate-meta-layouts":"set","ast-page-background-enabled":"default","ast-page-background-meta":{"desktop":{"background-color":"var(--ast-global-color-4)","background-image":"","background-repeat":"repeat","background-position":"center center","background-size":"auto","background-attachment":"scroll","background-type":"","background-media":"","overlay-type":"","overlay-color":"","overlay-opacity":"","overlay-gradient":""},"tablet":{"background-color":"","background-image":"","background-repeat":"repeat","background-position":"center center","background-size":"auto","background-attachment":"scroll","background-type":"","background-media":"","overlay-type":"","overlay-color":"","overlay-opacity":"","overlay-gradient":""},"mobile":{"background-color":"","background-image":"","background-repeat":"repeat","background-position":"center center","background-size":"auto","background-attachment":"scroll","background-type":"","background-media":"","overlay-type":"","overlay-color":"","overlay-opacity":"","overlay-gradient":""}},"ast-content-background-meta":{"desktop":{"background-color":"var(--ast-global-color-5)","background-image":"","background-repeat":"repeat","background-position":"center center","background-size":"auto","background-attachment":"scroll","background-type":"","background-media":"","overlay-type":"","overlay-color":"","overlay-opacity":"","overlay-gradient":""},"tablet":{"background-color":"var(--ast-global-color-5)","background-image":"","background-repeat":"repeat","background-position":"center center","background-size":"auto","background-attachment":"scroll","background-type":"","background-media":"","overlay-type":"","overlay-color":"","overlay-opacity":"","overlay-gradient":""},"mobile":{"background-color":"var(--ast-global-color-5)","background-image":"","background-repeat":"repeat","background-position":"center center","background-size":"auto","background-attachment":"scroll","background-type":"","background-media":"","overlay-type":"","overlay-color":"","overlay-opacity":"","overlay-gradient":""}}},"pwb-brand":[344],"product_brand":[],"product_cat":[333,359,923],"product_tag":[],"class_list":{"0":"post-17885","1":"product","2":"type-product","3":"status-publish","4":"has-post-thumbnail","6":"pwb-brand-fronius","7":"product_cat-inversores","8":"product_cat-inversores-autoconsumo-hibridos","9":"product_cat-inversores-autoconsumo-hibridos-trifasicos","10":"desktop-align-left","11":"tablet-align-left","12":"mobile-align-left","13":"ast-product-gallery-layout-horizontal-slider","14":"ast-product-gallery-with-no-image","15":"ast-product-tabs-layout-horizontal","17":"first","18":"instock","19":"taxable","20":"shipping-taxable","21":"purchasable","22":"product-type-simple"},"wcpa_form_fields":null,"brands":[{"id":344,"name":"Fronius-Wechselrichter","slug":"fronius"}],"_links":{"self":[{"href":"https:\/\/fvcomponentes.com\/de\/wp-json\/wp\/v2\/product\/17885","targetHints":{"allow":["GET"]}}],"collection":[{"href":"https:\/\/fvcomponentes.com\/de\/wp-json\/wp\/v2\/product"}],"about":[{"href":"https:\/\/fvcomponentes.com\/de\/wp-json\/wp\/v2\/types\/product"}],"replies":[{"embeddable":true,"href":"https:\/\/fvcomponentes.com\/de\/wp-json\/wp\/v2\/comments?post=17885"}],"wp:featuredmedia":[{"embeddable":true,"href":"https:\/\/fvcomponentes.com\/de\/wp-json\/wp\/v2\/media\/17886"}],"wp:attachment":[{"href":"https:\/\/fvcomponentes.com\/de\/wp-json\/wp\/v2\/media?parent=17885"}],"wp:term":[{"taxonomy":"pwb-brand","embeddable":true,"href":"https:\/\/fvcomponentes.com\/de\/wp-json\/wp\/v2\/pwb-brand?post=17885"},{"taxonomy":"product_brand","embeddable":true,"href":"https:\/\/fvcomponentes.com\/de\/wp-json\/wp\/v2\/product_brand?post=17885"},{"taxonomy":"product_cat","embeddable":true,"href":"https:\/\/fvcomponentes.com\/de\/wp-json\/wp\/v2\/product_cat?post=17885"},{"taxonomy":"product_tag","embeddable":true,"href":"https:\/\/fvcomponentes.com\/de\/wp-json\/wp\/v2\/product_tag?post=17885"}],"curies":[{"name":"wp","href":"https:\/\/api.w.org\/{rel}","templated":true}]}}