{"id":17800,"date":"2024-08-14T09:04:44","date_gmt":"2024-08-14T07:04:44","guid":{"rendered":"https:\/\/fvcomponentes.com\/?post_type=product&#038;p=17800"},"modified":"2026-04-10T18:24:45","modified_gmt":"2026-04-10T16:24:45","slug":"verbrauchsregler-fronius-ohmpilot-9-0-3-4050016","status":"publish","type":"product","link":"https:\/\/fvcomponentes.com\/de\/producto\/regulador-consumo-fronius-ohmpilot-9-0-3-4050016\/","title":{"rendered":"Fronius Ohmpilot 9.0-3 Verbrauchsregler - 4.050.016"},"content":{"rendered":"<h2>Ausstattung Fronius Ohmpilot 9.0-3 Verbrauchsregler - 4.050.016<\/h2>\n<p>Der Fronius Ohmpilot 9.0-3 - 4.050.016 Verbrauchsregler ist f\u00fcr die Nutzung \u00fcbersch\u00fcssiger Solarenergie zur Warmwasserbereitung konzipiert. Mit einer stufenlosen Regelung von 0 bis 9 kW erm\u00f6glicht er eine hocheffiziente Nutzung des \u00fcbersch\u00fcssigen Photovoltaikstroms zum Nutzen der Verbraucher im Haus. Das Ger\u00e4t dient in erster Linie der intelligenten Steuerung von Heizk\u00f6rpern, der Warmwasserbereitung in Heizk\u00f6rpern und Pufferspeichern. Dar\u00fcber hinaus kann es auch f\u00fcr die Infrarotheizung von Handtuchheizk\u00f6rpern verwendet werden. Auf diese Weise kann die Solarenergie den durchschnittlichen Wasserverbrauch in einem Haushalt decken und von April bis Oktober den gr\u00f6\u00dften Teil des Warmwassers bereitstellen. Dadurch wird ein maximaler Eigenverbrauch, ein geringerer CO2-Aussto\u00df im Haushalt und eine geringere Beanspruchung der Heizungsanlage in den Sommermonaten erreicht.<\/p>\n<h2>Eingabedaten<\/h2>\n<ul>\n<li>Frequenz: 50 Hz<\/li>\n<li>Maximaler Eingangsstrom (max. Iac): 1*16 A \/ 3*16 A<\/li>\n<li>Eingangsspannung: 230 V \/ 400 V<\/li>\n<\/ul>\n<h2>Daten ausgeben<\/h2>\n<ul>\n<li>Maximale Ausgangsleistung: 3 kW \/ 9 kW (einstellbar)<\/li>\n<li>Frequenz: 50 Hz<\/li>\n<li>AC-Ausgangsstrom (Iac nom.): 1*13 A \/ 3*13 A<\/li>\n<li>Ausgangsspannung: 230 V \/ 400 V<\/li>\n<\/ul>\n<h2>Vorteile des Fronius Ohmpilot 9.0-3 - 4.050.016<\/h2>\n<ul>\n<li>Stufenlos einstellbar von 0 bis 9 kW<\/li>\n<li>Einfache Installation<\/li>\n<li>Dynamische Leistungsbegrenzung \u2265 50% (auch mit Fronius Energy Package)<\/li>\n<li>Minimale Temperatureinstellung<\/li>\n<li>Kopplung anderer W\u00e4rmequellen, z. B. gasbefeuerte Warmwasserbereiter<\/li>\n<li>Kombination mit W\u00e4rmepumpen<\/li>\n<\/ul>\n<h2>Datenblatt Fronius Ohmpilot 9.0-3 Verbrauchsregler - 4.050.016<\/h2>\n<p><a href=\"https:\/\/fvcomponentes.com\/wp-content\/uploads\/2024\/08\/Ficha-tecnica-Regulador-consumo-Fronius-Ohmpilot-9.0-3-4050016.pdf\" target=\"_blank\" rel=\"noopener\">Siehe Datenblatt Fronius Ohmpilot 9.0-3 - 4.050.016 Verbrauchsregler<\/a><\/p>","protected":false},"excerpt":{"rendered":"<p>Nutzung \u00fcbersch\u00fcssiger Sonnenenergie zur Warmwasserbereitung.<\/p>","protected":false},"featured_media":17801,"comment_status":"open","ping_status":"closed","template":"","meta":{"site-sidebar-layout":"default","site-content-layout":"","ast-site-content-layout":"default","site-content-style":"default","site-sidebar-style":"default","ast-global-header-display":"","ast-banner-title-visibility":"","ast-main-header-display":"","ast-hfb-above-header-display":"","ast-hfb-below-header-display":"","ast-hfb-mobile-header-display":"","site-post-title":"","ast-breadcrumbs-content":"","ast-featured-img":"","footer-sml-layout":"","ast-disable-related-posts":"","theme-transparent-header-meta":"default","adv-header-id-meta":"","stick-header-meta":"","header-above-stick-meta":"","header-main-stick-meta":"","header-below-stick-meta":"","astra-migrate-meta-layouts":"set","ast-page-background-enabled":"default","ast-page-background-meta":{"desktop":{"background-color":"var(--ast-global-color-4)","background-image":"","background-repeat":"repeat","background-position":"center center","background-size":"auto","background-attachment":"scroll","background-type":"","background-media":"","overlay-type":"","overlay-color":"","overlay-opacity":"","overlay-gradient":""},"tablet":{"background-color":"","background-image":"","background-repeat":"repeat","background-position":"center center","background-size":"auto","background-attachment":"scroll","background-type":"","background-media":"","overlay-type":"","overlay-color":"","overlay-opacity":"","overlay-gradient":""},"mobile":{"background-color":"","background-image":"","background-repeat":"repeat","background-position":"center center","background-size":"auto","background-attachment":"scroll","background-type":"","background-media":"","overlay-type":"","overlay-color":"","overlay-opacity":"","overlay-gradient":""}},"ast-content-background-meta":{"desktop":{"background-color":"var(--ast-global-color-5)","background-image":"","background-repeat":"repeat","background-position":"center center","background-size":"auto","background-attachment":"scroll","background-type":"","background-media":"","overlay-type":"","overlay-color":"","overlay-opacity":"","overlay-gradient":""},"tablet":{"background-color":"var(--ast-global-color-5)","background-image":"","background-repeat":"repeat","background-position":"center center","background-size":"auto","background-attachment":"scroll","background-type":"","background-media":"","overlay-type":"","overlay-color":"","overlay-opacity":"","overlay-gradient":""},"mobile":{"background-color":"var(--ast-global-color-5)","background-image":"","background-repeat":"repeat","background-position":"center center","background-size":"auto","background-attachment":"scroll","background-type":"","background-media":"","overlay-type":"","overlay-color":"","overlay-opacity":"","overlay-gradient":""}}},"pwb-brand":[344],"product_brand":[],"product_cat":[333,351,345],"product_tag":[],"class_list":{"0":"post-17800","1":"product","2":"type-product","3":"status-publish","4":"has-post-thumbnail","6":"pwb-brand-fronius","7":"product_cat-inversores","8":"product_cat-accesorios","9":"product_cat-inversores-de-autoconsumo","10":"desktop-align-left","11":"tablet-align-left","12":"mobile-align-left","13":"ast-product-gallery-layout-horizontal-slider","14":"ast-product-gallery-with-no-image","15":"ast-product-tabs-layout-horizontal","17":"first","18":"instock","19":"taxable","20":"shipping-taxable","21":"purchasable","22":"product-type-simple"},"wcpa_form_fields":null,"brands":[{"id":344,"name":"Fronius-Wechselrichter","slug":"fronius"}],"_links":{"self":[{"href":"https:\/\/fvcomponentes.com\/de\/wp-json\/wp\/v2\/product\/17800","targetHints":{"allow":["GET"]}}],"collection":[{"href":"https:\/\/fvcomponentes.com\/de\/wp-json\/wp\/v2\/product"}],"about":[{"href":"https:\/\/fvcomponentes.com\/de\/wp-json\/wp\/v2\/types\/product"}],"replies":[{"embeddable":true,"href":"https:\/\/fvcomponentes.com\/de\/wp-json\/wp\/v2\/comments?post=17800"}],"wp:featuredmedia":[{"embeddable":true,"href":"https:\/\/fvcomponentes.com\/de\/wp-json\/wp\/v2\/media\/17801"}],"wp:attachment":[{"href":"https:\/\/fvcomponentes.com\/de\/wp-json\/wp\/v2\/media?parent=17800"}],"wp:term":[{"taxonomy":"pwb-brand","embeddable":true,"href":"https:\/\/fvcomponentes.com\/de\/wp-json\/wp\/v2\/pwb-brand?post=17800"},{"taxonomy":"product_brand","embeddable":true,"href":"https:\/\/fvcomponentes.com\/de\/wp-json\/wp\/v2\/product_brand?post=17800"},{"taxonomy":"product_cat","embeddable":true,"href":"https:\/\/fvcomponentes.com\/de\/wp-json\/wp\/v2\/product_cat?post=17800"},{"taxonomy":"product_tag","embeddable":true,"href":"https:\/\/fvcomponentes.com\/de\/wp-json\/wp\/v2\/product_tag?post=17800"}],"curies":[{"name":"wp","href":"https:\/\/api.w.org\/{rel}","templated":true}]}}