{"id":17594,"date":"2024-08-12T08:38:19","date_gmt":"2024-08-12T06:38:19","guid":{"rendered":"https:\/\/fvcomponentes.com\/?post_type=product&#038;p=17594"},"modified":"2024-09-30T09:35:44","modified_gmt":"2024-09-30T07:35:44","slug":"pylontech-rack-rack-schrank","status":"publish","type":"product","link":"https:\/\/fvcomponentes.com\/de\/producto\/armario-rack-bastidor-pylontech\/","title":{"rendered":"Pylontech Rack Rack-Schrank"},"content":{"rendered":"<h2>Pylontech Rack Rack-Schrank Merkmale<\/h2>\n<ul>\n<li>Der Pylontech Rack Rack-Schrank ist ma\u00dfgeschneidert f\u00fcr Batterien. <a href=\"https:\/\/fvcomponentes.com\/de\/marke\/pylontech\/\" target=\"_blank\" rel=\"noopener\">Pylontech.<\/a><\/li>\n<li>Konzipiert f\u00fcr den Transport mit einem Handhubwagen.<\/li>\n<li>Gesamtma\u00dfe: 180cm x 69cm x 50cm<\/li>\n<li>Mit Platz f\u00fcr:\n<ul>\n<li>Bis zu 8 St\u00fcck. <a href=\"https:\/\/fvcomponentes.com\/de\/produkt\/lithium-batterie-2-84kwh-pylontech-up2500-24v\/\" target=\"_blank\" rel=\"noopener\">Lithium-Batterie 2,84kWh Pylontech UP2500 24V<\/a><\/li>\n<li>Bis zu 8 St\u00fcck. <a href=\"https:\/\/fvcomponentes.com\/de\/produkt\/lithium-batterie-2-4-kwh-pylontech-us2000c-48-v\/\" target=\"_blank\" rel=\"noopener\">Lithium-Akku 2,4kWh Pylontech US2000C 48V<\/a><\/li>\n<li>Bis zu 6 St\u00fcck. <a href=\"https:\/\/fvcomponentes.com\/de\/produkt\/lithium-batterie-3-6kwh-pylontech-us3000c-48v\/\" target=\"_blank\" rel=\"noopener\">Lithium-Batterie 3.6kWh Pylontech - US3000C 48V<\/a><\/li>\n<li>Bis zu 6 St\u00fcck. <a href=\"https:\/\/fvcomponentes.com\/de\/produkt\/lithium-batterie-4-8kwh-pylontech-us5000-48v\/\" target=\"_blank\" rel=\"noopener\">Lithium-Batterie 4.8kWh Pylontech - US5000 48V<\/a><\/li>\n<\/ul>\n<\/li>\n<\/ul>\n<h2>Montage<\/h2>\n<p>Einfach und schnell kann der gesamte Wechselrichter auf demselben Rahmen montiert werden, so dass er in der Werkstatt leicht zusammengebaut werden kann und beim Kunden zu Hause alles anschlussfertig ist.<\/p>\n<p>Montage mit anderen Komponenten m\u00f6glich, bitte R\u00fccksprache mit <a href=\"mailto:comercial@fvcomponentes.com\">comercial@fvcomponentes.com<\/a> den Preis f\u00fcr den von Ihnen ben\u00f6tigten Rahmen mit den f\u00fcr Ihre Installation ma\u00dfgeschneiderten Komponenten.<\/p>\n<h2>Anmerkungen<\/h2>\n<p>Wechselrichter, Batterien und das auf dem Foto abgebildete Zubeh\u00f6r sind nicht im Lieferumfang enthalten.<\/p>","protected":false},"excerpt":{"rendered":"<p>Die perfekte L\u00f6sung f\u00fcr die Installation von Wechselrichter und Batterien im gleichen Geh\u00e4use.<\/p>\n<ul>\n<li>Kundenspezifischer Rack-Schrank f\u00fcr Pylontech-Batterien.<\/li>\n<li>Leicht zu transportieren dank der Konstruktion f\u00fcr den Transport mit einem Hubwagen.<\/li>\n<li>Die Ma\u00dfe sind f\u00fcr den Zugang durch eine Wohnungst\u00fcr geeignet.<\/li>\n<li>H\u00f6henverstellbare, vibrationsd\u00e4mpfende und rutschfeste Gummif\u00fc\u00dfe.<\/li>\n<li><strong><span style=\"color: #ff0000;\">Wechselrichter, Batterien und Zubeh\u00f6r sind nicht im Lieferumfang enthalten und m\u00fcssen beim Kauf hinzugef\u00fcgt werden. <\/span><\/strong><\/li>\n<li><strong><span style=\"color: #ff0000;\">Werfen Sie einen Blick auf unser <a href=\"https:\/\/fvcomponentes.com\/de\/produktkategorie\/solar-kits\/bausatz-fur-netzunabhangige-solaranlagen\/\" target=\"_blank\" rel=\"noopener\">netzunabh\u00e4ngige Solar-Baus\u00e4tze<\/a>.<\/span><\/strong><\/li>\n<\/ul>","protected":false},"featured_media":17595,"comment_status":"open","ping_status":"closed","template":"","meta":{"site-sidebar-layout":"default","site-content-layout":"","ast-site-content-layout":"default","site-content-style":"default","site-sidebar-style":"default","ast-global-header-display":"","ast-banner-title-visibility":"","ast-main-header-display":"","ast-hfb-above-header-display":"","ast-hfb-below-header-display":"","ast-hfb-mobile-header-display":"","site-post-title":"","ast-breadcrumbs-content":"","ast-featured-img":"","footer-sml-layout":"","ast-disable-related-posts":"","theme-transparent-header-meta":"default","adv-header-id-meta":"","stick-header-meta":"","header-above-stick-meta":"","header-main-stick-meta":"","header-below-stick-meta":"","astra-migrate-meta-layouts":"set","ast-page-background-enabled":"default","ast-page-background-meta":{"desktop":{"background-color":"var(--ast-global-color-4)","background-image":"","background-repeat":"repeat","background-position":"center center","background-size":"auto","background-attachment":"scroll","background-type":"","background-media":"","overlay-type":"","overlay-color":"","overlay-opacity":"","overlay-gradient":""},"tablet":{"background-color":"","background-image":"","background-repeat":"repeat","background-position":"center center","background-size":"auto","background-attachment":"scroll","background-type":"","background-media":"","overlay-type":"","overlay-color":"","overlay-opacity":"","overlay-gradient":""},"mobile":{"background-color":"","background-image":"","background-repeat":"repeat","background-position":"center center","background-size":"auto","background-attachment":"scroll","background-type":"","background-media":"","overlay-type":"","overlay-color":"","overlay-opacity":"","overlay-gradient":""}},"ast-content-background-meta":{"desktop":{"background-color":"var(--ast-global-color-5)","background-image":"","background-repeat":"repeat","background-position":"center center","background-size":"auto","background-attachment":"scroll","background-type":"","background-media":"","overlay-type":"","overlay-color":"","overlay-opacity":"","overlay-gradient":""},"tablet":{"background-color":"var(--ast-global-color-5)","background-image":"","background-repeat":"repeat","background-position":"center center","background-size":"auto","background-attachment":"scroll","background-type":"","background-media":"","overlay-type":"","overlay-color":"","overlay-opacity":"","overlay-gradient":""},"mobile":{"background-color":"var(--ast-global-color-5)","background-image":"","background-repeat":"repeat","background-position":"center center","background-size":"auto","background-attachment":"scroll","background-type":"","background-media":"","overlay-type":"","overlay-color":"","overlay-opacity":"","overlay-gradient":""}}},"pwb-brand":[339],"product_brand":[],"product_cat":[414,340],"product_tag":[],"class_list":{"0":"post-17594","1":"product","2":"type-product","3":"status-publish","4":"has-post-thumbnail","6":"pwb-brand-pylontech","7":"product_cat-armarios-rack-para-baterias","8":"product_cat-baterias","9":"desktop-align-left","10":"tablet-align-left","11":"mobile-align-left","12":"ast-product-gallery-layout-horizontal-slider","13":"ast-product-tabs-layout-horizontal","15":"first","16":"instock","17":"taxable","18":"shipping-taxable","19":"purchasable","20":"product-type-simple"},"wcpa_form_fields":null,"brands":[{"id":339,"name":"Pylontech-Batterien","slug":"pylontech"}],"_links":{"self":[{"href":"https:\/\/fvcomponentes.com\/de\/wp-json\/wp\/v2\/product\/17594","targetHints":{"allow":["GET"]}}],"collection":[{"href":"https:\/\/fvcomponentes.com\/de\/wp-json\/wp\/v2\/product"}],"about":[{"href":"https:\/\/fvcomponentes.com\/de\/wp-json\/wp\/v2\/types\/product"}],"replies":[{"embeddable":true,"href":"https:\/\/fvcomponentes.com\/de\/wp-json\/wp\/v2\/comments?post=17594"}],"wp:featuredmedia":[{"embeddable":true,"href":"https:\/\/fvcomponentes.com\/de\/wp-json\/wp\/v2\/media\/17595"}],"wp:attachment":[{"href":"https:\/\/fvcomponentes.com\/de\/wp-json\/wp\/v2\/media?parent=17594"}],"wp:term":[{"taxonomy":"pwb-brand","embeddable":true,"href":"https:\/\/fvcomponentes.com\/de\/wp-json\/wp\/v2\/pwb-brand?post=17594"},{"taxonomy":"product_brand","embeddable":true,"href":"https:\/\/fvcomponentes.com\/de\/wp-json\/wp\/v2\/product_brand?post=17594"},{"taxonomy":"product_cat","embeddable":true,"href":"https:\/\/fvcomponentes.com\/de\/wp-json\/wp\/v2\/product_cat?post=17594"},{"taxonomy":"product_tag","embeddable":true,"href":"https:\/\/fvcomponentes.com\/de\/wp-json\/wp\/v2\/product_tag?post=17594"}],"curies":[{"name":"wp","href":"https:\/\/api.w.org\/{rel}","templated":true}]}}