{"id":17572,"date":"2024-08-09T09:46:39","date_gmt":"2024-08-09T07:46:39","guid":{"rendered":"https:\/\/fvcomponentes.com\/?post_type=product&#038;p=17572"},"modified":"2026-01-21T09:50:21","modified_gmt":"2026-01-21T08:50:21","slug":"lithium-batterie-2-84kwh-pylontech-up2500-24v","status":"publish","type":"product","link":"https:\/\/fvcomponentes.com\/de\/producto\/bateria-de-litio-2-84kwh-pylontech-up2500-24v\/","title":{"rendered":"Lithium-Batterie 2,84kWh Pylontech UP2500 24V"},"content":{"rendered":"<h2>Lithium-Batterie 2,84kWh Pylontech UP2500 24V<\/h2>\n<p>Die 2,84kWh Pylontech UP2500 24V Lithium-Batterie ist eine fortschrittliche Lithium-Ionen-Phosphat-Batterie. Sie erm\u00f6glicht es uns, eine Lithium-Technologie-Batterie zu einem sehr g\u00fcnstigen Preis zu haben.<\/p>\n<p>Der gro\u00dfe Vorteil der Pylontech-L\u00f6sung ist die hohe Kompatibilit\u00e4t mit vielen Wechselrichtermarken auf dem Markt. Ein sehr attraktiver Preis f\u00fcr seine Funktionen und ein modulares Format f\u00fcr die Installation in einem 19'-Rack.<\/p>\n<h3>Pylontech UP2500 24V 2.84kWh Lithium Batterie Eigenschaften<\/h3>\n<p>Die 2,84kWh Pylontech UP2500 24V Lithium-Batterie hat folgende Eigenschaften <strong>ein sehr praktisches Format<\/strong>19'-Standard-Rack-Typ.<\/p>\n<p>Es bietet daher eine hervorragende Skalierbarkeit dank der gruppierten Anordnung der Batterien, was die Verbindung zwischen den Modulen erleichtert.<\/p>\n<p>Durch die einfache Stapelbarkeit k\u00f6nnen bis zu 40 Ger\u00e4te mit aktueller Firmware parallel geschaltet werden.<\/p>\n<p>Alles wird vom internen BMS \u00fcberwacht, das die Energie zwischen den Zellen verteilt und eine \u00dcberladung oder \u00dcberentladung verhindert. Daher ist diese Funktion in einer Lithium-Batterie von entscheidender Bedeutung.<\/p>\n<p>Aus Sicherheitsgr\u00fcnden ist es <strong>Es ist zwingend erforderlich, dass immer dann, wenn zwei oder mehr Module dieses Pylontech-Batteriemodells in einem Gestell oder auf Halterungen installiert werden, die Stabilit\u00e4t der Batterien und ihre ordnungsgem\u00e4\u00dfe Bel\u00fcftung gew\u00e4hrleistet sind.\u00a0<\/strong><\/p>\n<p><img decoding=\"async\" class=\"center-align\" title=\"Paralleles Detail Lithium-Batterie Pylontech\" src=\"https:\/\/fvcomponentes.com\/wp-content\/uploads\/2022\/11\/pylontech-paralelo-US2000.jpg\" alt=\"Paralleles Detail Lithium-Batterie Pylontech\" \/><\/p>\n<p>Diese 2,84-kWh-Lithiumbatterie Pylontech UP2500 24V kann an viele der auf dem Markt erh\u00e4ltlichen Batteriewechselrichter angeschlossen werden. Sie verf\u00fcgt \u00fcber mehrere Kommunikationsprotokolle, die es der Batterie erm\u00f6glichen, miteinander zu kommunizieren, um die Ladeparameter zu teilen und ordnungsgem\u00e4\u00df zu arbeiten.<\/p>\n<p>Die 2,84-kWh-Lithiumbatterie Pylontech UP2500 24V erfordert keine Wartung. Als versiegeltes Modul f\u00fcr die Installation in Innenr\u00e4umen bietet die Pylontech Lithium-Batterie w\u00e4hrend ihrer gesamten Lebensdauer die volle Leistung, ohne dass eine Wartung erforderlich ist.<\/p>\n<p>Vermeiden Sie den Betrieb des Akkus unter extremen Temperatur- und Feuchtigkeitsbedingungen, um die Lebensdauer des Akkus zu gew\u00e4hrleisten.<\/p>\n<p>Die Garantie f\u00fcr die 2,84kWh Pylontech UP2500 24V Lithium-Batterie betr\u00e4gt 10 Jahre, wobei eine Reihe von Anforderungen erf\u00fcllt werden m\u00fcssen, um die vom Hersteller f\u00fcr die Batterie festgelegten Nutzungsparameter nicht zu \u00fcberschreiten. Wir empfehlen Ihnen, unseren Richtlinien zu folgen, um das System zu w\u00e4hlen, das Ihren Bed\u00fcrfnissen am besten entspricht und die Anforderungen erf\u00fcllt, die die Marke f\u00fcr die Batteriemodule angibt.<\/p>\n<p>Ein zu hoher Ladestrom oder eine zu hohe Leistungsabgabe kann zu einem vorzeitigen Ausfall des Akkus f\u00fchren, der nicht von der Garantie abgedeckt wird.<\/p>\n<h3>Pylontech UP2500 Lithium-Akku Kapazit\u00e4t<\/h3>\n<p>Die tats\u00e4chliche Kapazit\u00e4t der 2,84-kWh-Lithiumbatterie Pylontech UP2500 24V betr\u00e4gt etwa 2,5 kWh, so dass die Entladetiefe von Lithiumbatterien viel h\u00f6her ist als die von Blei-S\u00e4ure-Batterien.<\/p>\n<p>Gegenw\u00e4rtig k\u00f6nnen bis zu 40 Einheiten parallel installiert werden, unter Ber\u00fccksichtigung der <strong>Die maximale Kapazit\u00e4t eines Systems aus Pylontech-Lithiumbatterien betr\u00e4gt derzeit mehr als 88 nutzbare kWh.<\/strong> und fast 96 kWh theoretische kWh insgesamt.<\/p>\n<h3>Pylontech UP2500 24V 2.84kWh Lithium Batterie Technische Daten<\/h3>\n<ul>\n<li><strong>Nennbetriebsspannung (V):<\/strong> 24 v<\/li>\n<li><strong>N\u00fctzliche Kapazit\u00e4t:<\/strong> 2500 Wh<\/li>\n<li><strong>Physikalische Abmessungen (in mm):<\/strong> 440 x 420 x 120<\/li>\n<li><strong>Gewicht:<\/strong> 27,5 kg<\/li>\n<li><strong>Kommunikationsschnittstellen:<\/strong> RS485, CAN<\/li>\n<li><strong>Zertifizierungen:<\/strong> IEC62619, UN38.3, RoHS<\/li>\n<li><strong>Gesch\u00e4tzte Nutzungsdauer:<\/strong> \u00fcber 15 Jahre (25 \u00b0C)<\/li>\n<li><strong>Lebenszyklen:<\/strong> mehr als 6000<\/li>\n<\/ul>\n<h3>Pylontech UP2500 24V 2.84kWh Lithium Batterie Garantie<\/h3>\n<p>Pylontech Lithiumbatterien haben eine Herstellergarantie von 7 Jahren und 10 Jahren, wenn das Produkt bei uns registriert ist: <a title=\"Pylontech 10 Jahre Garantie Registrierung\" href=\"http:\/\/www.pylontech.com.cn\/service\/support\" target=\"_blank\" rel=\"noopener noreferrer\">hier<\/a>.<\/p>\n<h3>Verbindung Pylontech Lithium-Batterie mit Victron-Wechselrichtern<\/h3>\n<p><a href=\"https:\/\/fvcomponentes.com\/wp-content\/uploads\/2025\/09\/victron_pylontech_up2500_us2000_us3000_us2000c_us3000c_us5000_us5000b_uf5000_pelio-l_up5000_phantom-s_force-l1_l2-2.pdf\" target=\"_blank\" rel=\"noopener\">Kompatibilit\u00e4t der 2.84kWh Pylontech UP2500 24V Lithium Batterie mit Victron<\/a><\/p>\n<h3>Pylontech Batterie Anschluss an Pylontech LV-HUB Hub Port<\/h3>\n<p>Mit dem neuesten Update des Pylontech C-Modells erm\u00f6glicht der Hersteller die Parallelschaltung von bis zu 16 Ger\u00e4ten in einer einzigen Batteriegruppe, ohne dass zus\u00e4tzliches Zubeh\u00f6r erforderlich ist. Werden mehr Einheiten f\u00fcr eine h\u00f6here Speicherkapazit\u00e4t ben\u00f6tigt, ist bei einem Anschluss an den Wechselrichter \u00fcber das CAN-Protokoll ein Pylontech Hub-Port erforderlich, um die Kommunikation aller Batteriegruppen zu vereinheitlichen. Wenn die Verbindung zum Wechselrichter \u00fcber RS485 erfolgt, ist die Verwendung eines Hub-Ports nicht erforderlich, da die Master-Batterien jeder Gruppe miteinander kommunizieren.<\/p>\n<p>Maximal 80 Einheiten der 2,84-kWh-Lithiumbatterie Pylontech UP2500 24V k\u00f6nnen entweder \u00fcber die eine oder die andere Anschlussart angeschlossen werden.<\/p>\n<p><img decoding=\"async\" class=\"center-align\" title=\" Anschluss Lithium Batterie 2,4kWh Pylontech US2000B Plus 48V an Hub Port\" src=\"https:\/\/fvcomponentes.com\/wp-content\/uploads\/2022\/11\/conexion-paralelo-hub-us2000Plus.jpg\" alt=\" Anschluss Lithium Batterie 2,4kWh Pylontech US2000B Plus 48V an Hub Port\" \/><\/p>\n<h2>Datenblatt Lithium-Batterie 2.84kWh Pylontech UP2500 24V<\/h2>\n<p><a href=\"https:\/\/fvcomponentes.com\/wp-content\/uploads\/2024\/08\/Ficha-tecnica-Bateria-de-litio-2.84kWh-Pylontech-UP2500-24V.pdf\" target=\"_blank\" rel=\"noopener\">Datenblatt Pylontech UP2500 24V 2.84kWh Lithium-Batterie ansehen<\/a><\/p>","protected":false},"excerpt":{"rendered":"<ul>\n<li>Nennbetriebsspannung (V): 24V<\/li>\n<li>Kapazit\u00e4t: 2840 Wh<\/li>\n<li>Kommunikationsschnittstellen: RS485, CAN<\/li>\n<li>Zertifizierungen: IEC62619, UN38.3, RoHS<\/li>\n<li>Gesch\u00e4tzte Lebensdauer: mehr als 15 Jahre (25 \u00b0C)<\/li>\n<li>Lebenszyklen: mehr als 6000<\/li>\n<\/ul>","protected":false},"featured_media":17574,"comment_status":"open","ping_status":"closed","template":"","meta":{"site-sidebar-layout":"default","site-content-layout":"default","ast-site-content-layout":"default","site-content-style":"default","site-sidebar-style":"default","ast-global-header-display":"","ast-banner-title-visibility":"","ast-main-header-display":"","ast-hfb-above-header-display":"","ast-hfb-below-header-display":"","ast-hfb-mobile-header-display":"","site-post-title":"","ast-breadcrumbs-content":"","ast-featured-img":"","footer-sml-layout":"","ast-disable-related-posts":"","theme-transparent-header-meta":"default","adv-header-id-meta":"","stick-header-meta":"","header-above-stick-meta":"","header-main-stick-meta":"","header-below-stick-meta":"","astra-migrate-meta-layouts":"set","ast-page-background-enabled":"default","ast-page-background-meta":{"desktop":{"background-color":"var(--ast-global-color-4)","background-image":"","background-repeat":"repeat","background-position":"center center","background-size":"auto","background-attachment":"scroll","background-type":"","background-media":"","overlay-type":"","overlay-color":"","overlay-opacity":"","overlay-gradient":""},"tablet":{"background-color":"","background-image":"","background-repeat":"repeat","background-position":"center center","background-size":"auto","background-attachment":"scroll","background-type":"","background-media":"","overlay-type":"","overlay-color":"","overlay-opacity":"","overlay-gradient":""},"mobile":{"background-color":"","background-image":"","background-repeat":"repeat","background-position":"center center","background-size":"auto","background-attachment":"scroll","background-type":"","background-media":"","overlay-type":"","overlay-color":"","overlay-opacity":"","overlay-gradient":""}},"ast-content-background-meta":{"desktop":{"background-color":"var(--ast-global-color-5)","background-image":"","background-repeat":"repeat","background-position":"center center","background-size":"auto","background-attachment":"scroll","background-type":"","background-media":"","overlay-type":"","overlay-color":"","overlay-opacity":"","overlay-gradient":""},"tablet":{"background-color":"var(--ast-global-color-5)","background-image":"","background-repeat":"repeat","background-position":"center center","background-size":"auto","background-attachment":"scroll","background-type":"","background-media":"","overlay-type":"","overlay-color":"","overlay-opacity":"","overlay-gradient":""},"mobile":{"background-color":"var(--ast-global-color-5)","background-image":"","background-repeat":"repeat","background-position":"center center","background-size":"auto","background-attachment":"scroll","background-type":"","background-media":"","overlay-type":"","overlay-color":"","overlay-opacity":"","overlay-gradient":""}}},"pwb-brand":[339],"product_brand":[],"product_cat":[340,432],"product_tag":[],"class_list":{"0":"post-17572","1":"product","2":"type-product","3":"status-publish","4":"has-post-thumbnail","6":"pwb-brand-pylontech","7":"product_cat-baterias","8":"product_cat-baterias-litio-24v","9":"product_shipping_class-baterias","10":"desktop-align-left","11":"tablet-align-left","12":"mobile-align-left","13":"ast-product-gallery-layout-horizontal-slider","14":"ast-product-gallery-with-no-image","15":"ast-product-tabs-layout-horizontal","17":"first","18":"instock","19":"taxable","20":"shipping-taxable","21":"purchasable","22":"product-type-simple"},"wcpa_form_fields":null,"brands":[{"id":339,"name":"Pylontech-Batterien","slug":"pylontech"}],"_links":{"self":[{"href":"https:\/\/fvcomponentes.com\/de\/wp-json\/wp\/v2\/product\/17572","targetHints":{"allow":["GET"]}}],"collection":[{"href":"https:\/\/fvcomponentes.com\/de\/wp-json\/wp\/v2\/product"}],"about":[{"href":"https:\/\/fvcomponentes.com\/de\/wp-json\/wp\/v2\/types\/product"}],"replies":[{"embeddable":true,"href":"https:\/\/fvcomponentes.com\/de\/wp-json\/wp\/v2\/comments?post=17572"}],"wp:featuredmedia":[{"embeddable":true,"href":"https:\/\/fvcomponentes.com\/de\/wp-json\/wp\/v2\/media\/17574"}],"wp:attachment":[{"href":"https:\/\/fvcomponentes.com\/de\/wp-json\/wp\/v2\/media?parent=17572"}],"wp:term":[{"taxonomy":"pwb-brand","embeddable":true,"href":"https:\/\/fvcomponentes.com\/de\/wp-json\/wp\/v2\/pwb-brand?post=17572"},{"taxonomy":"product_brand","embeddable":true,"href":"https:\/\/fvcomponentes.com\/de\/wp-json\/wp\/v2\/product_brand?post=17572"},{"taxonomy":"product_cat","embeddable":true,"href":"https:\/\/fvcomponentes.com\/de\/wp-json\/wp\/v2\/product_cat?post=17572"},{"taxonomy":"product_tag","embeddable":true,"href":"https:\/\/fvcomponentes.com\/de\/wp-json\/wp\/v2\/product_tag?post=17572"}],"curies":[{"name":"wp","href":"https:\/\/api.w.org\/{rel}","templated":true}]}}