{"id":17538,"date":"2024-08-08T15:20:28","date_gmt":"2024-08-08T13:20:28","guid":{"rendered":"https:\/\/fvcomponentes.com\/?post_type=product&#038;p=17538"},"modified":"2026-03-30T12:16:53","modified_gmt":"2026-03-30T10:16:53","slug":"fronius-datamanager-2-0-wlan-uberwachung-4240038z","status":"publish","type":"product","link":"https:\/\/fvcomponentes.com\/de\/producto\/datamanager-fronius-2-0-wlan-4240038z-2\/","title":{"rendered":"Fronius Datamanager 2.0 WLAN - 4.240.038.Z"},"content":{"rendered":"<h2>Merkmale Datamanager Fronius 2.0 WLAN - 4.240.038.Z<\/h2>\n<p>Der Fronius Datamanager 2.0 WLAN - 4.240.038.Z ist die Kommunikationszentrale f\u00fcr Fronius-Wechselrichter, konzipiert f\u00fcr alle Anwendungsbereiche. Das Ger\u00e4t kann sowohl \u00fcber LAN als auch \u00fcber WLAN angeschlossen werden und erm\u00f6glicht es Ihnen, PV-Anlageninformationen an das Online-Portal Fronius Solar.web zu senden. So haben Sie die Leistung Ihrer Anlage jederzeit im Blick.<\/p>\n<p>Eine der interessantesten Neuerungen des Fronius Datamanager 2.0 WLAN ist, dass er erstmals die M\u00f6glichkeit der drahtlosen Anbindung von Wechselrichtern bietet. Dar\u00fcber hinaus kann die Konfiguration der Anlage und der Datamanager selbst vom im Ger\u00e4t integrierten Server aus \u00fcberwacht werden.<\/p>\n<p>Dar\u00fcber hinaus verf\u00fcgt es \u00fcber integrierte Schnittstellen wie Modbus RTU SunSpec, Modbus TCP SunSpec und Fronius Solar API (JSON, f\u00fcr Ist-Werte), die es erm\u00f6glichen, Fronius-Wechselrichter an Drittsysteme anzubinden und diese parallel zum Fronius Solar.web zu betreiben.<\/p>\n<h2>Technische Daten<\/h2>\n<ul>\n<li><strong>Speicherkapazit\u00e4t:<\/strong> max. 4.096 Tage<\/li>\n<li><strong>Essen:<\/strong> 12 V DC (Spannungsversorgung \u00fcber Wechselrichter)<\/li>\n<li><strong>Energieverbrauch:<\/strong> &lt; 2.0 W<\/li>\n<li><strong>Abmessungen:<\/strong> 132 x 103 x 22 mm<\/li>\n<li><strong>Bereich der Umgebungstemperatur:<\/strong> -20 bis +65 \u00b0C<\/li>\n<li><strong>Kompatible Wechselrichter: <\/strong>Galvo, Symo, Primo, ECO<\/li>\n<\/ul>\n<h2>Fronius Datamanager 2.0 WLAN-Schnittstellen - 4.240.038.Z<\/h2>\n<ul>\n<li><strong>Ethernet (RJ45-Anschluss):<\/strong> LAN, 10\/100 MBit \/ Fronius Solar.web, Modbus TCP SunSpec, Fronius Solar API (JSON)<\/li>\n<li><strong>RS422 (RJ45-Anschluss):<\/strong> Fronius Solar.Net IN<\/li>\n<li><strong>WLAN:<\/strong> Funkstandard 802.11 b\/g\/n \/ Fronius Solar.web, Modbus TCP SunSpec, Fronius Solar API (JSON)<\/li>\n<li><strong>6 digitale Eing\u00e4nge:<\/strong> Wave-Control-Empf\u00e4nger-Schnittstelle<\/li>\n<li><strong>4 digitale Ein- und Ausg\u00e4nge:<\/strong> Empf\u00e4ngerschnittstelle der Wellensteuerung, Lastmanagement<\/li>\n<li><strong>RS485:<\/strong> SunSpec Modbus RTU oder Z\u00e4hleranschluss<\/li>\n<\/ul>\n<h2>Datenblatt Datamanager Fronius 2.0 WLAN - 4.240.038.Z<\/h2>\n<p><a href=\"https:\/\/fvcomponentes.com\/wp-content\/uploads\/2024\/08\/Ficha-tecnica-Monitorizacion-Fronius-Datamanager-2.0-WLAN-4240038Z.pdf\" target=\"_blank\" rel=\"noopener\">Datenblatt ansehen Fronius Datamanager 2.0 WLAN - 4.240.038.Z<\/a><\/p>","protected":false},"excerpt":{"rendered":"<p>Datamanager f\u00fcr Fronius Galvo, Symo, Primo und ECO-Wechselrichter.<\/p>","protected":false},"featured_media":17541,"comment_status":"open","ping_status":"closed","template":"","meta":{"site-sidebar-layout":"default","site-content-layout":"","ast-site-content-layout":"default","site-content-style":"default","site-sidebar-style":"default","ast-global-header-display":"","ast-banner-title-visibility":"","ast-main-header-display":"","ast-hfb-above-header-display":"","ast-hfb-below-header-display":"","ast-hfb-mobile-header-display":"","site-post-title":"","ast-breadcrumbs-content":"","ast-featured-img":"","footer-sml-layout":"","ast-disable-related-posts":"","theme-transparent-header-meta":"default","adv-header-id-meta":"","stick-header-meta":"","header-above-stick-meta":"","header-main-stick-meta":"","header-below-stick-meta":"","astra-migrate-meta-layouts":"set","ast-page-background-enabled":"default","ast-page-background-meta":{"desktop":{"background-color":"var(--ast-global-color-4)","background-image":"","background-repeat":"repeat","background-position":"center center","background-size":"auto","background-attachment":"scroll","background-type":"","background-media":"","overlay-type":"","overlay-color":"","overlay-opacity":"","overlay-gradient":""},"tablet":{"background-color":"","background-image":"","background-repeat":"repeat","background-position":"center center","background-size":"auto","background-attachment":"scroll","background-type":"","background-media":"","overlay-type":"","overlay-color":"","overlay-opacity":"","overlay-gradient":""},"mobile":{"background-color":"","background-image":"","background-repeat":"repeat","background-position":"center center","background-size":"auto","background-attachment":"scroll","background-type":"","background-media":"","overlay-type":"","overlay-color":"","overlay-opacity":"","overlay-gradient":""}},"ast-content-background-meta":{"desktop":{"background-color":"var(--ast-global-color-5)","background-image":"","background-repeat":"repeat","background-position":"center center","background-size":"auto","background-attachment":"scroll","background-type":"","background-media":"","overlay-type":"","overlay-color":"","overlay-opacity":"","overlay-gradient":""},"tablet":{"background-color":"var(--ast-global-color-5)","background-image":"","background-repeat":"repeat","background-position":"center center","background-size":"auto","background-attachment":"scroll","background-type":"","background-media":"","overlay-type":"","overlay-color":"","overlay-opacity":"","overlay-gradient":""},"mobile":{"background-color":"var(--ast-global-color-5)","background-image":"","background-repeat":"repeat","background-position":"center center","background-size":"auto","background-attachment":"scroll","background-type":"","background-media":"","overlay-type":"","overlay-color":"","overlay-opacity":"","overlay-gradient":""}}},"pwb-brand":[344],"product_brand":[],"product_cat":[333,351,345],"product_tag":[],"class_list":{"0":"post-17538","1":"product","2":"type-product","3":"status-publish","4":"has-post-thumbnail","6":"pwb-brand-fronius","7":"product_cat-inversores","8":"product_cat-accesorios","9":"product_cat-inversores-de-autoconsumo","10":"desktop-align-left","11":"tablet-align-left","12":"mobile-align-left","13":"ast-product-gallery-layout-horizontal-slider","14":"ast-product-gallery-with-no-image","15":"ast-product-tabs-layout-horizontal","17":"first","18":"instock","19":"taxable","20":"shipping-taxable","21":"purchasable","22":"product-type-simple"},"wcpa_form_fields":null,"brands":[{"id":344,"name":"Fronius-Wechselrichter","slug":"fronius"}],"_links":{"self":[{"href":"https:\/\/fvcomponentes.com\/de\/wp-json\/wp\/v2\/product\/17538","targetHints":{"allow":["GET"]}}],"collection":[{"href":"https:\/\/fvcomponentes.com\/de\/wp-json\/wp\/v2\/product"}],"about":[{"href":"https:\/\/fvcomponentes.com\/de\/wp-json\/wp\/v2\/types\/product"}],"replies":[{"embeddable":true,"href":"https:\/\/fvcomponentes.com\/de\/wp-json\/wp\/v2\/comments?post=17538"}],"wp:featuredmedia":[{"embeddable":true,"href":"https:\/\/fvcomponentes.com\/de\/wp-json\/wp\/v2\/media\/17541"}],"wp:attachment":[{"href":"https:\/\/fvcomponentes.com\/de\/wp-json\/wp\/v2\/media?parent=17538"}],"wp:term":[{"taxonomy":"pwb-brand","embeddable":true,"href":"https:\/\/fvcomponentes.com\/de\/wp-json\/wp\/v2\/pwb-brand?post=17538"},{"taxonomy":"product_brand","embeddable":true,"href":"https:\/\/fvcomponentes.com\/de\/wp-json\/wp\/v2\/product_brand?post=17538"},{"taxonomy":"product_cat","embeddable":true,"href":"https:\/\/fvcomponentes.com\/de\/wp-json\/wp\/v2\/product_cat?post=17538"},{"taxonomy":"product_tag","embeddable":true,"href":"https:\/\/fvcomponentes.com\/de\/wp-json\/wp\/v2\/product_tag?post=17538"}],"curies":[{"name":"wp","href":"https:\/\/api.w.org\/{rel}","templated":true}]}}