{"id":17529,"date":"2024-08-08T14:30:33","date_gmt":"2024-08-08T12:30:33","guid":{"rendered":"https:\/\/fvcomponentes.com\/?post_type=product&#038;p=17529"},"modified":"2026-03-30T12:16:55","modified_gmt":"2026-03-30T10:16:55","slug":"fronius-einstrahlungssensor-4300011189","status":"publish","type":"product","link":"https:\/\/fvcomponentes.com\/de\/producto\/sensor-de-irradiacion-fronius-4300011189\/","title":{"rendered":"Fronius Bestrahlungssensor - 43.0001.1189"},"content":{"rendered":"<h2>Merkmale des Fronius-Bestrahlungssensors - 43.0001.1189<\/h2>\n<p>Der Fronius Einstrahlungssensor - 43.0001.1189 ist f\u00fcr die Messung der eingestrahlten Energie zust\u00e4ndig und wird \u00fcblicherweise im Modulrahmen installiert. Durch den Vergleich der Einstrahlungsleistung mit der vom Wechselrichter erzeugten Leistung erh\u00e4lt man wertvolle Informationen \u00fcber den Ertrag der Photovoltaikanlage.<\/p>\n<h2>Allgemeine Angaben<\/h2>\n<ul>\n<li><strong>Abmessungen:<\/strong> 110 mm<\/li>\n<li><strong>Sensor:<\/strong> Monokristallin<\/li>\n<li><strong>Sensorspannung:<\/strong> Etwa 70 mV bei 1.000 W\/m\u00b2 (der genaue Kalibrierwert ist auf dem Sensor aufgedruckt)<\/li>\n<li><strong>Vertr\u00e4glichkeit:<\/strong> \u00b15 % (Jahresmittelwert)<\/li>\n<li><strong>Bereich der Umgebungstemperatur:<\/strong> -40\u00b0C - +85\u00b0C<\/li>\n<li><strong>Entwurf:<\/strong> Wasserfeste Konstruktion auf Z-f\u00f6rmigem Aluminiumprofil montiert<\/li>\n<li><strong>Verbindungskabel:<\/strong> 3 m Kupferkabel; 2 x 0,5 mm, silikonisoliert, freie Enden, Aderendh\u00fclsen, UV-best\u00e4ndig<\/li>\n<li><strong>Maximale Kabell\u00e4nge (Abstand: Sensorkarte\/Box zum Sensor):<\/strong> 30 m<\/li>\n<\/ul>\n<h2>Datenblatt Fronius Bestrahlungssensor - 43.0001.1189<\/h2>\n<p><a href=\"https:\/\/fvcomponentes.com\/wp-content\/uploads\/2025\/10\/ficha-tecnica-del-Sensor-de-irradiacion-Fronius-\u2013-4300011189.jpg\" target=\"_blank\" rel=\"noopener\">Siehe Datenblatt Fronius Bestrahlungssensor<\/a><\/p>\n<h2>Fronius Bestrahlungssensor Handbuch<\/h2>\n<p><a href=\"https:\/\/fvcomponentes.com\/wp-content\/uploads\/2025\/10\/SE_QG_How_to_setup_Fronius_Sensors_EN-1.pdf\" target=\"_blank\" rel=\"noopener\">Fronius Bestrahlungssensor-Handbuch anzeigen\u00a0<\/a><\/p>","protected":false},"excerpt":{"rendered":"<p>Messung der Leistung der Photovoltaikanlage.<\/p>","protected":false},"featured_media":17530,"comment_status":"open","ping_status":"closed","template":"","meta":{"site-sidebar-layout":"default","site-content-layout":"","ast-site-content-layout":"default","site-content-style":"default","site-sidebar-style":"default","ast-global-header-display":"","ast-banner-title-visibility":"","ast-main-header-display":"","ast-hfb-above-header-display":"","ast-hfb-below-header-display":"","ast-hfb-mobile-header-display":"","site-post-title":"","ast-breadcrumbs-content":"","ast-featured-img":"","footer-sml-layout":"","ast-disable-related-posts":"","theme-transparent-header-meta":"default","adv-header-id-meta":"","stick-header-meta":"","header-above-stick-meta":"","header-main-stick-meta":"","header-below-stick-meta":"","astra-migrate-meta-layouts":"set","ast-page-background-enabled":"default","ast-page-background-meta":{"desktop":{"background-color":"var(--ast-global-color-4)","background-image":"","background-repeat":"repeat","background-position":"center center","background-size":"auto","background-attachment":"scroll","background-type":"","background-media":"","overlay-type":"","overlay-color":"","overlay-opacity":"","overlay-gradient":""},"tablet":{"background-color":"","background-image":"","background-repeat":"repeat","background-position":"center center","background-size":"auto","background-attachment":"scroll","background-type":"","background-media":"","overlay-type":"","overlay-color":"","overlay-opacity":"","overlay-gradient":""},"mobile":{"background-color":"","background-image":"","background-repeat":"repeat","background-position":"center center","background-size":"auto","background-attachment":"scroll","background-type":"","background-media":"","overlay-type":"","overlay-color":"","overlay-opacity":"","overlay-gradient":""}},"ast-content-background-meta":{"desktop":{"background-color":"var(--ast-global-color-5)","background-image":"","background-repeat":"repeat","background-position":"center center","background-size":"auto","background-attachment":"scroll","background-type":"","background-media":"","overlay-type":"","overlay-color":"","overlay-opacity":"","overlay-gradient":""},"tablet":{"background-color":"var(--ast-global-color-5)","background-image":"","background-repeat":"repeat","background-position":"center center","background-size":"auto","background-attachment":"scroll","background-type":"","background-media":"","overlay-type":"","overlay-color":"","overlay-opacity":"","overlay-gradient":""},"mobile":{"background-color":"var(--ast-global-color-5)","background-image":"","background-repeat":"repeat","background-position":"center center","background-size":"auto","background-attachment":"scroll","background-type":"","background-media":"","overlay-type":"","overlay-color":"","overlay-opacity":"","overlay-gradient":""}}},"pwb-brand":[344],"product_brand":[],"product_cat":[333,359,345,934],"product_tag":[],"class_list":{"0":"post-17529","1":"product","2":"type-product","3":"status-publish","4":"has-post-thumbnail","6":"pwb-brand-fronius","7":"product_cat-inversores","8":"product_cat-inversores-autoconsumo-hibridos","9":"product_cat-inversores-de-autoconsumo","10":"product_cat-monitorizacion","11":"desktop-align-left","12":"tablet-align-left","13":"mobile-align-left","14":"ast-product-gallery-layout-horizontal-slider","15":"ast-product-gallery-with-no-image","16":"ast-product-tabs-layout-horizontal","18":"first","19":"instock","20":"taxable","21":"shipping-taxable","22":"purchasable","23":"product-type-simple"},"wcpa_form_fields":null,"brands":[{"id":344,"name":"Fronius-Wechselrichter","slug":"fronius"}],"_links":{"self":[{"href":"https:\/\/fvcomponentes.com\/de\/wp-json\/wp\/v2\/product\/17529","targetHints":{"allow":["GET"]}}],"collection":[{"href":"https:\/\/fvcomponentes.com\/de\/wp-json\/wp\/v2\/product"}],"about":[{"href":"https:\/\/fvcomponentes.com\/de\/wp-json\/wp\/v2\/types\/product"}],"replies":[{"embeddable":true,"href":"https:\/\/fvcomponentes.com\/de\/wp-json\/wp\/v2\/comments?post=17529"}],"wp:featuredmedia":[{"embeddable":true,"href":"https:\/\/fvcomponentes.com\/de\/wp-json\/wp\/v2\/media\/17530"}],"wp:attachment":[{"href":"https:\/\/fvcomponentes.com\/de\/wp-json\/wp\/v2\/media?parent=17529"}],"wp:term":[{"taxonomy":"pwb-brand","embeddable":true,"href":"https:\/\/fvcomponentes.com\/de\/wp-json\/wp\/v2\/pwb-brand?post=17529"},{"taxonomy":"product_brand","embeddable":true,"href":"https:\/\/fvcomponentes.com\/de\/wp-json\/wp\/v2\/product_brand?post=17529"},{"taxonomy":"product_cat","embeddable":true,"href":"https:\/\/fvcomponentes.com\/de\/wp-json\/wp\/v2\/product_cat?post=17529"},{"taxonomy":"product_tag","embeddable":true,"href":"https:\/\/fvcomponentes.com\/de\/wp-json\/wp\/v2\/product_tag?post=17529"}],"curies":[{"name":"wp","href":"https:\/\/api.w.org\/{rel}","templated":true}]}}