{"id":17523,"date":"2024-08-08T13:25:09","date_gmt":"2024-08-08T11:25:09","guid":{"rendered":"https:\/\/fvcomponentes.com\/?post_type=product&#038;p=17523"},"modified":"2026-02-02T09:09:13","modified_gmt":"2026-02-02T08:09:13","slug":"elektroautoladegerat-elektroautoladegerat-kit-wallbox-pulsar-plus-74-kw-kabel-5m-weiss-k1plp1-0-2-2-9-001","status":"publish","type":"product","link":"https:\/\/fvcomponentes.com\/de\/producto\/cargador-coche-electrico-kit-wallbox-pulsar-plus-74-kw-cable-5m-blanco-k1plp1-0-2-2-9-001\/","title":{"rendered":"Elektroautoladeger\u00e4t KIT Wallbox Pulsar-Plus 7,4 kW Kabel 5m Wei\u00df - K1PLP1-0-2-2-9-001"},"content":{"rendered":"<h2>Eigenschaften Elektroautoladeger\u00e4t KIT Wallbox Pulsar-Plus 7,4 kW Kabel 5m Wei\u00df - K1PLP1-0-2-2-9-001<\/h2>\n<p>Das Elektroauto-Ladeger\u00e4t KIT Wallbox Pulsar-Plus 7,4 kW ist auch in schwarz erh\u00e4ltlich, <a href=\"https:\/\/fvcomponentes.com\/de\/produkt\/elektroautoladegerat-kit-wallbox-pulsar-plus-74-kw-kabel-5m-schwarz-k1plp1-0-2-2-2-9-002\/\" target=\"_blank\" rel=\"noopener\">Elektroautoladeger\u00e4t KIT Wallbox Pulsar-Plus 7,4 kW Kabel 5m Schwarz - K1PLP1-0-2-2-9-002<\/a>.<\/p>\n<h2>Allgemeine Spezifikationen<\/h2>\n<ul>\n<li><strong>Lademodus:<\/strong> Modus 3 (IEC 61851-1)<\/li>\n<li><strong>Steckertyp:<\/strong> Typ 1 \/ Typ 2 (IEC 62196-2)<\/li>\n<li><strong>Abmessungen:<\/strong> 166 x 163 x 82 mm (ohne Kabel)<\/li>\n<li><strong>Gewicht:<\/strong> 1 kg (ohne Kabel)<\/li>\n<li><strong>Betriebstemperatur: <\/strong>-25 \u00baC bis 40 \u00baC (50 \u00baC mit Leistungsreduzierung)<\/li>\n<li><strong>Lagertemperatur:<\/strong> Von -40 \u00baC bis 70 \u00baC<\/li>\n<li><strong>Normen:<\/strong> CE-Kennzeichnung (LVD 2014\/35\/EU, EMCD 2014\/30\/EU) IEC 61851-1, IEC 61851-21-2, IEC 62196-2, BS 7671:2018<\/li>\n<\/ul>\n<h2>Elektrische Spezifikationen<\/h2>\n<ul>\n<li><strong>Nennspannung: <\/strong>AC \u00b1 10%: 230V<\/li>\n<li><strong>Nennstrom:<\/strong> 32A (1P)<\/li>\n<li><strong>Kabelquerschnitt:<\/strong> bis zu 3 x 10 mm\u00b2 bis zu 3 x 10 mm\u00b2 bis zu 3 x 10 mm\u00b2 bis zu 3 x 10 mm\u00b2<\/li>\n<li><strong>Konfigurierbarer Strom:<\/strong> 6A bei Nennstrom<\/li>\n<li><strong>Nennfrequenz:<\/strong> 50Hz \/ 60Hz<\/li>\n<li><strong>Schutzgrad:<\/strong> IP54 \/ IK08<\/li>\n<\/ul>\n<h2>Technische Daten Elektroautoladeger\u00e4t KIT Wallbox Pulsar-Plus 7,4 kW Kabel 5m Wei\u00df - K1PLP1-0-2-2-9-001<\/h2>\n<p><a href=\"https:\/\/fvcomponentes.com\/wp-content\/uploads\/2024\/08\/Cargador-coche-electrico-KIT-Wallbox-Pulsar-Plus-74-kW.pdf\" target=\"_blank\" rel=\"noopener\">Siehe Datenblatt Elektroautoladeger\u00e4t KIT Wallbox Pulsar-Plus 7,4 kW Kabel 5m Wei\u00df - K1PLP1-0-2-2-9-001<\/a><\/p>","protected":false},"excerpt":{"rendered":"<ul>\n<li>Einphasig<\/li>\n<li>Kabel 5m<\/li>\n<li><strong>Maximale Lastleistung:<\/strong> 7,4kW<\/li>\n<li><strong>Frequenz (Eingang):<\/strong>\u00a050 Hz<\/li>\n<li><strong>Nennstrom: <\/strong>32A<\/li>\n<li><strong>Schutz:<\/strong> IP54 \/ IK08<\/li>\n<li>Inklusive N1CT Leistungsmesser und Wandhalterung f\u00fcr das Kabel<\/li>\n<\/ul>","protected":false},"featured_media":17524,"comment_status":"open","ping_status":"closed","template":"","meta":{"site-sidebar-layout":"default","site-content-layout":"","ast-site-content-layout":"default","site-content-style":"default","site-sidebar-style":"default","ast-global-header-display":"","ast-banner-title-visibility":"","ast-main-header-display":"","ast-hfb-above-header-display":"","ast-hfb-below-header-display":"","ast-hfb-mobile-header-display":"","site-post-title":"","ast-breadcrumbs-content":"","ast-featured-img":"","footer-sml-layout":"","ast-disable-related-posts":"","theme-transparent-header-meta":"default","adv-header-id-meta":"","stick-header-meta":"","header-above-stick-meta":"","header-main-stick-meta":"","header-below-stick-meta":"","astra-migrate-meta-layouts":"set","ast-page-background-enabled":"default","ast-page-background-meta":{"desktop":{"background-color":"var(--ast-global-color-4)","background-image":"","background-repeat":"repeat","background-position":"center center","background-size":"auto","background-attachment":"scroll","background-type":"","background-media":"","overlay-type":"","overlay-color":"","overlay-opacity":"","overlay-gradient":""},"tablet":{"background-color":"","background-image":"","background-repeat":"repeat","background-position":"center center","background-size":"auto","background-attachment":"scroll","background-type":"","background-media":"","overlay-type":"","overlay-color":"","overlay-opacity":"","overlay-gradient":""},"mobile":{"background-color":"","background-image":"","background-repeat":"repeat","background-position":"center center","background-size":"auto","background-attachment":"scroll","background-type":"","background-media":"","overlay-type":"","overlay-color":"","overlay-opacity":"","overlay-gradient":""}},"ast-content-background-meta":{"desktop":{"background-color":"var(--ast-global-color-5)","background-image":"","background-repeat":"repeat","background-position":"center center","background-size":"auto","background-attachment":"scroll","background-type":"","background-media":"","overlay-type":"","overlay-color":"","overlay-opacity":"","overlay-gradient":""},"tablet":{"background-color":"var(--ast-global-color-5)","background-image":"","background-repeat":"repeat","background-position":"center center","background-size":"auto","background-attachment":"scroll","background-type":"","background-media":"","overlay-type":"","overlay-color":"","overlay-opacity":"","overlay-gradient":""},"mobile":{"background-color":"var(--ast-global-color-5)","background-image":"","background-repeat":"repeat","background-position":"center center","background-size":"auto","background-attachment":"scroll","background-type":"","background-media":"","overlay-type":"","overlay-color":"","overlay-opacity":"","overlay-gradient":""}}},"pwb-brand":[972],"product_brand":[],"product_cat":[385],"product_tag":[],"class_list":{"0":"post-17523","1":"product","2":"type-product","3":"status-publish","4":"has-post-thumbnail","6":"pwb-brand-wallbox","7":"product_cat-cargadores-para-vehiculo-electrico","8":"desktop-align-left","9":"tablet-align-left","10":"mobile-align-left","11":"ast-product-gallery-layout-horizontal-slider","12":"ast-product-gallery-with-no-image","13":"ast-product-tabs-layout-horizontal","15":"first","16":"outofstock","17":"taxable","18":"shipping-taxable","19":"purchasable","20":"product-type-simple"},"wcpa_form_fields":null,"brands":[{"id":972,"name":"Wallbox-Ladeger\u00e4te","slug":"wallbox"}],"_links":{"self":[{"href":"https:\/\/fvcomponentes.com\/de\/wp-json\/wp\/v2\/product\/17523","targetHints":{"allow":["GET"]}}],"collection":[{"href":"https:\/\/fvcomponentes.com\/de\/wp-json\/wp\/v2\/product"}],"about":[{"href":"https:\/\/fvcomponentes.com\/de\/wp-json\/wp\/v2\/types\/product"}],"replies":[{"embeddable":true,"href":"https:\/\/fvcomponentes.com\/de\/wp-json\/wp\/v2\/comments?post=17523"}],"wp:featuredmedia":[{"embeddable":true,"href":"https:\/\/fvcomponentes.com\/de\/wp-json\/wp\/v2\/media\/17524"}],"wp:attachment":[{"href":"https:\/\/fvcomponentes.com\/de\/wp-json\/wp\/v2\/media?parent=17523"}],"wp:term":[{"taxonomy":"pwb-brand","embeddable":true,"href":"https:\/\/fvcomponentes.com\/de\/wp-json\/wp\/v2\/pwb-brand?post=17523"},{"taxonomy":"product_brand","embeddable":true,"href":"https:\/\/fvcomponentes.com\/de\/wp-json\/wp\/v2\/product_brand?post=17523"},{"taxonomy":"product_cat","embeddable":true,"href":"https:\/\/fvcomponentes.com\/de\/wp-json\/wp\/v2\/product_cat?post=17523"},{"taxonomy":"product_tag","embeddable":true,"href":"https:\/\/fvcomponentes.com\/de\/wp-json\/wp\/v2\/product_tag?post=17523"}],"curies":[{"name":"wp","href":"https:\/\/api.w.org\/{rel}","templated":true}]}}