{"id":17497,"date":"2024-08-08T08:13:15","date_gmt":"2024-08-08T06:13:15","guid":{"rendered":"https:\/\/fvcomponentes.com\/?post_type=product&#038;p=17497"},"modified":"2026-02-16T12:30:43","modified_gmt":"2026-02-16T11:30:43","slug":"solar-kit-wohnmobil-victron-3000w-lithium-330ah-lite","status":"publish","type":"product","link":"https:\/\/fvcomponentes.com\/de\/producto\/kit-solar-camper-victron-3000w-litio-330ah-lite\/","title":{"rendered":"Solar-Wohnmobil-Bausatz Victron 3000W - Lite"},"content":{"rendered":"<h2>Wir stellen das Victron 3000W Solar Camper Kit - Lite vor<\/h2>\n<p>Suchen Sie ein komplettes 12-V-Solar-Kit f\u00fcr Wohnmobile? Dann ist dies das Richtige f\u00fcr Sie...<\/p>\n<p>Inhalt des Kits:<\/p>\n<p>Wechselrichter und Batterieladeger\u00e4t Victron Multiplus II 12V und 3000w, mit dem Sie alle elektrischen Ger\u00e4te, die Sie in Ihrem Van oder Wohnwagen haben, mit Strom versorgen k\u00f6nnen. Da es sich um ein Ladeger\u00e4t handelt, k\u00f6nnen Sie es auch auf einem Campingplatz oder in einer Garage anschlie\u00dfen, um die Lithiumbatterie maximal aufzuladen.<\/p>\n<p>50A\/h Victron Orion XS DC\/DC Booster Converter zum Laden der Batterie w\u00e4hrend der Fahrt.<\/p>\n<p>2 Solarmodule von 150 W mit Regler zum Aufladen der Batterie, wenn Sie sich mehrere Tage an einem Ort aufhalten, ohne den Van oder Wohnwagen zu bewegen.<\/p>\n<p>Verkabelung und Sicherungen, die f\u00fcr den Zusammenbau Ihres Bausatzes mit allen Garantien erforderlich sind.<\/p>\n<h2>So installieren Sie das Solar Camper Kit Victron 3000W - Lite<\/h2>\n<p>Wenn Sie wissen m\u00f6chten, wie Sie dieses Solar Camper Kit installieren, lesen Sie diese Blogbeitr\u00e4ge:<\/p>\n<ul>\n<li><a href=\"https:\/\/fvcomponentes.com\/de\/victron-multiplus-schaltplan\/\" target=\"_blank\" rel=\"noopener\">\"Schaltplan Victron Multiplus f\u00fcr Wohnmobil PDF\".<\/a><\/li>\n<li><a href=\"https:\/\/fvcomponentes.com\/de\/elektroinstallation-wohnmobil-wohnwagen\/\" target=\"_blank\" rel=\"noopener\">Wie bekommt man Strom in sein Wohnmobil? Alles \u00fcber die elektrische Installation in einem Wohnmobil<\/a><\/li>\n<\/ul>","protected":false},"excerpt":{"rendered":"<p>Presentamos el Kit Solar Camper Victron 3000W &#8211; Lite \u00bfBuscas un kit solar camper 12V con todo incluido? Este es el tuyo&#8230; Contenido del kit: Inversor y cargador de bater\u00eda de red Victron Multiplus II de 12V y 3000w con el que podr\u00e1s alimentar cualquier equipo el\u00e9ctrico que tengas en tu furgoneta o caravana. Adem\u00e1s [&hellip;]<\/p>\n","protected":false},"featured_media":28405,"comment_status":"open","ping_status":"closed","template":"","meta":{"site-sidebar-layout":"default","site-content-layout":"","ast-site-content-layout":"default","site-content-style":"default","site-sidebar-style":"default","ast-global-header-display":"","ast-banner-title-visibility":"","ast-main-header-display":"","ast-hfb-above-header-display":"","ast-hfb-below-header-display":"","ast-hfb-mobile-header-display":"","site-post-title":"","ast-breadcrumbs-content":"","ast-featured-img":"","footer-sml-layout":"","ast-disable-related-posts":"","theme-transparent-header-meta":"default","adv-header-id-meta":"","stick-header-meta":"","header-above-stick-meta":"","header-main-stick-meta":"","header-below-stick-meta":"","astra-migrate-meta-layouts":"set","ast-page-background-enabled":"default","ast-page-background-meta":{"desktop":{"background-color":"var(--ast-global-color-4)","background-image":"","background-repeat":"repeat","background-position":"center center","background-size":"auto","background-attachment":"scroll","background-type":"","background-media":"","overlay-type":"","overlay-color":"","overlay-opacity":"","overlay-gradient":""},"tablet":{"background-color":"","background-image":"","background-repeat":"repeat","background-position":"center center","background-size":"auto","background-attachment":"scroll","background-type":"","background-media":"","overlay-type":"","overlay-color":"","overlay-opacity":"","overlay-gradient":""},"mobile":{"background-color":"","background-image":"","background-repeat":"repeat","background-position":"center center","background-size":"auto","background-attachment":"scroll","background-type":"","background-media":"","overlay-type":"","overlay-color":"","overlay-opacity":"","overlay-gradient":""}},"ast-content-background-meta":{"desktop":{"background-color":"var(--ast-global-color-5)","background-image":"","background-repeat":"repeat","background-position":"center center","background-size":"auto","background-attachment":"scroll","background-type":"","background-media":"","overlay-type":"","overlay-color":"","overlay-opacity":"","overlay-gradient":""},"tablet":{"background-color":"var(--ast-global-color-5)","background-image":"","background-repeat":"repeat","background-position":"center center","background-size":"auto","background-attachment":"scroll","background-type":"","background-media":"","overlay-type":"","overlay-color":"","overlay-opacity":"","overlay-gradient":""},"mobile":{"background-color":"var(--ast-global-color-5)","background-image":"","background-repeat":"repeat","background-position":"center center","background-size":"auto","background-attachment":"scroll","background-type":"","background-media":"","overlay-type":"","overlay-color":"","overlay-opacity":"","overlay-gradient":""}}},"pwb-brand":[332],"product_brand":[],"product_cat":[910,928,464],"product_tag":[],"class_list":{"0":"post-17497","1":"product","2":"type-product","3":"status-publish","4":"has-post-thumbnail","6":"pwb-brand-victron","7":"product_cat-kit-solar-camper","8":"product_cat-kit-solar-velero","9":"product_cat-kits-solares","10":"product_shipping_class-paneles","11":"desktop-align-left","12":"tablet-align-left","13":"mobile-align-left","14":"ast-product-gallery-layout-horizontal-slider","15":"ast-product-gallery-with-no-image","16":"ast-product-tabs-layout-horizontal","18":"first","19":"instock","20":"taxable","21":"shipping-taxable","22":"purchasable","23":"product-type-yith_bundle"},"wcpa_form_fields":null,"brands":[{"id":332,"name":"Victron Energie","slug":"victron"}],"_links":{"self":[{"href":"https:\/\/fvcomponentes.com\/de\/wp-json\/wp\/v2\/product\/17497","targetHints":{"allow":["GET"]}}],"collection":[{"href":"https:\/\/fvcomponentes.com\/de\/wp-json\/wp\/v2\/product"}],"about":[{"href":"https:\/\/fvcomponentes.com\/de\/wp-json\/wp\/v2\/types\/product"}],"replies":[{"embeddable":true,"href":"https:\/\/fvcomponentes.com\/de\/wp-json\/wp\/v2\/comments?post=17497"}],"wp:featuredmedia":[{"embeddable":true,"href":"https:\/\/fvcomponentes.com\/de\/wp-json\/wp\/v2\/media\/28405"}],"wp:attachment":[{"href":"https:\/\/fvcomponentes.com\/de\/wp-json\/wp\/v2\/media?parent=17497"}],"wp:term":[{"taxonomy":"pwb-brand","embeddable":true,"href":"https:\/\/fvcomponentes.com\/de\/wp-json\/wp\/v2\/pwb-brand?post=17497"},{"taxonomy":"product_brand","embeddable":true,"href":"https:\/\/fvcomponentes.com\/de\/wp-json\/wp\/v2\/product_brand?post=17497"},{"taxonomy":"product_cat","embeddable":true,"href":"https:\/\/fvcomponentes.com\/de\/wp-json\/wp\/v2\/product_cat?post=17497"},{"taxonomy":"product_tag","embeddable":true,"href":"https:\/\/fvcomponentes.com\/de\/wp-json\/wp\/v2\/product_tag?post=17497"}],"curies":[{"name":"wp","href":"https:\/\/api.w.org\/{rel}","templated":true}]}}