{"id":17496,"date":"2024-08-08T08:10:30","date_gmt":"2024-08-08T06:10:30","guid":{"rendered":"https:\/\/fvcomponentes.com\/?post_type=product&#038;p=17496"},"modified":"2026-03-30T12:15:15","modified_gmt":"2026-03-30T10:15:15","slug":"elektroautoladegerat-wallbox-pulsar-max-22-kw-kabel-5m-schwarz-plp2-m-2-4-9-002","status":"publish","type":"product","link":"https:\/\/fvcomponentes.com\/de\/producto\/cargador-coche-electrico-wallbox-pulsar-max-22-kw-cable-5m-negro-plp2-m-2-4-9-002\/","title":{"rendered":"Elektroauto-Ladeger\u00e4t Wallbox Pulsar-Max 22 kW Kabel 5m Schwarz - PLP2-M-2-4-9-002"},"content":{"rendered":"<h2>Eigenschaften Elektroautoladeger\u00e4t Wallbox Pulsar-Max 22 kW Kabel 5m Schwarz - PLP2-M-2-4-9-002<\/h2>\n<p>Das Wallbox Pulsar-Max 22 kW Elektroauto-Ladeger\u00e4t ist auch in Wei\u00df erh\u00e4ltlich. <a href=\"https:\/\/fvcomponentes.com\/de\/produkt\/elektroautoladegerat-wallbox-pulsar-max-22-kw-kabel-5m-weiss-plp2-m-2-4-9-001\/\" target=\"_blank\" rel=\"noopener\">Elektroauto-Ladeger\u00e4t Wallbox Pulsar-Max 22 kW Kabel 5m Wei\u00df - PLP2-M-2-4-9-001<\/a><\/p>\n<h2>Allgemeine Spezifikationen<\/h2>\n<ul>\n<li><strong>Lademodus:<\/strong> Modus 3 (IEC 61851-1)<\/li>\n<li><b>L\u00e4nge des Kabels: <\/b>5 m<\/li>\n<li><strong>Abmessungen:<\/strong> 198x201x99mm (ohne Kabel)<\/li>\n<li><strong>Gewicht:<\/strong> 1,3Kg (ohne Kabel)<\/li>\n<li><strong>Betriebstemperatur:<\/strong> Von -25\u00baC bis 50\u00baC<\/li>\n<li><strong>Lagertemperatur:<\/strong> Von -40\u00baC bis 70\u00baC<\/li>\n<li><strong>Normen:<\/strong> IEC 61851-1, IEC 61851-21-2, IEC 62196-2, LVD 2014\/35\/EU, CE-Kennzeichnung, EMV-Richtlinie 2014\/30\/EU, ROHS-Richtlinie 2011\/65, BS 7671:2018 + A1:2020 + A2:2022<\/li>\n<\/ul>\n<h2>Elektrische Spezifikationen<\/h2>\n<ul>\n<li><strong>Nennspannung: <\/strong>AC \u00b1 10%: 380-400V<\/li>\n<li><strong>Nennstrom:<\/strong> 32A (3P)<\/li>\n<li><strong>Kabelquerschnitt:<\/strong> bis zu 13 mm2<\/li>\n<li><strong>Steckertyp (IEC 62196-2):<\/strong> Typ 2<\/li>\n<li><strong>Konfigurierbarer Strom:<\/strong> 6A bei Nennstrom<\/li>\n<li><strong>Nennfrequenz:<\/strong> 50Hz \/ 60Hz<\/li>\n<li><strong>Schutzgrad:<\/strong> IP55 \/ IK10<\/li>\n<\/ul>\n<h2>Wallbox Pulsar-Max Elektroauto-Ladeger\u00e4t 22 kW Kabel 5m Schwarz - PLP2-M-2-4-9-002<\/h2>\n<p><a href=\"https:\/\/fvcomponentes.com\/wp-content\/uploads\/2024\/08\/Ficha-tecnica-Cargador-coche-electrico-Wallbox-Pulsar-Max-22-kW.pdf\" target=\"_blank\" rel=\"noopener\">Siehe Wallbox Pulsar-Max 22 kW Wallbox Elektroautoladeger\u00e4t Technisches Datenblatt Kabel 5m Schwarz - PLP2-M-2-4-9-002<\/a><\/p>","protected":false},"excerpt":{"rendered":"<ul>\n<li>Dreiphasig<\/li>\n<li>Kabel 5m<\/li>\n<li><strong>Maximale Lastleistung:<\/strong> 22kW<\/li>\n<li><strong>Frequenz (Eingang):<\/strong>\u00a050 Hz<\/li>\n<li><strong>Nennstrom: <\/strong>32A<\/li>\n<li><strong>Schutz:<\/strong> IP55 \/ IK10<\/li>\n<\/ul>","protected":false},"featured_media":17500,"comment_status":"open","ping_status":"closed","template":"","meta":{"site-sidebar-layout":"default","site-content-layout":"","ast-site-content-layout":"default","site-content-style":"default","site-sidebar-style":"default","ast-global-header-display":"","ast-banner-title-visibility":"","ast-main-header-display":"","ast-hfb-above-header-display":"","ast-hfb-below-header-display":"","ast-hfb-mobile-header-display":"","site-post-title":"","ast-breadcrumbs-content":"","ast-featured-img":"","footer-sml-layout":"","ast-disable-related-posts":"","theme-transparent-header-meta":"default","adv-header-id-meta":"","stick-header-meta":"","header-above-stick-meta":"","header-main-stick-meta":"","header-below-stick-meta":"","astra-migrate-meta-layouts":"set","ast-page-background-enabled":"default","ast-page-background-meta":{"desktop":{"background-color":"var(--ast-global-color-4)","background-image":"","background-repeat":"repeat","background-position":"center center","background-size":"auto","background-attachment":"scroll","background-type":"","background-media":"","overlay-type":"","overlay-color":"","overlay-opacity":"","overlay-gradient":""},"tablet":{"background-color":"","background-image":"","background-repeat":"repeat","background-position":"center center","background-size":"auto","background-attachment":"scroll","background-type":"","background-media":"","overlay-type":"","overlay-color":"","overlay-opacity":"","overlay-gradient":""},"mobile":{"background-color":"","background-image":"","background-repeat":"repeat","background-position":"center center","background-size":"auto","background-attachment":"scroll","background-type":"","background-media":"","overlay-type":"","overlay-color":"","overlay-opacity":"","overlay-gradient":""}},"ast-content-background-meta":{"desktop":{"background-color":"var(--ast-global-color-5)","background-image":"","background-repeat":"repeat","background-position":"center center","background-size":"auto","background-attachment":"scroll","background-type":"","background-media":"","overlay-type":"","overlay-color":"","overlay-opacity":"","overlay-gradient":""},"tablet":{"background-color":"var(--ast-global-color-5)","background-image":"","background-repeat":"repeat","background-position":"center center","background-size":"auto","background-attachment":"scroll","background-type":"","background-media":"","overlay-type":"","overlay-color":"","overlay-opacity":"","overlay-gradient":""},"mobile":{"background-color":"var(--ast-global-color-5)","background-image":"","background-repeat":"repeat","background-position":"center center","background-size":"auto","background-attachment":"scroll","background-type":"","background-media":"","overlay-type":"","overlay-color":"","overlay-opacity":"","overlay-gradient":""}}},"pwb-brand":[972],"product_brand":[],"product_cat":[385],"product_tag":[],"class_list":{"0":"post-17496","1":"product","2":"type-product","3":"status-publish","4":"has-post-thumbnail","6":"pwb-brand-wallbox","7":"product_cat-cargadores-para-vehiculo-electrico","8":"desktop-align-left","9":"tablet-align-left","10":"mobile-align-left","11":"ast-product-gallery-layout-horizontal-slider","12":"ast-product-gallery-with-no-image","13":"ast-product-tabs-layout-horizontal","15":"first","16":"instock","17":"taxable","18":"shipping-taxable","19":"purchasable","20":"product-type-simple"},"wcpa_form_fields":null,"brands":[{"id":972,"name":"Wallbox-Ladeger\u00e4te","slug":"wallbox"}],"_links":{"self":[{"href":"https:\/\/fvcomponentes.com\/de\/wp-json\/wp\/v2\/product\/17496","targetHints":{"allow":["GET"]}}],"collection":[{"href":"https:\/\/fvcomponentes.com\/de\/wp-json\/wp\/v2\/product"}],"about":[{"href":"https:\/\/fvcomponentes.com\/de\/wp-json\/wp\/v2\/types\/product"}],"replies":[{"embeddable":true,"href":"https:\/\/fvcomponentes.com\/de\/wp-json\/wp\/v2\/comments?post=17496"}],"wp:featuredmedia":[{"embeddable":true,"href":"https:\/\/fvcomponentes.com\/de\/wp-json\/wp\/v2\/media\/17500"}],"wp:attachment":[{"href":"https:\/\/fvcomponentes.com\/de\/wp-json\/wp\/v2\/media?parent=17496"}],"wp:term":[{"taxonomy":"pwb-brand","embeddable":true,"href":"https:\/\/fvcomponentes.com\/de\/wp-json\/wp\/v2\/pwb-brand?post=17496"},{"taxonomy":"product_brand","embeddable":true,"href":"https:\/\/fvcomponentes.com\/de\/wp-json\/wp\/v2\/product_brand?post=17496"},{"taxonomy":"product_cat","embeddable":true,"href":"https:\/\/fvcomponentes.com\/de\/wp-json\/wp\/v2\/product_cat?post=17496"},{"taxonomy":"product_tag","embeddable":true,"href":"https:\/\/fvcomponentes.com\/de\/wp-json\/wp\/v2\/product_tag?post=17496"}],"curies":[{"name":"wp","href":"https:\/\/api.w.org\/{rel}","templated":true}]}}