{"id":17471,"date":"2024-08-07T14:11:56","date_gmt":"2024-08-07T12:11:56","guid":{"rendered":"https:\/\/fvcomponentes.com\/?post_type=product&#038;p=17471"},"modified":"2026-01-21T13:01:19","modified_gmt":"2026-01-21T12:01:19","slug":"sicherungsschalter-toscano-combi-max-2x50a-10005140","status":"publish","type":"product","link":"https:\/\/fvcomponentes.com\/de\/producto\/backup-switch-toscano-combi-max-2x50a-10005140\/","title":{"rendered":"Sicherungsschalter Toscano Combi-Max 2x40A - 10005140"},"content":{"rendered":"<h2>Toscano Backup-Schalter Toscano Combi-Max 2x40A Eigenschaften - 10005140<\/h2>\n<p>Toscano hat ein neues System entwickelt, das den Betrieb von Photovoltaikanlagen auch bei einem allgemeinen Stromausfall sicherstellt. <strong data-start=\"386\" data-end=\"438\">Sicherungsschalter Toscano Combi-Max 2x40A - 10005140<\/strong>das das Vorg\u00e4ngermodell, das Combi-Pro, verbessert. Dieses neue Ger\u00e4t beh\u00e4lt die Hauptmerkmale des Vorg\u00e4ngermodells bei und verf\u00fcgt \u00fcber eine Automatisierungsfunktion, die sicherstellt, dass Ihre Solaranlage auch bei einem Stromausfall in Betrieb bleibt. Mit Combi-Max wird Ihre Solaranlage rentabler, effizienter und autonomer.<\/p>\n<ul>\n<li>Der Toscano Combi-Max 2x40A Backup-Schalter \u00fcberwacht das Vorhandensein der Netzspannung zu jeder Zeit. Wenn er feststellt, dass die Netzspannung ausf\u00e4llt, l\u00e4sst er den Wechselrichter im \u201cISLAND MODE\u201d ohne Netzanschluss arbeiten.<\/li>\n<li>Nach der Trennung vom Stromnetz sendet er den Befehl zum Betrieb im \"Inselbetrieb\" an den Wechselrichter, damit dieser mit der aus den Paneelen und\/oder den eventuell installierten Batterien gewonnenen Energie weiterarbeiten kann.<\/li>\n<li>Zu diesem Zeitpunkt werden die ausgew\u00e4hlten Teile der Anlage wieder vom Wechselrichter versorgt, und das Netz bleibt physisch getrennt. Wenn das Netz wieder erkannt wird, wird der Fahrbefehl \"Inselmodus\" aufgehoben und die Anlage wieder an das Netz angeschlossen.<\/li>\n<li>Es verf\u00fcgt \u00fcber eine Kontrollleuchte an der Vorderseite, die den \"normalen\" Betrieb durch ein Blinken pro Sekunde anzeigt. Im Falle eines Netzausfalls erlischt die Kontrollleuchte, nachdem die beschriebenen Ma\u00dfnahmen durchgef\u00fchrt worden sind.<\/li>\n<li>Au\u00dferdem gibt es einen Druckknopf, mit dem der \"Inselmodus\" der Anlage manuell erzwungen werden kann.<\/li>\n<\/ul>\n<h2>Vollst\u00e4ndige Autonomie<\/h2>\n<p>Bei einem Stromausfall, entweder wegen eines allgemeinen Stromausfalls oder weil ein Techniker Wartungsarbeiten an den Stromleitungen durchf\u00fchrt, schalten sich die PV-Wechselrichter aus Sicherheitsgr\u00fcnden automatisch ab. W\u00fcrde der Wechselrichter weiterhin Strom von den Solarmodulen einspeisen, k\u00f6nnte er das Leben der Arbeiter gef\u00e4hrden, die die Leitungen reparieren.<\/p>\n<p>Aus diesem Grund sa\u00df vor der Einf\u00fchrung des Backup Switch Toscano und anderer \u00e4hnlicher Ger\u00e4te bei einem Netzausfall jeder im Dunkeln, selbst wenn er \u00fcber Sonnenkollektoren verf\u00fcgte.<\/p>\n<p>Dank des Toscano-Backup-Systems m\u00fcssen Sie sich keine Sorgen mehr \u00fcber Versorgungsunterbrechungen oder Stromausf\u00e4lle machen. Ihre Solaranlage wird effizienter, rentabler und autonomer sein. Der Backup-Schalter Toscano Combi-Max 2x40A - 10005140 wird zu Ihrem besten Verb\u00fcndeten, um eine konstante Stromversorgung zu gew\u00e4hrleisten.<\/p>\n<h2>Wie funktioniert der Toscano Combi-Max 2x40A Backup Switch - 10005140?<\/h2>\n<p>Dieses Ger\u00e4t erkennt einen Ausfall des Hauptstromnetzes und trennt Ihre Anlage automatisch vom Netz. Dabei weist es den Wechselrichter an, im Inselbetrieb zu arbeiten und die Optionen Total Backup oder Critical Load Backup zu aktivieren, je nach Ihrer Konfiguration. Ihre Solarmodule und Batterien versorgen Ihre Anlage mit Strom, w\u00e4hrend das Netz ausf\u00e4llt, so dass Sie im Falle eines Stromausfalls nicht ohne Strom dastehen.<\/p>\n<h3>Welche Optionen bietet das Toscano Combi-Max 2x40A Backup Switch System?<\/h3>\n<p>\u2013 <strong>Total Backup:<\/strong> Ihre PV-Anlage trennt sich w\u00e4hrend eines Stromausfalls vom Netz, liefert aber weiterhin uneingeschr\u00e4nkt Strom an Ihre gesamte Anlage. Da Sie in diesem Modus Ihren gesamten Verbrauch decken, ist es wichtig, dass Sie kontrollieren, welche Ger\u00e4te Sie anschlie\u00dfen, um zu vermeiden, dass Ihnen der Strom ausgeht.<\/p>\n<p><img fetchpriority=\"high\" decoding=\"async\" class=\"size-full wp-image-17494\" src=\"https:\/\/fvcomponentes.com\/wp-content\/uploads\/2024\/08\/Backup-Switch-Toscano-Combi-Max-2x50A-10005140-Esquema-2.png\" alt=\"Sicherungsschalter Toscano Combi-Max 2x50A - 10005140 - Schaltplan (2)\" width=\"578\" height=\"580\" title=\"\"><\/p>\n<p>\u2013 <strong>Backup Upload Kritisch:<\/strong> In diesem Modus bleibt Ihre Anlage ebenfalls vom Hauptstromnetz getrennt, versorgt aber nur die von Ihnen als kritisch eingestuften Ger\u00e4te. Dies ist die beste Option, um den Betrieb der Ger\u00e4te zu gew\u00e4hrleisten, die f\u00fcr Sie am wichtigsten sind.<\/p>\n<p><img decoding=\"async\" class=\"size-full wp-image-17495\" src=\"https:\/\/fvcomponentes.com\/wp-content\/uploads\/2024\/08\/Backup-Switch-Toscano-Combi-Max-2x50A-10005140-Esquema-1.png\" alt=\"Sicherungsschalter Toscano Combi-Max 2x50A - 10005140 - Schaltplan (1)\" width=\"600\" height=\"588\" title=\"\"><\/p>\n<p>Der Combi-Max 2x40A \u00fcberwacht st\u00e4ndig das Stromnetz, und wenn er feststellt, dass die Stromversorgung wiederhergestellt ist, schlie\u00dft er Ihre Anlage automatisch wieder an das Stromnetz an, damit alles wieder normal l\u00e4uft.<\/p>\n<p>Mit Combi-Max genie\u00dfen Sie dank Ihrer Selbstverbrauchsanlage eine kontinuierliche Stromversorgung. Solange Ihre Solarmodule Strom erzeugen oder Sie Energie in Ihren Batterien gespeichert haben, funktioniert Ihre Anlage ohne Unterbrechung, auch wenn das Stromnetz ausf\u00e4llt. Sie sind nicht mehr von der Stabilit\u00e4t der Stromversorgung abh\u00e4ngig, da Ihr System dank der Solarmodule und des Combi-Max v\u00f6llig autonom ist.<\/p>\n<h2>Welche Wechselrichter sind kompatibel mit dem Toscano Combi-Max 2x40A Backup Switch - 10005140?<\/h2>\n<p>Toscano-Ger\u00e4te sind mit einer breiten Palette von Wechselrichtern einiger der leistungsst\u00e4rksten Hersteller auf dem Markt kompatibel. Die Liste der kompatiblen Ger\u00e4te wird laufend erweitert. Wenn Ihr Wechselrichter in der Liste unten aufgef\u00fchrt ist, ist er mit dem Toscano Combi-Max 2x40A Backup Switch kompatibel:<\/p>\n<table>\n<tbody>\n<tr>\n<td colspan=\"3\">\n<h4><strong>Liste der Wechselrichter, die mit dem Toscano Combi-Max Backup Switch 2x40A kompatibel sind<\/strong><\/h4>\n<\/td>\n<\/tr>\n<tr>\n<td><strong>Huawei<\/strong><\/td>\n<td><strong>Fronius<\/strong><\/td>\n<td><strong>Kostal<\/strong><\/td>\n<\/tr>\n<tr>\n<td><span style=\"font-weight: 400;\">SUN2000-2KTL-L1<\/span><\/td>\n<td><span style=\"font-weight: 400;\">GEN24 Primo 3.0\u00a0<\/span><\/td>\n<td><span style=\"font-weight: 400;\">Plenticore G3 - S - 4 kW<\/span><\/td>\n<\/tr>\n<tr>\n<td><span style=\"font-weight: 400;\">SUN2000-3KTL-L1<\/span><\/td>\n<td><span style=\"font-weight: 400;\">GEN24 Primo 3.6<\/span><\/td>\n<td><span style=\"font-weight: 400;\">Plenticore S - 5,5 kW<\/span><\/td>\n<\/tr>\n<tr>\n<td><span style=\"font-weight: 400;\">SUN2000-3.68KTL-L1<\/span><\/td>\n<td><span style=\"font-weight: 400;\">GEN24 Primo 4.0<\/span><\/td>\n<td><span style=\"font-weight: 400;\">Plenticore S - 7 kW<\/span><\/td>\n<\/tr>\n<tr>\n<td><span style=\"font-weight: 400;\">SUN2000-4KTL-L1<\/span><\/td>\n<td><span style=\"font-weight: 400;\">GEN24 Primo 4.6<\/span><\/td>\n<td><span style=\"font-weight: 400;\">Plenticore M - 8,5 kW<\/span><\/td>\n<\/tr>\n<tr>\n<td><span style=\"font-weight: 400;\">SUN2000-4.6KTL-L1<\/span><\/td>\n<td><span style=\"font-weight: 400;\">GEN24 Primo 5.0<\/span><\/td>\n<td><span style=\"font-weight: 400;\">Plenticore M - 10 kW<\/span><\/td>\n<\/tr>\n<tr>\n<td><span style=\"font-weight: 400;\">SUN2000-5KTL-L1<\/span><\/td>\n<td><span style=\"font-weight: 400;\">GEN24 Primo 6.0<\/span><\/td>\n<td><span style=\"font-weight: 400;\">Plenticore M - 12,5 kW<\/span><\/td>\n<\/tr>\n<tr>\n<td><span style=\"font-weight: 400;\">SUN2000-6KTL-L1<\/span><\/td>\n<td><span style=\"font-weight: 400;\">GEN24 Symo 6.0<\/span><\/td>\n<td><span style=\"font-weight: 400;\">Plenticore L - 15 kW<\/span><\/td>\n<\/tr>\n<tr>\n<td><span style=\"font-weight: 400;\">SUN2000-8K-LC0<\/span><\/td>\n<td><span style=\"font-weight: 400;\">GEN24 Symo 8.0<\/span><\/td>\n<td><span style=\"font-weight: 400;\">Plenticore L - 17,5 kW<\/span><\/td>\n<\/tr>\n<tr>\n<td><span style=\"font-weight: 400;\">SUN2000-10K-LC0<\/span><\/td>\n<td><span style=\"font-weight: 400;\">GEN24 Symo 10.0<\/span><\/td>\n<td><span style=\"font-weight: 400;\">Plenticore L - 20 kW<\/span><\/td>\n<\/tr>\n<\/tbody>\n<\/table>\n<h2>Toscano Combi-Max 2x40A Backup-Schalter Installationsdiagramme - 10005140<\/h2>\n<p>Wenn Sie ein Backup-System in Ihrer Anlage installieren m\u00f6chten, \u00fcberlassen wir Ihnen die Montagepl\u00e4ne f\u00fcr die Konfigurationen der verschiedenen Modi der Huawei- und Fronius-Wechselrichter.<\/p>\n<p>Wichtig: Vergewissern Sie sich vor der Installation des Ger\u00e4ts, dass der Wechselrichter f\u00fcr den Betrieb im \"Inselmodus\" konfiguriert ist. Verbinden Sie sich dazu als Installateur mit dem Wechselrichter. Rufen Sie das Men\u00fc \"Einstellungen\" und darin die \"Funktionsparameter\" auf. Dort m\u00fcssen wir den \"Inselmodus\" aktivieren.<\/p>\n<h3>Backup-System f\u00fcr kritische Lasten mit Huawei-Wechselrichtern<\/h3>\n<h3><img decoding=\"async\" class=\"size-full wp-image-31547\" style=\"font-size: 16px; font-style: inherit;\" src=\"https:\/\/fvcomponentes.com\/wp-content\/uploads\/2024\/08\/Backup-Switch-Toscano-Combi-Max-2x50A-10005140-Huawei.png\" alt=\"Sicherungsschalter Toscano Combi-Max 2x50A - 10005140 Huawei\" width=\"809\" height=\"750\" title=\"\"><\/h3>\n<h3>Vollst\u00e4ndige Backup-Installation mit Huawei-Wechselrichtern<\/h3>\n<p><img loading=\"lazy\" decoding=\"async\" class=\"size-full wp-image-31548\" src=\"https:\/\/fvcomponentes.com\/wp-content\/uploads\/2024\/08\/Full-Backup-Switch-Toscano-Combi-Max-2x50A-10005140-Huawei.png\" alt=\"Vollschutzschalter Toscano Combi-Max 2x50A - 10005140 Huawei\" width=\"809\" height=\"750\" title=\"\"><\/p>\n<h3>Backup-System f\u00fcr kritische Lasten mit Fronius GEN24-Wechselrichter<\/h3>\n<p><img loading=\"lazy\" decoding=\"async\" class=\"size-full wp-image-31549\" src=\"https:\/\/fvcomponentes.com\/wp-content\/uploads\/2024\/08\/Backup-Switch-Toscano-Combi-Max-2x50A-10005140-Fronius.png\" alt=\"Sicherungsschalter Toscano Combi-Max 2x50A - 10005140 Fronius\" width=\"805\" height=\"740\" title=\"\"><\/p>\n<h3>Volles Backup-System mit Fronius-Wechselrichter<\/h3>\n<p><img loading=\"lazy\" decoding=\"async\" class=\"size-full wp-image-31550\" src=\"https:\/\/fvcomponentes.com\/wp-content\/uploads\/2024\/08\/Backup-Switch-Toscano-Combi-Max-2x50A-10005140-Fronius-1.png\" alt=\"Sicherungsschalter Toscano Combi-Max 2x50A - 10005140 Fronius\" width=\"805\" height=\"740\" title=\"\"><\/p>\n<h3>Volles Backup-System mit dreiphasigen Fronius-Wechselrichtern<\/h3>\n<p><img loading=\"lazy\" decoding=\"async\" class=\"wp-image-31551\" src=\"https:\/\/fvcomponentes.com\/wp-content\/uploads\/2024\/08\/Full-Backup-Switch-Toscano-Combi-Max-2x50A-10005140-Fronius-trifasico.png\" alt=\"Full Backup Switch Toscano Combi-Max 2x50A - 10005140 Fronius dreiphasig\" width=\"789\" height=\"910\" title=\"\"><\/p>\n<h2>Toscano Combi-Max 2x40A Sicherungsschalter - 10005140<\/h2>\n<p><a href=\"https:\/\/fvcomponentes.com\/wp-content\/uploads\/2024\/08\/FICHA-TECNICA-MANUAL-TOSCANO-COMBI-MAX-5.24-ES-A4.pdf\" target=\"_blank\" rel=\"noopener\">Siehe Datenblatt Backup Switch Toscano Combi-Max 2x40A - 10005140<\/a><\/p>","protected":false},"excerpt":{"rendered":"<ul>\n<li>Backup-System f\u00fcr Fronius- und Huawei-Wechselrichter<\/li>\n<li>Isoliert die Elektroinstallation des Hauses vom Stromnetz, um im Falle eines Stromausfalls v\u00f6llig sicher im \"ISLAND MODE\" zu arbeiten.<\/li>\n<li>Wenn die Stromversorgung wiederhergestellt ist, schlie\u00dfen Sie die elektrische Anlage des Hauses wieder an das Stromnetz an.<\/li>\n<li>Sicherung Fronius Gen24<\/li>\n<li>Huawei-Sicherung<\/li>\n<\/ul>","protected":false},"featured_media":17472,"comment_status":"open","ping_status":"closed","template":"","meta":{"site-sidebar-layout":"default","site-content-layout":"","ast-site-content-layout":"default","site-content-style":"default","site-sidebar-style":"default","ast-global-header-display":"","ast-banner-title-visibility":"","ast-main-header-display":"","ast-hfb-above-header-display":"","ast-hfb-below-header-display":"","ast-hfb-mobile-header-display":"","site-post-title":"","ast-breadcrumbs-content":"","ast-featured-img":"","footer-sml-layout":"","ast-disable-related-posts":"","theme-transparent-header-meta":"default","adv-header-id-meta":"","stick-header-meta":"","header-above-stick-meta":"","header-main-stick-meta":"","header-below-stick-meta":"","astra-migrate-meta-layouts":"set","ast-page-background-enabled":"default","ast-page-background-meta":{"desktop":{"background-color":"var(--ast-global-color-4)","background-image":"","background-repeat":"repeat","background-position":"center center","background-size":"auto","background-attachment":"scroll","background-type":"","background-media":"","overlay-type":"","overlay-color":"","overlay-opacity":"","overlay-gradient":""},"tablet":{"background-color":"","background-image":"","background-repeat":"repeat","background-position":"center center","background-size":"auto","background-attachment":"scroll","background-type":"","background-media":"","overlay-type":"","overlay-color":"","overlay-opacity":"","overlay-gradient":""},"mobile":{"background-color":"","background-image":"","background-repeat":"repeat","background-position":"center center","background-size":"auto","background-attachment":"scroll","background-type":"","background-media":"","overlay-type":"","overlay-color":"","overlay-opacity":"","overlay-gradient":""}},"ast-content-background-meta":{"desktop":{"background-color":"var(--ast-global-color-5)","background-image":"","background-repeat":"repeat","background-position":"center center","background-size":"auto","background-attachment":"scroll","background-type":"","background-media":"","overlay-type":"","overlay-color":"","overlay-opacity":"","overlay-gradient":""},"tablet":{"background-color":"var(--ast-global-color-5)","background-image":"","background-repeat":"repeat","background-position":"center center","background-size":"auto","background-attachment":"scroll","background-type":"","background-media":"","overlay-type":"","overlay-color":"","overlay-opacity":"","overlay-gradient":""},"mobile":{"background-color":"var(--ast-global-color-5)","background-image":"","background-repeat":"repeat","background-position":"center center","background-size":"auto","background-attachment":"scroll","background-type":"","background-media":"","overlay-type":"","overlay-color":"","overlay-opacity":"","overlay-gradient":""}}},"pwb-brand":[891],"product_brand":[],"product_cat":[333,351,862],"product_tag":[],"class_list":{"0":"post-17471","1":"product","2":"type-product","3":"status-publish","4":"has-post-thumbnail","6":"pwb-brand-toscano","7":"product_cat-inversores","8":"product_cat-accesorios","9":"product_cat-fusibles","10":"desktop-align-left","11":"tablet-align-left","12":"mobile-align-left","13":"ast-product-gallery-layout-horizontal-slider","14":"ast-product-gallery-with-no-image","15":"ast-product-tabs-layout-horizontal","17":"first","18":"instock","19":"taxable","20":"shipping-taxable","21":"purchasable","22":"product-type-simple"},"wcpa_form_fields":null,"brands":[{"id":891,"name":"Toscano","slug":"toskanisch"}],"_links":{"self":[{"href":"https:\/\/fvcomponentes.com\/de\/wp-json\/wp\/v2\/product\/17471","targetHints":{"allow":["GET"]}}],"collection":[{"href":"https:\/\/fvcomponentes.com\/de\/wp-json\/wp\/v2\/product"}],"about":[{"href":"https:\/\/fvcomponentes.com\/de\/wp-json\/wp\/v2\/types\/product"}],"replies":[{"embeddable":true,"href":"https:\/\/fvcomponentes.com\/de\/wp-json\/wp\/v2\/comments?post=17471"}],"wp:featuredmedia":[{"embeddable":true,"href":"https:\/\/fvcomponentes.com\/de\/wp-json\/wp\/v2\/media\/17472"}],"wp:attachment":[{"href":"https:\/\/fvcomponentes.com\/de\/wp-json\/wp\/v2\/media?parent=17471"}],"wp:term":[{"taxonomy":"pwb-brand","embeddable":true,"href":"https:\/\/fvcomponentes.com\/de\/wp-json\/wp\/v2\/pwb-brand?post=17471"},{"taxonomy":"product_brand","embeddable":true,"href":"https:\/\/fvcomponentes.com\/de\/wp-json\/wp\/v2\/product_brand?post=17471"},{"taxonomy":"product_cat","embeddable":true,"href":"https:\/\/fvcomponentes.com\/de\/wp-json\/wp\/v2\/product_cat?post=17471"},{"taxonomy":"product_tag","embeddable":true,"href":"https:\/\/fvcomponentes.com\/de\/wp-json\/wp\/v2\/product_tag?post=17471"}],"curies":[{"name":"wp","href":"https:\/\/api.w.org\/{rel}","templated":true}]}}