{"id":17295,"date":"2024-08-05T12:48:29","date_gmt":"2024-08-05T10:48:29","guid":{"rendered":"https:\/\/fvcomponentes.com\/?post_type=product&#038;p=17295"},"modified":"2026-03-30T12:15:11","modified_gmt":"2026-03-30T10:15:11","slug":"ladegerat-fur-elektroautos-huawei-smart-ladegerat-22-kw-steckdose-02314bxl-003","status":"publish","type":"product","link":"https:\/\/fvcomponentes.com\/de\/producto\/cargador-coche-electrico-huawei-smart-charger-22-kw-socket-02314bxl-003\/","title":{"rendered":"Huawei Smart Charger Elektroauto-Ladeger\u00e4t 22 kW Steckdose - 02314BXL-003"},"content":{"rendered":"<h2>Eigenschaften Huawei Smart Charger Elektroauto-Ladeger\u00e4t 22 kW Steckdose - 02314BXL-003<\/h2>\n<p>Der Huawei Smart Charger ist auch mit 7,4 kW erh\u00e4ltlich, <a href=\"https:\/\/fvcomponentes.com\/de\/produkt\/ladegerat-fur-elektroautos-huawei-smart-ladegerat-74-kw-steckdose-02314bxj-002\/\" target=\"_blank\" rel=\"noopener\">Huawei Smart Charger Elektroauto-Ladeger\u00e4t 7,4 kW Steckdose - 02314BXJ-002<\/a>.<\/p>\n<ul>\n<li><strong>PV-\u00dcberschusslast: <\/strong>Laden Sie Ihr Fahrzeug auf und bewegen Sie sich nachhaltiger.<\/li>\n<li><strong>Automatische Phasenverschiebung:<\/strong>\u00a0Automatische Umschaltung von dreiphasig auf einphasig, um \u00dcbersch\u00fcsse besser nutzen zu k\u00f6nnen.<\/li>\n<li><strong>3 Authentifizierungsmodi: <\/strong>Bluetooth, RFID und APP, um unerw\u00fcnschte Geb\u00fchren zu vermeiden.<\/li>\n<li><strong>Lastausgleich:<\/strong>\u00a0Automatische Erkennung und Einstellung.<\/li>\n<li><strong>Alles-in-einem APP: <\/strong>Volle Kontrolle \u00fcber die App, f\u00fcr PV, Batterien und Ladeger\u00e4t.<\/li>\n<li><strong>3 einfache Schritte. <\/strong>Schnelle Installation in 16 Min. Wartung ohne Manipulation der Verkabelung.<\/li>\n<\/ul>\n<h2>Eing\u00e4nge und Ausg\u00e4nge des Huawei Smart Charger 22 kW Socket - 02314BXL-003<\/h2>\n<ul>\n<li><strong>Lastleistung (konfigurierbar):<\/strong> 1,4 kW bis 22 kW<\/li>\n<li><strong>Nennspannung:<\/strong> 400 V (3-phasig) \u00b1 20%<\/li>\n<li><strong>Ausgangsintensit\u00e4t (konfigurierbar):<\/strong> 6-32 A (3-phasig oder 1-phasig)<\/li>\n<li><strong>H\u00e4ufigkeit:<\/strong> 50 Hz\/60 Hz \u00b1 1 Hz<\/li>\n<li><strong>Anschluss an das Fahrzeug:<\/strong> Steckdose Typ 2<\/li>\n<li><strong>Durchmesser der Verdrahtung:<\/strong> bis zu 10 mm2<\/li>\n<li><strong>Typ des Netzes:\u00a0<\/strong> TN, TT<\/li>\n<\/ul>\n<h2>Kommunikation und Benutzerrollen<\/h2>\n<ul>\n<li><strong>Kommunikationsprotokoll:<\/strong> Modbus TCP<\/li>\n<li><strong>Konnektivit\u00e4t:<\/strong> Wi-Fi\/Ethernet<\/li>\n<li><strong>Art der Informationsanzeige:<\/strong> WRGB LED, App<\/li>\n<li><strong>Authentifizierung:<\/strong> RFID (ISO-14443-A), App, Bluetooth<\/li>\n<li><strong>Fernsteuerung und \u00dcberwachung:<\/strong> App<\/li>\n<li><strong>Arbeitsmodi:<\/strong>\n<ul>\n<li>Jetzt hochladen<\/li>\n<li>Geplante Belastung<\/li>\n<li>Aufladen mit Photovoltaik-\u00dcberschuss<\/li>\n<\/ul>\n<\/li>\n<\/ul>\n<h2>Huawei Smart Charger 22 kW Steckdosenschutz - 02314BXL-003<\/h2>\n<ul>\n<li><strong>Kabelschloss:<\/strong> E-Lock Kabel \u00fcber Ap<\/li>\n<li><strong>Fehlerstromerkennung (RCD):<\/strong> Typ A(30mA) + DC 6 mA integriert (IEC 62955 &amp; IEC 61008-1)<\/li>\n<li><strong>Klassifizierung der Entflammbarkeit:<\/strong> UL94<\/li>\n<li><strong>\u00dcberstromschutz:<\/strong> IEC 61851-1<\/li>\n<li><strong>Temp. Schutz<\/strong> YES<\/li>\n<li><strong>\u00dcberspannungskategorie:<\/strong> CAT II<\/li>\n<\/ul>\n<h2>Allgemeine Spezifikationen<\/h2>\n<ul>\n<li><strong>Arbeitstemperaturbereich:<\/strong> -35\u00b0C bis +40\u00b0C @ 32A | -35\u00b0C bis +50\u00b0C @ 16A<\/li>\n<li><strong>Arbeitsumfeld:<\/strong> Innen\/Au\u00dfen<\/li>\n<li><strong>Lagertemperaturbereich:<\/strong> -40\u00b0C bis +70\u00b0C<\/li>\n<li><strong>Luftfeuchtigkeit im Betrieb:<\/strong> 5% RH-95% RH<\/li>\n<li><strong>H\u00f6he:<\/strong> \u2264 2000 m (Leistungsminderung 2000~4000m)<\/li>\n<li><strong>Abmessungen:<\/strong> 335 mm x 180 mm x 145 mm<\/li>\n<li><strong>Gewicht:<\/strong> 3 kg<\/li>\n<li><strong>Wie man sie zusammensetzt:<\/strong> An der Wand befestigt<\/li>\n<li><strong>IP-Schutzgrad:<\/strong> IP54<\/li>\n<li><strong>Schutzgrad IK:<\/strong> IK10<\/li>\n<li><strong>Stromverbrauch im Standby-Modus:<\/strong> &lt; 6 W<\/li>\n<li><strong>Normen:<\/strong> EN 61851-1 2019, IEC 62955:2018, IEC 61008-1 2010, IEC\/EN 62196-1<\/li>\n<li><strong>Zubeh\u00f6r:<\/strong> RFID-Karten * 2<\/li>\n<\/ul>\n<h3>Huawei Smart Charger Elektroauto-Ladeger\u00e4t 22 kW Steckdose - 02314BXL-003<\/h3>\n<p><a href=\"https:\/\/fvcomponentes.com\/wp-content\/uploads\/2024\/08\/Ficha-tecnica-Cargador-coche-electrico-Huawei-Smart-Charger.pdf\" target=\"_blank\" rel=\"noopener\">Datenblatt Huawei Smart Charger 22 kW Socket - 02314BXL-003 Elektroauto-Ladeger\u00e4t anzeigen<\/a><\/p>","protected":false},"excerpt":{"rendered":"<ul>\n<li><strong><span style=\"color: #ff0000;\">Ohne Ladekabel<\/span><\/strong><\/li>\n<li><strong>Dreiphasig<\/strong><\/li>\n<li><strong>Maximale Lastleistung:<\/strong> 1,4 - 22 kW<\/li>\n<li><strong>H\u00e4ufigkeit:<\/strong> 50 Hz\/60 Hz \u00b1 1 Hz<\/li>\n<li><strong>Nennspannung:<\/strong> 400 V (3-phasig) \u00b1 20%<\/li>\n<li><strong>Verbindung<\/strong>: Typ 2 Steckdose<\/li>\n<li><strong>Schutz:<\/strong> IP54<\/li>\n<\/ul>","protected":false},"featured_media":17297,"comment_status":"open","ping_status":"closed","template":"","meta":{"site-sidebar-layout":"default","site-content-layout":"","ast-site-content-layout":"default","site-content-style":"default","site-sidebar-style":"default","ast-global-header-display":"","ast-banner-title-visibility":"","ast-main-header-display":"","ast-hfb-above-header-display":"","ast-hfb-below-header-display":"","ast-hfb-mobile-header-display":"","site-post-title":"","ast-breadcrumbs-content":"","ast-featured-img":"","footer-sml-layout":"","ast-disable-related-posts":"","theme-transparent-header-meta":"default","adv-header-id-meta":"","stick-header-meta":"","header-above-stick-meta":"","header-main-stick-meta":"","header-below-stick-meta":"","astra-migrate-meta-layouts":"set","ast-page-background-enabled":"default","ast-page-background-meta":{"desktop":{"background-color":"var(--ast-global-color-4)","background-image":"","background-repeat":"repeat","background-position":"center center","background-size":"auto","background-attachment":"scroll","background-type":"","background-media":"","overlay-type":"","overlay-color":"","overlay-opacity":"","overlay-gradient":""},"tablet":{"background-color":"","background-image":"","background-repeat":"repeat","background-position":"center center","background-size":"auto","background-attachment":"scroll","background-type":"","background-media":"","overlay-type":"","overlay-color":"","overlay-opacity":"","overlay-gradient":""},"mobile":{"background-color":"","background-image":"","background-repeat":"repeat","background-position":"center center","background-size":"auto","background-attachment":"scroll","background-type":"","background-media":"","overlay-type":"","overlay-color":"","overlay-opacity":"","overlay-gradient":""}},"ast-content-background-meta":{"desktop":{"background-color":"var(--ast-global-color-5)","background-image":"","background-repeat":"repeat","background-position":"center center","background-size":"auto","background-attachment":"scroll","background-type":"","background-media":"","overlay-type":"","overlay-color":"","overlay-opacity":"","overlay-gradient":""},"tablet":{"background-color":"var(--ast-global-color-5)","background-image":"","background-repeat":"repeat","background-position":"center center","background-size":"auto","background-attachment":"scroll","background-type":"","background-media":"","overlay-type":"","overlay-color":"","overlay-opacity":"","overlay-gradient":""},"mobile":{"background-color":"var(--ast-global-color-5)","background-image":"","background-repeat":"repeat","background-position":"center center","background-size":"auto","background-attachment":"scroll","background-type":"","background-media":"","overlay-type":"","overlay-color":"","overlay-opacity":"","overlay-gradient":""}}},"pwb-brand":[381],"product_brand":[],"product_cat":[385],"product_tag":[],"class_list":{"0":"post-17295","1":"product","2":"type-product","3":"status-publish","4":"has-post-thumbnail","6":"pwb-brand-huawei","7":"product_cat-cargadores-para-vehiculo-electrico","8":"desktop-align-left","9":"tablet-align-left","10":"mobile-align-left","11":"ast-product-gallery-layout-horizontal-slider","12":"ast-product-gallery-with-no-image","13":"ast-product-tabs-layout-horizontal","15":"first","16":"instock","17":"taxable","18":"shipping-taxable","19":"purchasable","20":"product-type-simple"},"wcpa_form_fields":null,"brands":[{"id":381,"name":"Huawei-Wechselrichter","slug":"huawei"}],"_links":{"self":[{"href":"https:\/\/fvcomponentes.com\/de\/wp-json\/wp\/v2\/product\/17295","targetHints":{"allow":["GET"]}}],"collection":[{"href":"https:\/\/fvcomponentes.com\/de\/wp-json\/wp\/v2\/product"}],"about":[{"href":"https:\/\/fvcomponentes.com\/de\/wp-json\/wp\/v2\/types\/product"}],"replies":[{"embeddable":true,"href":"https:\/\/fvcomponentes.com\/de\/wp-json\/wp\/v2\/comments?post=17295"}],"wp:featuredmedia":[{"embeddable":true,"href":"https:\/\/fvcomponentes.com\/de\/wp-json\/wp\/v2\/media\/17297"}],"wp:attachment":[{"href":"https:\/\/fvcomponentes.com\/de\/wp-json\/wp\/v2\/media?parent=17295"}],"wp:term":[{"taxonomy":"pwb-brand","embeddable":true,"href":"https:\/\/fvcomponentes.com\/de\/wp-json\/wp\/v2\/pwb-brand?post=17295"},{"taxonomy":"product_brand","embeddable":true,"href":"https:\/\/fvcomponentes.com\/de\/wp-json\/wp\/v2\/product_brand?post=17295"},{"taxonomy":"product_cat","embeddable":true,"href":"https:\/\/fvcomponentes.com\/de\/wp-json\/wp\/v2\/product_cat?post=17295"},{"taxonomy":"product_tag","embeddable":true,"href":"https:\/\/fvcomponentes.com\/de\/wp-json\/wp\/v2\/product_tag?post=17295"}],"curies":[{"name":"wp","href":"https:\/\/api.w.org\/{rel}","templated":true}]}}