{"id":17272,"date":"2024-08-05T09:20:38","date_gmt":"2024-08-05T07:20:38","guid":{"rendered":"https:\/\/fvcomponentes.com\/?post_type=product&#038;p=17272"},"modified":"2026-03-30T12:16:42","modified_gmt":"2026-03-30T10:16:42","slug":"lv-byd-premium-lvl-15-lithium-batterie-4-13272230-00-2","status":"publish","type":"product","link":"https:\/\/fvcomponentes.com\/de\/producto\/bateria-de-litio-lv-byd-premium-lvl-15-4-13272230-00-2\/","title":{"rendered":"LV BYD Premium LVL 15.4 Lithium-Batterie -13272230-00"},"content":{"rendered":"<h2>LV BYD Premium LVL 15.4 Lithium-Batterie Eigenschaften - 13272230-00<\/h2>\n<ul>\n<li>Skalierbar von 15,4 bis 983 kWh.<\/li>\n<li>Kompatibel mit einphasigen und dreiphasigen Wechselrichtern.<\/li>\n<li>Kobaltfrei. Lithium-Eisen-Phosphat (LFP): Maximale Sicherheit, Zyklusdauer und Leistung.<\/li>\n<li>High-Power-Back-up-F\u00e4higkeit und Off-Grid-Betrieb.<\/li>\n<li>Geringerer Platzbedarf, da bis zu zwei Systeme gestapelt werden k\u00f6nnen.<\/li>\n<li>M\u00f6glichkeit, parallele Systeme zur Kapazit\u00e4tserweiterung hinzuzuf\u00fcgen.<\/li>\n<\/ul>\n<div>Die BYD Premium LVL 15.4 - 13272230-00 ist eine Lithium-Eisenphosphat-Batterie (LFP), die in Kombination mit einem kompatiblen Wechselrichter verwendet wird. Dank der <a href=\"https:\/\/fvcomponentes.com\/de\/produkt\/bmu-lithium-batterie-byd-premium-batteriebox-premium-lvs-lvl-v2-13172499-00\/\" target=\"_blank\" rel=\"noopener\">Steuer- und Kommunikationseinheit (BMU) (separat erh\u00e4ltlich)<\/a>Die BYD Battery-Box Premium LVL kann erweitert werden, um den Energiebedarf Ihrer Projekte zu decken, ganz gleich wie gro\u00df sie sind. Sie k\u00f6nnen mit einem LVL15.4 System (15,36kWh) beginnen und sp\u00e4ter das System auf bis zu 983 kWh erweitern, indem Sie bis zu 64 Systeme parallel schalten.<\/div>\n<div><\/div>\n<div>Diese Version des LVL-Modells (2021) ist vollst\u00e4ndig r\u00fcckw\u00e4rtskompatibel mit fr\u00fcheren Versionen des LVL und enth\u00e4lt eine Reihe von Verbesserungen, die den Installationsprozess vereinfachen.<\/div>\n<div><\/div>\n<h2>LV BYD Premium LVL 15.4 Lithium-Batterie - 13272230-00. Flexibel, effizient und einfach.<\/h2>\n<div>\n<p><img fetchpriority=\"high\" decoding=\"async\" class=\"size-full wp-image-17294\" src=\"https:\/\/fvcomponentes.com\/wp-content\/uploads\/2024\/08\/Modulo-bateria-de-litio-LV-BYD-Premium-LVL-15.4-13272230-00-esquema.png\" alt=\"LV-Lithium-Batteriemodul BYD Premium LVL 15.4 -13272230-00 - Schaltplan\" width=\"1379\" height=\"371\" title=\"\"><\/p>\n<\/div>\n<h2>Technische Daten<\/h2>\n<div>\n<div>\n<div class=\"baywa-details-fields\"><\/div>\n<\/div>\n<\/div>\n<ul>\n<li><strong>Anzahl der Module:<\/strong> 2<\/li>\n<li><strong>Nutzbare Energie:<\/strong> 15,36 kWh<\/li>\n<li><strong>Max. Ausgangsstrom:<\/strong> 250 A<\/li>\n<li><strong>Ausgangsspitzenstrom:<\/strong> 375 A, 5 s<\/li>\n<li><strong>Abmessungen:<\/strong> 660 x 650 x 575 mm<\/li>\n<li><strong>Gewicht:<\/strong> 168 kg<\/li>\n<li><strong>Nennspannung:<\/strong> 51.2 V<\/li>\n<li><strong>Betriebsspannung:<\/strong> 40-57.6 V<\/li>\n<li><strong>Betriebstemperatur:<\/strong> -10 \u00b0C bis +50\u00b0C<\/li>\n<li><strong>Zelltechnologie:<\/strong> Lithiumeisenphosphat (kobaltfrei)<\/li>\n<li><strong>Kommunikation:<\/strong> CAN<\/li>\n<li><strong>IP-Schutz:<\/strong> IP20<\/li>\n<li><strong>Effizienz der Hin- und R\u00fcckfahrt:<\/strong> \u226595%<\/li>\n<li><strong>Skalierbarkeit:<\/strong> Max. 64 parallel (983 kWh)<\/li>\n<li><strong><span class=\"baywa-details-label\">Einbau der Batterie: <\/span><\/strong><span class=\"baywa-details-values\">\u00a0Bodenmontage<\/span><\/li>\n<li><strong>Bescheinigungen:<\/strong> IEC62619 \/ CE \/ CEC \/ UN38.3<\/li>\n<li><strong>Anwendungen:<\/strong> ON-Netz \/ ON-Netz + Backup \/ OFF-Netz<\/li>\n<li><strong>B\u00fcrgschaft:<\/strong> 10 Jahre<\/li>\n<\/ul>\n<p><a href=\"https:\/\/fvcomponentes.com\/wp-content\/uploads\/2024\/12\/Lista-invesores-compatibles-BYD-LVL.pdf\" target=\"_blank\" rel=\"noopener\"><strong>Aktualisierte Liste der kompatiblen Wechselrichter<\/strong><\/a><\/p>\n<h2>Datenblatt Lithium-Batterie LV BYD Premium LVL 15.4 -13272230-00<\/h2>\n<p><a href=\"https:\/\/fvcomponentes.com\/wp-content\/uploads\/2024\/08\/Ficha-tecnica-Modulo-bateria-de-litio-LV-BYD-Premium-LVL-15.4-13272230-00.pdf\" target=\"_blank\" rel=\"noopener\">LV BYD Premium LVL 15.4 Lithium-Batterie Datenblatt ansehen -13272230-00<\/a><\/p>","protected":false},"excerpt":{"rendered":"<ul>\n<li class=\"baywa-details-fields\"><strong><span class=\"baywa-details-label\">Batterie-Typ: <\/span><\/strong><span class=\"baywa-details-values\">\u00a0DC Niederspannung <\/span><\/li>\n<li class=\"baywa-details-fields\"><strong style=\"font-size: 16px;\"><span class=\"baywa-details-label\">Gesamte Nennenergie: <\/span><\/strong><span class=\"baywa-details-values\" style=\"font-size: 16px;\">\u00a015,36 kWh<\/span><\/li>\n<li class=\"baywa-details-fields\"><strong>Max. Lastleistung:<\/strong> <span class=\"baywa-details-values\" style=\"font-size: 16px;\">\u00a0250A<\/span><\/li>\n<li class=\"baywa-details-fields\"><strong style=\"font-size: 16px;\"><span class=\"baywa-details-label\">Max. Spitzenlastleistung: <\/span><\/strong><span class=\"baywa-details-values\" style=\"font-size: 16px;\">\u00a0375A<\/span><\/li>\n<li class=\"baywa-details-fields\"><strong style=\"font-size: 16px;\"><span class=\"baywa-details-label\">Max. Entladeleistung: <\/span><\/strong><span class=\"baywa-details-values\" style=\"font-size: 16px;\">\u00a0250A<\/span><\/li>\n<li class=\"baywa-details-fields\"><strong style=\"font-size: 16px;\"><span class=\"baywa-details-label\">Max. Spitzenentladeleistung: <\/span><\/strong><span class=\"baywa-details-values\" style=\"font-size: 16px;\">\u00a0375A<\/span><\/li>\n<li class=\"baywa-details-fields\"><strong>Skalierbarkeit:<\/strong> Max. 64 parallel (983 kWh)<\/li>\n<\/ul>\n<div>\n<div class=\"baywa-details-fields\"><\/div>\n<\/div>\n<p>&nbsp;<\/p>\n<p>&nbsp;<\/p>","protected":false},"featured_media":17273,"comment_status":"open","ping_status":"closed","template":"","meta":{"site-sidebar-layout":"default","site-content-layout":"","ast-site-content-layout":"default","site-content-style":"default","site-sidebar-style":"default","ast-global-header-display":"","ast-banner-title-visibility":"","ast-main-header-display":"","ast-hfb-above-header-display":"","ast-hfb-below-header-display":"","ast-hfb-mobile-header-display":"","site-post-title":"","ast-breadcrumbs-content":"","ast-featured-img":"","footer-sml-layout":"","ast-disable-related-posts":"","theme-transparent-header-meta":"default","adv-header-id-meta":"","stick-header-meta":"","header-above-stick-meta":"","header-main-stick-meta":"","header-below-stick-meta":"","astra-migrate-meta-layouts":"set","ast-page-background-enabled":"default","ast-page-background-meta":{"desktop":{"background-color":"var(--ast-global-color-4)","background-image":"","background-repeat":"repeat","background-position":"center center","background-size":"auto","background-attachment":"scroll","background-type":"","background-media":"","overlay-type":"","overlay-color":"","overlay-opacity":"","overlay-gradient":""},"tablet":{"background-color":"","background-image":"","background-repeat":"repeat","background-position":"center center","background-size":"auto","background-attachment":"scroll","background-type":"","background-media":"","overlay-type":"","overlay-color":"","overlay-opacity":"","overlay-gradient":""},"mobile":{"background-color":"","background-image":"","background-repeat":"repeat","background-position":"center center","background-size":"auto","background-attachment":"scroll","background-type":"","background-media":"","overlay-type":"","overlay-color":"","overlay-opacity":"","overlay-gradient":""}},"ast-content-background-meta":{"desktop":{"background-color":"var(--ast-global-color-5)","background-image":"","background-repeat":"repeat","background-position":"center center","background-size":"auto","background-attachment":"scroll","background-type":"","background-media":"","overlay-type":"","overlay-color":"","overlay-opacity":"","overlay-gradient":""},"tablet":{"background-color":"var(--ast-global-color-5)","background-image":"","background-repeat":"repeat","background-position":"center center","background-size":"auto","background-attachment":"scroll","background-type":"","background-media":"","overlay-type":"","overlay-color":"","overlay-opacity":"","overlay-gradient":""},"mobile":{"background-color":"var(--ast-global-color-5)","background-image":"","background-repeat":"repeat","background-position":"center center","background-size":"auto","background-attachment":"scroll","background-type":"","background-media":"","overlay-type":"","overlay-color":"","overlay-opacity":"","overlay-gradient":""}}},"pwb-brand":[897],"product_brand":[],"product_cat":[340,341],"product_tag":[],"class_list":{"0":"post-17272","1":"product","2":"type-product","3":"status-publish","4":"has-post-thumbnail","6":"pwb-brand-byd","7":"product_cat-baterias","8":"product_cat-baterias-litio-48v","9":"product_shipping_class-baterias","10":"desktop-align-left","11":"tablet-align-left","12":"mobile-align-left","13":"ast-product-gallery-layout-horizontal-slider","14":"ast-product-gallery-with-no-image","15":"ast-product-tabs-layout-horizontal","17":"first","18":"instock","19":"taxable","20":"shipping-taxable","21":"purchasable","22":"product-type-simple"},"wcpa_form_fields":null,"brands":[{"id":897,"name":"B&amp;D-Batterien","slug":"byd"}],"_links":{"self":[{"href":"https:\/\/fvcomponentes.com\/de\/wp-json\/wp\/v2\/product\/17272","targetHints":{"allow":["GET"]}}],"collection":[{"href":"https:\/\/fvcomponentes.com\/de\/wp-json\/wp\/v2\/product"}],"about":[{"href":"https:\/\/fvcomponentes.com\/de\/wp-json\/wp\/v2\/types\/product"}],"replies":[{"embeddable":true,"href":"https:\/\/fvcomponentes.com\/de\/wp-json\/wp\/v2\/comments?post=17272"}],"wp:featuredmedia":[{"embeddable":true,"href":"https:\/\/fvcomponentes.com\/de\/wp-json\/wp\/v2\/media\/17273"}],"wp:attachment":[{"href":"https:\/\/fvcomponentes.com\/de\/wp-json\/wp\/v2\/media?parent=17272"}],"wp:term":[{"taxonomy":"pwb-brand","embeddable":true,"href":"https:\/\/fvcomponentes.com\/de\/wp-json\/wp\/v2\/pwb-brand?post=17272"},{"taxonomy":"product_brand","embeddable":true,"href":"https:\/\/fvcomponentes.com\/de\/wp-json\/wp\/v2\/product_brand?post=17272"},{"taxonomy":"product_cat","embeddable":true,"href":"https:\/\/fvcomponentes.com\/de\/wp-json\/wp\/v2\/product_cat?post=17272"},{"taxonomy":"product_tag","embeddable":true,"href":"https:\/\/fvcomponentes.com\/de\/wp-json\/wp\/v2\/product_tag?post=17272"}],"curies":[{"name":"wp","href":"https:\/\/api.w.org\/{rel}","templated":true}]}}